{"id":1079,"date":"2024-11-14T15:39:24","date_gmt":"2024-11-14T07:39:24","guid":{"rendered":"https:\/\/www.vapecigwholesale.com\/?post_type=product&#038;p=1079"},"modified":"2025-02-19T14:26:52","modified_gmt":"2025-02-19T06:26:52","slug":"lavie-cyber-20000-puffs-double-flavors-disposable-vape-free-shipping","status":"publish","type":"product","link":"https:\/\/www.vapecigwholesale.com\/de\/product\/lavie-cyber-20000-puffs-doppelten-aromen-einweg-vape-kostenloser-versand\/","title":{"rendered":"LAVIE Cyber 20000 Puffs Double Flavors Einweg Vape Freies Verschiffen"},"content":{"rendered":"<p>LAVIE Cyber 20000 Puffs Double Flavors Disposable ist LED-Display-Design doppelte Aromen Einweg vape, die die Macht und e-Saft Ebene zeigen kann. Es enth\u00e4lt 20ml 2%\/5% Nikotinsalz E-Saft und unterst\u00fctzen bis zu 20000 Z\u00fcge. Es gibt 10 doppelte Geschmacksrichtungen f\u00fcr Sie zu w\u00e4hlen. Der wiederaufladbare Anschluss an der Unterseite des Ger\u00e4ts garantiert, dass Sie den letzten Tropfen des E-Saftes im Tank die ganze Zeit beenden.<\/p>\n<p>LAVIE Cyber 20000 Puffs Es ist mit doppelten Aromen ausgestattet, um die aktuelle Geschmacksrichtung des vape zu \u00e4ndern, heben Sie das Mundst\u00fcck und drehen Sie es, es ist einfach zu arbeiten.<\/p>\n<h2><strong>LAVIE Cyber 20000 Puffs Doppelte Geschmacksrichtungen Details:<\/strong><\/h2>\n<ul>\n<li>700mAh wiederaufladbare Batterie<br \/>\n(600mah f\u00fcr den koreanischen Markt)<\/li>\n<li>25ml vorgef\u00fcllte e-Fl\u00fcssigkeit<\/li>\n<li>2\/5% Nikotinst\u00e4rke<\/li>\n<li>Erreichen Sie bis zu 20000 Puffs<\/li>\n<li>1,0-Ohm-Mesh-Spule<\/li>\n<li>Doppeltank (Doppelte Geschmacksrichtungen)<\/li>\n<li>Typ-C-Ladeanschluss<\/li>\n<\/ul>\n<h2><strong>LAVIE Cyber 20000 Puffs Verf\u00fcgbare Geschmacksrichtungen:<\/strong><\/h2>\n<ol>\n<li>Zitrone-Cola &amp; Passionsfrucht-Guave<\/li>\n<li>Aloe Traube &amp; Heidelbeere Himbeere Kaugummi<\/li>\n<li>Bacco &amp; Mango lce<\/li>\n<li>Grape lce &amp; Mint lce<\/li>\n<li>Doppelter Apfel &amp; Liebe 66<\/li>\n<li>Erdbeere Kiwi &amp; Maracuja Guave<\/li>\n<li>Litschi-Eis &amp; Wassermelone-Eis<\/li>\n<li>Erdbeer-Wassermelone-Brombeer-Kernkirsche-Eis<\/li>\n<li>Matcha &amp; Kaffee-Eis<\/li>\n<li>Ananas-Speiseeis &amp; Taro-Speiseeis<\/li>\n<\/ol>\n<h2><strong>Packliste:<\/strong><\/h2>\n<p>1St\u00fcck jede kleine Schachtel<br \/>\n10 St\u00fcck pro Mittelkarton<br \/>\n200St\u00fcck pro Karton<\/p>\n<p><img fetchpriority=\"high\" decoding=\"async\" class=\"wp-image-1068 size-full\" title=\"LAVIE Cyber 20000 Puffs Doppel Aromen Einweg Vape Freies Verschiffen 4\" src=\"https:\/\/www.vapecigwholesale.com\/wp-content\/uploads\/2024\/11\/LAVIE-Cyber-20000-Puffs-Double-Flavors-Disposable-Vape-Free-Shipping-4.webp\" alt=\"LAVIE Cyber 20000 Puffs Doppel Aromen Einweg Vape Freies Verschiffen 4\" width=\"800\" height=\"520\" srcset=\"https:\/\/www.vapecigwholesale.com\/wp-content\/uploads\/2024\/11\/LAVIE-Cyber-20000-Puffs-Double-Flavors-Disposable-Vape-Free-Shipping-4.webp 800w, https:\/\/www.vapecigwholesale.com\/wp-content\/uploads\/2024\/11\/LAVIE-Cyber-20000-Puffs-Double-Flavors-Disposable-Vape-Free-Shipping-4-300x195.webp 300w, https:\/\/www.vapecigwholesale.com\/wp-content\/uploads\/2024\/11\/LAVIE-Cyber-20000-Puffs-Double-Flavors-Disposable-Vape-Free-Shipping-4-768x499.webp 768w, https:\/\/www.vapecigwholesale.com\/wp-content\/uploads\/2024\/11\/LAVIE-Cyber-20000-Puffs-Double-Flavors-Disposable-Vape-Free-Shipping-4-18x12.webp 18w, https:\/\/www.vapecigwholesale.com\/wp-content\/uploads\/2024\/11\/LAVIE-Cyber-20000-Puffs-Double-Flavors-Disposable-Vape-Free-Shipping-4-575x374.webp 575w, https:\/\/www.vapecigwholesale.com\/wp-content\/uploads\/2024\/11\/LAVIE-Cyber-20000-Puffs-Double-Flavors-Disposable-Vape-Free-Shipping-4-380x247.webp 380w, https:\/\/www.vapecigwholesale.com\/wp-content\/uploads\/2024\/11\/LAVIE-Cyber-20000-Puffs-Double-Flavors-Disposable-Vape-Free-Shipping-4-80x52.webp 80w\" sizes=\"(max-width: 800px) 100vw, 800px\" \/><\/p>\n<p><img decoding=\"async\" class=\"wp-image-1066 size-large\" title=\"LAVIE Cyber 20000 Puffs Double Flavors Einweg Vape Freies Verschiffen 2\" src=\"https:\/\/www.vapecigwholesale.com\/wp-content\/uploads\/2024\/11\/LAVIE-Cyber-20000-Puffs-Double-Flavors-Disposable-Vape-Free-Shipping-2-1024x724.webp\" alt=\"LAVIE Cyber 20000 Puffs Double Flavors Einweg Vape Freies Verschiffen 2\" width=\"1024\" height=\"724\" srcset=\"https:\/\/www.vapecigwholesale.com\/wp-content\/uploads\/2024\/11\/LAVIE-Cyber-20000-Puffs-Double-Flavors-Disposable-Vape-Free-Shipping-2-1024x724.webp 1024w, https:\/\/www.vapecigwholesale.com\/wp-content\/uploads\/2024\/11\/LAVIE-Cyber-20000-Puffs-Double-Flavors-Disposable-Vape-Free-Shipping-2-300x212.webp 300w, https:\/\/www.vapecigwholesale.com\/wp-content\/uploads\/2024\/11\/LAVIE-Cyber-20000-Puffs-Double-Flavors-Disposable-Vape-Free-Shipping-2-768x543.webp 768w, https:\/\/www.vapecigwholesale.com\/wp-content\/uploads\/2024\/11\/LAVIE-Cyber-20000-Puffs-Double-Flavors-Disposable-Vape-Free-Shipping-2-1536x1086.webp 1536w, https:\/\/www.vapecigwholesale.com\/wp-content\/uploads\/2024\/11\/LAVIE-Cyber-20000-Puffs-Double-Flavors-Disposable-Vape-Free-Shipping-2-2048x1448.webp 2048w, https:\/\/www.vapecigwholesale.com\/wp-content\/uploads\/2024\/11\/LAVIE-Cyber-20000-Puffs-Double-Flavors-Disposable-Vape-Free-Shipping-2-18x12.webp 18w, https:\/\/www.vapecigwholesale.com\/wp-content\/uploads\/2024\/11\/LAVIE-Cyber-20000-Puffs-Double-Flavors-Disposable-Vape-Free-Shipping-2-1140x806.webp 1140w, https:\/\/www.vapecigwholesale.com\/wp-content\/uploads\/2024\/11\/LAVIE-Cyber-20000-Puffs-Double-Flavors-Disposable-Vape-Free-Shipping-2-920x650.webp 920w, https:\/\/www.vapecigwholesale.com\/wp-content\/uploads\/2024\/11\/LAVIE-Cyber-20000-Puffs-Double-Flavors-Disposable-Vape-Free-Shipping-2-575x406.webp 575w, https:\/\/www.vapecigwholesale.com\/wp-content\/uploads\/2024\/11\/LAVIE-Cyber-20000-Puffs-Double-Flavors-Disposable-Vape-Free-Shipping-2-380x269.webp 380w, https:\/\/www.vapecigwholesale.com\/wp-content\/uploads\/2024\/11\/LAVIE-Cyber-20000-Puffs-Double-Flavors-Disposable-Vape-Free-Shipping-2-800x566.webp 800w, https:\/\/www.vapecigwholesale.com\/wp-content\/uploads\/2024\/11\/LAVIE-Cyber-20000-Puffs-Double-Flavors-Disposable-Vape-Free-Shipping-2-80x57.webp 80w\" sizes=\"(max-width: 1024px) 100vw, 1024px\" \/><\/p>\n<figure id=\"attachment_1067\" aria-describedby=\"caption-attachment-1067\" style=\"width: 800px\" class=\"wp-caption alignnone\"><img decoding=\"async\" class=\"wp-image-1067 size-full\" title=\"LAVIE Cyber 20000 Puffs Doppel Aromen Einweg Vape Freies Verschiffen 3\" src=\"https:\/\/www.vapecigwholesale.com\/wp-content\/uploads\/2024\/11\/LAVIE-Cyber-20000-Puffs-Double-Flavors-Disposable-Vape-Free-Shipping-3.webp\" alt=\"LAVIE Cyber 20000 Puffs Doppel Aromen Einweg Vape Freies Verschiffen 3\" width=\"800\" height=\"570\" srcset=\"https:\/\/www.vapecigwholesale.com\/wp-content\/uploads\/2024\/11\/LAVIE-Cyber-20000-Puffs-Double-Flavors-Disposable-Vape-Free-Shipping-3.webp 800w, https:\/\/www.vapecigwholesale.com\/wp-content\/uploads\/2024\/11\/LAVIE-Cyber-20000-Puffs-Double-Flavors-Disposable-Vape-Free-Shipping-3-300x214.webp 300w, https:\/\/www.vapecigwholesale.com\/wp-content\/uploads\/2024\/11\/LAVIE-Cyber-20000-Puffs-Double-Flavors-Disposable-Vape-Free-Shipping-3-768x547.webp 768w, https:\/\/www.vapecigwholesale.com\/wp-content\/uploads\/2024\/11\/LAVIE-Cyber-20000-Puffs-Double-Flavors-Disposable-Vape-Free-Shipping-3-18x12.webp 18w, https:\/\/www.vapecigwholesale.com\/wp-content\/uploads\/2024\/11\/LAVIE-Cyber-20000-Puffs-Double-Flavors-Disposable-Vape-Free-Shipping-3-575x410.webp 575w, https:\/\/www.vapecigwholesale.com\/wp-content\/uploads\/2024\/11\/LAVIE-Cyber-20000-Puffs-Double-Flavors-Disposable-Vape-Free-Shipping-3-380x271.webp 380w, https:\/\/www.vapecigwholesale.com\/wp-content\/uploads\/2024\/11\/LAVIE-Cyber-20000-Puffs-Double-Flavors-Disposable-Vape-Free-Shipping-3-80x57.webp 80w\" sizes=\"(max-width: 800px) 100vw, 800px\" \/><figcaption id=\"caption-attachment-1067\" class=\"wp-caption-text\">LAVIE Cyber 20000 Puffs Doppel Aromen Einweg Vape Freies Verschiffen 3<\/figcaption><\/figure>","protected":false},"excerpt":{"rendered":"<p>Preis nur f\u00fcr 1St\u00fcck Kostenloser Versand<\/p>\n<p>(<strong>2%, 5% Nic<\/strong>)\u00a0 \u00a0 \u00a0 <strong>Versandzeit: 2 Wochen<\/strong><\/p>","protected":false},"featured_media":1065,"comment_status":"open","ping_status":"closed","template":"","meta":{"om_disable_all_campaigns":false,"_monsterinsights_skip_tracking":false,"_monsterinsights_sitenote_active":false,"_monsterinsights_sitenote_note":"","_monsterinsights_sitenote_category":0},"product_brand":[],"product_cat":[15],"product_tag":[],"class_list":{"0":"post-1079","1":"product","2":"type-product","3":"status-publish","4":"has-post-thumbnail","6":"product_cat-disposable-vape","8":"first","9":"instock","10":"featured","11":"shipping-taxable","12":"purchasable","13":"product-type-variable","14":"has-default-attributes"},"aioseo_notices":[],"_links":{"self":[{"href":"https:\/\/www.vapecigwholesale.com\/de\/wp-json\/wp\/v2\/product\/1079","targetHints":{"allow":["GET"]}}],"collection":[{"href":"https:\/\/www.vapecigwholesale.com\/de\/wp-json\/wp\/v2\/product"}],"about":[{"href":"https:\/\/www.vapecigwholesale.com\/de\/wp-json\/wp\/v2\/types\/product"}],"replies":[{"embeddable":true,"href":"https:\/\/www.vapecigwholesale.com\/de\/wp-json\/wp\/v2\/comments?post=1079"}],"wp:featuredmedia":[{"embeddable":true,"href":"https:\/\/www.vapecigwholesale.com\/de\/wp-json\/wp\/v2\/media\/1065"}],"wp:attachment":[{"href":"https:\/\/www.vapecigwholesale.com\/de\/wp-json\/wp\/v2\/media?parent=1079"}],"wp:term":[{"taxonomy":"product_brand","embeddable":true,"href":"https:\/\/www.vapecigwholesale.com\/de\/wp-json\/wp\/v2\/product_brand?post=1079"},{"taxonomy":"product_cat","embeddable":true,"href":"https:\/\/www.vapecigwholesale.com\/de\/wp-json\/wp\/v2\/product_cat?post=1079"},{"taxonomy":"product_tag","embeddable":true,"href":"https:\/\/www.vapecigwholesale.com\/de\/wp-json\/wp\/v2\/product_tag?post=1079"}],"curies":[{"name":"wp","href":"https:\/\/api.w.org\/{rel}","templated":true}]}}