{"id":1110,"date":"2024-11-15T15:40:33","date_gmt":"2024-11-15T07:40:33","guid":{"rendered":"https:\/\/www.vapecigwholesale.com\/?post_type=product&#038;p=1110"},"modified":"2025-02-19T14:25:46","modified_gmt":"2025-02-19T06:25:46","slug":"zooy-30000-puffs-double-flavors-disposable-vape-free-shipping","status":"publish","type":"product","link":"https:\/\/www.vapecigwholesale.com\/de\/product\/zooy-30000-puffs-doppelten-aromen-einweg-vape-kostenloser-versand\/","title":{"rendered":"ZOOY 30000 Puffs Double Aromen Einweg Vape Freies Verschiffen"},"content":{"rendered":"<p>ZOOY 30000 Puffs ist eine wirklich stilvolle Einweg-E-Zigarette, die perfekt in Ihre Handfl\u00e4che passt. Sein hervorragendes Design macht es ganz einfach zu tragen. Sein Geschmack wird Sie \u00fcberraschen, wenn Sie in der Liebe mit seiner glatten, solide Erscheinung fallen.<\/p>\n<p>ZOOY 30000 Puffs E-Zigarette ist f\u00fcr Enthusiasten gemacht; es verf\u00fcgt \u00fcber eine einstellbare Luftstromregelung auf der Unterseite und ein gro\u00dfes Display, wo Sie Ihre Verdampfungsgewohnheiten verfolgen k\u00f6nnen. Die ZOOY 30000 PUFFS hat eine Dual-Mesh-Super-Coil mit Leistungseinstellungen von 12W bis 28W. Es gibt zehn Geschmacksrichtungen f\u00fcr diese Solid-State-E-Zigarette, die einen 650mAh-Akku hat zur Verf\u00fcgung.<\/p>\n<p>ZOOY 30000 PUFFS Einweg-E-Zigarette hat einen USB-C-Ladeanschluss und ein einstellbares Luftstromsystem. Es hat eine Dual-Mesh-Spule, ist kompakt, leicht, und kann verdampft werden. Es gibt zehn Geschmacksrichtungen zur Verf\u00fcgung. es ist mundw\u00e4ssernden Geschmack und verstr\u00f6mt reiche Wolken mit jedem Zug. Bis zu 36 ml vorgeladener E-Zigaretten-Saft k\u00f6nnen in den beiden E-Liquid-Beh\u00e4ltern gespeichert werden, die \u00fcber eine USB-C-Schnittstelle aufgeladen werden.<\/p>\n<p>ZOOY 30000 PUFFS hat eine LED-Anzeige. Diese E-Zigarette hat 2% und 5% Nikotin in jeder Geschmacksrichtung. Die LED-Anzeige leuchtet, wenn das Ger\u00e4t in Gebrauch ist, so dass Sie immer sehen, wie viel Saft und Macht ist links.<\/p>\n<h2><strong>ZOOY 30000 Puffs Doppelgeschmacksrichtungen Details\uff1a<\/strong><\/h2>\n<ul>\n<li>Puffs:30000 Puffs<\/li>\n<li>Doppelte Geschmacksrichtungen<\/li>\n<li>Akku: 850mAh<\/li>\n<li>Nikotin:2% 5%<\/li>\n<li>Fassungsverm\u00f6gen: 36ml<\/li>\n<li>Dual Mesh Spule<\/li>\n<li>10 Doppelgeschmacksrichtungen verf\u00fcgbar<\/li>\n<li>Smart Screen: E-Juice\/Leistungsanzeige<\/li>\n<\/ul>\n<h2><strong>ZOOY 30000 Puffs in zwei Geschmacksrichtungen erh\u00e4ltlich\uff1a<\/strong><\/h2>\n<ol>\n<li>Blaubeereis &amp; Dreifach-Melone<\/li>\n<li>Trauben-Minze &amp; Erdbeer-Banane<\/li>\n<li>Liebe 66 &amp; Cola-Eis<\/li>\n<li>Ananas-Kokosnuss-Apfel-Eis<\/li>\n<li>Rotbeere, Kirsche und gemischte Beeren<\/li>\n<li>Red Bull &amp; Erdbeer-Kiwi<\/li>\n<li>Erdbeereis &amp; Pfirsich-Mango-Milchshake<\/li>\n<li>Erdbeer-Wassermelone &amp; Rosa Limonade<\/li>\n<li>Wassermelone Bubblegum &amp; Kaffee-Eis<\/li>\n<li>Wassermeloneneis &amp; Blaue Himbeere-Zitrone<\/li>\n<\/ol>\n<h2><strong>Packliste:<\/strong><\/h2>\n<p>1St\u00fcck jede kleine Schachtel<br \/>\n10 St\u00fcck pro Mittelkarton<br \/>\n200St\u00fcck pro Karton<\/p>\n<p><img fetchpriority=\"high\" decoding=\"async\" class=\"wp-image-1097 size-full\" title=\"ZOOY 30000 Puffs Double Aromen Einweg Vape Freies Verschiffen 4\" src=\"https:\/\/www.vapecigwholesale.com\/wp-content\/uploads\/2024\/11\/ZOOY-30000-Puffs-Double-Flavors-Disposable-Vape-Free-Shipping-4.webp\" alt=\"ZOOY 30000 Puffs Double Aromen Einweg Vape Freies Verschiffen 4\" width=\"800\" height=\"600\" srcset=\"https:\/\/www.vapecigwholesale.com\/wp-content\/uploads\/2024\/11\/ZOOY-30000-Puffs-Double-Flavors-Disposable-Vape-Free-Shipping-4.webp 800w, https:\/\/www.vapecigwholesale.com\/wp-content\/uploads\/2024\/11\/ZOOY-30000-Puffs-Double-Flavors-Disposable-Vape-Free-Shipping-4-300x225.webp 300w, https:\/\/www.vapecigwholesale.com\/wp-content\/uploads\/2024\/11\/ZOOY-30000-Puffs-Double-Flavors-Disposable-Vape-Free-Shipping-4-768x576.webp 768w, https:\/\/www.vapecigwholesale.com\/wp-content\/uploads\/2024\/11\/ZOOY-30000-Puffs-Double-Flavors-Disposable-Vape-Free-Shipping-4-16x12.webp 16w, https:\/\/www.vapecigwholesale.com\/wp-content\/uploads\/2024\/11\/ZOOY-30000-Puffs-Double-Flavors-Disposable-Vape-Free-Shipping-4-575x431.webp 575w, https:\/\/www.vapecigwholesale.com\/wp-content\/uploads\/2024\/11\/ZOOY-30000-Puffs-Double-Flavors-Disposable-Vape-Free-Shipping-4-380x285.webp 380w, https:\/\/www.vapecigwholesale.com\/wp-content\/uploads\/2024\/11\/ZOOY-30000-Puffs-Double-Flavors-Disposable-Vape-Free-Shipping-4-80x60.webp 80w\" sizes=\"(max-width: 800px) 100vw, 800px\" \/><\/p>\n<p><img decoding=\"async\" class=\"wp-image-1099 size-full\" title=\"ZOOY 30000 Puffs Double Aromen Einweg Vape Freies Verschiffen 6\" src=\"https:\/\/www.vapecigwholesale.com\/wp-content\/uploads\/2024\/11\/ZOOY-30000-Puffs-Double-Flavors-Disposable-Vape-Free-Shipping-6.webp\" alt=\"ZOOY 30000 Puffs Double Aromen Einweg Vape Freies Verschiffen 6\" width=\"800\" height=\"280\" srcset=\"https:\/\/www.vapecigwholesale.com\/wp-content\/uploads\/2024\/11\/ZOOY-30000-Puffs-Double-Flavors-Disposable-Vape-Free-Shipping-6.webp 800w, https:\/\/www.vapecigwholesale.com\/wp-content\/uploads\/2024\/11\/ZOOY-30000-Puffs-Double-Flavors-Disposable-Vape-Free-Shipping-6-300x105.webp 300w, https:\/\/www.vapecigwholesale.com\/wp-content\/uploads\/2024\/11\/ZOOY-30000-Puffs-Double-Flavors-Disposable-Vape-Free-Shipping-6-768x269.webp 768w, https:\/\/www.vapecigwholesale.com\/wp-content\/uploads\/2024\/11\/ZOOY-30000-Puffs-Double-Flavors-Disposable-Vape-Free-Shipping-6-18x6.webp 18w, https:\/\/www.vapecigwholesale.com\/wp-content\/uploads\/2024\/11\/ZOOY-30000-Puffs-Double-Flavors-Disposable-Vape-Free-Shipping-6-575x201.webp 575w, https:\/\/www.vapecigwholesale.com\/wp-content\/uploads\/2024\/11\/ZOOY-30000-Puffs-Double-Flavors-Disposable-Vape-Free-Shipping-6-380x133.webp 380w, https:\/\/www.vapecigwholesale.com\/wp-content\/uploads\/2024\/11\/ZOOY-30000-Puffs-Double-Flavors-Disposable-Vape-Free-Shipping-6-80x28.webp 80w\" sizes=\"(max-width: 800px) 100vw, 800px\" \/><\/p>\n<p><img decoding=\"async\" class=\"wp-image-1094 size-full\" title=\"ZOOY 30000 Puffs Double Aromen Einweg Vape Freies Verschiffen 1\" src=\"https:\/\/www.vapecigwholesale.com\/wp-content\/uploads\/2024\/11\/ZOOY-30000-Puffs-Double-Flavors-Disposable-Vape-Free-Shipping-1.webp\" alt=\"ZOOY 30000 Puffs Double Aromen Einweg Vape Freies Verschiffen 1\" width=\"800\" height=\"800\" srcset=\"https:\/\/www.vapecigwholesale.com\/wp-content\/uploads\/2024\/11\/ZOOY-30000-Puffs-Double-Flavors-Disposable-Vape-Free-Shipping-1.webp 800w, https:\/\/www.vapecigwholesale.com\/wp-content\/uploads\/2024\/11\/ZOOY-30000-Puffs-Double-Flavors-Disposable-Vape-Free-Shipping-1-300x300.webp 300w, https:\/\/www.vapecigwholesale.com\/wp-content\/uploads\/2024\/11\/ZOOY-30000-Puffs-Double-Flavors-Disposable-Vape-Free-Shipping-1-150x150.webp 150w, https:\/\/www.vapecigwholesale.com\/wp-content\/uploads\/2024\/11\/ZOOY-30000-Puffs-Double-Flavors-Disposable-Vape-Free-Shipping-1-768x768.webp 768w, https:\/\/www.vapecigwholesale.com\/wp-content\/uploads\/2024\/11\/ZOOY-30000-Puffs-Double-Flavors-Disposable-Vape-Free-Shipping-1-12x12.webp 12w, https:\/\/www.vapecigwholesale.com\/wp-content\/uploads\/2024\/11\/ZOOY-30000-Puffs-Double-Flavors-Disposable-Vape-Free-Shipping-1-575x575.webp 575w, https:\/\/www.vapecigwholesale.com\/wp-content\/uploads\/2024\/11\/ZOOY-30000-Puffs-Double-Flavors-Disposable-Vape-Free-Shipping-1-380x380.webp 380w, https:\/\/www.vapecigwholesale.com\/wp-content\/uploads\/2024\/11\/ZOOY-30000-Puffs-Double-Flavors-Disposable-Vape-Free-Shipping-1-50x50.webp 50w, https:\/\/www.vapecigwholesale.com\/wp-content\/uploads\/2024\/11\/ZOOY-30000-Puffs-Double-Flavors-Disposable-Vape-Free-Shipping-1-26x26.webp 26w, https:\/\/www.vapecigwholesale.com\/wp-content\/uploads\/2024\/11\/ZOOY-30000-Puffs-Double-Flavors-Disposable-Vape-Free-Shipping-1-420x420.webp 420w, https:\/\/www.vapecigwholesale.com\/wp-content\/uploads\/2024\/11\/ZOOY-30000-Puffs-Double-Flavors-Disposable-Vape-Free-Shipping-1-100x100.webp 100w, https:\/\/www.vapecigwholesale.com\/wp-content\/uploads\/2024\/11\/ZOOY-30000-Puffs-Double-Flavors-Disposable-Vape-Free-Shipping-1-80x80.webp 80w\" sizes=\"(max-width: 800px) 100vw, 800px\" \/><\/p>","protected":false},"excerpt":{"rendered":"<p>Preis nur f\u00fcr 1St\u00fcck Kostenloser Versand<\/p>\n<p>(<strong>2%, 5% Nic<\/strong>)\u00a0 \u00a0 \u00a0\u00a0<strong>Versandzeit: 2 Wochen<\/strong><\/p>","protected":false},"featured_media":1095,"comment_status":"open","ping_status":"closed","template":"","meta":{"om_disable_all_campaigns":false,"_monsterinsights_skip_tracking":false,"_monsterinsights_sitenote_active":false,"_monsterinsights_sitenote_note":"","_monsterinsights_sitenote_category":0},"product_brand":[],"product_cat":[15],"product_tag":[],"class_list":{"0":"post-1110","1":"product","2":"type-product","3":"status-publish","4":"has-post-thumbnail","6":"product_cat-disposable-vape","8":"first","9":"instock","10":"featured","11":"shipping-taxable","12":"purchasable","13":"product-type-variable","14":"has-default-attributes"},"aioseo_notices":[],"_links":{"self":[{"href":"https:\/\/www.vapecigwholesale.com\/de\/wp-json\/wp\/v2\/product\/1110","targetHints":{"allow":["GET"]}}],"collection":[{"href":"https:\/\/www.vapecigwholesale.com\/de\/wp-json\/wp\/v2\/product"}],"about":[{"href":"https:\/\/www.vapecigwholesale.com\/de\/wp-json\/wp\/v2\/types\/product"}],"replies":[{"embeddable":true,"href":"https:\/\/www.vapecigwholesale.com\/de\/wp-json\/wp\/v2\/comments?post=1110"}],"wp:featuredmedia":[{"embeddable":true,"href":"https:\/\/www.vapecigwholesale.com\/de\/wp-json\/wp\/v2\/media\/1095"}],"wp:attachment":[{"href":"https:\/\/www.vapecigwholesale.com\/de\/wp-json\/wp\/v2\/media?parent=1110"}],"wp:term":[{"taxonomy":"product_brand","embeddable":true,"href":"https:\/\/www.vapecigwholesale.com\/de\/wp-json\/wp\/v2\/product_brand?post=1110"},{"taxonomy":"product_cat","embeddable":true,"href":"https:\/\/www.vapecigwholesale.com\/de\/wp-json\/wp\/v2\/product_cat?post=1110"},{"taxonomy":"product_tag","embeddable":true,"href":"https:\/\/www.vapecigwholesale.com\/de\/wp-json\/wp\/v2\/product_tag?post=1110"}],"curies":[{"name":"wp","href":"https:\/\/api.w.org\/{rel}","templated":true}]}}