{"id":1214,"date":"2024-11-16T18:18:24","date_gmt":"2024-11-16T10:18:24","guid":{"rendered":"https:\/\/www.vapecigwholesale.com\/?post_type=product&#038;p=1214"},"modified":"2025-02-19T14:21:48","modified_gmt":"2025-02-19T06:21:48","slug":"uwin-crystal-10000-puffs-disposable-vape-free-shipping","status":"publish","type":"product","link":"https:\/\/www.vapecigwholesale.com\/de\/product\/uwin-crystal-10000-puffs-wegwerfbare-vape-freier-versand\/","title":{"rendered":"Uwin Crystal 10000 Puffs Einweg Vape Freies Verschiffen"},"content":{"rendered":"<p>Uwin Crystal 10000 Puffs Disposable Vape ist ein bemerkenswerter Konkurrent auf dem Markt der Einwegdampfer, der sowohl f\u00fcr Anf\u00e4nger als auch f\u00fcr erfahrene Benutzer geeignet ist. Eines seiner beeindruckendsten Attribute ist die hohe Puffzahl, die bis zu 10000 Puffs pro Ger\u00e4t bietet. Diese Eigenschaft verbessert nicht nur das Gesamterlebnis beim Dampfen, sondern bietet auch einen ausgezeichneten Wert f\u00fcr Benutzer, die eine lange Lebensdauer bei der Wahl ihres Einweg-Vape-Ger\u00e4ts anstreben.<\/p>\n<p>Der Uwin Crystal 10000 Puffs Akku ist ein weiteres wichtiges Merkmal, da er so konstruiert ist, dass er die beeindruckende Anzahl an Puffs unterst\u00fctzt, ohne dass ein h\u00e4ufiges Aufladen erforderlich ist. Diese Funktionalit\u00e4t macht es ideal f\u00fcr Benutzer, die eine zuverl\u00e4ssige und ununterbrochene vaping Sitzung bevorzugen. Insgesamt kombiniert der UWIN CRYSTAL 10000 Puffs Einwegverdampfer innovatives Design, Geschmacksvielfalt und langanhaltende Leistung, was ihn zu einer Top-Wahl unter den Einwegverdampfern auf dem heutigen Markt macht.<\/p>\n<h2><strong>Uwin Crystal 10000 Puffs Details:<\/strong><\/h2>\n<ul>\n<li>2%\/5%Nic<\/li>\n<li>18ML<\/li>\n<li>Maschenspule<\/li>\n<li>Wiederaufladbare Batterie<\/li>\n<li>Integrierter 850mAh Akku<\/li>\n<li>15 Geschmacksrichtungen verf\u00fcgbar<\/li>\n<\/ul>\n<h2><strong>Uwin Crystal 10000 Puffs Verf\u00fcgbare Geschmacksrichtungen:<\/strong><\/h2>\n<ol>\n<li>Wassermelone Eis<\/li>\n<li>Heidelbeere-Himbeere<\/li>\n<li>Traubeneis<\/li>\n<li>Erdbeere Wassermelone<\/li>\n<li>Heidelbeere auf Eis<\/li>\n<li>Kirsche Eis<\/li>\n<li>Kiwi Passionsfrucht Guave<\/li>\n<li>Erdbeereis<\/li>\n<li>Erdbeere-Himbeere-Kirsche<\/li>\n<li>Pfirsich-Eis<\/li>\n<li>Erdbeer-Kiwi<\/li>\n<li>Kirsche Cola<\/li>\n<li>Gemischte Beere<\/li>\n<li>Herr Blau<\/li>\n<li>Pfirsich Beere<\/li>\n<\/ol>\n<h2><strong>Packliste:<\/strong><\/h2>\n<p>1St\u00fcck jede kleine Schachtel<br \/>\n10 St\u00fcck pro Mittelkarton<br \/>\n200St\u00fcck pro Karton<\/p>\n<figure id=\"attachment_1196\" aria-describedby=\"caption-attachment-1196\" style=\"width: 800px\" class=\"wp-caption alignnone\"><img fetchpriority=\"high\" decoding=\"async\" class=\"wp-image-1196 size-full\" title=\"Uwin Crystal 10000 Puffs Einweg Vape Freies Verschiffen 4\" src=\"https:\/\/www.vapecigwholesale.com\/wp-content\/uploads\/2024\/11\/Uwin-Crystal-10000-Puffs-Disposable-Vape-Free-Shipping-4.webp\" alt=\"Uwin Crystal 10000 Puffs Einweg Vape Freies Verschiffen 4\" width=\"800\" height=\"1274\" srcset=\"https:\/\/www.vapecigwholesale.com\/wp-content\/uploads\/2024\/11\/Uwin-Crystal-10000-Puffs-Disposable-Vape-Free-Shipping-4.webp 800w, https:\/\/www.vapecigwholesale.com\/wp-content\/uploads\/2024\/11\/Uwin-Crystal-10000-Puffs-Disposable-Vape-Free-Shipping-4-188x300.webp 188w, https:\/\/www.vapecigwholesale.com\/wp-content\/uploads\/2024\/11\/Uwin-Crystal-10000-Puffs-Disposable-Vape-Free-Shipping-4-643x1024.webp 643w, https:\/\/www.vapecigwholesale.com\/wp-content\/uploads\/2024\/11\/Uwin-Crystal-10000-Puffs-Disposable-Vape-Free-Shipping-4-768x1223.webp 768w, https:\/\/www.vapecigwholesale.com\/wp-content\/uploads\/2024\/11\/Uwin-Crystal-10000-Puffs-Disposable-Vape-Free-Shipping-4-8x12.webp 8w, https:\/\/www.vapecigwholesale.com\/wp-content\/uploads\/2024\/11\/Uwin-Crystal-10000-Puffs-Disposable-Vape-Free-Shipping-4-575x916.webp 575w, https:\/\/www.vapecigwholesale.com\/wp-content\/uploads\/2024\/11\/Uwin-Crystal-10000-Puffs-Disposable-Vape-Free-Shipping-4-380x605.webp 380w, https:\/\/www.vapecigwholesale.com\/wp-content\/uploads\/2024\/11\/Uwin-Crystal-10000-Puffs-Disposable-Vape-Free-Shipping-4-63x100.webp 63w\" sizes=\"(max-width: 800px) 100vw, 800px\" \/><figcaption id=\"caption-attachment-1196\" class=\"wp-caption-text\"><img decoding=\"async\" class=\"wp-image-1195 size-full\" title=\"Uwin Crystal 10000 Puffs Einweg Vape Freies Verschiffen 3\" src=\"https:\/\/www.vapecigwholesale.com\/wp-content\/uploads\/2024\/11\/Uwin-Crystal-10000-Puffs-Disposable-Vape-Free-Shipping-3.webp\" alt=\"Uwin Crystal 10000 Puffs Einweg Vape Freies Verschiffen 3\" width=\"800\" height=\"800\" srcset=\"https:\/\/www.vapecigwholesale.com\/wp-content\/uploads\/2024\/11\/Uwin-Crystal-10000-Puffs-Disposable-Vape-Free-Shipping-3.webp 800w, https:\/\/www.vapecigwholesale.com\/wp-content\/uploads\/2024\/11\/Uwin-Crystal-10000-Puffs-Disposable-Vape-Free-Shipping-3-300x300.webp 300w, https:\/\/www.vapecigwholesale.com\/wp-content\/uploads\/2024\/11\/Uwin-Crystal-10000-Puffs-Disposable-Vape-Free-Shipping-3-150x150.webp 150w, https:\/\/www.vapecigwholesale.com\/wp-content\/uploads\/2024\/11\/Uwin-Crystal-10000-Puffs-Disposable-Vape-Free-Shipping-3-768x768.webp 768w, https:\/\/www.vapecigwholesale.com\/wp-content\/uploads\/2024\/11\/Uwin-Crystal-10000-Puffs-Disposable-Vape-Free-Shipping-3-12x12.webp 12w, https:\/\/www.vapecigwholesale.com\/wp-content\/uploads\/2024\/11\/Uwin-Crystal-10000-Puffs-Disposable-Vape-Free-Shipping-3-575x575.webp 575w, https:\/\/www.vapecigwholesale.com\/wp-content\/uploads\/2024\/11\/Uwin-Crystal-10000-Puffs-Disposable-Vape-Free-Shipping-3-380x380.webp 380w, https:\/\/www.vapecigwholesale.com\/wp-content\/uploads\/2024\/11\/Uwin-Crystal-10000-Puffs-Disposable-Vape-Free-Shipping-3-50x50.webp 50w, https:\/\/www.vapecigwholesale.com\/wp-content\/uploads\/2024\/11\/Uwin-Crystal-10000-Puffs-Disposable-Vape-Free-Shipping-3-26x26.webp 26w, https:\/\/www.vapecigwholesale.com\/wp-content\/uploads\/2024\/11\/Uwin-Crystal-10000-Puffs-Disposable-Vape-Free-Shipping-3-420x420.webp 420w, https:\/\/www.vapecigwholesale.com\/wp-content\/uploads\/2024\/11\/Uwin-Crystal-10000-Puffs-Disposable-Vape-Free-Shipping-3-100x100.webp 100w, https:\/\/www.vapecigwholesale.com\/wp-content\/uploads\/2024\/11\/Uwin-Crystal-10000-Puffs-Disposable-Vape-Free-Shipping-3-80x80.webp 80w\" sizes=\"(max-width: 800px) 100vw, 800px\" \/><\/figcaption><\/figure>","protected":false},"excerpt":{"rendered":"<p>Preis nur f\u00fcr 1St\u00fcck Kostenloser Versand<\/p>\n<p>(<strong>2%, 5% Nic<\/strong>)\u00a0 \u00a0 \u00a0\u00a0<strong>Versandzeit: 2 Wochen<\/strong><\/p>","protected":false},"featured_media":1198,"comment_status":"open","ping_status":"closed","template":"","meta":{"om_disable_all_campaigns":false,"_monsterinsights_skip_tracking":false,"_monsterinsights_sitenote_active":false,"_monsterinsights_sitenote_note":"","_monsterinsights_sitenote_category":0},"product_brand":[],"product_cat":[15],"product_tag":[],"class_list":{"0":"post-1214","1":"product","2":"type-product","3":"status-publish","4":"has-post-thumbnail","6":"product_cat-disposable-vape","8":"first","9":"instock","10":"featured","11":"shipping-taxable","12":"purchasable","13":"product-type-variable","14":"has-default-attributes"},"aioseo_notices":[],"_links":{"self":[{"href":"https:\/\/www.vapecigwholesale.com\/de\/wp-json\/wp\/v2\/product\/1214","targetHints":{"allow":["GET"]}}],"collection":[{"href":"https:\/\/www.vapecigwholesale.com\/de\/wp-json\/wp\/v2\/product"}],"about":[{"href":"https:\/\/www.vapecigwholesale.com\/de\/wp-json\/wp\/v2\/types\/product"}],"replies":[{"embeddable":true,"href":"https:\/\/www.vapecigwholesale.com\/de\/wp-json\/wp\/v2\/comments?post=1214"}],"wp:featuredmedia":[{"embeddable":true,"href":"https:\/\/www.vapecigwholesale.com\/de\/wp-json\/wp\/v2\/media\/1198"}],"wp:attachment":[{"href":"https:\/\/www.vapecigwholesale.com\/de\/wp-json\/wp\/v2\/media?parent=1214"}],"wp:term":[{"taxonomy":"product_brand","embeddable":true,"href":"https:\/\/www.vapecigwholesale.com\/de\/wp-json\/wp\/v2\/product_brand?post=1214"},{"taxonomy":"product_cat","embeddable":true,"href":"https:\/\/www.vapecigwholesale.com\/de\/wp-json\/wp\/v2\/product_cat?post=1214"},{"taxonomy":"product_tag","embeddable":true,"href":"https:\/\/www.vapecigwholesale.com\/de\/wp-json\/wp\/v2\/product_tag?post=1214"}],"curies":[{"name":"wp","href":"https:\/\/api.w.org\/{rel}","templated":true}]}}