{"id":1250,"date":"2024-11-18T12:11:02","date_gmt":"2024-11-18T04:11:02","guid":{"rendered":"https:\/\/www.vapecigwholesale.com\/?post_type=product&#038;p=1250"},"modified":"2025-02-19T14:20:24","modified_gmt":"2025-02-19T06:20:24","slug":"bang-king-30k-double-flavors-disposable-vape-free-shipping","status":"publish","type":"product","link":"https:\/\/www.vapecigwholesale.com\/de\/product\/knall-konig-30k-doppelte-aromen-einweg-vape-kostenloser-versand\/","title":{"rendered":"Bang king 30k Double Flavors Disposable Vape Freies Verschiffen"},"content":{"rendered":"<p>Bang King 30k Double Flavors Disposable Vape ist ein Spitzenger\u00e4t in der Welt der E-Zigaretten, mit einer beeindruckenden Anzahl von Z\u00fcgen, die die meisten Einweg-Vapes auf dem Markt \u00fcberdauert. Bei diesem Ger\u00e4t geht es nicht nur um Quantit\u00e4t, sondern auch um Qualit\u00e4t, damit jeder Zug so befriedigend ist wie der erste. Mit seinem beachtlichen Fassungsverm\u00f6gen von 36 ml E-Liquid und der innovativen Double-Flavor-Switching-Funktion bietet dieses Ger\u00e4t Vielseitigkeit und Komfort in einem eleganten Paket.<\/p>\n<p>Der Bang King 30k Double Flavors Einwegdampfer wird von einem zuverl\u00e4ssigen 550mAh-Akku angetrieben, der mit einem Typ-C-Anschluss zum schnellen und effizienten Aufladen verbunden ist. Das digitale LCD-Display des Ger\u00e4ts informiert Sie sowohl \u00fcber die Akkulaufzeit als auch \u00fcber den F\u00fcllstand des E-Liquids und sorgt so f\u00fcr ein nahtloses und benutzerfreundliches Erlebnis. Ganz gleich, ob Sie eine Nikotinkonzentration von 2%, 3% oder 5% bevorzugen, mit dem Bang King 30000 k\u00f6nnen Sie Ihr Dampferlebnis ganz nach Ihren Bed\u00fcrfnissen gestalten.<\/p>\n<h2>Bang King 30k Double Flavors Details:<\/h2>\n<ul>\n<li>Puffs: UP bis 30000 Puffs<\/li>\n<li>Fl\u00fcssigkeit: 36 ml Vorgef\u00fcllt<\/li>\n<li>Doppelte Geschmacksrichtungen<\/li>\n<li>Nikotin: 0% 2% 3% 5%<\/li>\n<li>Kern: Mesh-Spule 1,0 Ohm<\/li>\n<li>Batterie: 550 mAh, wiederaufladbar, Typ C<\/li>\n<\/ul>\n<h2><strong>Bang 30000 Puffs Doppelte Geschmacksrichtungen verf\u00fcgbar:<\/strong><\/h2>\n<ol>\n<li>Wassermelonen-Eis &amp; Heidelbeer-Minze<\/li>\n<li>Wassermeloneneis &amp; Erdbeere und Mango<\/li>\n<li>Erdbeere Wassermelone &amp; Kiwi Passionsfrucht Guave<\/li>\n<li>Erdbeere, Wassermelone und Traubeneis<\/li>\n<li>Blaubeereis &amp; Schwarzer Drache Eis<\/li>\n<li>Heidelbeereis &amp; Erdbeere und Banane<\/li>\n<li>Red Bull &amp; Blaubeer-Wassermelone<\/li>\n<li>Red Bull &amp; Wassermelone Bubble Candy<\/li>\n<li>Heidelbeere Himbeere &amp; Pfirsich Mango Wassermelone<\/li>\n<li>Heidelbeere-Himbeere &amp; gemischtes Schimmelobst<\/li>\n<li>Erdbeer-Kiwi-Pfirsich-Eis<\/li>\n<li>Erdbeere-Kiwi &amp; Saurer Apfel-Himbeere<\/li>\n<\/ol>\n<h2><strong>Packliste:<\/strong><\/h2>\n<p>1St\u00fcck jede kleine Schachtel<br \/>\n10 St\u00fcck pro Mittelkarton<br \/>\n200St\u00fcck pro Karton<\/p>\n<p><img fetchpriority=\"high\" decoding=\"async\" class=\"alignnone wp-image-1236 size-full\" title=\"Bang king 30k Double Flavors Disposable Vape Kostenloser Versand 7\" src=\"https:\/\/www.vapecigwholesale.com\/wp-content\/uploads\/2024\/11\/Bang-king-30k-Double-Flavors-Disposable-Vape-Free-Shipping-7.webp\" alt=\"Bang king 30k Double Flavors Disposable Vape Kostenloser Versand 7\" width=\"800\" height=\"800\" srcset=\"https:\/\/www.vapecigwholesale.com\/wp-content\/uploads\/2024\/11\/Bang-king-30k-Double-Flavors-Disposable-Vape-Free-Shipping-7.webp 800w, https:\/\/www.vapecigwholesale.com\/wp-content\/uploads\/2024\/11\/Bang-king-30k-Double-Flavors-Disposable-Vape-Free-Shipping-7-300x300.webp 300w, https:\/\/www.vapecigwholesale.com\/wp-content\/uploads\/2024\/11\/Bang-king-30k-Double-Flavors-Disposable-Vape-Free-Shipping-7-150x150.webp 150w, https:\/\/www.vapecigwholesale.com\/wp-content\/uploads\/2024\/11\/Bang-king-30k-Double-Flavors-Disposable-Vape-Free-Shipping-7-768x768.webp 768w, https:\/\/www.vapecigwholesale.com\/wp-content\/uploads\/2024\/11\/Bang-king-30k-Double-Flavors-Disposable-Vape-Free-Shipping-7-12x12.webp 12w, https:\/\/www.vapecigwholesale.com\/wp-content\/uploads\/2024\/11\/Bang-king-30k-Double-Flavors-Disposable-Vape-Free-Shipping-7-575x575.webp 575w, https:\/\/www.vapecigwholesale.com\/wp-content\/uploads\/2024\/11\/Bang-king-30k-Double-Flavors-Disposable-Vape-Free-Shipping-7-380x380.webp 380w, https:\/\/www.vapecigwholesale.com\/wp-content\/uploads\/2024\/11\/Bang-king-30k-Double-Flavors-Disposable-Vape-Free-Shipping-7-50x50.webp 50w, https:\/\/www.vapecigwholesale.com\/wp-content\/uploads\/2024\/11\/Bang-king-30k-Double-Flavors-Disposable-Vape-Free-Shipping-7-26x26.webp 26w, https:\/\/www.vapecigwholesale.com\/wp-content\/uploads\/2024\/11\/Bang-king-30k-Double-Flavors-Disposable-Vape-Free-Shipping-7-420x420.webp 420w, https:\/\/www.vapecigwholesale.com\/wp-content\/uploads\/2024\/11\/Bang-king-30k-Double-Flavors-Disposable-Vape-Free-Shipping-7-100x100.webp 100w, https:\/\/www.vapecigwholesale.com\/wp-content\/uploads\/2024\/11\/Bang-king-30k-Double-Flavors-Disposable-Vape-Free-Shipping-7-80x80.webp 80w\" sizes=\"(max-width: 800px) 100vw, 800px\" \/><\/p>\n<p><img decoding=\"async\" class=\"wp-image-1231 size-full\" title=\"Bang king 30k Double Flavors Disposable Vape Kostenloser Versand 2\" src=\"https:\/\/www.vapecigwholesale.com\/wp-content\/uploads\/2024\/11\/Bang-king-30k-Double-Flavors-Disposable-Vape-Free-Shipping-2.webp\" alt=\"Bang king 30k Double Flavors Disposable Vape Kostenloser Versand 2\" width=\"800\" height=\"800\" srcset=\"https:\/\/www.vapecigwholesale.com\/wp-content\/uploads\/2024\/11\/Bang-king-30k-Double-Flavors-Disposable-Vape-Free-Shipping-2.webp 800w, https:\/\/www.vapecigwholesale.com\/wp-content\/uploads\/2024\/11\/Bang-king-30k-Double-Flavors-Disposable-Vape-Free-Shipping-2-300x300.webp 300w, https:\/\/www.vapecigwholesale.com\/wp-content\/uploads\/2024\/11\/Bang-king-30k-Double-Flavors-Disposable-Vape-Free-Shipping-2-150x150.webp 150w, https:\/\/www.vapecigwholesale.com\/wp-content\/uploads\/2024\/11\/Bang-king-30k-Double-Flavors-Disposable-Vape-Free-Shipping-2-768x768.webp 768w, https:\/\/www.vapecigwholesale.com\/wp-content\/uploads\/2024\/11\/Bang-king-30k-Double-Flavors-Disposable-Vape-Free-Shipping-2-12x12.webp 12w, https:\/\/www.vapecigwholesale.com\/wp-content\/uploads\/2024\/11\/Bang-king-30k-Double-Flavors-Disposable-Vape-Free-Shipping-2-575x575.webp 575w, https:\/\/www.vapecigwholesale.com\/wp-content\/uploads\/2024\/11\/Bang-king-30k-Double-Flavors-Disposable-Vape-Free-Shipping-2-380x380.webp 380w, https:\/\/www.vapecigwholesale.com\/wp-content\/uploads\/2024\/11\/Bang-king-30k-Double-Flavors-Disposable-Vape-Free-Shipping-2-50x50.webp 50w, https:\/\/www.vapecigwholesale.com\/wp-content\/uploads\/2024\/11\/Bang-king-30k-Double-Flavors-Disposable-Vape-Free-Shipping-2-26x26.webp 26w, https:\/\/www.vapecigwholesale.com\/wp-content\/uploads\/2024\/11\/Bang-king-30k-Double-Flavors-Disposable-Vape-Free-Shipping-2-420x420.webp 420w, https:\/\/www.vapecigwholesale.com\/wp-content\/uploads\/2024\/11\/Bang-king-30k-Double-Flavors-Disposable-Vape-Free-Shipping-2-100x100.webp 100w, https:\/\/www.vapecigwholesale.com\/wp-content\/uploads\/2024\/11\/Bang-king-30k-Double-Flavors-Disposable-Vape-Free-Shipping-2-80x80.webp 80w\" sizes=\"(max-width: 800px) 100vw, 800px\" \/><\/p>\n<p><img decoding=\"async\" class=\"wp-image-1237 size-full\" title=\"Bang king 30k Double Flavors Disposable Vape Freies Verschiffen 8\" src=\"https:\/\/www.vapecigwholesale.com\/wp-content\/uploads\/2024\/11\/Bang-king-30k-Double-Flavors-Disposable-Vape-Free-Shipping-8.webp\" alt=\"Bang king 30k Double Flavors Disposable Vape Freies Verschiffen 8\" width=\"800\" height=\"1747\" srcset=\"https:\/\/www.vapecigwholesale.com\/wp-content\/uploads\/2024\/11\/Bang-king-30k-Double-Flavors-Disposable-Vape-Free-Shipping-8.webp 800w, https:\/\/www.vapecigwholesale.com\/wp-content\/uploads\/2024\/11\/Bang-king-30k-Double-Flavors-Disposable-Vape-Free-Shipping-8-137x300.webp 137w, https:\/\/www.vapecigwholesale.com\/wp-content\/uploads\/2024\/11\/Bang-king-30k-Double-Flavors-Disposable-Vape-Free-Shipping-8-469x1024.webp 469w, https:\/\/www.vapecigwholesale.com\/wp-content\/uploads\/2024\/11\/Bang-king-30k-Double-Flavors-Disposable-Vape-Free-Shipping-8-768x1677.webp 768w, https:\/\/www.vapecigwholesale.com\/wp-content\/uploads\/2024\/11\/Bang-king-30k-Double-Flavors-Disposable-Vape-Free-Shipping-8-703x1536.webp 703w, https:\/\/www.vapecigwholesale.com\/wp-content\/uploads\/2024\/11\/Bang-king-30k-Double-Flavors-Disposable-Vape-Free-Shipping-8-5x12.webp 5w, https:\/\/www.vapecigwholesale.com\/wp-content\/uploads\/2024\/11\/Bang-king-30k-Double-Flavors-Disposable-Vape-Free-Shipping-8-575x1256.webp 575w, https:\/\/www.vapecigwholesale.com\/wp-content\/uploads\/2024\/11\/Bang-king-30k-Double-Flavors-Disposable-Vape-Free-Shipping-8-380x830.webp 380w, https:\/\/www.vapecigwholesale.com\/wp-content\/uploads\/2024\/11\/Bang-king-30k-Double-Flavors-Disposable-Vape-Free-Shipping-8-46x100.webp 46w\" sizes=\"(max-width: 800px) 100vw, 800px\" \/><\/p>","protected":false},"excerpt":{"rendered":"<p>Preis nur f\u00fcr 1St\u00fcck Kostenloser Versand<\/p>\n<p>(\u00a0<strong>0% 2% 3% 5% Nic<\/strong>)\u00a0 \u00a0 \u00a0<strong>Versandzeit: 2 Wochen<\/strong><\/p>","protected":false},"featured_media":1248,"comment_status":"open","ping_status":"closed","template":"","meta":{"om_disable_all_campaigns":false,"_monsterinsights_skip_tracking":false,"_monsterinsights_sitenote_active":false,"_monsterinsights_sitenote_note":"","_monsterinsights_sitenote_category":0},"product_brand":[],"product_cat":[15],"product_tag":[],"class_list":{"0":"post-1250","1":"product","2":"type-product","3":"status-publish","4":"has-post-thumbnail","6":"product_cat-disposable-vape","8":"first","9":"instock","10":"featured","11":"shipping-taxable","12":"purchasable","13":"product-type-variable","14":"has-default-attributes"},"aioseo_notices":[],"_links":{"self":[{"href":"https:\/\/www.vapecigwholesale.com\/de\/wp-json\/wp\/v2\/product\/1250","targetHints":{"allow":["GET"]}}],"collection":[{"href":"https:\/\/www.vapecigwholesale.com\/de\/wp-json\/wp\/v2\/product"}],"about":[{"href":"https:\/\/www.vapecigwholesale.com\/de\/wp-json\/wp\/v2\/types\/product"}],"replies":[{"embeddable":true,"href":"https:\/\/www.vapecigwholesale.com\/de\/wp-json\/wp\/v2\/comments?post=1250"}],"wp:featuredmedia":[{"embeddable":true,"href":"https:\/\/www.vapecigwholesale.com\/de\/wp-json\/wp\/v2\/media\/1248"}],"wp:attachment":[{"href":"https:\/\/www.vapecigwholesale.com\/de\/wp-json\/wp\/v2\/media?parent=1250"}],"wp:term":[{"taxonomy":"product_brand","embeddable":true,"href":"https:\/\/www.vapecigwholesale.com\/de\/wp-json\/wp\/v2\/product_brand?post=1250"},{"taxonomy":"product_cat","embeddable":true,"href":"https:\/\/www.vapecigwholesale.com\/de\/wp-json\/wp\/v2\/product_cat?post=1250"},{"taxonomy":"product_tag","embeddable":true,"href":"https:\/\/www.vapecigwholesale.com\/de\/wp-json\/wp\/v2\/product_tag?post=1250"}],"curies":[{"name":"wp","href":"https:\/\/api.w.org\/{rel}","templated":true}]}}