{"id":1278,"date":"2024-11-18T14:18:13","date_gmt":"2024-11-18T06:18:13","guid":{"rendered":"https:\/\/www.vapecigwholesale.com\/?post_type=product&#038;p=1278"},"modified":"2025-04-13T01:05:57","modified_gmt":"2025-04-12T17:05:57","slug":"bang-box-30000-puffs-disposable-vape-free-shipping","status":"publish","type":"product","link":"https:\/\/www.vapecigwholesale.com\/de\/product\/bang-box-30000-puffs-einweg-vape-kostenloser-versand\/","title":{"rendered":"Bang Box 30000 Puffs Einweg Vape Freies Verschiffen"},"content":{"rendered":"<p>Bang Box 30000 Puffs Wiederaufladbarer Einweg-Vape Pen. Dieses innovative Ger\u00e4t kombiniert Komfort, Stil und leistungsstarke Funktionen, so dass es eine wesentliche Wahl f\u00fcr Gelegenheits- und erfahrene Dampfer. die Bang Box 30000ist f\u00fcr diejenigen, die das Beste verlangen.<\/p>\n<p>Bang Box 30000 Puffs mit seiner bemerkenswerten 35mL E-Liquid-Kapazit\u00e4t erm\u00f6glicht dieser Vape Pen atemberaubende 30.000 Z\u00fcge, die sicherstellen, dass Sie ausgedehnte Sessions ohne den \u00c4rger des h\u00e4ufigen Nachf\u00fcllens genie\u00dfen. Der wiederaufladbare 850mAh-Akku unterst\u00fctzt nicht nur eine lange Nutzungsdauer, sondern ist auch mit einem USB Typ-C-Ladeanschluss f\u00fcr schnelles und einfaches Aufladen ausgestattet. Verabschieden Sie sich von Ausfallzeiten und begr\u00fc\u00dfen Sie ununterbrochenen Rauchgenuss!<\/p>\n<h2><strong>Bang Box 30000 Puffs Details:<\/strong><\/h2>\n<ul>\n<li>Puffs:30000 Puffs<\/li>\n<li>Akku: 850mAh<\/li>\n<li>Fassungsverm\u00f6gen: 35ml<\/li>\n<li>Nikotin:0% 2% 3% 5%<\/li>\n<li>Dual Mesh Spule<\/li>\n<li>Smart Screen: E-Juice\/Leistungsanzeige<\/li>\n<li>12 Geschmacksrichtungen verf\u00fcgbar<\/li>\n<\/ul>\n<h2><strong>Bang Box 30000 Puffs Verf\u00fcgbare Geschmacksrichtungen:<\/strong><\/h2>\n<ol>\n<li>Blaubeereis<\/li>\n<li>Apfel Pfirsich<\/li>\n<li>Schwarzer Burst<\/li>\n<li>Heidelbeere-Granatapfel<\/li>\n<li>Heidelbeer-Himbeer-Eis sauer<\/li>\n<li>Blue Burst<\/li>\n<li>Doppelte Traube<\/li>\n<li>Erdbeer-Kiwi<\/li>\n<li>Erdbeere Wassermelone<\/li>\n<li>Wassermelone Eis<\/li>\n<li>Passionsfrucht<\/li>\n<li>Dschungel-Saft<\/li>\n<\/ol>\n<h2><strong>Packliste:<\/strong><\/h2>\n<p>1St\u00fcck jede kleine Schachtel<br \/>\n10 St\u00fcck pro Mittelkarton<br \/>\n200St\u00fcck pro Karton<\/p>\n<p><img fetchpriority=\"high\" decoding=\"async\" class=\"wp-image-1263 size-full\" title=\"Bang Box 30000 Puffs Einweg Vape Kostenloser Versand 1\" src=\"https:\/\/www.vapecigwholesale.com\/wp-content\/uploads\/2024\/11\/Bang-Box-30000-Puffs-Disposable-Vape-Free-Shipping-1.webp\" alt=\"Bang Box 30000 Puffs Einweg Vape Kostenloser Versand 1\" width=\"800\" height=\"1314\" srcset=\"https:\/\/www.vapecigwholesale.com\/wp-content\/uploads\/2024\/11\/Bang-Box-30000-Puffs-Disposable-Vape-Free-Shipping-1.webp 800w, https:\/\/www.vapecigwholesale.com\/wp-content\/uploads\/2024\/11\/Bang-Box-30000-Puffs-Disposable-Vape-Free-Shipping-1-183x300.webp 183w, https:\/\/www.vapecigwholesale.com\/wp-content\/uploads\/2024\/11\/Bang-Box-30000-Puffs-Disposable-Vape-Free-Shipping-1-623x1024.webp 623w, https:\/\/www.vapecigwholesale.com\/wp-content\/uploads\/2024\/11\/Bang-Box-30000-Puffs-Disposable-Vape-Free-Shipping-1-768x1261.webp 768w, https:\/\/www.vapecigwholesale.com\/wp-content\/uploads\/2024\/11\/Bang-Box-30000-Puffs-Disposable-Vape-Free-Shipping-1-7x12.webp 7w, https:\/\/www.vapecigwholesale.com\/wp-content\/uploads\/2024\/11\/Bang-Box-30000-Puffs-Disposable-Vape-Free-Shipping-1-575x944.webp 575w, https:\/\/www.vapecigwholesale.com\/wp-content\/uploads\/2024\/11\/Bang-Box-30000-Puffs-Disposable-Vape-Free-Shipping-1-380x624.webp 380w, https:\/\/www.vapecigwholesale.com\/wp-content\/uploads\/2024\/11\/Bang-Box-30000-Puffs-Disposable-Vape-Free-Shipping-1-61x100.webp 61w\" sizes=\"(max-width: 800px) 100vw, 800px\" \/><\/p>\n<p><img decoding=\"async\" class=\"wp-image-1265 size-full\" title=\"Bang Box 30000 Puffs Einweg Vape Kostenloser Versand 3\" src=\"https:\/\/www.vapecigwholesale.com\/wp-content\/uploads\/2024\/11\/Bang-Box-30000-Puffs-Disposable-Vape-Free-Shipping-3.webp\" alt=\"Bang Box 30000 Puffs Einweg Vape Kostenloser Versand 3\" width=\"800\" height=\"800\" srcset=\"https:\/\/www.vapecigwholesale.com\/wp-content\/uploads\/2024\/11\/Bang-Box-30000-Puffs-Disposable-Vape-Free-Shipping-3.webp 800w, https:\/\/www.vapecigwholesale.com\/wp-content\/uploads\/2024\/11\/Bang-Box-30000-Puffs-Disposable-Vape-Free-Shipping-3-300x300.webp 300w, https:\/\/www.vapecigwholesale.com\/wp-content\/uploads\/2024\/11\/Bang-Box-30000-Puffs-Disposable-Vape-Free-Shipping-3-150x150.webp 150w, https:\/\/www.vapecigwholesale.com\/wp-content\/uploads\/2024\/11\/Bang-Box-30000-Puffs-Disposable-Vape-Free-Shipping-3-768x768.webp 768w, https:\/\/www.vapecigwholesale.com\/wp-content\/uploads\/2024\/11\/Bang-Box-30000-Puffs-Disposable-Vape-Free-Shipping-3-12x12.webp 12w, https:\/\/www.vapecigwholesale.com\/wp-content\/uploads\/2024\/11\/Bang-Box-30000-Puffs-Disposable-Vape-Free-Shipping-3-575x575.webp 575w, https:\/\/www.vapecigwholesale.com\/wp-content\/uploads\/2024\/11\/Bang-Box-30000-Puffs-Disposable-Vape-Free-Shipping-3-380x380.webp 380w, https:\/\/www.vapecigwholesale.com\/wp-content\/uploads\/2024\/11\/Bang-Box-30000-Puffs-Disposable-Vape-Free-Shipping-3-50x50.webp 50w, https:\/\/www.vapecigwholesale.com\/wp-content\/uploads\/2024\/11\/Bang-Box-30000-Puffs-Disposable-Vape-Free-Shipping-3-26x26.webp 26w, https:\/\/www.vapecigwholesale.com\/wp-content\/uploads\/2024\/11\/Bang-Box-30000-Puffs-Disposable-Vape-Free-Shipping-3-420x420.webp 420w, https:\/\/www.vapecigwholesale.com\/wp-content\/uploads\/2024\/11\/Bang-Box-30000-Puffs-Disposable-Vape-Free-Shipping-3-100x100.webp 100w, https:\/\/www.vapecigwholesale.com\/wp-content\/uploads\/2024\/11\/Bang-Box-30000-Puffs-Disposable-Vape-Free-Shipping-3-80x80.webp 80w\" sizes=\"(max-width: 800px) 100vw, 800px\" \/><\/p>","protected":false},"excerpt":{"rendered":"<p>Preis nur f\u00fcr 1St\u00fcck Kostenloser Versand<\/p>\n<p>(\u00a0<strong>0% 2% 3% 5% Nic<\/strong>)\u00a0 \u00a0 \u00a0<strong>Versandzeit: 2 Wochen<\/strong><\/p>","protected":false},"featured_media":1271,"comment_status":"open","ping_status":"closed","template":"","meta":{"om_disable_all_campaigns":false,"_monsterinsights_skip_tracking":false,"_monsterinsights_sitenote_active":false,"_monsterinsights_sitenote_note":"","_monsterinsights_sitenote_category":0},"product_brand":[],"product_cat":[15],"product_tag":[],"class_list":{"0":"post-1278","1":"product","2":"type-product","3":"status-publish","4":"has-post-thumbnail","6":"product_cat-disposable-vape","8":"first","9":"instock","10":"featured","11":"shipping-taxable","12":"purchasable","13":"product-type-variable","14":"has-default-attributes"},"aioseo_notices":[],"_links":{"self":[{"href":"https:\/\/www.vapecigwholesale.com\/de\/wp-json\/wp\/v2\/product\/1278","targetHints":{"allow":["GET"]}}],"collection":[{"href":"https:\/\/www.vapecigwholesale.com\/de\/wp-json\/wp\/v2\/product"}],"about":[{"href":"https:\/\/www.vapecigwholesale.com\/de\/wp-json\/wp\/v2\/types\/product"}],"replies":[{"embeddable":true,"href":"https:\/\/www.vapecigwholesale.com\/de\/wp-json\/wp\/v2\/comments?post=1278"}],"wp:featuredmedia":[{"embeddable":true,"href":"https:\/\/www.vapecigwholesale.com\/de\/wp-json\/wp\/v2\/media\/1271"}],"wp:attachment":[{"href":"https:\/\/www.vapecigwholesale.com\/de\/wp-json\/wp\/v2\/media?parent=1278"}],"wp:term":[{"taxonomy":"product_brand","embeddable":true,"href":"https:\/\/www.vapecigwholesale.com\/de\/wp-json\/wp\/v2\/product_brand?post=1278"},{"taxonomy":"product_cat","embeddable":true,"href":"https:\/\/www.vapecigwholesale.com\/de\/wp-json\/wp\/v2\/product_cat?post=1278"},{"taxonomy":"product_tag","embeddable":true,"href":"https:\/\/www.vapecigwholesale.com\/de\/wp-json\/wp\/v2\/product_tag?post=1278"}],"curies":[{"name":"wp","href":"https:\/\/api.w.org\/{rel}","templated":true}]}}