{"id":1310,"date":"2024-11-18T15:38:39","date_gmt":"2024-11-18T07:38:39","guid":{"rendered":"https:\/\/www.vapecigwholesale.com\/?post_type=product&#038;p=1310"},"modified":"2025-02-19T14:17:36","modified_gmt":"2025-02-19T06:17:36","slug":"vapsolo-viking-12000-puffs-disposable-vape-free-shipping","status":"publish","type":"product","link":"https:\/\/www.vapecigwholesale.com\/de\/product\/vapsolo-viking-12000-puffs-wegwerfbares-vape-freier-versand\/","title":{"rendered":"Vapsolo Viking 12000 Puffs Einweg Vape Freies Verschiffen"},"content":{"rendered":"<p>Vapsolo Viking 12000 Puffs bietet das ultimative Dampferlebnis sowohl f\u00fcr Anf\u00e4nger als auch f\u00fcr erfahrene Dampfer. Dieser hochmoderne Einweg-Vape Pen ist auf Qualit\u00e4t, Langlebigkeit und Vielfalt ausgelegt. Sein schlankes und kompaktes Design sorgt f\u00fcr Stil und Bequemlichkeit, perfekt f\u00fcr den Gebrauch unterwegs.<\/p>\n<p>VapSolo Viking 12000 Puffs verf\u00fcgt \u00fcber eine 22ml E-Liquid-Kapazit\u00e4t und einen 650mAh Akku, der lang anhaltende Leistung f\u00fcr l\u00e4ngere Verdampfungs-Sessions bietet. Die Mesh-Spule Technologie und 1.0\u03a9 Spule Widerstand liefern konsistente und reiche Dampfproduktion, die Verbesserung der Geschmacksreinheit. Ein Typ-C-Ladeanschluss erm\u00f6glicht ein schnelles und effizientes Aufladen, w\u00e4hrend das geringe Gewicht von nur 85 Gramm den VapSolo Viking 12000 Puffs \u00e4u\u00dferst tragbar macht. Der VapSolo Viking 12000 Puffs verf\u00fcgt \u00fcber ein LCD-Display zur m\u00fchelosen \u00dcberwachung des Status und der Einstellungen des Verdampfers sowie \u00fcber vier einstellbare Luftstromstufen, um Ihr Dampferlebnis individuell zu gestalten. .<\/p>\n<h2><strong>Vapsolo Viking 12000 Puffs Details:<\/strong><\/h2>\n<ul>\n<li>4 Stufen Luftstrom<\/li>\n<li>Maschenspule<\/li>\n<li>LCD-Anzeige<\/li>\n<li>E-Liquid Kapazit\u00e4t: 22 ML<\/li>\n<li>Batteriekapazit\u00e4t: 650MAH<\/li>\n<li>Spulenwiderstand: 1.0\u03a9<\/li>\n<li>Typ-C-Anschluss, wiederaufladbar<\/li>\n<\/ul>\n<h2><strong>Vapsolo Viking 12000 Puffs Geschmacksrichtungen verf\u00fcgbar\uff1a<\/strong><\/h2>\n<ol>\n<li>Heidelbeere Kirsche Cranberry<\/li>\n<li>Blaubeere<\/li>\n<li>Zitrone-Limette<\/li>\n<li>Erdbeer-Kiwi<\/li>\n<li>Erdbeer-Himbeer-Eis<\/li>\n<li>Erdbeere Wassermelone<\/li>\n<li>Sommertraum<\/li>\n<li>Erdbeere-Banane<\/li>\n<li>Rotes Apfel-Eis<\/li>\n<li>Gummib\u00e4rchen<\/li>\n<li>Frische Minze<\/li>\n<li>Zitrone Pfirsich<\/li>\n<li>Wassermelone Eis<\/li>\n<li>Heidelbeere-Himbeere<\/li>\n<li>Prickelnde Kirsche<\/li>\n<\/ol>\n<h2><strong>Packliste:<\/strong><\/h2>\n<p>1St\u00fcck jede kleine Schachtel<br \/>\n10 St\u00fcck pro Mittelkarton<br \/>\n200St\u00fcck pro Karton<\/p>\n<p><img fetchpriority=\"high\" decoding=\"async\" class=\"wp-image-1292 size-full\" title=\"Vapsolo Viking 12000 Puffs Einweg Vape Kostenloser Versand 2\" src=\"https:\/\/www.vapecigwholesale.com\/wp-content\/uploads\/2024\/11\/Vapsolo-Viking-12000-Puffs-Disposable-Vape-Free-Shipping-2.webp\" alt=\"Vapsolo Viking 12000 Puffs Einweg Vape Kostenloser Versand 2\" width=\"800\" height=\"800\" srcset=\"https:\/\/www.vapecigwholesale.com\/wp-content\/uploads\/2024\/11\/Vapsolo-Viking-12000-Puffs-Disposable-Vape-Free-Shipping-2.webp 800w, https:\/\/www.vapecigwholesale.com\/wp-content\/uploads\/2024\/11\/Vapsolo-Viking-12000-Puffs-Disposable-Vape-Free-Shipping-2-300x300.webp 300w, https:\/\/www.vapecigwholesale.com\/wp-content\/uploads\/2024\/11\/Vapsolo-Viking-12000-Puffs-Disposable-Vape-Free-Shipping-2-150x150.webp 150w, https:\/\/www.vapecigwholesale.com\/wp-content\/uploads\/2024\/11\/Vapsolo-Viking-12000-Puffs-Disposable-Vape-Free-Shipping-2-768x768.webp 768w, https:\/\/www.vapecigwholesale.com\/wp-content\/uploads\/2024\/11\/Vapsolo-Viking-12000-Puffs-Disposable-Vape-Free-Shipping-2-12x12.webp 12w, https:\/\/www.vapecigwholesale.com\/wp-content\/uploads\/2024\/11\/Vapsolo-Viking-12000-Puffs-Disposable-Vape-Free-Shipping-2-575x575.webp 575w, https:\/\/www.vapecigwholesale.com\/wp-content\/uploads\/2024\/11\/Vapsolo-Viking-12000-Puffs-Disposable-Vape-Free-Shipping-2-380x380.webp 380w, https:\/\/www.vapecigwholesale.com\/wp-content\/uploads\/2024\/11\/Vapsolo-Viking-12000-Puffs-Disposable-Vape-Free-Shipping-2-50x50.webp 50w, https:\/\/www.vapecigwholesale.com\/wp-content\/uploads\/2024\/11\/Vapsolo-Viking-12000-Puffs-Disposable-Vape-Free-Shipping-2-26x26.webp 26w, https:\/\/www.vapecigwholesale.com\/wp-content\/uploads\/2024\/11\/Vapsolo-Viking-12000-Puffs-Disposable-Vape-Free-Shipping-2-420x420.webp 420w, https:\/\/www.vapecigwholesale.com\/wp-content\/uploads\/2024\/11\/Vapsolo-Viking-12000-Puffs-Disposable-Vape-Free-Shipping-2-100x100.webp 100w, https:\/\/www.vapecigwholesale.com\/wp-content\/uploads\/2024\/11\/Vapsolo-Viking-12000-Puffs-Disposable-Vape-Free-Shipping-2-80x80.webp 80w\" sizes=\"(max-width: 800px) 100vw, 800px\" \/><\/p>\n<p><img decoding=\"async\" class=\"wp-image-1293 size-full\" title=\"Vapsolo Viking 12000 Puffs Einweg Vape Freies Verschiffen 3\" src=\"https:\/\/www.vapecigwholesale.com\/wp-content\/uploads\/2024\/11\/Vapsolo-Viking-12000-Puffs-Disposable-Vape-Free-Shipping-3.webp\" alt=\"Vapsolo Viking 12000 Puffs Einweg Vape Freies Verschiffen 3\" width=\"800\" height=\"800\" srcset=\"https:\/\/www.vapecigwholesale.com\/wp-content\/uploads\/2024\/11\/Vapsolo-Viking-12000-Puffs-Disposable-Vape-Free-Shipping-3.webp 800w, https:\/\/www.vapecigwholesale.com\/wp-content\/uploads\/2024\/11\/Vapsolo-Viking-12000-Puffs-Disposable-Vape-Free-Shipping-3-300x300.webp 300w, https:\/\/www.vapecigwholesale.com\/wp-content\/uploads\/2024\/11\/Vapsolo-Viking-12000-Puffs-Disposable-Vape-Free-Shipping-3-150x150.webp 150w, https:\/\/www.vapecigwholesale.com\/wp-content\/uploads\/2024\/11\/Vapsolo-Viking-12000-Puffs-Disposable-Vape-Free-Shipping-3-768x768.webp 768w, https:\/\/www.vapecigwholesale.com\/wp-content\/uploads\/2024\/11\/Vapsolo-Viking-12000-Puffs-Disposable-Vape-Free-Shipping-3-12x12.webp 12w, https:\/\/www.vapecigwholesale.com\/wp-content\/uploads\/2024\/11\/Vapsolo-Viking-12000-Puffs-Disposable-Vape-Free-Shipping-3-575x575.webp 575w, https:\/\/www.vapecigwholesale.com\/wp-content\/uploads\/2024\/11\/Vapsolo-Viking-12000-Puffs-Disposable-Vape-Free-Shipping-3-380x380.webp 380w, https:\/\/www.vapecigwholesale.com\/wp-content\/uploads\/2024\/11\/Vapsolo-Viking-12000-Puffs-Disposable-Vape-Free-Shipping-3-50x50.webp 50w, https:\/\/www.vapecigwholesale.com\/wp-content\/uploads\/2024\/11\/Vapsolo-Viking-12000-Puffs-Disposable-Vape-Free-Shipping-3-26x26.webp 26w, https:\/\/www.vapecigwholesale.com\/wp-content\/uploads\/2024\/11\/Vapsolo-Viking-12000-Puffs-Disposable-Vape-Free-Shipping-3-420x420.webp 420w, https:\/\/www.vapecigwholesale.com\/wp-content\/uploads\/2024\/11\/Vapsolo-Viking-12000-Puffs-Disposable-Vape-Free-Shipping-3-100x100.webp 100w, https:\/\/www.vapecigwholesale.com\/wp-content\/uploads\/2024\/11\/Vapsolo-Viking-12000-Puffs-Disposable-Vape-Free-Shipping-3-80x80.webp 80w\" sizes=\"(max-width: 800px) 100vw, 800px\" \/><\/p>\n<p><img decoding=\"async\" class=\"wp-image-1294 size-full\" title=\"Vapsolo Viking 12000 Puffs Einweg Vape Freies Verschiffen 4\" src=\"https:\/\/www.vapecigwholesale.com\/wp-content\/uploads\/2024\/11\/Vapsolo-Viking-12000-Puffs-Disposable-Vape-Free-Shipping-4.webp\" alt=\"Vapsolo Viking 12000 Puffs Einweg Vape Freies Verschiffen 4\" width=\"800\" height=\"800\" srcset=\"https:\/\/www.vapecigwholesale.com\/wp-content\/uploads\/2024\/11\/Vapsolo-Viking-12000-Puffs-Disposable-Vape-Free-Shipping-4.webp 800w, https:\/\/www.vapecigwholesale.com\/wp-content\/uploads\/2024\/11\/Vapsolo-Viking-12000-Puffs-Disposable-Vape-Free-Shipping-4-300x300.webp 300w, https:\/\/www.vapecigwholesale.com\/wp-content\/uploads\/2024\/11\/Vapsolo-Viking-12000-Puffs-Disposable-Vape-Free-Shipping-4-150x150.webp 150w, https:\/\/www.vapecigwholesale.com\/wp-content\/uploads\/2024\/11\/Vapsolo-Viking-12000-Puffs-Disposable-Vape-Free-Shipping-4-768x768.webp 768w, https:\/\/www.vapecigwholesale.com\/wp-content\/uploads\/2024\/11\/Vapsolo-Viking-12000-Puffs-Disposable-Vape-Free-Shipping-4-12x12.webp 12w, https:\/\/www.vapecigwholesale.com\/wp-content\/uploads\/2024\/11\/Vapsolo-Viking-12000-Puffs-Disposable-Vape-Free-Shipping-4-575x575.webp 575w, https:\/\/www.vapecigwholesale.com\/wp-content\/uploads\/2024\/11\/Vapsolo-Viking-12000-Puffs-Disposable-Vape-Free-Shipping-4-380x380.webp 380w, https:\/\/www.vapecigwholesale.com\/wp-content\/uploads\/2024\/11\/Vapsolo-Viking-12000-Puffs-Disposable-Vape-Free-Shipping-4-50x50.webp 50w, https:\/\/www.vapecigwholesale.com\/wp-content\/uploads\/2024\/11\/Vapsolo-Viking-12000-Puffs-Disposable-Vape-Free-Shipping-4-26x26.webp 26w, https:\/\/www.vapecigwholesale.com\/wp-content\/uploads\/2024\/11\/Vapsolo-Viking-12000-Puffs-Disposable-Vape-Free-Shipping-4-420x420.webp 420w, https:\/\/www.vapecigwholesale.com\/wp-content\/uploads\/2024\/11\/Vapsolo-Viking-12000-Puffs-Disposable-Vape-Free-Shipping-4-100x100.webp 100w, https:\/\/www.vapecigwholesale.com\/wp-content\/uploads\/2024\/11\/Vapsolo-Viking-12000-Puffs-Disposable-Vape-Free-Shipping-4-80x80.webp 80w\" sizes=\"(max-width: 800px) 100vw, 800px\" \/><\/p>","protected":false},"excerpt":{"rendered":"<p>Preis nur f\u00fcr 1St\u00fcck Kostenloser Versand<\/p>\n<p>(<strong>2%\uff0c5% <\/strong>)\u00a0\u00a0<strong>Versandzeit: 2 Wochen<\/strong><\/p>","protected":false},"featured_media":1291,"comment_status":"open","ping_status":"closed","template":"","meta":{"om_disable_all_campaigns":false,"_monsterinsights_skip_tracking":false,"_monsterinsights_sitenote_active":false,"_monsterinsights_sitenote_note":"","_monsterinsights_sitenote_category":0},"product_brand":[],"product_cat":[15],"product_tag":[],"class_list":{"0":"post-1310","1":"product","2":"type-product","3":"status-publish","4":"has-post-thumbnail","6":"product_cat-disposable-vape","8":"first","9":"instock","10":"featured","11":"shipping-taxable","12":"purchasable","13":"product-type-variable","14":"has-default-attributes"},"aioseo_notices":[],"_links":{"self":[{"href":"https:\/\/www.vapecigwholesale.com\/de\/wp-json\/wp\/v2\/product\/1310","targetHints":{"allow":["GET"]}}],"collection":[{"href":"https:\/\/www.vapecigwholesale.com\/de\/wp-json\/wp\/v2\/product"}],"about":[{"href":"https:\/\/www.vapecigwholesale.com\/de\/wp-json\/wp\/v2\/types\/product"}],"replies":[{"embeddable":true,"href":"https:\/\/www.vapecigwholesale.com\/de\/wp-json\/wp\/v2\/comments?post=1310"}],"wp:featuredmedia":[{"embeddable":true,"href":"https:\/\/www.vapecigwholesale.com\/de\/wp-json\/wp\/v2\/media\/1291"}],"wp:attachment":[{"href":"https:\/\/www.vapecigwholesale.com\/de\/wp-json\/wp\/v2\/media?parent=1310"}],"wp:term":[{"taxonomy":"product_brand","embeddable":true,"href":"https:\/\/www.vapecigwholesale.com\/de\/wp-json\/wp\/v2\/product_brand?post=1310"},{"taxonomy":"product_cat","embeddable":true,"href":"https:\/\/www.vapecigwholesale.com\/de\/wp-json\/wp\/v2\/product_cat?post=1310"},{"taxonomy":"product_tag","embeddable":true,"href":"https:\/\/www.vapecigwholesale.com\/de\/wp-json\/wp\/v2\/product_tag?post=1310"}],"curies":[{"name":"wp","href":"https:\/\/api.w.org\/{rel}","templated":true}]}}