{"id":1343,"date":"2024-11-19T20:58:04","date_gmt":"2024-11-19T12:58:04","guid":{"rendered":"https:\/\/www.vapecigwholesale.com\/?post_type=product&#038;p=1343"},"modified":"2025-02-19T14:16:20","modified_gmt":"2025-02-19T06:16:20","slug":"zooy-shisha-25000-puffs-disposable-vape-free-shipping","status":"publish","type":"product","link":"https:\/\/www.vapecigwholesale.com\/de\/product\/zooy-shisha-25000-puffs-wegwerfbares-vape-freier-versand\/","title":{"rendered":"ZOOY ShiSha 25000 Puffs Einweg Vape Freies Verschiffen"},"content":{"rendered":"<p>ZOOY ShiSha 25000 Puffs ist eine Marke f\u00fcr elektronische Shishas, die von Kunden in Europa sehr positiv bewertet wird. Bekannt f\u00fcr seine gro\u00dfe Dampfproduktion und den weichen Geschmack, wird diese elektronische Shisha schnell zu einem Favoriten unter den Vaping-Enthusiasten. In diesem Artikel werden wir die wichtigsten Merkmale der zooy shisha 25000 untersuchen und warum sie so positive R\u00fcckmeldungen von den Benutzern erhalten hat.<\/p>\n<p>ZOOY ShiSha 25000 Puffs ist seine beeindruckende Dampfproduktion. Mit jedem Zug k\u00f6nnen die Benutzer dicke Dampfwolken genie\u00dfen, die das Erlebnis des traditionellen Shisha-Rauchens imitieren. Erm\u00f6glicht wird dies durch die fortschrittliche Technologie und die hochwertigen Komponenten, die bei der Entwicklung der ZOOY Shisha 25000 verwendet wurden.<\/p>\n<p>ZOOY ShiSha 25000 Puffs liefert auch ein sanftes und befriedigendes Geschmackserlebnis. Ob Sie fruchtige, minzige oder klassische Tabakaromen bevorzugen, zooy shisha 25000 bietet eine breite Palette von Optionen f\u00fcr jeden Gaumen. Die Aromen sind sorgf\u00e4ltig zusammengestellt, um ein authentisches und angenehmes Dampferlebnis zu bieten.<\/p>\n<p>ZOOY ShiSha 25000 Puffs seine lange Akkulaufzeit. Benutzer k\u00f6nnen stundenlang ununterbrochenes Dampfen genie\u00dfen, ohne ihr Ger\u00e4t st\u00e4ndig aufladen zu m\u00fcssen. Dies macht zooy shisha 25000 ideal f\u00fcr den Einsatz unterwegs und sorgt daf\u00fcr, dass Benutzer ihre Lieblings-Aromen genie\u00dfen k\u00f6nnen, wann und wo immer sie wollen.<\/p>\n<h2><strong>ZOOY ShiSha 25000 Puffs Details:<\/strong><\/h2>\n<ul>\n<li>Puste: Bis zu 25000 Z\u00fcge<\/li>\n<li>Fl\u00fcssigkeit: 28 mL Vorgef\u00fcllt<\/li>\n<li>Kern: Maschenspule 0,5 \u03a9<\/li>\n<li>Akku:650mAh Wiederaufladbarer Typ-C-Anschluss<\/li>\n<li>Nikotin:2% 5% Nikotin<\/li>\n<li>Anti-Staub-Kappe<\/li>\n<\/ul>\n<h2><strong>ZOOY ShiSha 25000 Puffs Verf\u00fcgbare Geschmacksrichtungen:<\/strong><\/h2>\n<ol>\n<li>Bananeneis<\/li>\n<li>Blaubeereis<\/li>\n<li>Liebe 777<\/li>\n<li>Mango-Eis<\/li>\n<li>Gemischte Beeren<\/li>\n<li>Rosa Limonade<\/li>\n<li>Erdbeereis<\/li>\n<li>Erdbeer-Himbeer-Eis<\/li>\n<li>Erdbeere Wassermelone<\/li>\n<li>Wassermelone Eis<\/li>\n<\/ol>\n<h2><strong>Packliste:<\/strong><\/h2>\n<p>1St\u00fcck jede kleine Schachtel<br \/>\n10 St\u00fcck pro Mittelkarton<br \/>\n200St\u00fcck pro Karton<\/p>\n<p><img fetchpriority=\"high\" decoding=\"async\" class=\"wp-image-1329 size-full\" title=\"ZOOY ShiSha 25000 Puffs Einweg Vape Kostenloser Versand 3\" src=\"https:\/\/www.vapecigwholesale.com\/wp-content\/uploads\/2024\/11\/ZOOY-ShiSha-25000-Puffs-Disposable-Vape-Free-Shipping-3.webp\" alt=\"ZOOY ShiSha 25000 Puffs Einweg Vape Kostenloser Versand 3\" width=\"800\" height=\"800\" srcset=\"https:\/\/www.vapecigwholesale.com\/wp-content\/uploads\/2024\/11\/ZOOY-ShiSha-25000-Puffs-Disposable-Vape-Free-Shipping-3.webp 800w, https:\/\/www.vapecigwholesale.com\/wp-content\/uploads\/2024\/11\/ZOOY-ShiSha-25000-Puffs-Disposable-Vape-Free-Shipping-3-300x300.webp 300w, https:\/\/www.vapecigwholesale.com\/wp-content\/uploads\/2024\/11\/ZOOY-ShiSha-25000-Puffs-Disposable-Vape-Free-Shipping-3-150x150.webp 150w, https:\/\/www.vapecigwholesale.com\/wp-content\/uploads\/2024\/11\/ZOOY-ShiSha-25000-Puffs-Disposable-Vape-Free-Shipping-3-768x768.webp 768w, https:\/\/www.vapecigwholesale.com\/wp-content\/uploads\/2024\/11\/ZOOY-ShiSha-25000-Puffs-Disposable-Vape-Free-Shipping-3-12x12.webp 12w, https:\/\/www.vapecigwholesale.com\/wp-content\/uploads\/2024\/11\/ZOOY-ShiSha-25000-Puffs-Disposable-Vape-Free-Shipping-3-575x575.webp 575w, https:\/\/www.vapecigwholesale.com\/wp-content\/uploads\/2024\/11\/ZOOY-ShiSha-25000-Puffs-Disposable-Vape-Free-Shipping-3-380x380.webp 380w, https:\/\/www.vapecigwholesale.com\/wp-content\/uploads\/2024\/11\/ZOOY-ShiSha-25000-Puffs-Disposable-Vape-Free-Shipping-3-50x50.webp 50w, https:\/\/www.vapecigwholesale.com\/wp-content\/uploads\/2024\/11\/ZOOY-ShiSha-25000-Puffs-Disposable-Vape-Free-Shipping-3-26x26.webp 26w, https:\/\/www.vapecigwholesale.com\/wp-content\/uploads\/2024\/11\/ZOOY-ShiSha-25000-Puffs-Disposable-Vape-Free-Shipping-3-420x420.webp 420w, https:\/\/www.vapecigwholesale.com\/wp-content\/uploads\/2024\/11\/ZOOY-ShiSha-25000-Puffs-Disposable-Vape-Free-Shipping-3-100x100.webp 100w, https:\/\/www.vapecigwholesale.com\/wp-content\/uploads\/2024\/11\/ZOOY-ShiSha-25000-Puffs-Disposable-Vape-Free-Shipping-3-80x80.webp 80w\" sizes=\"(max-width: 800px) 100vw, 800px\" \/><\/p>\n<p><img decoding=\"async\" class=\"wp-image-1330 size-full\" title=\"ZOOY ShiSha 25000 Puffs Einweg Vape Freies Verschiffen 4\" src=\"https:\/\/www.vapecigwholesale.com\/wp-content\/uploads\/2024\/11\/ZOOY-ShiSha-25000-Puffs-Disposable-Vape-Free-Shipping-4.webp\" alt=\"ZOOY ShiSha 25000 Puffs Einweg Vape Freies Verschiffen 4\" width=\"800\" height=\"800\" srcset=\"https:\/\/www.vapecigwholesale.com\/wp-content\/uploads\/2024\/11\/ZOOY-ShiSha-25000-Puffs-Disposable-Vape-Free-Shipping-4.webp 800w, https:\/\/www.vapecigwholesale.com\/wp-content\/uploads\/2024\/11\/ZOOY-ShiSha-25000-Puffs-Disposable-Vape-Free-Shipping-4-300x300.webp 300w, https:\/\/www.vapecigwholesale.com\/wp-content\/uploads\/2024\/11\/ZOOY-ShiSha-25000-Puffs-Disposable-Vape-Free-Shipping-4-150x150.webp 150w, https:\/\/www.vapecigwholesale.com\/wp-content\/uploads\/2024\/11\/ZOOY-ShiSha-25000-Puffs-Disposable-Vape-Free-Shipping-4-768x768.webp 768w, https:\/\/www.vapecigwholesale.com\/wp-content\/uploads\/2024\/11\/ZOOY-ShiSha-25000-Puffs-Disposable-Vape-Free-Shipping-4-12x12.webp 12w, https:\/\/www.vapecigwholesale.com\/wp-content\/uploads\/2024\/11\/ZOOY-ShiSha-25000-Puffs-Disposable-Vape-Free-Shipping-4-575x575.webp 575w, https:\/\/www.vapecigwholesale.com\/wp-content\/uploads\/2024\/11\/ZOOY-ShiSha-25000-Puffs-Disposable-Vape-Free-Shipping-4-380x380.webp 380w, https:\/\/www.vapecigwholesale.com\/wp-content\/uploads\/2024\/11\/ZOOY-ShiSha-25000-Puffs-Disposable-Vape-Free-Shipping-4-50x50.webp 50w, https:\/\/www.vapecigwholesale.com\/wp-content\/uploads\/2024\/11\/ZOOY-ShiSha-25000-Puffs-Disposable-Vape-Free-Shipping-4-26x26.webp 26w, https:\/\/www.vapecigwholesale.com\/wp-content\/uploads\/2024\/11\/ZOOY-ShiSha-25000-Puffs-Disposable-Vape-Free-Shipping-4-420x420.webp 420w, https:\/\/www.vapecigwholesale.com\/wp-content\/uploads\/2024\/11\/ZOOY-ShiSha-25000-Puffs-Disposable-Vape-Free-Shipping-4-100x100.webp 100w, https:\/\/www.vapecigwholesale.com\/wp-content\/uploads\/2024\/11\/ZOOY-ShiSha-25000-Puffs-Disposable-Vape-Free-Shipping-4-80x80.webp 80w\" sizes=\"(max-width: 800px) 100vw, 800px\" \/><\/p>\n<p><img decoding=\"async\" class=\"wp-image-1328 size-full\" title=\"ZOOY ShiSha 25000 Puffs Einweg Vape Kostenloser Versand 2\" src=\"https:\/\/www.vapecigwholesale.com\/wp-content\/uploads\/2024\/11\/ZOOY-ShiSha-25000-Puffs-Disposable-Vape-Free-Shipping-2.webp\" alt=\"ZOOY ShiSha 25000 Puffs Einweg Vape Kostenloser Versand 2\" width=\"800\" height=\"788\" srcset=\"https:\/\/www.vapecigwholesale.com\/wp-content\/uploads\/2024\/11\/ZOOY-ShiSha-25000-Puffs-Disposable-Vape-Free-Shipping-2.webp 800w, https:\/\/www.vapecigwholesale.com\/wp-content\/uploads\/2024\/11\/ZOOY-ShiSha-25000-Puffs-Disposable-Vape-Free-Shipping-2-300x296.webp 300w, https:\/\/www.vapecigwholesale.com\/wp-content\/uploads\/2024\/11\/ZOOY-ShiSha-25000-Puffs-Disposable-Vape-Free-Shipping-2-768x756.webp 768w, https:\/\/www.vapecigwholesale.com\/wp-content\/uploads\/2024\/11\/ZOOY-ShiSha-25000-Puffs-Disposable-Vape-Free-Shipping-2-12x12.webp 12w, https:\/\/www.vapecigwholesale.com\/wp-content\/uploads\/2024\/11\/ZOOY-ShiSha-25000-Puffs-Disposable-Vape-Free-Shipping-2-575x566.webp 575w, https:\/\/www.vapecigwholesale.com\/wp-content\/uploads\/2024\/11\/ZOOY-ShiSha-25000-Puffs-Disposable-Vape-Free-Shipping-2-380x374.webp 380w, https:\/\/www.vapecigwholesale.com\/wp-content\/uploads\/2024\/11\/ZOOY-ShiSha-25000-Puffs-Disposable-Vape-Free-Shipping-2-50x50.webp 50w, https:\/\/www.vapecigwholesale.com\/wp-content\/uploads\/2024\/11\/ZOOY-ShiSha-25000-Puffs-Disposable-Vape-Free-Shipping-2-26x26.webp 26w, https:\/\/www.vapecigwholesale.com\/wp-content\/uploads\/2024\/11\/ZOOY-ShiSha-25000-Puffs-Disposable-Vape-Free-Shipping-2-100x100.webp 100w, https:\/\/www.vapecigwholesale.com\/wp-content\/uploads\/2024\/11\/ZOOY-ShiSha-25000-Puffs-Disposable-Vape-Free-Shipping-2-80x79.webp 80w\" sizes=\"(max-width: 800px) 100vw, 800px\" \/><\/p>","protected":false},"excerpt":{"rendered":"<p>Preis nur f\u00fcr 1St\u00fcck Kostenloser Versand<\/p>\n<p>(\u00a0<strong>0% 2% 3% 5% Nic<\/strong>)\u00a0 \u00a0 \u00a0<strong>Versandzeit: 2 Wochen<\/strong><\/p>","protected":false},"featured_media":1327,"comment_status":"open","ping_status":"closed","template":"","meta":{"om_disable_all_campaigns":false,"_monsterinsights_skip_tracking":false,"_monsterinsights_sitenote_active":false,"_monsterinsights_sitenote_note":"","_monsterinsights_sitenote_category":0},"product_brand":[],"product_cat":[15],"product_tag":[],"class_list":{"0":"post-1343","1":"product","2":"type-product","3":"status-publish","4":"has-post-thumbnail","6":"product_cat-disposable-vape","8":"first","9":"instock","10":"shipping-taxable","11":"purchasable","12":"product-type-variable","13":"has-default-attributes"},"aioseo_notices":[],"_links":{"self":[{"href":"https:\/\/www.vapecigwholesale.com\/de\/wp-json\/wp\/v2\/product\/1343","targetHints":{"allow":["GET"]}}],"collection":[{"href":"https:\/\/www.vapecigwholesale.com\/de\/wp-json\/wp\/v2\/product"}],"about":[{"href":"https:\/\/www.vapecigwholesale.com\/de\/wp-json\/wp\/v2\/types\/product"}],"replies":[{"embeddable":true,"href":"https:\/\/www.vapecigwholesale.com\/de\/wp-json\/wp\/v2\/comments?post=1343"}],"wp:featuredmedia":[{"embeddable":true,"href":"https:\/\/www.vapecigwholesale.com\/de\/wp-json\/wp\/v2\/media\/1327"}],"wp:attachment":[{"href":"https:\/\/www.vapecigwholesale.com\/de\/wp-json\/wp\/v2\/media?parent=1343"}],"wp:term":[{"taxonomy":"product_brand","embeddable":true,"href":"https:\/\/www.vapecigwholesale.com\/de\/wp-json\/wp\/v2\/product_brand?post=1343"},{"taxonomy":"product_cat","embeddable":true,"href":"https:\/\/www.vapecigwholesale.com\/de\/wp-json\/wp\/v2\/product_cat?post=1343"},{"taxonomy":"product_tag","embeddable":true,"href":"https:\/\/www.vapecigwholesale.com\/de\/wp-json\/wp\/v2\/product_tag?post=1343"}],"curies":[{"name":"wp","href":"https:\/\/api.w.org\/{rel}","templated":true}]}}