{"id":1370,"date":"2024-11-25T11:57:43","date_gmt":"2024-11-25T03:57:43","guid":{"rendered":"https:\/\/www.vapecigwholesale.com\/?post_type=product&#038;p=1370"},"modified":"2025-02-19T14:15:07","modified_gmt":"2025-02-19T06:15:07","slug":"bang-kingdoms-rex-32k-dual-flavors-disposable-vape-free-shipping","status":"publish","type":"product","link":"https:\/\/www.vapecigwholesale.com\/de\/product\/knall-konigreiche-rex-32k-dual-aromen-einweg-vape-kostenloser-versand\/","title":{"rendered":"Bang Kingdoms Rex 32K Dual Flavors Einweg-Vape kostenloser Versand"},"content":{"rendered":"<p>Bang Kingdoms Rex 32K Dual Flavors ist ein neues Produkt mit zwei Geschmacksrichtungen. Sie m\u00fcssen nur ein Produkt kaufen, um zwei verschiedene Geschmacksrichtungen zu genie\u00dfen, indem Sie die Produktd\u00fcse nach links und rechts bewegen, um den Geschmackswechsel zu erreichen. Es ist viel bequemer, Aromen als die vorherige 360-Grad-Drehung zu wechseln.<\/p>\n<p>Bang Kingdoms Rex 32K Dual Flavors Ausgestattet mit einem 650mAh Akku mit typc-c Ladeanschluss hier sind 12 Aromen f\u00fcr Sie zu w\u00e4hlen. Wechseln Sie m\u00fchelos zwischen zwei Geschmacksrichtungen, die eine vielseitige und angenehme vaping Erfahrung. Dual Mesh Design Es erh\u00f6ht die Dampfproduktion und verbessert den Geschmack, bietet E-Zigaretten-Enthusiasten mit einer befriedigenden und angenehmen E-Zigarette Erfahrung.<\/p>\n<p>Bang Kingdoms Rex 32K kompakte Gr\u00f6\u00dfe, kann herumgetragen werden, aus der Reise verwendet werden kann, tr\u00e4gt das Produkt zwei verschiedene \u00d6ltanks, bzw. die Kapazit\u00e4t von 26 ml, f\u00fcr die durchschnittliche E-Zigarette Benutzer k\u00f6nnen f\u00fcr etwa eine Woche der kontinuierlichen Nutzung verwendet werden, ist dies ein kosteng\u00fcnstiges Produkt, sind wir derzeit im Verkauf, k\u00f6nnen interessierte K\u00e4ufer direkt auf unserer Website gekauft werden, die Mindestbestellmenge! Mindestbestellmenge ist 10pcs, kostenloser Versand nach Europa.<\/p>\n<h2><strong>Bang Kingdoms Rex 32K Dual Flavors Details\uff1a<\/strong><\/h2>\n<ul>\n<li>Nikotin: 2% 3% 5%<\/li>\n<li>Fassungsverm\u00f6gen:26ml+26ml<\/li>\n<li>Puffs:32000<\/li>\n<li>Duale Pods<\/li>\n<li>12 Geschmacksrichtungen verf\u00fcgbar<\/li>\n<li>650mAh Wiederaufladbar<\/li>\n<li>Doppelmaschige Spule<\/li>\n<\/ul>\n<h2><strong>Bang Kingdoms Rex 32K Geschmacksrichtungen verf\u00fcgbar\uff1a<\/strong><\/h2>\n<ol>\n<li>Blaubeereis &amp; Schwarzer Drache Eis<\/li>\n<li>Heidelbeereis &amp; Erdbeere und Banane<\/li>\n<li>Heidelbeere Himbeere &amp; Pfirsich Mango Wassermelone<\/li>\n<li>Heidelbeere-Wassermelone &amp; Erdbeer-Mango<\/li>\n<li>Red Bull &amp; Blaubeer-Wassermelone<\/li>\n<li>Red Bull &amp; Wassermelone Bubble Gandy<\/li>\n<li>Erdbeere und Wassermelone &amp; Traubeneis<\/li>\n<li>Erdbeer-Kiwi-Pfirsich-Eis<\/li>\n<li>Erdbeere-Kiwi &amp; Saurer Apfel-Himbeere<\/li>\n<li>Wassermelone &amp; Kiwi Passionsfrucht Guave<\/li>\n<li>Wassermelonen-Eis &amp; Heidelbeer-Minze<\/li>\n<li>Wassermeloneneis &amp; Erdbeere und Mongo<\/li>\n<\/ol>\n<h2><strong>Packliste:<\/strong><\/h2>\n<p>1St\u00fcck jede kleine Schachtel<br \/>\n10 St\u00fcck pro Mittelkarton<br \/>\n200St\u00fcck pro Karton<\/p>\n<figure id=\"attachment_1371\" aria-describedby=\"caption-attachment-1371\" style=\"width: 800px\" class=\"wp-caption alignnone\"><img fetchpriority=\"high\" decoding=\"async\" class=\"wp-image-1371 size-full\" title=\"Bang Kingdoms Rex 32K Dual Flavors Disposable Vape Freies Verschiffen 4\" src=\"https:\/\/www.vapecigwholesale.com\/wp-content\/uploads\/2024\/11\/Bang-Kingdoms-Rex-32K-Dual-Flavors-Disposable-Vape-Free-Shipping-4.webp\" alt=\"Bang Kingdoms Rex 32K Dual Flavors Disposable Vape Freies Verschiffen 4\" width=\"800\" height=\"800\" srcset=\"https:\/\/www.vapecigwholesale.com\/wp-content\/uploads\/2024\/11\/Bang-Kingdoms-Rex-32K-Dual-Flavors-Disposable-Vape-Free-Shipping-4.webp 800w, https:\/\/www.vapecigwholesale.com\/wp-content\/uploads\/2024\/11\/Bang-Kingdoms-Rex-32K-Dual-Flavors-Disposable-Vape-Free-Shipping-4-300x300.webp 300w, https:\/\/www.vapecigwholesale.com\/wp-content\/uploads\/2024\/11\/Bang-Kingdoms-Rex-32K-Dual-Flavors-Disposable-Vape-Free-Shipping-4-150x150.webp 150w, https:\/\/www.vapecigwholesale.com\/wp-content\/uploads\/2024\/11\/Bang-Kingdoms-Rex-32K-Dual-Flavors-Disposable-Vape-Free-Shipping-4-768x768.webp 768w, https:\/\/www.vapecigwholesale.com\/wp-content\/uploads\/2024\/11\/Bang-Kingdoms-Rex-32K-Dual-Flavors-Disposable-Vape-Free-Shipping-4-12x12.webp 12w, https:\/\/www.vapecigwholesale.com\/wp-content\/uploads\/2024\/11\/Bang-Kingdoms-Rex-32K-Dual-Flavors-Disposable-Vape-Free-Shipping-4-575x575.webp 575w, https:\/\/www.vapecigwholesale.com\/wp-content\/uploads\/2024\/11\/Bang-Kingdoms-Rex-32K-Dual-Flavors-Disposable-Vape-Free-Shipping-4-380x380.webp 380w, https:\/\/www.vapecigwholesale.com\/wp-content\/uploads\/2024\/11\/Bang-Kingdoms-Rex-32K-Dual-Flavors-Disposable-Vape-Free-Shipping-4-50x50.webp 50w, https:\/\/www.vapecigwholesale.com\/wp-content\/uploads\/2024\/11\/Bang-Kingdoms-Rex-32K-Dual-Flavors-Disposable-Vape-Free-Shipping-4-26x26.webp 26w, https:\/\/www.vapecigwholesale.com\/wp-content\/uploads\/2024\/11\/Bang-Kingdoms-Rex-32K-Dual-Flavors-Disposable-Vape-Free-Shipping-4-420x420.webp 420w, https:\/\/www.vapecigwholesale.com\/wp-content\/uploads\/2024\/11\/Bang-Kingdoms-Rex-32K-Dual-Flavors-Disposable-Vape-Free-Shipping-4-100x100.webp 100w, https:\/\/www.vapecigwholesale.com\/wp-content\/uploads\/2024\/11\/Bang-Kingdoms-Rex-32K-Dual-Flavors-Disposable-Vape-Free-Shipping-4-80x80.webp 80w\" sizes=\"(max-width: 800px) 100vw, 800px\" \/><figcaption id=\"caption-attachment-1371\" class=\"wp-caption-text\">Bang Kingdoms Rex 32K Doppelte Geschmacksrichtungen<\/figcaption><\/figure>\n<p><img decoding=\"async\" class=\"alignnone wp-image-1357 size-full\" title=\"Bang Kingdoms Rex 32K Dual Flavors Disposable Vape Freies Verschiffen 3\" src=\"https:\/\/www.vapecigwholesale.com\/wp-content\/uploads\/2024\/11\/Bang-Kingdoms-Rex-32K-Dual-Flavors-Disposable-Vape-Free-Shipping-3.webp\" alt=\"Bang Kingdoms Rex 32K Dual Flavors Disposable Vape Freies Verschiffen 3\" width=\"800\" height=\"450\" srcset=\"https:\/\/www.vapecigwholesale.com\/wp-content\/uploads\/2024\/11\/Bang-Kingdoms-Rex-32K-Dual-Flavors-Disposable-Vape-Free-Shipping-3.webp 800w, https:\/\/www.vapecigwholesale.com\/wp-content\/uploads\/2024\/11\/Bang-Kingdoms-Rex-32K-Dual-Flavors-Disposable-Vape-Free-Shipping-3-300x169.webp 300w, https:\/\/www.vapecigwholesale.com\/wp-content\/uploads\/2024\/11\/Bang-Kingdoms-Rex-32K-Dual-Flavors-Disposable-Vape-Free-Shipping-3-768x432.webp 768w, https:\/\/www.vapecigwholesale.com\/wp-content\/uploads\/2024\/11\/Bang-Kingdoms-Rex-32K-Dual-Flavors-Disposable-Vape-Free-Shipping-3-18x10.webp 18w, https:\/\/www.vapecigwholesale.com\/wp-content\/uploads\/2024\/11\/Bang-Kingdoms-Rex-32K-Dual-Flavors-Disposable-Vape-Free-Shipping-3-575x323.webp 575w, https:\/\/www.vapecigwholesale.com\/wp-content\/uploads\/2024\/11\/Bang-Kingdoms-Rex-32K-Dual-Flavors-Disposable-Vape-Free-Shipping-3-380x214.webp 380w, https:\/\/www.vapecigwholesale.com\/wp-content\/uploads\/2024\/11\/Bang-Kingdoms-Rex-32K-Dual-Flavors-Disposable-Vape-Free-Shipping-3-80x45.webp 80w\" sizes=\"(max-width: 800px) 100vw, 800px\" \/><\/p>\n<p>&nbsp;<\/p>","protected":false},"excerpt":{"rendered":"<p>Preis nur f\u00fcr 1St\u00fcck Kostenloser Versand<\/p>\n<p>( <strong>\u00a02% 3% 5% Nic<\/strong>)\u00a0 \u00a0 \u00a0<strong>Versandzeit: 2 Wochen<\/strong><\/p>","protected":false},"featured_media":1365,"comment_status":"open","ping_status":"closed","template":"","meta":{"om_disable_all_campaigns":false,"_monsterinsights_skip_tracking":false,"_monsterinsights_sitenote_active":false,"_monsterinsights_sitenote_note":"","_monsterinsights_sitenote_category":0},"product_brand":[],"product_cat":[15],"product_tag":[],"class_list":{"0":"post-1370","1":"product","2":"type-product","3":"status-publish","4":"has-post-thumbnail","6":"product_cat-disposable-vape","8":"first","9":"instock","10":"shipping-taxable","11":"purchasable","12":"product-type-variable","13":"has-default-attributes"},"aioseo_notices":[],"_links":{"self":[{"href":"https:\/\/www.vapecigwholesale.com\/de\/wp-json\/wp\/v2\/product\/1370","targetHints":{"allow":["GET"]}}],"collection":[{"href":"https:\/\/www.vapecigwholesale.com\/de\/wp-json\/wp\/v2\/product"}],"about":[{"href":"https:\/\/www.vapecigwholesale.com\/de\/wp-json\/wp\/v2\/types\/product"}],"replies":[{"embeddable":true,"href":"https:\/\/www.vapecigwholesale.com\/de\/wp-json\/wp\/v2\/comments?post=1370"}],"wp:featuredmedia":[{"embeddable":true,"href":"https:\/\/www.vapecigwholesale.com\/de\/wp-json\/wp\/v2\/media\/1365"}],"wp:attachment":[{"href":"https:\/\/www.vapecigwholesale.com\/de\/wp-json\/wp\/v2\/media?parent=1370"}],"wp:term":[{"taxonomy":"product_brand","embeddable":true,"href":"https:\/\/www.vapecigwholesale.com\/de\/wp-json\/wp\/v2\/product_brand?post=1370"},{"taxonomy":"product_cat","embeddable":true,"href":"https:\/\/www.vapecigwholesale.com\/de\/wp-json\/wp\/v2\/product_cat?post=1370"},{"taxonomy":"product_tag","embeddable":true,"href":"https:\/\/www.vapecigwholesale.com\/de\/wp-json\/wp\/v2\/product_tag?post=1370"}],"curies":[{"name":"wp","href":"https:\/\/api.w.org\/{rel}","templated":true}]}}