{"id":1399,"date":"2024-11-26T14:19:08","date_gmt":"2024-11-26T06:19:08","guid":{"rendered":"https:\/\/www.vapecigwholesale.com\/?post_type=product&#038;p=1399"},"modified":"2025-02-19T14:13:00","modified_gmt":"2025-02-19T06:13:00","slug":"zooy-power-28000-puffs-disposbale-vape-free-shipping","status":"publish","type":"product","link":"https:\/\/www.vapecigwholesale.com\/de\/product\/zooy-power-28000-puffs-disposbale-vape-kostenloser-versand\/","title":{"rendered":"ZOOY Power 28000 Puffs Disposbale Vape Kostenloser Versand"},"content":{"rendered":"<p>ZOOY Power 28000 Puffs Disposbale Vape ist ein revolution\u00e4res Ger\u00e4t, das f\u00fcr anspruchsvolle Raucher entwickelt wurde. Es verf\u00fcgt \u00fcber ein integriertes Smart-Display, das wichtige Informationen anschaulich darstellt. Mit der schnell aufladbaren TYPE-C-Technologie verbringen Sie weniger Zeit mit Warten und mehr Zeit mit Dampfen. Die Touchscreen-Energiesteuerung und die freie Umschaltfunktion erm\u00f6glichen eine m\u00fchelose Bedienung. Aber der wahre Charme liegt in den anpassbaren Einstellungen. Sie k\u00f6nnen das Dampferlebnis genau auf Ihre Vorlieben abstimmen, egal ob Sie einen st\u00e4rkeren Zug oder einen sanfteren Zug w\u00fcnschen. Sie ist nicht einfach nur eine E-Zigarette, sondern ein individueller Begleiter, der Ihnen bei jedem Zug Komfort und Zufriedenheit bietet.<\/p>\n<p>Mit der ZOOY Power 28000 Puffs Disposable Electronic Cigarette, einem Gadget, das die Grenzen der Einweg-Dampftechnologie verschiebt, k\u00f6nnen Sie Ihr erstaunliches Dampferlebnis beginnen. Mit einem robusten 6500mAh Typ-C-Akku und einem erstaunlichen 32mL vorgeladenen e-Fl\u00fcssigkeit, bietet diese E-Zigarette eine un\u00fcbertroffene 28.000 Puffs f\u00fcr verl\u00e4ngerte, angenehmes Rauchen. Unsere Produkte unterst\u00fctzen den Einzelhandel, die Mindestbestellmenge ist 10pcs, kostenloser Versand in die wichtigsten europ\u00e4ischen L\u00e4nder.<\/p>\n<h2><strong>ZOOY Power 28000 Puffs Details\uff1a<\/strong><\/h2>\n<ul>\n<li>Einstellbarer Luftdruck<\/li>\n<li>Nikotinkonzentration: 2% 5%<\/li>\n<li>Vollst\u00e4ndig aufgeladene Zeit: Zwei Stunden<\/li>\n<li>Mechanische Mod: Nicht-mechanisch<\/li>\n<li>Variable Wattzahl: Nicht variable Wattzahl<\/li>\n<li>Fassungsverm\u00f6gen: 34ml<\/li>\n<li>Ladeanschluss: Typ-C<\/li>\n<li>Kern: Maschenspule 1,0 \u03a9 + 1,0 \u03a9<\/li>\n<li>Animierter Bildschirm<\/li>\n<\/ul>\n<h2><strong>ZOOY Power 28000 Puffs Verf\u00fcgbare Geschmacksrichtungen:<\/strong><\/h2>\n<ol>\n<li>Mexikanische Mango<\/li>\n<li>Heidelbeere-Himbeere<\/li>\n<li>Blaubeere<\/li>\n<li>Vanilleeis<\/li>\n<li>Traubeneis<\/li>\n<li>Gemischtes Obst<\/li>\n<li>Passionsfrucht<\/li>\n<li>Erdbeer-Punsch<\/li>\n<li>Wassermelone Eis<\/li>\n<li>Erdbeer-Kiwi<\/li>\n<\/ol>\n<h2><strong>Packliste:<\/strong><\/h2>\n<p>1St\u00fcck jede kleine Schachtel<br \/>\n10 St\u00fcck pro Mittelkarton<br \/>\n200St\u00fcck pro Karton<\/p>\n<p><img fetchpriority=\"high\" decoding=\"async\" class=\"wp-image-1385 size-full\" title=\"ZOOY Power 28000 Puffs Disposbale Vape Kostenloser Versand 2\" src=\"https:\/\/www.vapecigwholesale.com\/wp-content\/uploads\/2024\/11\/ZOOY-Power-28000-Puffs-Disposbale-Vape-Free-Shipping-2.webp\" alt=\"ZOOY Power 28000 Puffs Disposbale Vape Kostenloser Versand 2\" width=\"800\" height=\"800\" srcset=\"https:\/\/www.vapecigwholesale.com\/wp-content\/uploads\/2024\/11\/ZOOY-Power-28000-Puffs-Disposbale-Vape-Free-Shipping-2.webp 800w, https:\/\/www.vapecigwholesale.com\/wp-content\/uploads\/2024\/11\/ZOOY-Power-28000-Puffs-Disposbale-Vape-Free-Shipping-2-300x300.webp 300w, https:\/\/www.vapecigwholesale.com\/wp-content\/uploads\/2024\/11\/ZOOY-Power-28000-Puffs-Disposbale-Vape-Free-Shipping-2-150x150.webp 150w, https:\/\/www.vapecigwholesale.com\/wp-content\/uploads\/2024\/11\/ZOOY-Power-28000-Puffs-Disposbale-Vape-Free-Shipping-2-768x768.webp 768w, https:\/\/www.vapecigwholesale.com\/wp-content\/uploads\/2024\/11\/ZOOY-Power-28000-Puffs-Disposbale-Vape-Free-Shipping-2-12x12.webp 12w, https:\/\/www.vapecigwholesale.com\/wp-content\/uploads\/2024\/11\/ZOOY-Power-28000-Puffs-Disposbale-Vape-Free-Shipping-2-575x575.webp 575w, https:\/\/www.vapecigwholesale.com\/wp-content\/uploads\/2024\/11\/ZOOY-Power-28000-Puffs-Disposbale-Vape-Free-Shipping-2-380x380.webp 380w, https:\/\/www.vapecigwholesale.com\/wp-content\/uploads\/2024\/11\/ZOOY-Power-28000-Puffs-Disposbale-Vape-Free-Shipping-2-50x50.webp 50w, https:\/\/www.vapecigwholesale.com\/wp-content\/uploads\/2024\/11\/ZOOY-Power-28000-Puffs-Disposbale-Vape-Free-Shipping-2-26x26.webp 26w, https:\/\/www.vapecigwholesale.com\/wp-content\/uploads\/2024\/11\/ZOOY-Power-28000-Puffs-Disposbale-Vape-Free-Shipping-2-420x420.webp 420w, https:\/\/www.vapecigwholesale.com\/wp-content\/uploads\/2024\/11\/ZOOY-Power-28000-Puffs-Disposbale-Vape-Free-Shipping-2-100x100.webp 100w, https:\/\/www.vapecigwholesale.com\/wp-content\/uploads\/2024\/11\/ZOOY-Power-28000-Puffs-Disposbale-Vape-Free-Shipping-2-80x80.webp 80w\" sizes=\"(max-width: 800px) 100vw, 800px\" \/><\/p>\n<p><img decoding=\"async\" class=\"wp-image-1384 size-full\" title=\"ZOOY Power 28000 Puffs Disposbale Vape Kostenloser Versand 1\" src=\"https:\/\/www.vapecigwholesale.com\/wp-content\/uploads\/2024\/11\/ZOOY-Power-28000-Puffs-Disposbale-Vape-Free-Shipping-1.webp\" alt=\"ZOOY Power 28000 Puffs Disposbale Vape Kostenloser Versand 1\" width=\"800\" height=\"800\" srcset=\"https:\/\/www.vapecigwholesale.com\/wp-content\/uploads\/2024\/11\/ZOOY-Power-28000-Puffs-Disposbale-Vape-Free-Shipping-1.webp 800w, https:\/\/www.vapecigwholesale.com\/wp-content\/uploads\/2024\/11\/ZOOY-Power-28000-Puffs-Disposbale-Vape-Free-Shipping-1-300x300.webp 300w, https:\/\/www.vapecigwholesale.com\/wp-content\/uploads\/2024\/11\/ZOOY-Power-28000-Puffs-Disposbale-Vape-Free-Shipping-1-150x150.webp 150w, https:\/\/www.vapecigwholesale.com\/wp-content\/uploads\/2024\/11\/ZOOY-Power-28000-Puffs-Disposbale-Vape-Free-Shipping-1-768x768.webp 768w, https:\/\/www.vapecigwholesale.com\/wp-content\/uploads\/2024\/11\/ZOOY-Power-28000-Puffs-Disposbale-Vape-Free-Shipping-1-12x12.webp 12w, https:\/\/www.vapecigwholesale.com\/wp-content\/uploads\/2024\/11\/ZOOY-Power-28000-Puffs-Disposbale-Vape-Free-Shipping-1-575x575.webp 575w, https:\/\/www.vapecigwholesale.com\/wp-content\/uploads\/2024\/11\/ZOOY-Power-28000-Puffs-Disposbale-Vape-Free-Shipping-1-380x380.webp 380w, https:\/\/www.vapecigwholesale.com\/wp-content\/uploads\/2024\/11\/ZOOY-Power-28000-Puffs-Disposbale-Vape-Free-Shipping-1-50x50.webp 50w, https:\/\/www.vapecigwholesale.com\/wp-content\/uploads\/2024\/11\/ZOOY-Power-28000-Puffs-Disposbale-Vape-Free-Shipping-1-26x26.webp 26w, https:\/\/www.vapecigwholesale.com\/wp-content\/uploads\/2024\/11\/ZOOY-Power-28000-Puffs-Disposbale-Vape-Free-Shipping-1-420x420.webp 420w, https:\/\/www.vapecigwholesale.com\/wp-content\/uploads\/2024\/11\/ZOOY-Power-28000-Puffs-Disposbale-Vape-Free-Shipping-1-100x100.webp 100w, https:\/\/www.vapecigwholesale.com\/wp-content\/uploads\/2024\/11\/ZOOY-Power-28000-Puffs-Disposbale-Vape-Free-Shipping-1-80x80.webp 80w\" sizes=\"(max-width: 800px) 100vw, 800px\" \/><\/p>\n<p><img decoding=\"async\" class=\"wp-image-1386 size-full\" title=\"ZOOY Power 28000 Puffs Disposbale Vape Kostenloser Versand 3\" src=\"https:\/\/www.vapecigwholesale.com\/wp-content\/uploads\/2024\/11\/ZOOY-Power-28000-Puffs-Disposbale-Vape-Free-Shipping-3.webp\" alt=\"ZOOY Power 28000 Puffs Disposbale Vape Kostenloser Versand 3\" width=\"800\" height=\"800\" srcset=\"https:\/\/www.vapecigwholesale.com\/wp-content\/uploads\/2024\/11\/ZOOY-Power-28000-Puffs-Disposbale-Vape-Free-Shipping-3.webp 800w, https:\/\/www.vapecigwholesale.com\/wp-content\/uploads\/2024\/11\/ZOOY-Power-28000-Puffs-Disposbale-Vape-Free-Shipping-3-300x300.webp 300w, https:\/\/www.vapecigwholesale.com\/wp-content\/uploads\/2024\/11\/ZOOY-Power-28000-Puffs-Disposbale-Vape-Free-Shipping-3-150x150.webp 150w, https:\/\/www.vapecigwholesale.com\/wp-content\/uploads\/2024\/11\/ZOOY-Power-28000-Puffs-Disposbale-Vape-Free-Shipping-3-768x768.webp 768w, https:\/\/www.vapecigwholesale.com\/wp-content\/uploads\/2024\/11\/ZOOY-Power-28000-Puffs-Disposbale-Vape-Free-Shipping-3-12x12.webp 12w, https:\/\/www.vapecigwholesale.com\/wp-content\/uploads\/2024\/11\/ZOOY-Power-28000-Puffs-Disposbale-Vape-Free-Shipping-3-575x575.webp 575w, https:\/\/www.vapecigwholesale.com\/wp-content\/uploads\/2024\/11\/ZOOY-Power-28000-Puffs-Disposbale-Vape-Free-Shipping-3-380x380.webp 380w, https:\/\/www.vapecigwholesale.com\/wp-content\/uploads\/2024\/11\/ZOOY-Power-28000-Puffs-Disposbale-Vape-Free-Shipping-3-50x50.webp 50w, https:\/\/www.vapecigwholesale.com\/wp-content\/uploads\/2024\/11\/ZOOY-Power-28000-Puffs-Disposbale-Vape-Free-Shipping-3-26x26.webp 26w, https:\/\/www.vapecigwholesale.com\/wp-content\/uploads\/2024\/11\/ZOOY-Power-28000-Puffs-Disposbale-Vape-Free-Shipping-3-420x420.webp 420w, https:\/\/www.vapecigwholesale.com\/wp-content\/uploads\/2024\/11\/ZOOY-Power-28000-Puffs-Disposbale-Vape-Free-Shipping-3-100x100.webp 100w, https:\/\/www.vapecigwholesale.com\/wp-content\/uploads\/2024\/11\/ZOOY-Power-28000-Puffs-Disposbale-Vape-Free-Shipping-3-80x80.webp 80w\" sizes=\"(max-width: 800px) 100vw, 800px\" \/><\/p>\n<p>&nbsp;<\/p>","protected":false},"excerpt":{"rendered":"<p>Preis nur f\u00fcr 1St\u00fcck Kostenloser Versand<\/p>\n<p>( <strong>2% 5% Nic<\/strong>) Versandzeit: 2 Wochen<\/p>","protected":false},"featured_media":1388,"comment_status":"open","ping_status":"closed","template":"","meta":{"om_disable_all_campaigns":false,"_monsterinsights_skip_tracking":false,"_monsterinsights_sitenote_active":false,"_monsterinsights_sitenote_note":"","_monsterinsights_sitenote_category":0},"product_brand":[],"product_cat":[15],"product_tag":[],"class_list":{"0":"post-1399","1":"product","2":"type-product","3":"status-publish","4":"has-post-thumbnail","6":"product_cat-disposable-vape","8":"first","9":"instock","10":"shipping-taxable","11":"purchasable","12":"product-type-variable","13":"has-default-attributes"},"aioseo_notices":[],"_links":{"self":[{"href":"https:\/\/www.vapecigwholesale.com\/de\/wp-json\/wp\/v2\/product\/1399","targetHints":{"allow":["GET"]}}],"collection":[{"href":"https:\/\/www.vapecigwholesale.com\/de\/wp-json\/wp\/v2\/product"}],"about":[{"href":"https:\/\/www.vapecigwholesale.com\/de\/wp-json\/wp\/v2\/types\/product"}],"replies":[{"embeddable":true,"href":"https:\/\/www.vapecigwholesale.com\/de\/wp-json\/wp\/v2\/comments?post=1399"}],"wp:featuredmedia":[{"embeddable":true,"href":"https:\/\/www.vapecigwholesale.com\/de\/wp-json\/wp\/v2\/media\/1388"}],"wp:attachment":[{"href":"https:\/\/www.vapecigwholesale.com\/de\/wp-json\/wp\/v2\/media?parent=1399"}],"wp:term":[{"taxonomy":"product_brand","embeddable":true,"href":"https:\/\/www.vapecigwholesale.com\/de\/wp-json\/wp\/v2\/product_brand?post=1399"},{"taxonomy":"product_cat","embeddable":true,"href":"https:\/\/www.vapecigwholesale.com\/de\/wp-json\/wp\/v2\/product_cat?post=1399"},{"taxonomy":"product_tag","embeddable":true,"href":"https:\/\/www.vapecigwholesale.com\/de\/wp-json\/wp\/v2\/product_tag?post=1399"}],"curies":[{"name":"wp","href":"https:\/\/api.w.org\/{rel}","templated":true}]}}