{"id":1435,"date":"2024-12-03T15:04:36","date_gmt":"2024-12-03T07:04:36","guid":{"rendered":"https:\/\/www.vapecigwholesale.com\/?post_type=product&#038;p=1435"},"modified":"2025-09-22T14:04:23","modified_gmt":"2025-09-22T06:04:23","slug":"waspe-fx-30000-puffs-box-disposable-vape-free-shipping","status":"publish","type":"product","link":"https:\/\/www.vapecigwholesale.com\/de\/product\/waspe-fx-30000-puffs-box-einweg-vape-kostenloser-versand\/","title":{"rendered":"WASPE FX 30000 PUFFS BOX Einweg Vape Freies Verschiffen"},"content":{"rendered":"<p>WASPE FX 30000 PUFFS BOX Disposable Vape, entwickelt f\u00fcr Dampfer, die sich nach Qualit\u00e4t und Langlebigkeit sehnen. Dieses innovative Ger\u00e4t liefert beeindruckende 30000 Z\u00fcge im regul\u00e4ren Modus und 15000 Z\u00fcge im Pulsmodus, was ein verl\u00e4ngertes Dampferlebnis ohne h\u00e4ufiges Auswechseln gew\u00e4hrleistet.<\/p>\n<p>Die WASPE FX 30000 PUFFS BOX wird von einem 850mAh-Akku angetrieben, der bequem \u00fcber einen Typ-C-Anschluss aufgeladen werden kann, um schnell und effizient aufzuladen. Mit dem einstellbaren Luftstrom k\u00f6nnen Sie Ihren Zug leicht an Ihren Verdampfungsstil anpassen. Dar\u00fcber hinaus erm\u00f6glicht die eingebaute LED-Anzeige eine einfache \u00dcberwachung Ihrer Verdampfungsstatistiken, w\u00e4hrend das kompakte Design die Tragbarkeit gew\u00e4hrleistet.<\/p>\n<p>WASPE FX 30000 PUFFS BOX mit einer beachtlichen Kapazit\u00e4t von 28ml E-Liquid bietet die Waspe flexible Nikotinoptionen von 0%, 2% und 5%, die allen Vorlieben gerecht werden. Sein Dual-Mesh-Coil-System (1ohm + 1ohm) erh\u00f6ht die Geschmacksintensit\u00e4t und die Dampfproduktion und sorgt jedes Mal f\u00fcr ein befriedigendes Inhalieren.<\/p>\n<h2><strong>WASPE FX 30000 PUFFS BOX Details:<\/strong><\/h2>\n<ul>\n<li>Regul\u00e4r: 30000 Puffs<\/li>\n<li>Puls: 15000 Puffs<\/li>\n<li>Dual Mesh Spule: 1ohm+1ohm<\/li>\n<li>E-Fl\u00fcssigkeit:28ml<\/li>\n<li>Akku:850mah<\/li>\n<li>Nicotine:0%\/2%\/5%<\/li>\n<li>Wiederaufladbar:Typ-C<\/li>\n<li>Einstellbarer Luftstrom<\/li>\n<li>LED-Anzeige<\/li>\n<li>Produktgr\u00f6\u00dfe: 61*31*115mm<\/li>\n<\/ul>\n<h2><strong>WASPE FX 30000 PUFFS BOX Verf\u00fcgbare Geschmacksrichtungen:<\/strong><\/h2>\n<ol>\n<li>Erdbeer-Mango<\/li>\n<li>Gemischte Beere<\/li>\n<li>Wassermelone Eis<\/li>\n<li>Erdbeere Wassermelone<\/li>\n<li>Erdbeer-Red Bull<\/li>\n<li>Kiwi Passionsfrucht Guave<\/li>\n<li>Traubeneis<\/li>\n<li>Doppeltes Apfel-Eis<\/li>\n<li>Heidelbeere-Himbeere<\/li>\n<li>Wassermelone Mango Pfirsich<\/li>\n<li>Blaubeereis<\/li>\n<li>Pfirsich Beere<\/li>\n<li>Erdbeer-Kiwi<\/li>\n<li>Kirsche Eis<\/li>\n<li>Erdbeere-Himbeere-Kirsche<\/li>\n<li>Wassermelone Bubblegum<\/li>\n<\/ol>\n<h2><strong>Packliste:<\/strong><\/h2>\n<p>1St\u00fcck jede kleine Schachtel<br \/>\n10 St\u00fcck pro Mittelkarton<br \/>\n200St\u00fcck pro Karton<\/p>\n<p><img fetchpriority=\"high\" decoding=\"async\" class=\"alignnone wp-image-1415 size-full\" title=\"WASPE FX 30000 PUFFS BOX Einweg Vape Kostenloser Versand 2\" src=\"https:\/\/www.vapecigwholesale.com\/wp-content\/uploads\/2024\/12\/WASPE-FX-30000-PUFFS-BOX-Disposable-Vape-Free-Shipping-2.webp\" alt=\"WASPE FX 30000 PUFFS BOX Einweg Vape Kostenloser Versand 2\" width=\"800\" height=\"800\" srcset=\"https:\/\/www.vapecigwholesale.com\/wp-content\/uploads\/2024\/12\/WASPE-FX-30000-PUFFS-BOX-Disposable-Vape-Free-Shipping-2.webp 800w, https:\/\/www.vapecigwholesale.com\/wp-content\/uploads\/2024\/12\/WASPE-FX-30000-PUFFS-BOX-Disposable-Vape-Free-Shipping-2-300x300.webp 300w, https:\/\/www.vapecigwholesale.com\/wp-content\/uploads\/2024\/12\/WASPE-FX-30000-PUFFS-BOX-Disposable-Vape-Free-Shipping-2-150x150.webp 150w, https:\/\/www.vapecigwholesale.com\/wp-content\/uploads\/2024\/12\/WASPE-FX-30000-PUFFS-BOX-Disposable-Vape-Free-Shipping-2-768x768.webp 768w, https:\/\/www.vapecigwholesale.com\/wp-content\/uploads\/2024\/12\/WASPE-FX-30000-PUFFS-BOX-Disposable-Vape-Free-Shipping-2-12x12.webp 12w, https:\/\/www.vapecigwholesale.com\/wp-content\/uploads\/2024\/12\/WASPE-FX-30000-PUFFS-BOX-Disposable-Vape-Free-Shipping-2-575x575.webp 575w, https:\/\/www.vapecigwholesale.com\/wp-content\/uploads\/2024\/12\/WASPE-FX-30000-PUFFS-BOX-Disposable-Vape-Free-Shipping-2-380x380.webp 380w, https:\/\/www.vapecigwholesale.com\/wp-content\/uploads\/2024\/12\/WASPE-FX-30000-PUFFS-BOX-Disposable-Vape-Free-Shipping-2-50x50.webp 50w, https:\/\/www.vapecigwholesale.com\/wp-content\/uploads\/2024\/12\/WASPE-FX-30000-PUFFS-BOX-Disposable-Vape-Free-Shipping-2-26x26.webp 26w, https:\/\/www.vapecigwholesale.com\/wp-content\/uploads\/2024\/12\/WASPE-FX-30000-PUFFS-BOX-Disposable-Vape-Free-Shipping-2-420x420.webp 420w, https:\/\/www.vapecigwholesale.com\/wp-content\/uploads\/2024\/12\/WASPE-FX-30000-PUFFS-BOX-Disposable-Vape-Free-Shipping-2-100x100.webp 100w, https:\/\/www.vapecigwholesale.com\/wp-content\/uploads\/2024\/12\/WASPE-FX-30000-PUFFS-BOX-Disposable-Vape-Free-Shipping-2-80x80.webp 80w\" sizes=\"(max-width: 800px) 100vw, 800px\" \/><\/p>\n<p><img decoding=\"async\" class=\"wp-image-1418 size-full\" title=\"WASPE FX 30000 PUFFS BOX Einweg Vape Freies Verschiffen 5\" src=\"https:\/\/www.vapecigwholesale.com\/wp-content\/uploads\/2024\/12\/WASPE-FX-30000-PUFFS-BOX-Disposable-Vape-Free-Shipping-5.webp\" alt=\"WASPE FX 30000 PUFFS BOX Einweg Vape Freies Verschiffen 5\" width=\"800\" height=\"776\" srcset=\"https:\/\/www.vapecigwholesale.com\/wp-content\/uploads\/2024\/12\/WASPE-FX-30000-PUFFS-BOX-Disposable-Vape-Free-Shipping-5.webp 800w, https:\/\/www.vapecigwholesale.com\/wp-content\/uploads\/2024\/12\/WASPE-FX-30000-PUFFS-BOX-Disposable-Vape-Free-Shipping-5-300x291.webp 300w, https:\/\/www.vapecigwholesale.com\/wp-content\/uploads\/2024\/12\/WASPE-FX-30000-PUFFS-BOX-Disposable-Vape-Free-Shipping-5-768x745.webp 768w, https:\/\/www.vapecigwholesale.com\/wp-content\/uploads\/2024\/12\/WASPE-FX-30000-PUFFS-BOX-Disposable-Vape-Free-Shipping-5-12x12.webp 12w, https:\/\/www.vapecigwholesale.com\/wp-content\/uploads\/2024\/12\/WASPE-FX-30000-PUFFS-BOX-Disposable-Vape-Free-Shipping-5-575x558.webp 575w, https:\/\/www.vapecigwholesale.com\/wp-content\/uploads\/2024\/12\/WASPE-FX-30000-PUFFS-BOX-Disposable-Vape-Free-Shipping-5-380x369.webp 380w, https:\/\/www.vapecigwholesale.com\/wp-content\/uploads\/2024\/12\/WASPE-FX-30000-PUFFS-BOX-Disposable-Vape-Free-Shipping-5-50x50.webp 50w, https:\/\/www.vapecigwholesale.com\/wp-content\/uploads\/2024\/12\/WASPE-FX-30000-PUFFS-BOX-Disposable-Vape-Free-Shipping-5-26x26.webp 26w, https:\/\/www.vapecigwholesale.com\/wp-content\/uploads\/2024\/12\/WASPE-FX-30000-PUFFS-BOX-Disposable-Vape-Free-Shipping-5-80x78.webp 80w\" sizes=\"(max-width: 800px) 100vw, 800px\" \/><\/p>\n<p><img decoding=\"async\" class=\"wp-image-1417 size-full\" title=\"WASPE FX 30000 PUFFS BOX Einweg Vape Kostenloser Versand 4\" src=\"https:\/\/www.vapecigwholesale.com\/wp-content\/uploads\/2024\/12\/WASPE-FX-30000-PUFFS-BOX-Disposable-Vape-Free-Shipping-4.webp\" alt=\"WASPE FX 30000 PUFFS BOX Einweg Vape Kostenloser Versand 4\" width=\"800\" height=\"800\" srcset=\"https:\/\/www.vapecigwholesale.com\/wp-content\/uploads\/2024\/12\/WASPE-FX-30000-PUFFS-BOX-Disposable-Vape-Free-Shipping-4.webp 800w, https:\/\/www.vapecigwholesale.com\/wp-content\/uploads\/2024\/12\/WASPE-FX-30000-PUFFS-BOX-Disposable-Vape-Free-Shipping-4-300x300.webp 300w, https:\/\/www.vapecigwholesale.com\/wp-content\/uploads\/2024\/12\/WASPE-FX-30000-PUFFS-BOX-Disposable-Vape-Free-Shipping-4-150x150.webp 150w, https:\/\/www.vapecigwholesale.com\/wp-content\/uploads\/2024\/12\/WASPE-FX-30000-PUFFS-BOX-Disposable-Vape-Free-Shipping-4-768x768.webp 768w, https:\/\/www.vapecigwholesale.com\/wp-content\/uploads\/2024\/12\/WASPE-FX-30000-PUFFS-BOX-Disposable-Vape-Free-Shipping-4-12x12.webp 12w, https:\/\/www.vapecigwholesale.com\/wp-content\/uploads\/2024\/12\/WASPE-FX-30000-PUFFS-BOX-Disposable-Vape-Free-Shipping-4-575x575.webp 575w, https:\/\/www.vapecigwholesale.com\/wp-content\/uploads\/2024\/12\/WASPE-FX-30000-PUFFS-BOX-Disposable-Vape-Free-Shipping-4-380x380.webp 380w, https:\/\/www.vapecigwholesale.com\/wp-content\/uploads\/2024\/12\/WASPE-FX-30000-PUFFS-BOX-Disposable-Vape-Free-Shipping-4-50x50.webp 50w, https:\/\/www.vapecigwholesale.com\/wp-content\/uploads\/2024\/12\/WASPE-FX-30000-PUFFS-BOX-Disposable-Vape-Free-Shipping-4-26x26.webp 26w, https:\/\/www.vapecigwholesale.com\/wp-content\/uploads\/2024\/12\/WASPE-FX-30000-PUFFS-BOX-Disposable-Vape-Free-Shipping-4-420x420.webp 420w, https:\/\/www.vapecigwholesale.com\/wp-content\/uploads\/2024\/12\/WASPE-FX-30000-PUFFS-BOX-Disposable-Vape-Free-Shipping-4-100x100.webp 100w, https:\/\/www.vapecigwholesale.com\/wp-content\/uploads\/2024\/12\/WASPE-FX-30000-PUFFS-BOX-Disposable-Vape-Free-Shipping-4-80x80.webp 80w\" sizes=\"(max-width: 800px) 100vw, 800px\" \/><\/p>\n<p><img loading=\"lazy\" decoding=\"async\" class=\"wp-image-1416 size-full\" title=\"WASPE FX 30000 PUFFS BOX Einweg Vape Kostenloser Versand 3\" src=\"https:\/\/www.vapecigwholesale.com\/wp-content\/uploads\/2024\/12\/WASPE-FX-30000-PUFFS-BOX-Disposable-Vape-Free-Shipping-3.webp\" alt=\"WASPE FX 30000 PUFFS BOX Einweg Vape Kostenloser Versand 3\" width=\"800\" height=\"800\" srcset=\"https:\/\/www.vapecigwholesale.com\/wp-content\/uploads\/2024\/12\/WASPE-FX-30000-PUFFS-BOX-Disposable-Vape-Free-Shipping-3.webp 800w, https:\/\/www.vapecigwholesale.com\/wp-content\/uploads\/2024\/12\/WASPE-FX-30000-PUFFS-BOX-Disposable-Vape-Free-Shipping-3-300x300.webp 300w, https:\/\/www.vapecigwholesale.com\/wp-content\/uploads\/2024\/12\/WASPE-FX-30000-PUFFS-BOX-Disposable-Vape-Free-Shipping-3-150x150.webp 150w, https:\/\/www.vapecigwholesale.com\/wp-content\/uploads\/2024\/12\/WASPE-FX-30000-PUFFS-BOX-Disposable-Vape-Free-Shipping-3-768x768.webp 768w, https:\/\/www.vapecigwholesale.com\/wp-content\/uploads\/2024\/12\/WASPE-FX-30000-PUFFS-BOX-Disposable-Vape-Free-Shipping-3-12x12.webp 12w, https:\/\/www.vapecigwholesale.com\/wp-content\/uploads\/2024\/12\/WASPE-FX-30000-PUFFS-BOX-Disposable-Vape-Free-Shipping-3-575x575.webp 575w, https:\/\/www.vapecigwholesale.com\/wp-content\/uploads\/2024\/12\/WASPE-FX-30000-PUFFS-BOX-Disposable-Vape-Free-Shipping-3-380x380.webp 380w, https:\/\/www.vapecigwholesale.com\/wp-content\/uploads\/2024\/12\/WASPE-FX-30000-PUFFS-BOX-Disposable-Vape-Free-Shipping-3-50x50.webp 50w, https:\/\/www.vapecigwholesale.com\/wp-content\/uploads\/2024\/12\/WASPE-FX-30000-PUFFS-BOX-Disposable-Vape-Free-Shipping-3-26x26.webp 26w, https:\/\/www.vapecigwholesale.com\/wp-content\/uploads\/2024\/12\/WASPE-FX-30000-PUFFS-BOX-Disposable-Vape-Free-Shipping-3-420x420.webp 420w, https:\/\/www.vapecigwholesale.com\/wp-content\/uploads\/2024\/12\/WASPE-FX-30000-PUFFS-BOX-Disposable-Vape-Free-Shipping-3-100x100.webp 100w, https:\/\/www.vapecigwholesale.com\/wp-content\/uploads\/2024\/12\/WASPE-FX-30000-PUFFS-BOX-Disposable-Vape-Free-Shipping-3-80x80.webp 80w\" sizes=\"(max-width: 800px) 100vw, 800px\" \/><\/p>\n<p>&nbsp;<\/p>\n<p>&nbsp;<\/p>","protected":false},"excerpt":{"rendered":"<p>Preis nur f\u00fcr 1St\u00fcck Kostenloser Versand<\/p>\n<p>(<strong>0% 2% 5% Nic<\/strong>) Versandzeit: 2 Wochen<\/p>","protected":false},"featured_media":1414,"comment_status":"open","ping_status":"closed","template":"","meta":{"om_disable_all_campaigns":false,"_monsterinsights_skip_tracking":false,"_monsterinsights_sitenote_active":false,"_monsterinsights_sitenote_note":"","_monsterinsights_sitenote_category":0},"product_brand":[],"product_cat":[15],"product_tag":[],"class_list":{"0":"post-1435","1":"product","2":"type-product","3":"status-publish","4":"has-post-thumbnail","6":"product_cat-disposable-vape","8":"first","9":"instock","10":"shipping-taxable","11":"purchasable","12":"product-type-variable","13":"has-default-attributes"},"aioseo_notices":[],"_links":{"self":[{"href":"https:\/\/www.vapecigwholesale.com\/de\/wp-json\/wp\/v2\/product\/1435","targetHints":{"allow":["GET"]}}],"collection":[{"href":"https:\/\/www.vapecigwholesale.com\/de\/wp-json\/wp\/v2\/product"}],"about":[{"href":"https:\/\/www.vapecigwholesale.com\/de\/wp-json\/wp\/v2\/types\/product"}],"replies":[{"embeddable":true,"href":"https:\/\/www.vapecigwholesale.com\/de\/wp-json\/wp\/v2\/comments?post=1435"}],"wp:featuredmedia":[{"embeddable":true,"href":"https:\/\/www.vapecigwholesale.com\/de\/wp-json\/wp\/v2\/media\/1414"}],"wp:attachment":[{"href":"https:\/\/www.vapecigwholesale.com\/de\/wp-json\/wp\/v2\/media?parent=1435"}],"wp:term":[{"taxonomy":"product_brand","embeddable":true,"href":"https:\/\/www.vapecigwholesale.com\/de\/wp-json\/wp\/v2\/product_brand?post=1435"},{"taxonomy":"product_cat","embeddable":true,"href":"https:\/\/www.vapecigwholesale.com\/de\/wp-json\/wp\/v2\/product_cat?post=1435"},{"taxonomy":"product_tag","embeddable":true,"href":"https:\/\/www.vapecigwholesale.com\/de\/wp-json\/wp\/v2\/product_tag?post=1435"}],"curies":[{"name":"wp","href":"https:\/\/api.w.org\/{rel}","templated":true}]}}