{"id":1471,"date":"2024-12-03T16:04:39","date_gmt":"2024-12-03T08:04:39","guid":{"rendered":"https:\/\/www.vapecigwholesale.com\/?post_type=product&#038;p=1471"},"modified":"2025-09-22T14:04:05","modified_gmt":"2025-09-22T06:04:05","slug":"waspe-fihp-40k-dual-flavor-disposable-vape-free-shipping","status":"publish","type":"product","link":"https:\/\/www.vapecigwholesale.com\/de\/product\/waspe-fihp-40k-dualen-geschmack-einweg-vape-kostenloser-versand\/","title":{"rendered":"Waspe Fihp 40K Dual Flavor Disposable Vape Freies Verschiffen"},"content":{"rendered":"<p>Waspe Fihp 40K Dual Flavor 36mL e-Fl\u00fcssigkeit Kapazit\u00e4t sorgt f\u00fcr eine lang anhaltende vape Sitzung, die die Notwendigkeit f\u00fcr h\u00e4ufige Nachf\u00fcllungen reduziert, w\u00e4hrend die 850mAh Akku bietet ausreichend Energie f\u00fcr den erweiterten Einsatz. Dank der Typ-C-Schnellladefunktion ist das Aufladen schnell und bequem, so dass Sie immer f\u00fcr Ihren n\u00e4chsten Zug bereit sind. Das intelligente LED-Display informiert Sie in Echtzeit \u00fcber die Akkulaufzeit und den F\u00fcllstand des E-Liquids, so dass Sie jederzeit \u00fcber den Status Ihres Ger\u00e4ts informiert sind. Die Dual-Flavor-Experience-Funktion erm\u00f6glicht es Ihnen, zwischen zwei verschiedenen Geschmacksrichtungen zu wechseln und bietet Ihnen so ein individuelles Dampferlebnis mit unendlichen M\u00f6glichkeiten. Erh\u00e4ltlich in den Nikotinst\u00e4rken 2% und 5% bietet der WASPE 40K Puffs Flexibilit\u00e4t sowohl f\u00fcr Gelegenheitsdampfer als auch f\u00fcr erfahrene Dampfer. Mit 16 verschiedenen Geschmacksrichtungen zur Auswahl, haben Sie viele Optionen, um Ihre Geschmacksvorlieben zu erf\u00fcllen.<\/p>\n<p>Unsere Mindestbestellmenge ist 10 St\u00fcck, kostenloser Versand in europ\u00e4ische L\u00e4nder, wir verwenden DHL, um an Ihre T\u00fcr zu liefern, sobald Sie f\u00fcr Ihre Bestellung bezahlen, brauchen Sie nichts mehr zu bezahlen, bis das Paket ankommt!<\/p>\n<h2><strong>Waspe Fihp 40K Dual Flavor Details:<\/strong><\/h2>\n<ul>\n<li>Puffs: 40000 Puffs<\/li>\n<li>Double Flavor<\/li>\n<li>E-Fl\u00fcssigkeit:36ml<\/li>\n<li>Akku:850mah<\/li>\n<li>Mesh-Spule: 0.9ohm+0.9ohm<\/li>\n<li>Nicotine:0%\/2%\/5%<\/li>\n<li>Wiederaufladbar:Typ-C<\/li>\n<li>LED-Anzeige<\/li>\n<li>Produktgr\u00f6\u00dfe: 61*31*115mm<\/li>\n<\/ul>\n<h2><strong>Waspe Fihp 40K Zwei Geschmacksrichtungen verf\u00fcgbar:<\/strong><\/h2>\n<ol>\n<li>Wassermeloneneis &amp; Zitrone-Limette<\/li>\n<li>Sprudel-Kirsch-Eis &amp; Blaubeer-Zuckerwatte<\/li>\n<li>Erdbeere Wassermelone &amp; Heidelbeere Himbeere<\/li>\n<li>Red Bull Ice &amp; Erdbeer-Mango<\/li>\n<li>Traubeneis &amp; Erdbeer-Kiwi<\/li>\n<li>Gemischte Beeren &amp; doppeltes Apfel-Eis<\/li>\n<li>Pfirsich Eis &amp; Ananas Mango Pfirsich<\/li>\n<li>Blue Razz Limonade &amp; Wassermelone Bubblegum<\/li>\n<li>Erdbeere-Himbeere-Kirsche &amp; Liebe 666<\/li>\n<li>Erdbeer-Banane-Ananas-Kokosnuss-Eis<\/li>\n<li>Erdbeere, Wassermelone, Kaugummi und gemischte Fr\u00fcchte<\/li>\n<li>Pfirsich Beere &amp; Wassermelone Mango Pfirsich<\/li>\n<li>Kirsch-Cola-Eis &amp; Erdbeer-Himbeer-Bonbon<\/li>\n<li>Saurer Apfel-Himbeer-Erdbeer-Big Bang<\/li>\n<li>Blaubeereis &amp; Schwarzer Drache Eis<\/li>\n<li>Erdbeere-Kirsche &amp; Kiwi-Passionsfrucht<\/li>\n<\/ol>\n<h2><strong>Packliste:<\/strong><\/h2>\n<p>1St\u00fcck jede kleine Schachtel<br \/>\n10 St\u00fcck pro Mittelkarton<br \/>\n200St\u00fcck pro Karton<\/p>\n<p><img fetchpriority=\"high\" decoding=\"async\" class=\"alignnone wp-image-1452 size-large\" title=\"Waspe Fihp 40K Puffs Double Flavor Disposable Vape Kostenloser Versand 1\" src=\"https:\/\/www.vapecigwholesale.com\/wp-content\/uploads\/2024\/12\/Waspe-Fihp-40K-Puffs-Double-Flavor-Disposable-Vape-Free-Shipping-1-1024x1024.webp\" alt=\"Waspe Fihp 40K Puffs Double Flavor Disposable Vape Kostenloser Versand 1\" width=\"1024\" height=\"1024\" srcset=\"https:\/\/www.vapecigwholesale.com\/wp-content\/uploads\/2024\/12\/Waspe-Fihp-40K-Puffs-Double-Flavor-Disposable-Vape-Free-Shipping-1-1024x1024.webp 1024w, https:\/\/www.vapecigwholesale.com\/wp-content\/uploads\/2024\/12\/Waspe-Fihp-40K-Puffs-Double-Flavor-Disposable-Vape-Free-Shipping-1-300x300.webp 300w, https:\/\/www.vapecigwholesale.com\/wp-content\/uploads\/2024\/12\/Waspe-Fihp-40K-Puffs-Double-Flavor-Disposable-Vape-Free-Shipping-1-150x150.webp 150w, https:\/\/www.vapecigwholesale.com\/wp-content\/uploads\/2024\/12\/Waspe-Fihp-40K-Puffs-Double-Flavor-Disposable-Vape-Free-Shipping-1-768x768.webp 768w, https:\/\/www.vapecigwholesale.com\/wp-content\/uploads\/2024\/12\/Waspe-Fihp-40K-Puffs-Double-Flavor-Disposable-Vape-Free-Shipping-1-12x12.webp 12w, https:\/\/www.vapecigwholesale.com\/wp-content\/uploads\/2024\/12\/Waspe-Fihp-40K-Puffs-Double-Flavor-Disposable-Vape-Free-Shipping-1-1140x1140.webp 1140w, https:\/\/www.vapecigwholesale.com\/wp-content\/uploads\/2024\/12\/Waspe-Fihp-40K-Puffs-Double-Flavor-Disposable-Vape-Free-Shipping-1-920x920.webp 920w, https:\/\/www.vapecigwholesale.com\/wp-content\/uploads\/2024\/12\/Waspe-Fihp-40K-Puffs-Double-Flavor-Disposable-Vape-Free-Shipping-1-575x575.webp 575w, https:\/\/www.vapecigwholesale.com\/wp-content\/uploads\/2024\/12\/Waspe-Fihp-40K-Puffs-Double-Flavor-Disposable-Vape-Free-Shipping-1-380x380.webp 380w, https:\/\/www.vapecigwholesale.com\/wp-content\/uploads\/2024\/12\/Waspe-Fihp-40K-Puffs-Double-Flavor-Disposable-Vape-Free-Shipping-1-50x50.webp 50w, https:\/\/www.vapecigwholesale.com\/wp-content\/uploads\/2024\/12\/Waspe-Fihp-40K-Puffs-Double-Flavor-Disposable-Vape-Free-Shipping-1-26x26.webp 26w, https:\/\/www.vapecigwholesale.com\/wp-content\/uploads\/2024\/12\/Waspe-Fihp-40K-Puffs-Double-Flavor-Disposable-Vape-Free-Shipping-1-420x420.webp 420w, https:\/\/www.vapecigwholesale.com\/wp-content\/uploads\/2024\/12\/Waspe-Fihp-40K-Puffs-Double-Flavor-Disposable-Vape-Free-Shipping-1-800x800.webp 800w, https:\/\/www.vapecigwholesale.com\/wp-content\/uploads\/2024\/12\/Waspe-Fihp-40K-Puffs-Double-Flavor-Disposable-Vape-Free-Shipping-1-100x100.webp 100w, https:\/\/www.vapecigwholesale.com\/wp-content\/uploads\/2024\/12\/Waspe-Fihp-40K-Puffs-Double-Flavor-Disposable-Vape-Free-Shipping-1-80x80.webp 80w, https:\/\/www.vapecigwholesale.com\/wp-content\/uploads\/2024\/12\/Waspe-Fihp-40K-Puffs-Double-Flavor-Disposable-Vape-Free-Shipping-1.webp 1200w\" sizes=\"(max-width: 1024px) 100vw, 1024px\" \/><\/p>\n<p><img decoding=\"async\" class=\"wp-image-1453 size-large\" title=\"Waspe Fihp 40K Puffs Double Flavor Disposable Vape Freies Verschiffen 2\" src=\"https:\/\/www.vapecigwholesale.com\/wp-content\/uploads\/2024\/12\/Waspe-Fihp-40K-Puffs-Double-Flavor-Disposable-Vape-Free-Shipping-2-1024x1024.webp\" alt=\"Waspe Fihp 40K Puffs Double Flavor Disposable Vape Freies Verschiffen 2\" width=\"1024\" height=\"1024\" srcset=\"https:\/\/www.vapecigwholesale.com\/wp-content\/uploads\/2024\/12\/Waspe-Fihp-40K-Puffs-Double-Flavor-Disposable-Vape-Free-Shipping-2-1024x1024.webp 1024w, https:\/\/www.vapecigwholesale.com\/wp-content\/uploads\/2024\/12\/Waspe-Fihp-40K-Puffs-Double-Flavor-Disposable-Vape-Free-Shipping-2-300x300.webp 300w, https:\/\/www.vapecigwholesale.com\/wp-content\/uploads\/2024\/12\/Waspe-Fihp-40K-Puffs-Double-Flavor-Disposable-Vape-Free-Shipping-2-150x150.webp 150w, https:\/\/www.vapecigwholesale.com\/wp-content\/uploads\/2024\/12\/Waspe-Fihp-40K-Puffs-Double-Flavor-Disposable-Vape-Free-Shipping-2-768x768.webp 768w, https:\/\/www.vapecigwholesale.com\/wp-content\/uploads\/2024\/12\/Waspe-Fihp-40K-Puffs-Double-Flavor-Disposable-Vape-Free-Shipping-2-12x12.webp 12w, https:\/\/www.vapecigwholesale.com\/wp-content\/uploads\/2024\/12\/Waspe-Fihp-40K-Puffs-Double-Flavor-Disposable-Vape-Free-Shipping-2-1140x1140.webp 1140w, https:\/\/www.vapecigwholesale.com\/wp-content\/uploads\/2024\/12\/Waspe-Fihp-40K-Puffs-Double-Flavor-Disposable-Vape-Free-Shipping-2-920x920.webp 920w, https:\/\/www.vapecigwholesale.com\/wp-content\/uploads\/2024\/12\/Waspe-Fihp-40K-Puffs-Double-Flavor-Disposable-Vape-Free-Shipping-2-575x575.webp 575w, https:\/\/www.vapecigwholesale.com\/wp-content\/uploads\/2024\/12\/Waspe-Fihp-40K-Puffs-Double-Flavor-Disposable-Vape-Free-Shipping-2-380x380.webp 380w, https:\/\/www.vapecigwholesale.com\/wp-content\/uploads\/2024\/12\/Waspe-Fihp-40K-Puffs-Double-Flavor-Disposable-Vape-Free-Shipping-2-50x50.webp 50w, https:\/\/www.vapecigwholesale.com\/wp-content\/uploads\/2024\/12\/Waspe-Fihp-40K-Puffs-Double-Flavor-Disposable-Vape-Free-Shipping-2-26x26.webp 26w, https:\/\/www.vapecigwholesale.com\/wp-content\/uploads\/2024\/12\/Waspe-Fihp-40K-Puffs-Double-Flavor-Disposable-Vape-Free-Shipping-2-420x420.webp 420w, https:\/\/www.vapecigwholesale.com\/wp-content\/uploads\/2024\/12\/Waspe-Fihp-40K-Puffs-Double-Flavor-Disposable-Vape-Free-Shipping-2-800x800.webp 800w, https:\/\/www.vapecigwholesale.com\/wp-content\/uploads\/2024\/12\/Waspe-Fihp-40K-Puffs-Double-Flavor-Disposable-Vape-Free-Shipping-2-100x100.webp 100w, https:\/\/www.vapecigwholesale.com\/wp-content\/uploads\/2024\/12\/Waspe-Fihp-40K-Puffs-Double-Flavor-Disposable-Vape-Free-Shipping-2-80x80.webp 80w, https:\/\/www.vapecigwholesale.com\/wp-content\/uploads\/2024\/12\/Waspe-Fihp-40K-Puffs-Double-Flavor-Disposable-Vape-Free-Shipping-2.webp 1200w\" sizes=\"(max-width: 1024px) 100vw, 1024px\" \/><\/p>","protected":false},"excerpt":{"rendered":"<p>Preis nur f\u00fcr 1St\u00fcck Kostenloser Versand<\/p>\n<p>( <strong>0% 2% 5% Nic<\/strong>) Versandzeit: 2 Wochen<\/p>","protected":false},"featured_media":1491,"comment_status":"open","ping_status":"closed","template":"","meta":{"om_disable_all_campaigns":false,"_monsterinsights_skip_tracking":false,"_monsterinsights_sitenote_active":false,"_monsterinsights_sitenote_note":"","_monsterinsights_sitenote_category":0},"product_brand":[],"product_cat":[15],"product_tag":[],"class_list":{"0":"post-1471","1":"product","2":"type-product","3":"status-publish","4":"has-post-thumbnail","6":"product_cat-disposable-vape","8":"first","9":"instock","10":"shipping-taxable","11":"purchasable","12":"product-type-variable","13":"has-default-attributes"},"aioseo_notices":[],"_links":{"self":[{"href":"https:\/\/www.vapecigwholesale.com\/de\/wp-json\/wp\/v2\/product\/1471","targetHints":{"allow":["GET"]}}],"collection":[{"href":"https:\/\/www.vapecigwholesale.com\/de\/wp-json\/wp\/v2\/product"}],"about":[{"href":"https:\/\/www.vapecigwholesale.com\/de\/wp-json\/wp\/v2\/types\/product"}],"replies":[{"embeddable":true,"href":"https:\/\/www.vapecigwholesale.com\/de\/wp-json\/wp\/v2\/comments?post=1471"}],"wp:featuredmedia":[{"embeddable":true,"href":"https:\/\/www.vapecigwholesale.com\/de\/wp-json\/wp\/v2\/media\/1491"}],"wp:attachment":[{"href":"https:\/\/www.vapecigwholesale.com\/de\/wp-json\/wp\/v2\/media?parent=1471"}],"wp:term":[{"taxonomy":"product_brand","embeddable":true,"href":"https:\/\/www.vapecigwholesale.com\/de\/wp-json\/wp\/v2\/product_brand?post=1471"},{"taxonomy":"product_cat","embeddable":true,"href":"https:\/\/www.vapecigwholesale.com\/de\/wp-json\/wp\/v2\/product_cat?post=1471"},{"taxonomy":"product_tag","embeddable":true,"href":"https:\/\/www.vapecigwholesale.com\/de\/wp-json\/wp\/v2\/product_tag?post=1471"}],"curies":[{"name":"wp","href":"https:\/\/api.w.org\/{rel}","templated":true}]}}