{"id":771,"date":"2024-11-13T18:04:12","date_gmt":"2024-11-13T10:04:12","guid":{"rendered":"https:\/\/www.vapecigwholesale.com\/?post_type=product&#038;p=771"},"modified":"2025-02-19T14:28:06","modified_gmt":"2025-02-19T06:28:06","slug":"fumot-tornado-30k-music-disposable-vape-free-shipping","status":"publish","type":"product","link":"https:\/\/www.vapecigwholesale.com\/de\/product\/fumot-tornado-30k-musik-einweg-vape-kostenloser-versand\/","title":{"rendered":"Fumot Tornado 30K Musik Disposable vape Freies Verschiffen"},"content":{"rendered":"<p>Fumot Tornado 30K Musik kommen mit USB-C oder UsB Typ-C ist die neueste Universalstandard f\u00fcr kabelgebundene Verbindungen zu intelligenten Ger\u00e4ten, und die Torndao 30k Musik hat sich f\u00fcr Typ-Cso, dass Sie es schnell aufladen k\u00f6nnen, Tornado 30k Musik kann blinken Lichter in Rhythmwith The Music. Und es zeigt verschiedene RGB lightswhen vaping, leuchtet hell wie ein Diamant in thedark, die Sie so cool in der Menge macht. mit einem eingebauten 600mahrechargeable Batterie, cabe ein paar Mal aufgeladen, so dass Sie nicht mit adead Einweg vor dem e-Fl\u00fcssigkeit stecken.<\/p>\n<p>Fumot Tornado 30K Music ist ein 30K Puffs Einweg vapedevice powered by RandM. Tornado 30k Music verwendet eine 1.00Mesh Coil und eine eingebaute 600mAh wiederaufladbare Batterie. Es gibt insgesamt 30 Favoriten und 4 Nikotin ( 2%\uff0c3%\uff0c5%\uff09St\u00e4rken f\u00fcr Sie tochoose aus.<\/p>\n<h2><strong>Fumot Tornado 30k Musik Details:<\/strong><\/h2>\n<ul>\n<li>Fl\u00fcssigkeit: 25 mL Vorgef\u00fcllt<\/li>\n<li>Puste: Bis zu 30000 Z\u00fcge<\/li>\n<li>Akku:600mAh<\/li>\n<li>Nicotine:2%,3%,5%.<\/li>\n<li>Kern: Maschenspule 1,0 \u03a9<\/li>\n<li>Geschmacksrichtungen:30 Geschmacksrichtungen<\/li>\n<\/ul>\n<h2><strong>Fumot Tornado 30k Musikgeschmacksrichtungen verf\u00fcgbar\uff1a<\/strong><\/h2>\n<ol>\n<li>Bananeneis<\/li>\n<li>Schwarzes Eis<\/li>\n<li>Heidelbeere auf Eis<\/li>\n<li>Blaues Razzeis<\/li>\n<li>Heidelbeere-Himbeere<\/li>\n<li>Blaubeere-Sauer-Himbeere<\/li>\n<li>Kirsche Cola<\/li>\n<li>Kirsche Eis<\/li>\n<li>Cola-Eis<\/li>\n<li>K\u00fchle Minze<\/li>\n<li>Dr. Blau<\/li>\n<li>Traubeneis<\/li>\n<li>Doppelter Apfel<\/li>\n<li>Eis am Stiel<\/li>\n<li>Kiwi Passionsfrucht Guave<\/li>\n<li>Liebe 66<\/li>\n<li>Gemischte Beeren<\/li>\n<li>Pfirsich Beere<\/li>\n<li>Pfirsich-Eis<\/li>\n<li>Ananaseis<\/li>\n<li>Pfirsich, Mango und Ananas<\/li>\n<li>Rosa Limonade<\/li>\n<li>Kegeln<\/li>\n<li>Erdbeereis<\/li>\n<li>Erdbeere-Banane<\/li>\n<li>Erdbeere Traube<\/li>\n<li>Erdbeere Wassermelone<\/li>\n<li>Dreifache Mango<\/li>\n<li>Vimto<\/li>\n<li>\u00dcppiges Eis<\/li>\n<\/ol>\n<h2><strong>Packliste:<\/strong><\/h2>\n<p>1St\u00fcck je kleine Schachtel<br \/>\n10 Stck. pro Mittelkarton<br \/>\n200St\u00fcck pro Karton<\/p>\n<p><img fetchpriority=\"high\" decoding=\"async\" class=\"wp-image-739 size-large\" title=\"Bestellen Sie Original Fumot Tornado 30K Music Disposable vape Kostenloser Versand 3\" src=\"https:\/\/www.vapecigwholesale.com\/wp-content\/uploads\/2024\/11\/Order-Original-Fumot-Tornado-30K-Music-Disposable-vape-Free-Shipping-3-1024x1024.webp\" alt=\"Bestellen Sie Original Fumot Tornado 30K Music Disposable vape Kostenloser Versand 3\" width=\"1024\" height=\"1024\" srcset=\"https:\/\/www.vapecigwholesale.com\/wp-content\/uploads\/2024\/11\/Order-Original-Fumot-Tornado-30K-Music-Disposable-vape-Free-Shipping-3-1024x1024.webp 1024w, https:\/\/www.vapecigwholesale.com\/wp-content\/uploads\/2024\/11\/Order-Original-Fumot-Tornado-30K-Music-Disposable-vape-Free-Shipping-3-300x300.webp 300w, https:\/\/www.vapecigwholesale.com\/wp-content\/uploads\/2024\/11\/Order-Original-Fumot-Tornado-30K-Music-Disposable-vape-Free-Shipping-3-150x150.webp 150w, https:\/\/www.vapecigwholesale.com\/wp-content\/uploads\/2024\/11\/Order-Original-Fumot-Tornado-30K-Music-Disposable-vape-Free-Shipping-3-768x768.webp 768w, https:\/\/www.vapecigwholesale.com\/wp-content\/uploads\/2024\/11\/Order-Original-Fumot-Tornado-30K-Music-Disposable-vape-Free-Shipping-3-1536x1536.webp 1536w, https:\/\/www.vapecigwholesale.com\/wp-content\/uploads\/2024\/11\/Order-Original-Fumot-Tornado-30K-Music-Disposable-vape-Free-Shipping-3-12x12.webp 12w, https:\/\/www.vapecigwholesale.com\/wp-content\/uploads\/2024\/11\/Order-Original-Fumot-Tornado-30K-Music-Disposable-vape-Free-Shipping-3-1140x1140.webp 1140w, https:\/\/www.vapecigwholesale.com\/wp-content\/uploads\/2024\/11\/Order-Original-Fumot-Tornado-30K-Music-Disposable-vape-Free-Shipping-3-920x920.webp 920w, https:\/\/www.vapecigwholesale.com\/wp-content\/uploads\/2024\/11\/Order-Original-Fumot-Tornado-30K-Music-Disposable-vape-Free-Shipping-3-575x575.webp 575w, https:\/\/www.vapecigwholesale.com\/wp-content\/uploads\/2024\/11\/Order-Original-Fumot-Tornado-30K-Music-Disposable-vape-Free-Shipping-3-380x380.webp 380w, https:\/\/www.vapecigwholesale.com\/wp-content\/uploads\/2024\/11\/Order-Original-Fumot-Tornado-30K-Music-Disposable-vape-Free-Shipping-3-50x50.webp 50w, https:\/\/www.vapecigwholesale.com\/wp-content\/uploads\/2024\/11\/Order-Original-Fumot-Tornado-30K-Music-Disposable-vape-Free-Shipping-3-26x26.webp 26w, https:\/\/www.vapecigwholesale.com\/wp-content\/uploads\/2024\/11\/Order-Original-Fumot-Tornado-30K-Music-Disposable-vape-Free-Shipping-3-420x420.webp 420w, https:\/\/www.vapecigwholesale.com\/wp-content\/uploads\/2024\/11\/Order-Original-Fumot-Tornado-30K-Music-Disposable-vape-Free-Shipping-3-800x800.webp 800w, https:\/\/www.vapecigwholesale.com\/wp-content\/uploads\/2024\/11\/Order-Original-Fumot-Tornado-30K-Music-Disposable-vape-Free-Shipping-3-100x100.webp 100w, https:\/\/www.vapecigwholesale.com\/wp-content\/uploads\/2024\/11\/Order-Original-Fumot-Tornado-30K-Music-Disposable-vape-Free-Shipping-3-80x80.webp 80w, https:\/\/www.vapecigwholesale.com\/wp-content\/uploads\/2024\/11\/Order-Original-Fumot-Tornado-30K-Music-Disposable-vape-Free-Shipping-3.webp 2000w\" sizes=\"(max-width: 1024px) 100vw, 1024px\" \/><\/p>\n<p><img decoding=\"async\" class=\"wp-image-740 size-large\" title=\"Bestellen Sie Original Fumot Tornado 30K Music Disposable vape Kostenloser Versand 4\" src=\"https:\/\/www.vapecigwholesale.com\/wp-content\/uploads\/2024\/11\/Order-Original-Fumot-Tornado-30K-Music-Disposable-vape-Free-Shipping-4-1024x614.webp\" alt=\"Bestellen Sie Original Fumot Tornado 30K Music Disposable vape Kostenloser Versand 4\" width=\"1024\" height=\"614\" srcset=\"https:\/\/www.vapecigwholesale.com\/wp-content\/uploads\/2024\/11\/Order-Original-Fumot-Tornado-30K-Music-Disposable-vape-Free-Shipping-4-1024x614.webp 1024w, https:\/\/www.vapecigwholesale.com\/wp-content\/uploads\/2024\/11\/Order-Original-Fumot-Tornado-30K-Music-Disposable-vape-Free-Shipping-4-300x180.webp 300w, https:\/\/www.vapecigwholesale.com\/wp-content\/uploads\/2024\/11\/Order-Original-Fumot-Tornado-30K-Music-Disposable-vape-Free-Shipping-4-768x461.webp 768w, https:\/\/www.vapecigwholesale.com\/wp-content\/uploads\/2024\/11\/Order-Original-Fumot-Tornado-30K-Music-Disposable-vape-Free-Shipping-4-18x12.webp 18w, https:\/\/www.vapecigwholesale.com\/wp-content\/uploads\/2024\/11\/Order-Original-Fumot-Tornado-30K-Music-Disposable-vape-Free-Shipping-4-1140x684.webp 1140w, https:\/\/www.vapecigwholesale.com\/wp-content\/uploads\/2024\/11\/Order-Original-Fumot-Tornado-30K-Music-Disposable-vape-Free-Shipping-4-920x552.webp 920w, https:\/\/www.vapecigwholesale.com\/wp-content\/uploads\/2024\/11\/Order-Original-Fumot-Tornado-30K-Music-Disposable-vape-Free-Shipping-4-575x345.webp 575w, https:\/\/www.vapecigwholesale.com\/wp-content\/uploads\/2024\/11\/Order-Original-Fumot-Tornado-30K-Music-Disposable-vape-Free-Shipping-4-380x228.webp 380w, https:\/\/www.vapecigwholesale.com\/wp-content\/uploads\/2024\/11\/Order-Original-Fumot-Tornado-30K-Music-Disposable-vape-Free-Shipping-4-800x480.webp 800w, https:\/\/www.vapecigwholesale.com\/wp-content\/uploads\/2024\/11\/Order-Original-Fumot-Tornado-30K-Music-Disposable-vape-Free-Shipping-4-80x48.webp 80w, https:\/\/www.vapecigwholesale.com\/wp-content\/uploads\/2024\/11\/Order-Original-Fumot-Tornado-30K-Music-Disposable-vape-Free-Shipping-4.webp 1500w\" sizes=\"(max-width: 1024px) 100vw, 1024px\" \/><\/p>\n<p>&nbsp;<\/p>","protected":false},"excerpt":{"rendered":"<div class=\"product-short-description\">\n<p>Preis nur f\u00fcr 1pc Kostenloser Versand<\/p>\n<p>(<strong>2%\uff0c3%\uff0c5% Nic<\/strong>)\u00a0 <strong>Versandzeit: 2 Wochen<\/strong><\/p>\n<\/div>\n<div class=\"wsppc_div_block woocommerce_before_add_to_cart_form\"><\/div>","protected":false},"featured_media":738,"comment_status":"open","ping_status":"closed","template":"","meta":{"om_disable_all_campaigns":false,"_monsterinsights_skip_tracking":false,"_monsterinsights_sitenote_active":false,"_monsterinsights_sitenote_note":"","_monsterinsights_sitenote_category":0},"product_brand":[],"product_cat":[15],"product_tag":[],"class_list":{"0":"post-771","1":"product","2":"type-product","3":"status-publish","4":"has-post-thumbnail","6":"product_cat-disposable-vape","8":"first","9":"instock","10":"featured","11":"shipping-taxable","12":"purchasable","13":"product-type-variable","14":"has-default-attributes"},"aioseo_notices":[],"_links":{"self":[{"href":"https:\/\/www.vapecigwholesale.com\/de\/wp-json\/wp\/v2\/product\/771","targetHints":{"allow":["GET"]}}],"collection":[{"href":"https:\/\/www.vapecigwholesale.com\/de\/wp-json\/wp\/v2\/product"}],"about":[{"href":"https:\/\/www.vapecigwholesale.com\/de\/wp-json\/wp\/v2\/types\/product"}],"replies":[{"embeddable":true,"href":"https:\/\/www.vapecigwholesale.com\/de\/wp-json\/wp\/v2\/comments?post=771"}],"wp:featuredmedia":[{"embeddable":true,"href":"https:\/\/www.vapecigwholesale.com\/de\/wp-json\/wp\/v2\/media\/738"}],"wp:attachment":[{"href":"https:\/\/www.vapecigwholesale.com\/de\/wp-json\/wp\/v2\/media?parent=771"}],"wp:term":[{"taxonomy":"product_brand","embeddable":true,"href":"https:\/\/www.vapecigwholesale.com\/de\/wp-json\/wp\/v2\/product_brand?post=771"},{"taxonomy":"product_cat","embeddable":true,"href":"https:\/\/www.vapecigwholesale.com\/de\/wp-json\/wp\/v2\/product_cat?post=771"},{"taxonomy":"product_tag","embeddable":true,"href":"https:\/\/www.vapecigwholesale.com\/de\/wp-json\/wp\/v2\/product_tag?post=771"}],"curies":[{"name":"wp","href":"https:\/\/api.w.org\/{rel}","templated":true}]}}