{"id":848,"date":"2024-11-13T14:29:54","date_gmt":"2024-11-13T06:29:54","guid":{"rendered":"https:\/\/www.vapecigwholesale.com\/?post_type=product&#038;p=848"},"modified":"2025-02-19T14:30:36","modified_gmt":"2025-02-19T06:30:36","slug":"fumot-tornado-15000-puffs-disposable-vape-free-shipping","status":"publish","type":"product","link":"https:\/\/www.vapecigwholesale.com\/de\/product\/fumot-tornado-15000-puffs-wegwerfbares-vape-freier-versand\/","title":{"rendered":"Fumot Tornado 15000 Puffs Einweg vape Freies Verschiffen"},"content":{"rendered":"<p>Fumot Tornado 15000 Puffs ist der neueste Einwegverdampfer mit hohem Puffvolumen, der von Shenzhen Fumot Technology eingef\u00fchrt wurde. Fumot Technology hat den Finger am Puls der Marktnachfrage und hat sich auf die Kauftrends der Verbraucher eingestellt. Vapes mit gro\u00dfen Puffs wie die 7000 Puffs, 9000 Puffs und 10000 Puffs haben den Markt dominiert und erfreuen sich anhaltender Beliebtheit. Es gibt jedoch eine Untergruppe von Vape-Enthusiasten, die sich noch gr\u00f6\u00dfere Puff-Kapazit\u00e4ten w\u00fcnschen, was zur Entwicklung des Tornado 15000 f\u00fchrte, um diese Nachfrage zu befriedigen.<\/p>\n<p>Der Fumot Tornado 15000 Puffs beh\u00e4lt die ikonische zylindrische Form der Tornado-Serie bei und verbindet sie mit dem illustrativen Designstil eines anderen Fumot-Bestsellers, der Digital Box 12000. Mit dem LED-Bildschirm und den RGB-Beleuchtungseffekten auf dem zylindrischen K\u00f6rper wollen wir den Monkey Bro wieder zum Strahlen bringen.<\/p>\n<p>Der Fumot Tornado 15000 verf\u00fcgt \u00fcber einen LED-Bildschirm mit \u00d6l- und Stromanzeige, so dass der Benutzer je nach \u00d6lstand m\u00fchelos zwischen den Ger\u00e4ten wechseln kann. Die Stromanzeige dient einem \u00e4hnlichen Zweck und bietet Echtzeit-Akku\u00fcberpr\u00fcfungen f\u00fcr ein optimales Nutzungsmanagement.<br \/>\nWir haben in den Tornado 15000 eine 0,9-Ohm-Mesh-Spule mit niedrigem Widerstand integriert, die die Heizfl\u00e4che f\u00fcr sanftere Z\u00fcge und reichhaltigere Dampfproduktion maximiert. Das Mesh Coil Design sorgt f\u00fcr eine konsistente und gleichm\u00e4\u00dfige Erw\u00e4rmung des E-Liquids und garantiert eine gleichm\u00e4\u00dfige Geschmacksverteilung.<br \/>\nMit dem eingebauten 850mAh-Akku bietet das Tornado 15000 eine gro\u00dfe Akkukapazit\u00e4t, die es dem Nutzer erm\u00f6glicht, das Ger\u00e4t tagelang mit einer einzigen Ladung zu nutzen. Der Typ-C-Schnellladeanschluss sorgt f\u00fcr ein sicheres und schnelles Aufladen.<\/p>\n<h2><strong>Fumot Tornado 15000 Puffs Details:<\/strong><\/h2>\n<ul>\n<li>Optionen f\u00fcr den Nikotingehalt: 0%, 2%, 3% und 5%<\/li>\n<li>Bis zu 15000 Z\u00fcge<\/li>\n<li>Vorgef\u00fcllt mit 25ml e-Fl\u00fcssigkeit<\/li>\n<li>850mAh wiederaufladbare Batterie<\/li>\n<li>0,9\u03a9 Maschenspule<\/li>\n<li>41 verf\u00fcgbare Geschmacksrichtungen<\/li>\n<\/ul>\n<h2><strong>Fumot Tornado 15000 Puffs Verf\u00fcgbare Geschmacksrichtungen:<\/strong><\/h2>\n<p>1.blaue Razz Limonade<br \/>\n2.Pfirsich-Eis<br \/>\n3. saurer Apfel<br \/>\n4 Wassermelone Eis<br \/>\n5. blaubeere auf eis<br \/>\n6. heidelbeere himbeere<br \/>\n7. ananas eis<br \/>\n8.Kirsche<br \/>\n9. erdbeereis<br \/>\n10.Vimto<br \/>\n11. traubeneis<br \/>\n12.Cola-Eis<br \/>\n13. erdbeerige Wassermelone<br \/>\n14. rosa Limonade<br \/>\n15.gemischte Beeren<br \/>\n16. pfirsich-mango<br \/>\n17. die Drachenfrucht<br \/>\n18. erdbeere traube<br \/>\n19.Herr Blau<br \/>\n20. \u00fcppiges Eis<br \/>\n21.Ice Pop<br \/>\n22. erdbeere kiwi<br \/>\n23.Kiwi Passionsfrucht Guave<br \/>\n24.Dreifach Beere<br \/>\n25.Bananeneis<br \/>\n26.pfirsich-blaubeer-bonbons<br \/>\n27. apfel pfirsich birne<br \/>\n28.beerige Limonade<br \/>\n29.blau Razz Cherry<br \/>\n30.blaubeere Bubblegum<br \/>\n31.heidelbeere kirsche cranberry<br \/>\n32.Heidelbeere-Granatapfel<br \/>\n33.Bluesour Himbeere<br \/>\n34.Kirsche Cola<br \/>\n35. gummib\u00e4rchen<br \/>\n36. zitrone &amp; limette<br \/>\n37.Mango auf Eis<br \/>\n38.rote Energie Eis<br \/>\n39.Erdbeere Banane<br \/>\n40.Erdbeere Red Bull<br \/>\n41.erdbeer-wassermelonen-limonade<br \/>\n42.Eistee Zitroneneis<br \/>\n43.Eistee Pfirsich Eis<br \/>\n44.spritzige Kirsche<br \/>\n45.Kegeln<\/p>\n<h2><strong>Packliste:<\/strong><\/h2>\n<p>1St\u00fcck jede kleine Schachtel<br \/>\n10 St\u00fcck pro Mittelkarton<br \/>\n200St\u00fcck pro Karton<\/p>\n<p><img fetchpriority=\"high\" decoding=\"async\" class=\"alignnone wp-image-802 size-full\" title=\"Fumot Tornado 15000 Puffs Disposable vape Kostenloser Versand 1\" src=\"https:\/\/www.vapecigwholesale.com\/wp-content\/uploads\/2024\/11\/Fumot-Tornado-15000-Puffs-Disposable-vape-Free-Shipping-1.webp\" alt=\"Fumot Tornado 15000 Puffs Disposable vape Kostenloser Versand 1\" width=\"800\" height=\"800\" srcset=\"https:\/\/www.vapecigwholesale.com\/wp-content\/uploads\/2024\/11\/Fumot-Tornado-15000-Puffs-Disposable-vape-Free-Shipping-1.webp 800w, https:\/\/www.vapecigwholesale.com\/wp-content\/uploads\/2024\/11\/Fumot-Tornado-15000-Puffs-Disposable-vape-Free-Shipping-1-300x300.webp 300w, https:\/\/www.vapecigwholesale.com\/wp-content\/uploads\/2024\/11\/Fumot-Tornado-15000-Puffs-Disposable-vape-Free-Shipping-1-150x150.webp 150w, https:\/\/www.vapecigwholesale.com\/wp-content\/uploads\/2024\/11\/Fumot-Tornado-15000-Puffs-Disposable-vape-Free-Shipping-1-768x768.webp 768w, https:\/\/www.vapecigwholesale.com\/wp-content\/uploads\/2024\/11\/Fumot-Tornado-15000-Puffs-Disposable-vape-Free-Shipping-1-12x12.webp 12w, https:\/\/www.vapecigwholesale.com\/wp-content\/uploads\/2024\/11\/Fumot-Tornado-15000-Puffs-Disposable-vape-Free-Shipping-1-575x575.webp 575w, https:\/\/www.vapecigwholesale.com\/wp-content\/uploads\/2024\/11\/Fumot-Tornado-15000-Puffs-Disposable-vape-Free-Shipping-1-380x380.webp 380w, https:\/\/www.vapecigwholesale.com\/wp-content\/uploads\/2024\/11\/Fumot-Tornado-15000-Puffs-Disposable-vape-Free-Shipping-1-50x50.webp 50w, https:\/\/www.vapecigwholesale.com\/wp-content\/uploads\/2024\/11\/Fumot-Tornado-15000-Puffs-Disposable-vape-Free-Shipping-1-26x26.webp 26w, https:\/\/www.vapecigwholesale.com\/wp-content\/uploads\/2024\/11\/Fumot-Tornado-15000-Puffs-Disposable-vape-Free-Shipping-1-420x420.webp 420w, https:\/\/www.vapecigwholesale.com\/wp-content\/uploads\/2024\/11\/Fumot-Tornado-15000-Puffs-Disposable-vape-Free-Shipping-1-100x100.webp 100w, https:\/\/www.vapecigwholesale.com\/wp-content\/uploads\/2024\/11\/Fumot-Tornado-15000-Puffs-Disposable-vape-Free-Shipping-1-80x80.webp 80w\" sizes=\"(max-width: 800px) 100vw, 800px\" \/><\/p>\n<p><img decoding=\"async\" class=\"alignnone wp-image-803 size-full\" title=\"Fumot Tornado 15000 Puffs Einweg vape Kostenloser Versand 2\" src=\"https:\/\/www.vapecigwholesale.com\/wp-content\/uploads\/2024\/11\/Fumot-Tornado-15000-Puffs-Disposable-vape-Free-Shipping-2.webp\" alt=\"Fumot Tornado 15000 Puffs Einweg vape Kostenloser Versand 2\" width=\"800\" height=\"513\" srcset=\"https:\/\/www.vapecigwholesale.com\/wp-content\/uploads\/2024\/11\/Fumot-Tornado-15000-Puffs-Disposable-vape-Free-Shipping-2.webp 800w, https:\/\/www.vapecigwholesale.com\/wp-content\/uploads\/2024\/11\/Fumot-Tornado-15000-Puffs-Disposable-vape-Free-Shipping-2-300x192.webp 300w, https:\/\/www.vapecigwholesale.com\/wp-content\/uploads\/2024\/11\/Fumot-Tornado-15000-Puffs-Disposable-vape-Free-Shipping-2-768x492.webp 768w, https:\/\/www.vapecigwholesale.com\/wp-content\/uploads\/2024\/11\/Fumot-Tornado-15000-Puffs-Disposable-vape-Free-Shipping-2-18x12.webp 18w, https:\/\/www.vapecigwholesale.com\/wp-content\/uploads\/2024\/11\/Fumot-Tornado-15000-Puffs-Disposable-vape-Free-Shipping-2-575x369.webp 575w, https:\/\/www.vapecigwholesale.com\/wp-content\/uploads\/2024\/11\/Fumot-Tornado-15000-Puffs-Disposable-vape-Free-Shipping-2-380x244.webp 380w, https:\/\/www.vapecigwholesale.com\/wp-content\/uploads\/2024\/11\/Fumot-Tornado-15000-Puffs-Disposable-vape-Free-Shipping-2-80x51.webp 80w\" sizes=\"(max-width: 800px) 100vw, 800px\" \/><\/p>","protected":false},"excerpt":{"rendered":"<p>Preis nur f\u00fcr 1pc Kostenloser Versand<\/p>\n<p>(<strong>2%\uff0c3%\uff0c5% Nic<\/strong>)\u00a0 <strong>Versandzeit: 2 Wochen<\/strong><\/p>","protected":false},"featured_media":842,"comment_status":"open","ping_status":"closed","template":"","meta":{"om_disable_all_campaigns":false,"_monsterinsights_skip_tracking":false,"_monsterinsights_sitenote_active":false,"_monsterinsights_sitenote_note":"","_monsterinsights_sitenote_category":0},"product_brand":[],"product_cat":[15],"product_tag":[],"class_list":{"0":"post-848","1":"product","2":"type-product","3":"status-publish","4":"has-post-thumbnail","6":"product_cat-disposable-vape","8":"first","9":"instock","10":"featured","11":"shipping-taxable","12":"purchasable","13":"product-type-variable","14":"has-default-attributes"},"aioseo_notices":[],"_links":{"self":[{"href":"https:\/\/www.vapecigwholesale.com\/de\/wp-json\/wp\/v2\/product\/848","targetHints":{"allow":["GET"]}}],"collection":[{"href":"https:\/\/www.vapecigwholesale.com\/de\/wp-json\/wp\/v2\/product"}],"about":[{"href":"https:\/\/www.vapecigwholesale.com\/de\/wp-json\/wp\/v2\/types\/product"}],"replies":[{"embeddable":true,"href":"https:\/\/www.vapecigwholesale.com\/de\/wp-json\/wp\/v2\/comments?post=848"}],"wp:featuredmedia":[{"embeddable":true,"href":"https:\/\/www.vapecigwholesale.com\/de\/wp-json\/wp\/v2\/media\/842"}],"wp:attachment":[{"href":"https:\/\/www.vapecigwholesale.com\/de\/wp-json\/wp\/v2\/media?parent=848"}],"wp:term":[{"taxonomy":"product_brand","embeddable":true,"href":"https:\/\/www.vapecigwholesale.com\/de\/wp-json\/wp\/v2\/product_brand?post=848"},{"taxonomy":"product_cat","embeddable":true,"href":"https:\/\/www.vapecigwholesale.com\/de\/wp-json\/wp\/v2\/product_cat?post=848"},{"taxonomy":"product_tag","embeddable":true,"href":"https:\/\/www.vapecigwholesale.com\/de\/wp-json\/wp\/v2\/product_tag?post=848"}],"curies":[{"name":"wp","href":"https:\/\/api.w.org\/{rel}","templated":true}]}}