{"id":915,"date":"2024-11-13T14:59:56","date_gmt":"2024-11-13T06:59:56","guid":{"rendered":"https:\/\/www.vapecigwholesale.com\/?post_type=product&#038;p=915"},"modified":"2025-02-19T14:29:21","modified_gmt":"2025-02-19T06:29:21","slug":"vapsolo-super-15000-puffs-disposable-vape-free-shipping","status":"publish","type":"product","link":"https:\/\/www.vapecigwholesale.com\/de\/product\/vapsolo-super-15000-puffs-wegwerfbares-vape-freier-versand\/","title":{"rendered":"Vapsolo Super 15000 Puffs Einweg Vape Freies Verschiffen"},"content":{"rendered":"<p>Vapsolo Super 15000 Puffs ist ein Hochleistungsdampfer, der bis zu 15.000 Z\u00fcge mit einer breiten Palette von Aromen, fortschrittlicher Mesh-Coil-Technologie und anpassbarer Airflow f\u00fcr ein au\u00dfergew\u00f6hnliches Dampferlebnis bietet.<\/p>\n<p>Vapsolo Super 15000 Puffs wurde mit dem Gedanken an Komfort entwickelt und bietet beeindruckende 15.000 Z\u00fcge mit einem einzigen Ger\u00e4t. Dies wird durch seine betr\u00e4chtliche 25 ml E-Liquid-Kapazit\u00e4t erm\u00f6glicht, die sicherstellt, dass Benutzer l\u00e4ngere Sitzungen genie\u00dfen k\u00f6nnen, ohne die Notwendigkeit f\u00fcr h\u00e4ufige Ersetzungen. Der wiederaufladbare 650mAh-Akku mit Typ-C-Ladeanschluss verbessert sowohl die Nachhaltigkeit als auch die Kosteneffizienz des Ger\u00e4ts. Der Akku ist so konzipiert, dass er w\u00e4hrend der gesamten Lebensdauer des E-Liquids h\u00e4lt und eine gleichbleibende Leistung bis zum letzten Zug gew\u00e4hrleistet.<\/p>\n<p>Eines der herausragenden Merkmale des VapSolo Super 15000 Puffs ist seine fortschrittliche Mesh-Coil-Technologie. Mit einem Widerstand von 1,0 \u03a9, liefert diese Spule glatt und reich Dampf, die Maximierung der Geschmacksprofil von jedem e-Fl\u00fcssigkeit. Das einstellbare Airflow-System verbessert das Dampferlebnis weiter, so dass Benutzer ihre Z\u00fcge nach ihren Vorlieben anpassen k\u00f6nnen, ob sie eine engere oder offenere Inhalation bevorzugen.<\/p>\n<h2><strong>Vapsolo Super 15000 Puffs Details:<\/strong><\/h2>\n<ul>\n<li>Puffs: 15000 Puffs<\/li>\n<li>E-Liquid Kapazit\u00e4t: 25 ML<\/li>\n<li>Batteriekapazit\u00e4t: 650MAH<\/li>\n<li>Maschenspule<\/li>\n<li>Spulenwiderstand: 1.0\u03a9<\/li>\n<li>4 Stufen Luftstrom<\/li>\n<li>Typ-C-Anschluss, wiederaufladbar<\/li>\n<\/ul>\n<h2><strong>Vapsolo Super 15000 Puffs Verf\u00fcgbare Geschmacksrichtungen:<\/strong><\/h2>\n<ol>\n<li>Blauer Razzia<\/li>\n<li>Blaubeereis<\/li>\n<li>Doppelter Apfel<\/li>\n<li>Wassermelone Eis<\/li>\n<li>Gemischte Beere<\/li>\n<li>Erdbeer-Kiwi<\/li>\n<li>Heidelbeere Kirsche Cranberry<\/li>\n<li>Zitrone-Limette<\/li>\n<li>Kegeln<\/li>\n<li>Erdbeere-Banane<\/li>\n<li>Himbeere Wassermelone<\/li>\n<li>Heidelbeer-Kirsch-Cola<\/li>\n<li>Schwarzes Eis Drachenfrucht-Erdbeere<\/li>\n<li>Red Bull<\/li>\n<li>Sommertraum<\/li>\n<\/ol>\n<h2><strong>Packliste:<\/strong><\/h2>\n<p>1St\u00fcck jede kleine Schachtel<br \/>\n10 St\u00fcck pro Mittelkarton<br \/>\n200St\u00fcck pro Karton<\/p>\n<p><img fetchpriority=\"high\" decoding=\"async\" class=\"wp-image-899 size-full\" title=\"Vapsolo Super 15000 Puffs Einweg Vape Freies Verschiffen 6\" src=\"https:\/\/www.vapecigwholesale.com\/wp-content\/uploads\/2024\/11\/Vapsolo-Super-15000-Puffs-Disposable-Vape-Free-Shipping-6.webp\" alt=\"Vapsolo Super 15000 Puffs Einweg Vape Freies Verschiffen 6\" width=\"800\" height=\"800\" srcset=\"https:\/\/www.vapecigwholesale.com\/wp-content\/uploads\/2024\/11\/Vapsolo-Super-15000-Puffs-Disposable-Vape-Free-Shipping-6.webp 800w, https:\/\/www.vapecigwholesale.com\/wp-content\/uploads\/2024\/11\/Vapsolo-Super-15000-Puffs-Disposable-Vape-Free-Shipping-6-300x300.webp 300w, https:\/\/www.vapecigwholesale.com\/wp-content\/uploads\/2024\/11\/Vapsolo-Super-15000-Puffs-Disposable-Vape-Free-Shipping-6-150x150.webp 150w, https:\/\/www.vapecigwholesale.com\/wp-content\/uploads\/2024\/11\/Vapsolo-Super-15000-Puffs-Disposable-Vape-Free-Shipping-6-768x768.webp 768w, https:\/\/www.vapecigwholesale.com\/wp-content\/uploads\/2024\/11\/Vapsolo-Super-15000-Puffs-Disposable-Vape-Free-Shipping-6-12x12.webp 12w, https:\/\/www.vapecigwholesale.com\/wp-content\/uploads\/2024\/11\/Vapsolo-Super-15000-Puffs-Disposable-Vape-Free-Shipping-6-575x575.webp 575w, https:\/\/www.vapecigwholesale.com\/wp-content\/uploads\/2024\/11\/Vapsolo-Super-15000-Puffs-Disposable-Vape-Free-Shipping-6-380x380.webp 380w, https:\/\/www.vapecigwholesale.com\/wp-content\/uploads\/2024\/11\/Vapsolo-Super-15000-Puffs-Disposable-Vape-Free-Shipping-6-50x50.webp 50w, https:\/\/www.vapecigwholesale.com\/wp-content\/uploads\/2024\/11\/Vapsolo-Super-15000-Puffs-Disposable-Vape-Free-Shipping-6-26x26.webp 26w, https:\/\/www.vapecigwholesale.com\/wp-content\/uploads\/2024\/11\/Vapsolo-Super-15000-Puffs-Disposable-Vape-Free-Shipping-6-420x420.webp 420w, https:\/\/www.vapecigwholesale.com\/wp-content\/uploads\/2024\/11\/Vapsolo-Super-15000-Puffs-Disposable-Vape-Free-Shipping-6-100x100.webp 100w, https:\/\/www.vapecigwholesale.com\/wp-content\/uploads\/2024\/11\/Vapsolo-Super-15000-Puffs-Disposable-Vape-Free-Shipping-6-80x80.webp 80w\" sizes=\"(max-width: 800px) 100vw, 800px\" \/><\/p>\n<p><img decoding=\"async\" class=\"wp-image-897 size-full\" title=\"Vapsolo Super 15000 Puffs Einweg Vape Kostenloser Versand 4\" src=\"https:\/\/www.vapecigwholesale.com\/wp-content\/uploads\/2024\/11\/Vapsolo-Super-15000-Puffs-Disposable-Vape-Free-Shipping-4.webp\" alt=\"Vapsolo Super 15000 Puffs Einweg Vape Kostenloser Versand 4\" width=\"800\" height=\"800\" srcset=\"https:\/\/www.vapecigwholesale.com\/wp-content\/uploads\/2024\/11\/Vapsolo-Super-15000-Puffs-Disposable-Vape-Free-Shipping-4.webp 800w, https:\/\/www.vapecigwholesale.com\/wp-content\/uploads\/2024\/11\/Vapsolo-Super-15000-Puffs-Disposable-Vape-Free-Shipping-4-300x300.webp 300w, https:\/\/www.vapecigwholesale.com\/wp-content\/uploads\/2024\/11\/Vapsolo-Super-15000-Puffs-Disposable-Vape-Free-Shipping-4-150x150.webp 150w, https:\/\/www.vapecigwholesale.com\/wp-content\/uploads\/2024\/11\/Vapsolo-Super-15000-Puffs-Disposable-Vape-Free-Shipping-4-768x768.webp 768w, https:\/\/www.vapecigwholesale.com\/wp-content\/uploads\/2024\/11\/Vapsolo-Super-15000-Puffs-Disposable-Vape-Free-Shipping-4-12x12.webp 12w, https:\/\/www.vapecigwholesale.com\/wp-content\/uploads\/2024\/11\/Vapsolo-Super-15000-Puffs-Disposable-Vape-Free-Shipping-4-575x575.webp 575w, https:\/\/www.vapecigwholesale.com\/wp-content\/uploads\/2024\/11\/Vapsolo-Super-15000-Puffs-Disposable-Vape-Free-Shipping-4-380x380.webp 380w, https:\/\/www.vapecigwholesale.com\/wp-content\/uploads\/2024\/11\/Vapsolo-Super-15000-Puffs-Disposable-Vape-Free-Shipping-4-50x50.webp 50w, https:\/\/www.vapecigwholesale.com\/wp-content\/uploads\/2024\/11\/Vapsolo-Super-15000-Puffs-Disposable-Vape-Free-Shipping-4-26x26.webp 26w, https:\/\/www.vapecigwholesale.com\/wp-content\/uploads\/2024\/11\/Vapsolo-Super-15000-Puffs-Disposable-Vape-Free-Shipping-4-420x420.webp 420w, https:\/\/www.vapecigwholesale.com\/wp-content\/uploads\/2024\/11\/Vapsolo-Super-15000-Puffs-Disposable-Vape-Free-Shipping-4-100x100.webp 100w, https:\/\/www.vapecigwholesale.com\/wp-content\/uploads\/2024\/11\/Vapsolo-Super-15000-Puffs-Disposable-Vape-Free-Shipping-4-80x80.webp 80w\" sizes=\"(max-width: 800px) 100vw, 800px\" \/><\/p>\n<p><img decoding=\"async\" class=\"alignnone wp-image-896 size-full\" title=\"Vapsolo Super 15000 Puffs Einweg Vape Kostenloser Versand 3\" src=\"https:\/\/www.vapecigwholesale.com\/wp-content\/uploads\/2024\/11\/Vapsolo-Super-15000-Puffs-Disposable-Vape-Free-Shipping-3.webp\" alt=\"Vapsolo Super 15000 Puffs Einweg Vape Kostenloser Versand 3\" width=\"800\" height=\"800\" srcset=\"https:\/\/www.vapecigwholesale.com\/wp-content\/uploads\/2024\/11\/Vapsolo-Super-15000-Puffs-Disposable-Vape-Free-Shipping-3.webp 800w, https:\/\/www.vapecigwholesale.com\/wp-content\/uploads\/2024\/11\/Vapsolo-Super-15000-Puffs-Disposable-Vape-Free-Shipping-3-300x300.webp 300w, https:\/\/www.vapecigwholesale.com\/wp-content\/uploads\/2024\/11\/Vapsolo-Super-15000-Puffs-Disposable-Vape-Free-Shipping-3-150x150.webp 150w, https:\/\/www.vapecigwholesale.com\/wp-content\/uploads\/2024\/11\/Vapsolo-Super-15000-Puffs-Disposable-Vape-Free-Shipping-3-768x768.webp 768w, https:\/\/www.vapecigwholesale.com\/wp-content\/uploads\/2024\/11\/Vapsolo-Super-15000-Puffs-Disposable-Vape-Free-Shipping-3-12x12.webp 12w, https:\/\/www.vapecigwholesale.com\/wp-content\/uploads\/2024\/11\/Vapsolo-Super-15000-Puffs-Disposable-Vape-Free-Shipping-3-575x575.webp 575w, https:\/\/www.vapecigwholesale.com\/wp-content\/uploads\/2024\/11\/Vapsolo-Super-15000-Puffs-Disposable-Vape-Free-Shipping-3-380x380.webp 380w, https:\/\/www.vapecigwholesale.com\/wp-content\/uploads\/2024\/11\/Vapsolo-Super-15000-Puffs-Disposable-Vape-Free-Shipping-3-50x50.webp 50w, https:\/\/www.vapecigwholesale.com\/wp-content\/uploads\/2024\/11\/Vapsolo-Super-15000-Puffs-Disposable-Vape-Free-Shipping-3-26x26.webp 26w, https:\/\/www.vapecigwholesale.com\/wp-content\/uploads\/2024\/11\/Vapsolo-Super-15000-Puffs-Disposable-Vape-Free-Shipping-3-420x420.webp 420w, https:\/\/www.vapecigwholesale.com\/wp-content\/uploads\/2024\/11\/Vapsolo-Super-15000-Puffs-Disposable-Vape-Free-Shipping-3-100x100.webp 100w, https:\/\/www.vapecigwholesale.com\/wp-content\/uploads\/2024\/11\/Vapsolo-Super-15000-Puffs-Disposable-Vape-Free-Shipping-3-80x80.webp 80w\" sizes=\"(max-width: 800px) 100vw, 800px\" \/><\/p>\n<p><img loading=\"lazy\" decoding=\"async\" class=\"alignnone wp-image-894 size-full\" title=\"Vapsolo Super 15000 Puffs Einweg Vape Kostenloser Versand 1\" src=\"https:\/\/www.vapecigwholesale.com\/wp-content\/uploads\/2024\/11\/Vapsolo-Super-15000-Puffs-Disposable-Vape-Free-Shipping-1.webp\" alt=\"Vapsolo Super 15000 Puffs Einweg Vape Kostenloser Versand 1\" width=\"800\" height=\"800\" srcset=\"https:\/\/www.vapecigwholesale.com\/wp-content\/uploads\/2024\/11\/Vapsolo-Super-15000-Puffs-Disposable-Vape-Free-Shipping-1.webp 800w, https:\/\/www.vapecigwholesale.com\/wp-content\/uploads\/2024\/11\/Vapsolo-Super-15000-Puffs-Disposable-Vape-Free-Shipping-1-300x300.webp 300w, https:\/\/www.vapecigwholesale.com\/wp-content\/uploads\/2024\/11\/Vapsolo-Super-15000-Puffs-Disposable-Vape-Free-Shipping-1-150x150.webp 150w, https:\/\/www.vapecigwholesale.com\/wp-content\/uploads\/2024\/11\/Vapsolo-Super-15000-Puffs-Disposable-Vape-Free-Shipping-1-768x768.webp 768w, https:\/\/www.vapecigwholesale.com\/wp-content\/uploads\/2024\/11\/Vapsolo-Super-15000-Puffs-Disposable-Vape-Free-Shipping-1-12x12.webp 12w, https:\/\/www.vapecigwholesale.com\/wp-content\/uploads\/2024\/11\/Vapsolo-Super-15000-Puffs-Disposable-Vape-Free-Shipping-1-575x575.webp 575w, https:\/\/www.vapecigwholesale.com\/wp-content\/uploads\/2024\/11\/Vapsolo-Super-15000-Puffs-Disposable-Vape-Free-Shipping-1-380x380.webp 380w, https:\/\/www.vapecigwholesale.com\/wp-content\/uploads\/2024\/11\/Vapsolo-Super-15000-Puffs-Disposable-Vape-Free-Shipping-1-50x50.webp 50w, https:\/\/www.vapecigwholesale.com\/wp-content\/uploads\/2024\/11\/Vapsolo-Super-15000-Puffs-Disposable-Vape-Free-Shipping-1-26x26.webp 26w, https:\/\/www.vapecigwholesale.com\/wp-content\/uploads\/2024\/11\/Vapsolo-Super-15000-Puffs-Disposable-Vape-Free-Shipping-1-420x420.webp 420w, https:\/\/www.vapecigwholesale.com\/wp-content\/uploads\/2024\/11\/Vapsolo-Super-15000-Puffs-Disposable-Vape-Free-Shipping-1-100x100.webp 100w, https:\/\/www.vapecigwholesale.com\/wp-content\/uploads\/2024\/11\/Vapsolo-Super-15000-Puffs-Disposable-Vape-Free-Shipping-1-80x80.webp 80w\" sizes=\"(max-width: 800px) 100vw, 800px\" \/><\/p>\n<p>&nbsp;<\/p>\n<p>&nbsp;<\/p>\n<p>&nbsp;<\/p>","protected":false},"excerpt":{"rendered":"<p>Preis nur f\u00fcr 1pc Kostenloser Versand<\/p>\n<p>(<strong>2%, 5% Nic<\/strong>)\u00a0 <strong>Versandzeit: 2 Wochen<\/strong><\/p>","protected":false},"featured_media":932,"comment_status":"open","ping_status":"closed","template":"","meta":{"om_disable_all_campaigns":false,"_monsterinsights_skip_tracking":false,"_monsterinsights_sitenote_active":false,"_monsterinsights_sitenote_note":"","_monsterinsights_sitenote_category":0},"product_brand":[],"product_cat":[15],"product_tag":[],"class_list":{"0":"post-915","1":"product","2":"type-product","3":"status-publish","4":"has-post-thumbnail","6":"product_cat-disposable-vape","8":"first","9":"instock","10":"featured","11":"shipping-taxable","12":"purchasable","13":"product-type-variable","14":"has-default-attributes"},"aioseo_notices":[],"_links":{"self":[{"href":"https:\/\/www.vapecigwholesale.com\/de\/wp-json\/wp\/v2\/product\/915","targetHints":{"allow":["GET"]}}],"collection":[{"href":"https:\/\/www.vapecigwholesale.com\/de\/wp-json\/wp\/v2\/product"}],"about":[{"href":"https:\/\/www.vapecigwholesale.com\/de\/wp-json\/wp\/v2\/types\/product"}],"replies":[{"embeddable":true,"href":"https:\/\/www.vapecigwholesale.com\/de\/wp-json\/wp\/v2\/comments?post=915"}],"wp:featuredmedia":[{"embeddable":true,"href":"https:\/\/www.vapecigwholesale.com\/de\/wp-json\/wp\/v2\/media\/932"}],"wp:attachment":[{"href":"https:\/\/www.vapecigwholesale.com\/de\/wp-json\/wp\/v2\/media?parent=915"}],"wp:term":[{"taxonomy":"product_brand","embeddable":true,"href":"https:\/\/www.vapecigwholesale.com\/de\/wp-json\/wp\/v2\/product_brand?post=915"},{"taxonomy":"product_cat","embeddable":true,"href":"https:\/\/www.vapecigwholesale.com\/de\/wp-json\/wp\/v2\/product_cat?post=915"},{"taxonomy":"product_tag","embeddable":true,"href":"https:\/\/www.vapecigwholesale.com\/de\/wp-json\/wp\/v2\/product_tag?post=915"}],"curies":[{"name":"wp","href":"https:\/\/api.w.org\/{rel}","templated":true}]}}