{"id":947,"date":"2024-11-13T11:08:22","date_gmt":"2024-11-13T03:08:22","guid":{"rendered":"https:\/\/www.vapecigwholesale.com\/?post_type=product&#038;p=947"},"modified":"2025-09-22T14:02:38","modified_gmt":"2025-09-22T06:02:38","slug":"bang-king-25000-puffs-two-pods-disposable-vape-free-shipping","status":"publish","type":"product","link":"https:\/\/www.vapecigwholesale.com\/de\/product\/knall-konig-25000-puffs-zwei-hulsen-einweg-vape-kostenloser-versand\/","title":{"rendered":"Bang King 25000 Puffs zwei Pods Einweg vape kostenloser Versand"},"content":{"rendered":"<p>Bang King 25000 Puffs Disposable Vape, wo Komfort auf modernste Innovation trifft. Mit einem leistungsstarken 650mAh-Akku und zwei 23-Milliliter-Fl\u00fcssigkeitsbeh\u00e4ltern mit hoher Kapazit\u00e4t verspricht dieses Ger\u00e4t ein robustes und lang anhaltendes Dampferlebnis. Hergestellt von der renommierten Marke Bang King, sorgt es f\u00fcr eine au\u00dfergew\u00f6hnliche Reise in den Verdampfungsgenuss mit einer gro\u00dfen Auswahl an verlockenden Geschmacksrichtungen.<\/p>\n<p>Bang King 25000 Puffs Ausgestattet mit zwei 23-Milliliter-Fl\u00fcssigkeitskammern, die insgesamt 46 Milliliter fassen, garantiert dieser Einwegdampfer ausgedehnte Dampfsessions ohne l\u00e4stiges Nachf\u00fcllen. Genie\u00dfe ununterbrochene Z\u00fcge mit einer gro\u00dfen Kapazit\u00e4t, die f\u00fcr anhaltenden Genuss und minimale Unterbrechungen sorgt.<\/p>\n<h2><strong>Bang King 25000 Puffs Details:<\/strong><\/h2>\n<ul>\n<li>Bequem und einfach in der Anwendung mit automatischer Inhalationsaktivierung<\/li>\n<li>Akku: 650mah Wiederaufladbar<\/li>\n<li>46mL vorgef\u00fcllte E-Fl\u00fcssigkeit (2 PODS,23ml+23ml)<\/li>\n<li>Erreichen Sie bis zu 25000 Puffs<\/li>\n<li>1,0 Ohm Mesh-Spule<\/li>\n<li>0%, 2%, 3%, 5% Nikotinst\u00e4rke<\/li>\n<li>Typ-C-Ladeanschluss<\/li>\n<\/ul>\n<h2><strong>Bang King 25000 Puffs Geschmacksrichtungen verf\u00fcgbar\uff1a<\/strong><\/h2>\n<ol>\n<li>Blaues Razzeis<\/li>\n<li>Saftiges Pfirsicheis<\/li>\n<li>Wassermelone Eis<\/li>\n<li>Erdbeere-Banane<\/li>\n<li>Erdbeere Wassermelone<\/li>\n<li>Saurer Apfel Eis<\/li>\n<li>Dreifach-Beereneis<\/li>\n<li>Tropische Fr\u00fcchte<\/li>\n<li>Traubeneis<\/li>\n<li>Pfirsich-Mango<\/li>\n<li>Erdbeer-Mango<\/li>\n<li>Kirschbombe<\/li>\n<\/ol>\n<h2><strong>Packliste:<\/strong><\/h2>\n<p>1St\u00fcck jede kleine Schachtel<br \/>\n10 St\u00fcck pro Mittelkarton<br \/>\n200St\u00fcck pro Karton<\/p>\n<p>&nbsp;<\/p>\n<p><img fetchpriority=\"high\" decoding=\"async\" class=\"alignnone wp-image-933 size-full\" title=\"Bang King 25000 Puffs Double Pods Wegwerfdampfer Freies Verschiffen 1\" src=\"https:\/\/www.vapecigwholesale.com\/wp-content\/uploads\/2024\/11\/Bang-King-25000-Puffs-Double-Pods-Disposable-vape-Free-Shipping-1.webp\" alt=\"Bang King 25000 Puffs Double Pods Wegwerfdampfer Freies Verschiffen 1\" width=\"800\" height=\"800\" srcset=\"https:\/\/www.vapecigwholesale.com\/wp-content\/uploads\/2024\/11\/Bang-King-25000-Puffs-Double-Pods-Disposable-vape-Free-Shipping-1.webp 800w, https:\/\/www.vapecigwholesale.com\/wp-content\/uploads\/2024\/11\/Bang-King-25000-Puffs-Double-Pods-Disposable-vape-Free-Shipping-1-300x300.webp 300w, https:\/\/www.vapecigwholesale.com\/wp-content\/uploads\/2024\/11\/Bang-King-25000-Puffs-Double-Pods-Disposable-vape-Free-Shipping-1-150x150.webp 150w, https:\/\/www.vapecigwholesale.com\/wp-content\/uploads\/2024\/11\/Bang-King-25000-Puffs-Double-Pods-Disposable-vape-Free-Shipping-1-768x768.webp 768w, https:\/\/www.vapecigwholesale.com\/wp-content\/uploads\/2024\/11\/Bang-King-25000-Puffs-Double-Pods-Disposable-vape-Free-Shipping-1-12x12.webp 12w, https:\/\/www.vapecigwholesale.com\/wp-content\/uploads\/2024\/11\/Bang-King-25000-Puffs-Double-Pods-Disposable-vape-Free-Shipping-1-575x575.webp 575w, https:\/\/www.vapecigwholesale.com\/wp-content\/uploads\/2024\/11\/Bang-King-25000-Puffs-Double-Pods-Disposable-vape-Free-Shipping-1-380x380.webp 380w, https:\/\/www.vapecigwholesale.com\/wp-content\/uploads\/2024\/11\/Bang-King-25000-Puffs-Double-Pods-Disposable-vape-Free-Shipping-1-50x50.webp 50w, https:\/\/www.vapecigwholesale.com\/wp-content\/uploads\/2024\/11\/Bang-King-25000-Puffs-Double-Pods-Disposable-vape-Free-Shipping-1-26x26.webp 26w, https:\/\/www.vapecigwholesale.com\/wp-content\/uploads\/2024\/11\/Bang-King-25000-Puffs-Double-Pods-Disposable-vape-Free-Shipping-1-420x420.webp 420w, https:\/\/www.vapecigwholesale.com\/wp-content\/uploads\/2024\/11\/Bang-King-25000-Puffs-Double-Pods-Disposable-vape-Free-Shipping-1-100x100.webp 100w, https:\/\/www.vapecigwholesale.com\/wp-content\/uploads\/2024\/11\/Bang-King-25000-Puffs-Double-Pods-Disposable-vape-Free-Shipping-1-80x80.webp 80w\" sizes=\"(max-width: 800px) 100vw, 800px\" \/><\/p>","protected":false},"excerpt":{"rendered":"<p>Preis nur f\u00fcr 1St\u00fcck Kostenloser Versand<\/p>\n<p>(<strong>0%\uff0c2%\uff0c3%\uff0c5% Nic<\/strong>)\u00a0 <strong>Versandzeit: 2 Wochen<\/strong><\/p>","protected":false},"featured_media":1051,"comment_status":"open","ping_status":"closed","template":"","meta":{"om_disable_all_campaigns":false,"_monsterinsights_skip_tracking":false,"_monsterinsights_sitenote_active":false,"_monsterinsights_sitenote_note":"","_monsterinsights_sitenote_category":0},"product_brand":[],"product_cat":[15],"product_tag":[],"class_list":{"0":"post-947","1":"product","2":"type-product","3":"status-publish","4":"has-post-thumbnail","6":"product_cat-disposable-vape","8":"first","9":"instock","10":"sale","11":"featured","12":"shipping-taxable","13":"purchasable","14":"product-type-variable","15":"has-default-attributes"},"aioseo_notices":[],"_links":{"self":[{"href":"https:\/\/www.vapecigwholesale.com\/de\/wp-json\/wp\/v2\/product\/947","targetHints":{"allow":["GET"]}}],"collection":[{"href":"https:\/\/www.vapecigwholesale.com\/de\/wp-json\/wp\/v2\/product"}],"about":[{"href":"https:\/\/www.vapecigwholesale.com\/de\/wp-json\/wp\/v2\/types\/product"}],"replies":[{"embeddable":true,"href":"https:\/\/www.vapecigwholesale.com\/de\/wp-json\/wp\/v2\/comments?post=947"}],"wp:featuredmedia":[{"embeddable":true,"href":"https:\/\/www.vapecigwholesale.com\/de\/wp-json\/wp\/v2\/media\/1051"}],"wp:attachment":[{"href":"https:\/\/www.vapecigwholesale.com\/de\/wp-json\/wp\/v2\/media?parent=947"}],"wp:term":[{"taxonomy":"product_brand","embeddable":true,"href":"https:\/\/www.vapecigwholesale.com\/de\/wp-json\/wp\/v2\/product_brand?post=947"},{"taxonomy":"product_cat","embeddable":true,"href":"https:\/\/www.vapecigwholesale.com\/de\/wp-json\/wp\/v2\/product_cat?post=947"},{"taxonomy":"product_tag","embeddable":true,"href":"https:\/\/www.vapecigwholesale.com\/de\/wp-json\/wp\/v2\/product_tag?post=947"}],"curies":[{"name":"wp","href":"https:\/\/api.w.org\/{rel}","templated":true}]}}