{"id":993,"date":"2024-11-12T12:13:17","date_gmt":"2024-11-12T04:13:17","guid":{"rendered":"https:\/\/www.vapecigwholesale.com\/?post_type=product&#038;p=993"},"modified":"2025-09-22T14:03:28","modified_gmt":"2025-09-22T06:03:28","slug":"elf-box-digital-12000-puffs-disposable-vape-free-shipping","status":"publish","type":"product","link":"https:\/\/www.vapecigwholesale.com\/de\/product\/elf-box-digital-12000-puffs-wegwerfbare-vape-kostenloser-versand\/","title":{"rendered":"ELF Box Digital 12000 Puffs Einweg Vape Freies Verschiffen"},"content":{"rendered":"<p>ELF Box Digital 12000 Puffs Led Display Einweg-E-Zigaretten, ein Hochleistungsger\u00e4t f\u00fcr Vaper, die sowohl Qualit\u00e4t als auch Komfort suchen. Mit einer beeindruckenden Kapazit\u00e4t von 12000 Z\u00fcgen sorgt diese Einweg-E-Zigarette f\u00fcr l\u00e4ngeren Genuss ohne h\u00e4ufiges Auswechseln.<\/p>\n<p>ELF Box Digital 12000 Puffs Ausgestattet mit einem fortschrittlichen Mesh-Spulenkern bei 0,8 Ohm, liefert jeder Zug weichen und geschmackvollen Dampf. Die gro\u00dfz\u00fcgige 25ml e-Fl\u00fcssigkeit Kapazit\u00e4t erm\u00f6glicht f\u00fcr l\u00e4ngere vaping Sitzungen, so dass Sie reichlich Gelegenheit, um Ihre Lieblings-Aromen zu genie\u00dfen.<\/p>\n<p>ELF Box Digital 12000 Puffs Passen Sie Ihr Erlebnis mit einer Reihe von Nikotinst\u00e4rken an: 2%, 3% und 5%. Diese Vielfalt gew\u00e4hrleistet, dass Sie die perfekte Balance f\u00fcr Ihre Vorlieben finden k\u00f6nnen. Angetrieben von einem langlebigen 13350-500mAh-Akku bietet die Elf Box DG 12000 eine lang anhaltende Leistung, und der Typ-C-Akku-Anschluss sorgt f\u00fcr ein schnelles und effizientes Aufladen.<\/p>\n<p>Das eingebaute LED-Display der ELF Box Digital 12000 Puffs informiert Sie in Echtzeit \u00fcber Ihre Verdampfungseinstellungen und die Akkulaufzeit und sorgt so f\u00fcr ein nahtloses und informiertes Dampferlebnis. Mit einem Gewicht von nur 82 g ist diese E-Zigarette leicht und tragbar, was sie perfekt f\u00fcr das Dampfen auf Reisen macht.<\/p>\n<h2><strong>ELF Box Digital 12000 Puffs Details:<\/strong><\/h2>\n<ul>\n<li>Puffs: 12000 Puffs<\/li>\n<li>Kern: Mesh-Spule 0,8 Ohm<\/li>\n<li>E-Fl\u00fcssigkeit:25 ml<\/li>\n<li>Akku:13350-500 mah<\/li>\n<li>Nikotin: 2%\/3%\/5%<\/li>\n<li>Wiederaufladbar:Typ-C<\/li>\n<li>Digitales Display\uff1aEquilibrium und Stromanzeige<\/li>\n<li>Produktgr\u00f6\u00dfe: 30*57*101mm<\/li>\n<li>Gr\u00f6\u00dfe des Kartons: 615*223*330mm<\/li>\n<\/ul>\n<h2><strong>ELF Box Digital 12000 Puffs Verf\u00fcgbare Geschmacksrichtungen:<\/strong><\/h2>\n<ol>\n<li>Brombeereis<\/li>\n<li>Blaues Razzeis<\/li>\n<li>Blaubeere-Sauer-Himbeere<\/li>\n<li>Kirsche Cola<\/li>\n<li>Kokosnuss Melone<\/li>\n<li>Doppelter Apfel<\/li>\n<li>Traubeneis<\/li>\n<li>Kiwi Passionsfrucht<\/li>\n<li>Mango-Eis<\/li>\n<li>Gemischtes Obst<\/li>\n<li>Herr Blau<\/li>\n<li>Pfirsich Beeren<\/li>\n<li>Pfirsich-Eis<\/li>\n<li>Erdbeere-Banane<\/li>\n<li>Strawberry Blast<\/li>\n<li>Erdbeereis<\/li>\n<li>Erdbeer-Kiwi-Frucht<\/li>\n<li>Erdbeere Wassermelone<\/li>\n<li>Wassermelone Bubblegum<\/li>\n<li>Wassermelone Eis<\/li>\n<\/ol>\n<h2><strong>Packliste:<\/strong><\/h2>\n<p>1St\u00fcck jede kleine Schachtel<br \/>\n10 St\u00fcck pro Mittelkarton<br \/>\n200St\u00fcck pro Karton<\/p>\n<p><img fetchpriority=\"high\" decoding=\"async\" class=\"alignnone wp-image-966 size-full\" title=\"ELF Box Digital 12000 Puffs Einweg Vape Kostenloser Versand 1\" src=\"https:\/\/www.vapecigwholesale.com\/wp-content\/uploads\/2024\/11\/ELF-Box-Digital-12000-Puffs-Disposable-Vape-Free-Shipping-1.webp\" alt=\"ELF Box Digital 12000 Puffs Einweg Vape Kostenloser Versand 1\" width=\"800\" height=\"451\" srcset=\"https:\/\/www.vapecigwholesale.com\/wp-content\/uploads\/2024\/11\/ELF-Box-Digital-12000-Puffs-Disposable-Vape-Free-Shipping-1.webp 800w, https:\/\/www.vapecigwholesale.com\/wp-content\/uploads\/2024\/11\/ELF-Box-Digital-12000-Puffs-Disposable-Vape-Free-Shipping-1-300x169.webp 300w, https:\/\/www.vapecigwholesale.com\/wp-content\/uploads\/2024\/11\/ELF-Box-Digital-12000-Puffs-Disposable-Vape-Free-Shipping-1-768x433.webp 768w, https:\/\/www.vapecigwholesale.com\/wp-content\/uploads\/2024\/11\/ELF-Box-Digital-12000-Puffs-Disposable-Vape-Free-Shipping-1-18x10.webp 18w, https:\/\/www.vapecigwholesale.com\/wp-content\/uploads\/2024\/11\/ELF-Box-Digital-12000-Puffs-Disposable-Vape-Free-Shipping-1-575x324.webp 575w, https:\/\/www.vapecigwholesale.com\/wp-content\/uploads\/2024\/11\/ELF-Box-Digital-12000-Puffs-Disposable-Vape-Free-Shipping-1-380x214.webp 380w, https:\/\/www.vapecigwholesale.com\/wp-content\/uploads\/2024\/11\/ELF-Box-Digital-12000-Puffs-Disposable-Vape-Free-Shipping-1-80x45.webp 80w\" sizes=\"(max-width: 800px) 100vw, 800px\" \/><\/p>\n<p><img decoding=\"async\" class=\"wp-image-967 size-full\" title=\"ELF Box Digital 12000 Puffs Einweg Vape Kostenloser Versand 2\" src=\"https:\/\/www.vapecigwholesale.com\/wp-content\/uploads\/2024\/11\/ELF-Box-Digital-12000-Puffs-Disposable-Vape-Free-Shipping-2.webp\" alt=\"ELF Box Digital 12000 Puffs Einweg Vape Kostenloser Versand 2\" width=\"800\" height=\"448\" srcset=\"https:\/\/www.vapecigwholesale.com\/wp-content\/uploads\/2024\/11\/ELF-Box-Digital-12000-Puffs-Disposable-Vape-Free-Shipping-2.webp 800w, https:\/\/www.vapecigwholesale.com\/wp-content\/uploads\/2024\/11\/ELF-Box-Digital-12000-Puffs-Disposable-Vape-Free-Shipping-2-300x168.webp 300w, https:\/\/www.vapecigwholesale.com\/wp-content\/uploads\/2024\/11\/ELF-Box-Digital-12000-Puffs-Disposable-Vape-Free-Shipping-2-768x430.webp 768w, https:\/\/www.vapecigwholesale.com\/wp-content\/uploads\/2024\/11\/ELF-Box-Digital-12000-Puffs-Disposable-Vape-Free-Shipping-2-18x10.webp 18w, https:\/\/www.vapecigwholesale.com\/wp-content\/uploads\/2024\/11\/ELF-Box-Digital-12000-Puffs-Disposable-Vape-Free-Shipping-2-575x322.webp 575w, https:\/\/www.vapecigwholesale.com\/wp-content\/uploads\/2024\/11\/ELF-Box-Digital-12000-Puffs-Disposable-Vape-Free-Shipping-2-380x213.webp 380w, https:\/\/www.vapecigwholesale.com\/wp-content\/uploads\/2024\/11\/ELF-Box-Digital-12000-Puffs-Disposable-Vape-Free-Shipping-2-80x45.webp 80w\" sizes=\"(max-width: 800px) 100vw, 800px\" \/><\/p>\n<p><img decoding=\"async\" class=\"wp-image-968 size-full\" title=\"ELF Box Digital 12000 Puffs Einweg Vape Kostenloser Versand 3\" src=\"https:\/\/www.vapecigwholesale.com\/wp-content\/uploads\/2024\/11\/ELF-Box-Digital-12000-Puffs-Disposable-Vape-Free-Shipping-3.webp\" alt=\"ELF Box Digital 12000 Puffs Einweg Vape Kostenloser Versand 3\" width=\"800\" height=\"800\" srcset=\"https:\/\/www.vapecigwholesale.com\/wp-content\/uploads\/2024\/11\/ELF-Box-Digital-12000-Puffs-Disposable-Vape-Free-Shipping-3.webp 800w, https:\/\/www.vapecigwholesale.com\/wp-content\/uploads\/2024\/11\/ELF-Box-Digital-12000-Puffs-Disposable-Vape-Free-Shipping-3-300x300.webp 300w, https:\/\/www.vapecigwholesale.com\/wp-content\/uploads\/2024\/11\/ELF-Box-Digital-12000-Puffs-Disposable-Vape-Free-Shipping-3-150x150.webp 150w, https:\/\/www.vapecigwholesale.com\/wp-content\/uploads\/2024\/11\/ELF-Box-Digital-12000-Puffs-Disposable-Vape-Free-Shipping-3-768x768.webp 768w, https:\/\/www.vapecigwholesale.com\/wp-content\/uploads\/2024\/11\/ELF-Box-Digital-12000-Puffs-Disposable-Vape-Free-Shipping-3-12x12.webp 12w, https:\/\/www.vapecigwholesale.com\/wp-content\/uploads\/2024\/11\/ELF-Box-Digital-12000-Puffs-Disposable-Vape-Free-Shipping-3-575x575.webp 575w, https:\/\/www.vapecigwholesale.com\/wp-content\/uploads\/2024\/11\/ELF-Box-Digital-12000-Puffs-Disposable-Vape-Free-Shipping-3-380x380.webp 380w, https:\/\/www.vapecigwholesale.com\/wp-content\/uploads\/2024\/11\/ELF-Box-Digital-12000-Puffs-Disposable-Vape-Free-Shipping-3-50x50.webp 50w, https:\/\/www.vapecigwholesale.com\/wp-content\/uploads\/2024\/11\/ELF-Box-Digital-12000-Puffs-Disposable-Vape-Free-Shipping-3-26x26.webp 26w, https:\/\/www.vapecigwholesale.com\/wp-content\/uploads\/2024\/11\/ELF-Box-Digital-12000-Puffs-Disposable-Vape-Free-Shipping-3-420x420.webp 420w, https:\/\/www.vapecigwholesale.com\/wp-content\/uploads\/2024\/11\/ELF-Box-Digital-12000-Puffs-Disposable-Vape-Free-Shipping-3-100x100.webp 100w, https:\/\/www.vapecigwholesale.com\/wp-content\/uploads\/2024\/11\/ELF-Box-Digital-12000-Puffs-Disposable-Vape-Free-Shipping-3-80x80.webp 80w\" sizes=\"(max-width: 800px) 100vw, 800px\" \/><\/p>","protected":false},"excerpt":{"rendered":"<p>Preis nur f\u00fcr 1St\u00fcck Kostenloser Versand<\/p>\n<p>(2%\uff0c3%\uff0c5% Nic)\u00a0 <strong>Versandzeit: 2 Wochen<\/strong><\/p>","protected":false},"featured_media":972,"comment_status":"open","ping_status":"closed","template":"","meta":{"om_disable_all_campaigns":false,"_monsterinsights_skip_tracking":false,"_monsterinsights_sitenote_active":false,"_monsterinsights_sitenote_note":"","_monsterinsights_sitenote_category":0},"product_brand":[],"product_cat":[15],"product_tag":[],"class_list":{"0":"post-993","1":"product","2":"type-product","3":"status-publish","4":"has-post-thumbnail","6":"product_cat-disposable-vape","8":"first","9":"instock","10":"sale","11":"featured","12":"shipping-taxable","13":"purchasable","14":"product-type-variable","15":"has-default-attributes"},"aioseo_notices":[],"_links":{"self":[{"href":"https:\/\/www.vapecigwholesale.com\/de\/wp-json\/wp\/v2\/product\/993","targetHints":{"allow":["GET"]}}],"collection":[{"href":"https:\/\/www.vapecigwholesale.com\/de\/wp-json\/wp\/v2\/product"}],"about":[{"href":"https:\/\/www.vapecigwholesale.com\/de\/wp-json\/wp\/v2\/types\/product"}],"replies":[{"embeddable":true,"href":"https:\/\/www.vapecigwholesale.com\/de\/wp-json\/wp\/v2\/comments?post=993"}],"wp:featuredmedia":[{"embeddable":true,"href":"https:\/\/www.vapecigwholesale.com\/de\/wp-json\/wp\/v2\/media\/972"}],"wp:attachment":[{"href":"https:\/\/www.vapecigwholesale.com\/de\/wp-json\/wp\/v2\/media?parent=993"}],"wp:term":[{"taxonomy":"product_brand","embeddable":true,"href":"https:\/\/www.vapecigwholesale.com\/de\/wp-json\/wp\/v2\/product_brand?post=993"},{"taxonomy":"product_cat","embeddable":true,"href":"https:\/\/www.vapecigwholesale.com\/de\/wp-json\/wp\/v2\/product_cat?post=993"},{"taxonomy":"product_tag","embeddable":true,"href":"https:\/\/www.vapecigwholesale.com\/de\/wp-json\/wp\/v2\/product_tag?post=993"}],"curies":[{"name":"wp","href":"https:\/\/api.w.org\/{rel}","templated":true}]}}