{"id":1148,"date":"2024-11-16T16:53:56","date_gmt":"2024-11-16T08:53:56","guid":{"rendered":"https:\/\/www.vapecigwholesale.com\/?post_type=product&#038;p=1148"},"modified":"2025-02-19T14:24:35","modified_gmt":"2025-02-19T06:24:35","slug":"vapsolo-twins-20000-puffs-disposable-vape-free-shipping","status":"publish","type":"product","link":"https:\/\/www.vapecigwholesale.com\/es\/product\/vapsolo-twins-20000-puffs-vape-desechable-envio-gratis\/","title":{"rendered":"Vapsolo Twins 20000 Puffs Vape desechable Env\u00edo gratuito"},"content":{"rendered":"<p>VapSolo Twins 20000 Puffs est\u00e1 dise\u00f1ado para aquellos que buscan una soluci\u00f3n de vapeo de gran capacidad y sin complicaciones. Con sus impresionantes 25 ml de e-l\u00edquido precargado, los usuarios pueden disfrutar de hasta 20000 caladas por dispositivo, lo que garantiza una experiencia prolongada y satisfactoria.<\/p>\n<p>VapSolo Twins 20000 Puffs destaca por varias caracter\u00edsticas clave que mejoran su rendimiento y comodidad para el usuario. Su bater\u00eda recargable de 650 mAh, que se carga a trav\u00e9s de un puerto de tipo C, garantiza el respeto al medio ambiente y la rentabilidad. La avanzada bobina de malla con una resistencia de 0,6\u03a9 garantiza una experiencia de vapeo suave y consistente. Adem\u00e1s, el sistema de doble dep\u00f3sito precargado con 25 ml de e-l\u00edquido permite combinaciones de sabores vers\u00e1tiles.<\/p>\n<p>El dispositivo VapSolo Twins 20000 Puffs se adapta tanto a usuarios de nicotina ligeros como intensos, con potencias de nicotina disponibles de 2% y 5%. La pantalla inteligente proporciona actualizaciones en tiempo real sobre la duraci\u00f3n de la bater\u00eda y el recuento de caladas, mientras que el sistema de flujo de aire ajustable permite a los usuarios personalizar su experiencia de vapeo. El VapSolo Twins 20000 Puffs ofrece 16 sabores dobles para elegir.<\/p>\n<h2><strong>Vapsolo Twins 20000 Puffs Detalles:<\/strong><\/h2>\n<ul>\n<li>2 en 1 Multi Sabor<\/li>\n<li>Pantalla de visualizaci\u00f3n inteligente<\/li>\n<li>Puff: Hasta 20000 caladas<\/li>\n<li>Nicotina: 2%\/5%<\/li>\n<li>Bater\u00eda: 650mAh Recargable<\/li>\n<li>N\u00facleo: Bobina de malla 1,0 \u03a9<\/li>\n<li>Recargable, puerto de carga tipo C<\/li>\n<li>Bobina de malla doble<\/li>\n<li>Control del flujo de aire<\/li>\n<li>Kit de c\u00e1psulas activadas por sorteo<\/li>\n<li>Dispositivo de vapeo MTL y f\u00e1cil de usar<\/li>\n<\/ul>\n<h2><strong>Vapsolo Twins 20000 Puffs Sabores Disponibles:<\/strong><\/h2>\n<ol>\n<li>Uva Ice &amp; Fresa Kiwi<\/li>\n<li>Hielo de lim\u00f3n, lima y sand\u00eda<\/li>\n<li>Pi\u00f1a Coco y Fresa Pl\u00e1tano<\/li>\n<li>Naranja Mango Sand\u00eda &amp; Red Bull<\/li>\n<li>Pl\u00e1tano de fresa y cereza efervescente<\/li>\n<li>Hielo de fresa, frambuesa, cereza y uva<\/li>\n<li>Limonada Blue Razz &amp; Lima Lim\u00f3n<\/li>\n<li>Hielo de sand\u00eda y bayas mixtas<\/li>\n<li>Sand\u00eda Helada &amp; Fresa Mango<\/li>\n<li>Triple sand\u00eda con mel\u00f3n y frambuesa<\/li>\n<li>Black Ice Fruta del drag\u00f3n Fresa y frambuesa Sand\u00eda<\/li>\n<li>Fresa Helada &amp; Mango Melocot\u00f3n Sand\u00eda<\/li>\n<li>Hielo de pi\u00f1a, coco y sand\u00eda<\/li>\n<li>Fresa Kiw&amp; Fresa Frambuesa Chery Ice<\/li>\n<li>Triple Mel\u00f3n y Pi\u00f1a Coco<\/li>\n<li>Hielo de ar\u00e1ndano y cereza efervescente<\/li>\n<\/ol>\n<h2><strong>Lista de embalaje:<\/strong><\/h2>\n<p>1unidad cada caja peque\u00f1a<br \/>\n10 unidades cada caja central<br \/>\n200 unidades por caja<\/p>\n<p><img fetchpriority=\"high\" decoding=\"async\" class=\"wp-image-1129 size-full\" title=\"Vapsolo Twins 20000 Puffs Vape desechable Env\u00edo gratuito 9\" src=\"https:\/\/www.vapecigwholesale.com\/wp-content\/uploads\/2024\/11\/Vapsolo-Twins-20000-Puffs-Disposable-Vape-Free-Shipping-9.webp\" alt=\"Vapsolo Twins 20000 Puffs Vape desechable Env\u00edo gratuito 9\" width=\"800\" height=\"800\" srcset=\"https:\/\/www.vapecigwholesale.com\/wp-content\/uploads\/2024\/11\/Vapsolo-Twins-20000-Puffs-Disposable-Vape-Free-Shipping-9.webp 800w, https:\/\/www.vapecigwholesale.com\/wp-content\/uploads\/2024\/11\/Vapsolo-Twins-20000-Puffs-Disposable-Vape-Free-Shipping-9-300x300.webp 300w, https:\/\/www.vapecigwholesale.com\/wp-content\/uploads\/2024\/11\/Vapsolo-Twins-20000-Puffs-Disposable-Vape-Free-Shipping-9-150x150.webp 150w, https:\/\/www.vapecigwholesale.com\/wp-content\/uploads\/2024\/11\/Vapsolo-Twins-20000-Puffs-Disposable-Vape-Free-Shipping-9-768x768.webp 768w, https:\/\/www.vapecigwholesale.com\/wp-content\/uploads\/2024\/11\/Vapsolo-Twins-20000-Puffs-Disposable-Vape-Free-Shipping-9-12x12.webp 12w, https:\/\/www.vapecigwholesale.com\/wp-content\/uploads\/2024\/11\/Vapsolo-Twins-20000-Puffs-Disposable-Vape-Free-Shipping-9-575x575.webp 575w, https:\/\/www.vapecigwholesale.com\/wp-content\/uploads\/2024\/11\/Vapsolo-Twins-20000-Puffs-Disposable-Vape-Free-Shipping-9-380x380.webp 380w, https:\/\/www.vapecigwholesale.com\/wp-content\/uploads\/2024\/11\/Vapsolo-Twins-20000-Puffs-Disposable-Vape-Free-Shipping-9-50x50.webp 50w, https:\/\/www.vapecigwholesale.com\/wp-content\/uploads\/2024\/11\/Vapsolo-Twins-20000-Puffs-Disposable-Vape-Free-Shipping-9-26x26.webp 26w, https:\/\/www.vapecigwholesale.com\/wp-content\/uploads\/2024\/11\/Vapsolo-Twins-20000-Puffs-Disposable-Vape-Free-Shipping-9-420x420.webp 420w, https:\/\/www.vapecigwholesale.com\/wp-content\/uploads\/2024\/11\/Vapsolo-Twins-20000-Puffs-Disposable-Vape-Free-Shipping-9-100x100.webp 100w, https:\/\/www.vapecigwholesale.com\/wp-content\/uploads\/2024\/11\/Vapsolo-Twins-20000-Puffs-Disposable-Vape-Free-Shipping-9-80x80.webp 80w\" sizes=\"(max-width: 800px) 100vw, 800px\" \/><\/p>\n<figure id=\"attachment_1130\" aria-describedby=\"caption-attachment-1130\" style=\"width: 800px\" class=\"wp-caption alignnone\"><img decoding=\"async\" class=\"wp-image-1130 size-full\" title=\"Vapsolo Twins 20000 Puffs Vape Desechable Env\u00edo Gratis 10\" src=\"https:\/\/www.vapecigwholesale.com\/wp-content\/uploads\/2024\/11\/Vapsolo-Twins-20000-Puffs-Disposable-Vape-Free-Shipping-10.webp\" alt=\"Vapsolo Twins 20000 Puffs Vape Desechable Env\u00edo Gratis 10\" width=\"800\" height=\"700\" srcset=\"https:\/\/www.vapecigwholesale.com\/wp-content\/uploads\/2024\/11\/Vapsolo-Twins-20000-Puffs-Disposable-Vape-Free-Shipping-10.webp 800w, https:\/\/www.vapecigwholesale.com\/wp-content\/uploads\/2024\/11\/Vapsolo-Twins-20000-Puffs-Disposable-Vape-Free-Shipping-10-300x263.webp 300w, https:\/\/www.vapecigwholesale.com\/wp-content\/uploads\/2024\/11\/Vapsolo-Twins-20000-Puffs-Disposable-Vape-Free-Shipping-10-768x672.webp 768w, https:\/\/www.vapecigwholesale.com\/wp-content\/uploads\/2024\/11\/Vapsolo-Twins-20000-Puffs-Disposable-Vape-Free-Shipping-10-14x12.webp 14w, https:\/\/www.vapecigwholesale.com\/wp-content\/uploads\/2024\/11\/Vapsolo-Twins-20000-Puffs-Disposable-Vape-Free-Shipping-10-575x503.webp 575w, https:\/\/www.vapecigwholesale.com\/wp-content\/uploads\/2024\/11\/Vapsolo-Twins-20000-Puffs-Disposable-Vape-Free-Shipping-10-380x333.webp 380w, https:\/\/www.vapecigwholesale.com\/wp-content\/uploads\/2024\/11\/Vapsolo-Twins-20000-Puffs-Disposable-Vape-Free-Shipping-10-80x70.webp 80w\" sizes=\"(max-width: 800px) 100vw, 800px\" \/><figcaption id=\"caption-attachment-1130\" class=\"wp-caption-text\">Vapsolo Twins 20000 Puffs Vape desechable Env\u00edo gratuito<\/figcaption><\/figure>","protected":false},"excerpt":{"rendered":"<p>Precio s\u00f3lo para 1pcs Env\u00edo gratuito<\/p>\n<p>(<strong>2%, 5% Nic<\/strong>)\u00a0 \u00a0 \u00a0\u00a0<strong>Plazo de entrega: 2 semanas<\/strong><\/p>","protected":false},"featured_media":1123,"comment_status":"open","ping_status":"closed","template":"","meta":{"om_disable_all_campaigns":false,"_monsterinsights_skip_tracking":false,"_monsterinsights_sitenote_active":false,"_monsterinsights_sitenote_note":"","_monsterinsights_sitenote_category":0},"product_brand":[],"product_cat":[15],"product_tag":[],"class_list":{"0":"post-1148","1":"product","2":"type-product","3":"status-publish","4":"has-post-thumbnail","6":"product_cat-disposable-vape","8":"first","9":"instock","10":"featured","11":"shipping-taxable","12":"purchasable","13":"product-type-variable","14":"has-default-attributes"},"aioseo_notices":[],"_links":{"self":[{"href":"https:\/\/www.vapecigwholesale.com\/es\/wp-json\/wp\/v2\/product\/1148","targetHints":{"allow":["GET"]}}],"collection":[{"href":"https:\/\/www.vapecigwholesale.com\/es\/wp-json\/wp\/v2\/product"}],"about":[{"href":"https:\/\/www.vapecigwholesale.com\/es\/wp-json\/wp\/v2\/types\/product"}],"replies":[{"embeddable":true,"href":"https:\/\/www.vapecigwholesale.com\/es\/wp-json\/wp\/v2\/comments?post=1148"}],"wp:featuredmedia":[{"embeddable":true,"href":"https:\/\/www.vapecigwholesale.com\/es\/wp-json\/wp\/v2\/media\/1123"}],"wp:attachment":[{"href":"https:\/\/www.vapecigwholesale.com\/es\/wp-json\/wp\/v2\/media?parent=1148"}],"wp:term":[{"taxonomy":"product_brand","embeddable":true,"href":"https:\/\/www.vapecigwholesale.com\/es\/wp-json\/wp\/v2\/product_brand?post=1148"},{"taxonomy":"product_cat","embeddable":true,"href":"https:\/\/www.vapecigwholesale.com\/es\/wp-json\/wp\/v2\/product_cat?post=1148"},{"taxonomy":"product_tag","embeddable":true,"href":"https:\/\/www.vapecigwholesale.com\/es\/wp-json\/wp\/v2\/product_tag?post=1148"}],"curies":[{"name":"wp","href":"https:\/\/api.w.org\/{rel}","templated":true}]}}