{"id":1182,"date":"2024-11-16T17:52:00","date_gmt":"2024-11-16T09:52:00","guid":{"rendered":"https:\/\/www.vapecigwholesale.com\/?post_type=product&#038;p=1182"},"modified":"2025-02-19T14:23:02","modified_gmt":"2025-02-19T06:23:02","slug":"vapsolo-dg-18000-puffs-disposable-vape-free-shipping","status":"publish","type":"product","link":"https:\/\/www.vapecigwholesale.com\/es\/product\/vapsolo-dg-18000-bocanadas-vape-desechable-envio-gratis\/","title":{"rendered":"Vapsolo DG 18000 Puffs Vape desechable Env\u00edo gratuito"},"content":{"rendered":"<p>Vapsolo DG 18000 Puffs es un vapeador desechable de \u00faltima generaci\u00f3n que se sit\u00faa a la vanguardia de la innovaci\u00f3n en vapeo. Este excepcional producto est\u00e1 dise\u00f1ado para vapeadores que exigen comodidad y calidad superior. Con una impresionante capacidad de hasta 18.000 caladas, ofrece una de las experiencias de vapeo m\u00e1s prolongadas del mercado, por lo que es una opci\u00f3n ideal tanto para minoristas como para mayoristas que buscan un producto fiable y de alto rendimiento.<\/p>\n<p>Vapsolo DG 18000 Puffs es un dispositivo de vapeo desechable recargable que viene con bater\u00eda y pantalla de nivel de e-jugo. Contiene 28ml 2%\/5% sal de nicotina e-jugo y vape hasta 18000 caladas. Hay 10 sabores para elegir. Viene con una bater\u00eda recargable de 650mAh, proporcionando un uso de larga duraci\u00f3n sin comprometer el rendimiento. La parte inferior del DG18000 est\u00e1 equipada con un interruptor de flujo de aire ajustable, que permite a los usuarios personalizar su experiencia de vapeo de acuerdo a sus preferencias, ya sea que prefieran una calada m\u00e1s apretada o una inhalaci\u00f3n m\u00e1s aireada.<\/p>\n<p>Vapsolo DG 18000 Puffs cuenta con tecnolog\u00eda de bobina de malla con una bobina de malla de 0,6\u03a9 que proporcionan nubes consistentes y ricas y suaves para que pueda disfrutar de la pureza del sabor. Es como una caja de vapeo que es compacta y port\u00e1til. Para mejorar a\u00fan m\u00e1s la experiencia del usuario, el DG18000 cuenta con una pantalla LCD que controla los niveles de bater\u00eda y e-l\u00edquido en tiempo real.<\/p>\n<h2><strong>Vapsolo DG 18000 Puffs Detalles:<\/strong><\/h2>\n<ul>\n<li>Alcanza hasta 18000 bocanadas<\/li>\n<li>28 ml de e-l\u00edquido precargado<\/li>\n<li>Bater\u00eda recargable de 650 mAh<\/li>\n<li>Potencia de nicotina 2%\/5%<\/li>\n<li>Bobina de malla doble<\/li>\n<li>Dise\u00f1o no rellenable<\/li>\n<li>Puerto de carga Tipo-C<\/li>\n<li>10 sabores disponibles<\/li>\n<\/ul>\n<h2><strong>Vapsolo DG 18000 Puffs Sabores Disponibles:<\/strong><\/h2>\n<ol>\n<li>Fresa Pl\u00e1tano<\/li>\n<li>Melocot\u00f3n Mango Pi\u00f1a<\/li>\n<li>Fruta de la pasi\u00f3n Kiwi Ice<\/li>\n<li>Ar\u00e1ndano Cereza Ar\u00e1ndano<\/li>\n<li>Hielo de sand\u00eda<\/li>\n<li>Lim\u00f3n lima<\/li>\n<li>Fresa Kiwi<\/li>\n<li>Toro rojo<\/li>\n<li>Sand\u00eda de fresa Prime<\/li>\n<li>Mezcla de bayas<\/li>\n<\/ol>\n<h2><strong>Lista de embalaje:<\/strong><\/h2>\n<p>1unidad cada caja peque\u00f1a<br \/>\n10 unidades cada caja central<br \/>\n200 unidades por caja<\/p>\n<p><img fetchpriority=\"high\" decoding=\"async\" class=\"wp-image-1169 size-full\" title=\"Vapsolo DG 18000 Puffs Vape Desechable Env\u00edo Gratis 3\" src=\"https:\/\/www.vapecigwholesale.com\/wp-content\/uploads\/2024\/11\/Vapsolo-DG-18000-Puffs-Disposable-Vape-Free-Shipping-3.webp\" alt=\"Vapsolo DG 18000 Puffs Vape Desechable Env\u00edo Gratis 3\" width=\"800\" height=\"800\" srcset=\"https:\/\/www.vapecigwholesale.com\/wp-content\/uploads\/2024\/11\/Vapsolo-DG-18000-Puffs-Disposable-Vape-Free-Shipping-3.webp 800w, https:\/\/www.vapecigwholesale.com\/wp-content\/uploads\/2024\/11\/Vapsolo-DG-18000-Puffs-Disposable-Vape-Free-Shipping-3-300x300.webp 300w, https:\/\/www.vapecigwholesale.com\/wp-content\/uploads\/2024\/11\/Vapsolo-DG-18000-Puffs-Disposable-Vape-Free-Shipping-3-150x150.webp 150w, https:\/\/www.vapecigwholesale.com\/wp-content\/uploads\/2024\/11\/Vapsolo-DG-18000-Puffs-Disposable-Vape-Free-Shipping-3-768x768.webp 768w, https:\/\/www.vapecigwholesale.com\/wp-content\/uploads\/2024\/11\/Vapsolo-DG-18000-Puffs-Disposable-Vape-Free-Shipping-3-12x12.webp 12w, https:\/\/www.vapecigwholesale.com\/wp-content\/uploads\/2024\/11\/Vapsolo-DG-18000-Puffs-Disposable-Vape-Free-Shipping-3-575x575.webp 575w, https:\/\/www.vapecigwholesale.com\/wp-content\/uploads\/2024\/11\/Vapsolo-DG-18000-Puffs-Disposable-Vape-Free-Shipping-3-380x380.webp 380w, https:\/\/www.vapecigwholesale.com\/wp-content\/uploads\/2024\/11\/Vapsolo-DG-18000-Puffs-Disposable-Vape-Free-Shipping-3-50x50.webp 50w, https:\/\/www.vapecigwholesale.com\/wp-content\/uploads\/2024\/11\/Vapsolo-DG-18000-Puffs-Disposable-Vape-Free-Shipping-3-26x26.webp 26w, https:\/\/www.vapecigwholesale.com\/wp-content\/uploads\/2024\/11\/Vapsolo-DG-18000-Puffs-Disposable-Vape-Free-Shipping-3-420x420.webp 420w, https:\/\/www.vapecigwholesale.com\/wp-content\/uploads\/2024\/11\/Vapsolo-DG-18000-Puffs-Disposable-Vape-Free-Shipping-3-100x100.webp 100w, https:\/\/www.vapecigwholesale.com\/wp-content\/uploads\/2024\/11\/Vapsolo-DG-18000-Puffs-Disposable-Vape-Free-Shipping-3-80x80.webp 80w\" sizes=\"(max-width: 800px) 100vw, 800px\" \/><\/p>\n<p><img decoding=\"async\" class=\"wp-image-1168 size-full\" title=\"Vapsolo DG 18000 Puffs Vape Desechable Env\u00edo Gratis 2\" src=\"https:\/\/www.vapecigwholesale.com\/wp-content\/uploads\/2024\/11\/Vapsolo-DG-18000-Puffs-Disposable-Vape-Free-Shipping-2.webp\" alt=\"Vapsolo DG 18000 Puffs Vape Desechable Env\u00edo Gratis 2\" width=\"800\" height=\"800\" srcset=\"https:\/\/www.vapecigwholesale.com\/wp-content\/uploads\/2024\/11\/Vapsolo-DG-18000-Puffs-Disposable-Vape-Free-Shipping-2.webp 800w, https:\/\/www.vapecigwholesale.com\/wp-content\/uploads\/2024\/11\/Vapsolo-DG-18000-Puffs-Disposable-Vape-Free-Shipping-2-300x300.webp 300w, https:\/\/www.vapecigwholesale.com\/wp-content\/uploads\/2024\/11\/Vapsolo-DG-18000-Puffs-Disposable-Vape-Free-Shipping-2-150x150.webp 150w, https:\/\/www.vapecigwholesale.com\/wp-content\/uploads\/2024\/11\/Vapsolo-DG-18000-Puffs-Disposable-Vape-Free-Shipping-2-768x768.webp 768w, https:\/\/www.vapecigwholesale.com\/wp-content\/uploads\/2024\/11\/Vapsolo-DG-18000-Puffs-Disposable-Vape-Free-Shipping-2-12x12.webp 12w, https:\/\/www.vapecigwholesale.com\/wp-content\/uploads\/2024\/11\/Vapsolo-DG-18000-Puffs-Disposable-Vape-Free-Shipping-2-575x575.webp 575w, https:\/\/www.vapecigwholesale.com\/wp-content\/uploads\/2024\/11\/Vapsolo-DG-18000-Puffs-Disposable-Vape-Free-Shipping-2-380x380.webp 380w, https:\/\/www.vapecigwholesale.com\/wp-content\/uploads\/2024\/11\/Vapsolo-DG-18000-Puffs-Disposable-Vape-Free-Shipping-2-50x50.webp 50w, https:\/\/www.vapecigwholesale.com\/wp-content\/uploads\/2024\/11\/Vapsolo-DG-18000-Puffs-Disposable-Vape-Free-Shipping-2-26x26.webp 26w, https:\/\/www.vapecigwholesale.com\/wp-content\/uploads\/2024\/11\/Vapsolo-DG-18000-Puffs-Disposable-Vape-Free-Shipping-2-420x420.webp 420w, https:\/\/www.vapecigwholesale.com\/wp-content\/uploads\/2024\/11\/Vapsolo-DG-18000-Puffs-Disposable-Vape-Free-Shipping-2-100x100.webp 100w, https:\/\/www.vapecigwholesale.com\/wp-content\/uploads\/2024\/11\/Vapsolo-DG-18000-Puffs-Disposable-Vape-Free-Shipping-2-80x80.webp 80w\" sizes=\"(max-width: 800px) 100vw, 800px\" \/><\/p>\n<p><img decoding=\"async\" class=\"wp-image-1170 size-full\" title=\"Vapsolo DG 18000 Puffs Vape Desechable Env\u00edo Gratis 4\" src=\"https:\/\/www.vapecigwholesale.com\/wp-content\/uploads\/2024\/11\/Vapsolo-DG-18000-Puffs-Disposable-Vape-Free-Shipping-4.webp\" alt=\"Vapsolo DG 18000 Puffs Vape Desechable Env\u00edo Gratis 4\" width=\"800\" height=\"1067\" srcset=\"https:\/\/www.vapecigwholesale.com\/wp-content\/uploads\/2024\/11\/Vapsolo-DG-18000-Puffs-Disposable-Vape-Free-Shipping-4.webp 800w, https:\/\/www.vapecigwholesale.com\/wp-content\/uploads\/2024\/11\/Vapsolo-DG-18000-Puffs-Disposable-Vape-Free-Shipping-4-225x300.webp 225w, https:\/\/www.vapecigwholesale.com\/wp-content\/uploads\/2024\/11\/Vapsolo-DG-18000-Puffs-Disposable-Vape-Free-Shipping-4-768x1024.webp 768w, https:\/\/www.vapecigwholesale.com\/wp-content\/uploads\/2024\/11\/Vapsolo-DG-18000-Puffs-Disposable-Vape-Free-Shipping-4-9x12.webp 9w, https:\/\/www.vapecigwholesale.com\/wp-content\/uploads\/2024\/11\/Vapsolo-DG-18000-Puffs-Disposable-Vape-Free-Shipping-4-575x767.webp 575w, https:\/\/www.vapecigwholesale.com\/wp-content\/uploads\/2024\/11\/Vapsolo-DG-18000-Puffs-Disposable-Vape-Free-Shipping-4-380x507.webp 380w, https:\/\/www.vapecigwholesale.com\/wp-content\/uploads\/2024\/11\/Vapsolo-DG-18000-Puffs-Disposable-Vape-Free-Shipping-4-75x100.webp 75w\" sizes=\"(max-width: 800px) 100vw, 800px\" \/><\/p>","protected":false},"excerpt":{"rendered":"<p>Precio s\u00f3lo para 1pcs Env\u00edo gratuito<\/p>\n<p>(<strong>2%, 5% Nic<\/strong>)\u00a0 \u00a0 \u00a0\u00a0<strong>Plazo de entrega: 2 semanas<\/strong><\/p>","protected":false},"featured_media":1171,"comment_status":"open","ping_status":"closed","template":"","meta":{"om_disable_all_campaigns":false,"_monsterinsights_skip_tracking":false,"_monsterinsights_sitenote_active":false,"_monsterinsights_sitenote_note":"","_monsterinsights_sitenote_category":0},"product_brand":[],"product_cat":[15],"product_tag":[],"class_list":{"0":"post-1182","1":"product","2":"type-product","3":"status-publish","4":"has-post-thumbnail","6":"product_cat-disposable-vape","8":"first","9":"instock","10":"featured","11":"shipping-taxable","12":"purchasable","13":"product-type-variable","14":"has-default-attributes"},"aioseo_notices":[],"_links":{"self":[{"href":"https:\/\/www.vapecigwholesale.com\/es\/wp-json\/wp\/v2\/product\/1182","targetHints":{"allow":["GET"]}}],"collection":[{"href":"https:\/\/www.vapecigwholesale.com\/es\/wp-json\/wp\/v2\/product"}],"about":[{"href":"https:\/\/www.vapecigwholesale.com\/es\/wp-json\/wp\/v2\/types\/product"}],"replies":[{"embeddable":true,"href":"https:\/\/www.vapecigwholesale.com\/es\/wp-json\/wp\/v2\/comments?post=1182"}],"wp:featuredmedia":[{"embeddable":true,"href":"https:\/\/www.vapecigwholesale.com\/es\/wp-json\/wp\/v2\/media\/1171"}],"wp:attachment":[{"href":"https:\/\/www.vapecigwholesale.com\/es\/wp-json\/wp\/v2\/media?parent=1182"}],"wp:term":[{"taxonomy":"product_brand","embeddable":true,"href":"https:\/\/www.vapecigwholesale.com\/es\/wp-json\/wp\/v2\/product_brand?post=1182"},{"taxonomy":"product_cat","embeddable":true,"href":"https:\/\/www.vapecigwholesale.com\/es\/wp-json\/wp\/v2\/product_cat?post=1182"},{"taxonomy":"product_tag","embeddable":true,"href":"https:\/\/www.vapecigwholesale.com\/es\/wp-json\/wp\/v2\/product_tag?post=1182"}],"curies":[{"name":"wp","href":"https:\/\/api.w.org\/{rel}","templated":true}]}}