{"id":1278,"date":"2024-11-18T14:18:13","date_gmt":"2024-11-18T06:18:13","guid":{"rendered":"https:\/\/www.vapecigwholesale.com\/?post_type=product&#038;p=1278"},"modified":"2025-04-13T01:05:57","modified_gmt":"2025-04-12T17:05:57","slug":"bang-box-30000-puffs-disposable-vape-free-shipping","status":"publish","type":"product","link":"https:\/\/www.vapecigwholesale.com\/es\/product\/bang-box-30000-bocanadas-vape-desechable-envio-gratis\/","title":{"rendered":"Bang Box 30000 Puffs Vape desechable Env\u00edo gratuito"},"content":{"rendered":"<p>Vapeador desechable recargable Bang Box 30000 Puffs. Este innovador dispositivo combina comodidad, estilo y caracter\u00edsticas de alto rendimiento, por lo que es una opci\u00f3n esencial para los vapers casuales y experimentados. el Bang Box 30000est\u00e1 dise\u00f1ado para aquellos que exigen lo mejor.<\/p>\n<p>Bang Box 30000 Puffs con su notable capacidad de e-l\u00edquido de 35mL, este vaporizador permite la asombrosa cantidad de 30.000 caladas, asegurando que disfrutes de sesiones prolongadas sin la molestia de recargas frecuentes. La bater\u00eda recargable de 850mAh no solo admite un uso duradero, sino que tambi\u00e9n est\u00e1 equipada con un puerto de carga USB Type-C para una recarga r\u00e1pida y sencilla. \u00a1Desp\u00eddete del tiempo de inactividad y da la bienvenida al placer continuo de vapear!<\/p>\n<h2><strong>Bang Box 30000 Puffs Detalles:<\/strong><\/h2>\n<ul>\n<li>Puffs:30000 Puffs<\/li>\n<li>Bater\u00eda: 850mAh<\/li>\n<li>Capacidad: 35 ml<\/li>\n<li>Nicotina:0% 2% 3% 5%<\/li>\n<li>Bobina de malla doble<\/li>\n<li>Pantalla inteligente: e-juice\/indicador de encendido<\/li>\n<li>12 sabores disponibles<\/li>\n<\/ul>\n<h2><strong>Bang Box 30000 Puffs Sabores disponibles:<\/strong><\/h2>\n<ol>\n<li>Hielo de ar\u00e1ndanos<\/li>\n<li>Manzana Melocot\u00f3n<\/li>\n<li>R\u00e1faga negra<\/li>\n<li>Ar\u00e1ndano Pomegrante<\/li>\n<li>Hielo de frambuesa agrio con ar\u00e1ndanos<\/li>\n<li>R\u00e1faga azul<\/li>\n<li>Uva doble<\/li>\n<li>Fresa Kiwi<\/li>\n<li>Sand\u00eda con fresa<\/li>\n<li>Hielo de sand\u00eda<\/li>\n<li>Fruta de la pasi\u00f3n<\/li>\n<li>Zumo de la selva<\/li>\n<\/ol>\n<h2><strong>Lista de embalaje:<\/strong><\/h2>\n<p>1unidad cada caja peque\u00f1a<br \/>\n10 unidades cada caja central<br \/>\n200 unidades por caja<\/p>\n<p><img fetchpriority=\"high\" decoding=\"async\" class=\"wp-image-1263 size-full\" title=\"Bang Box 30000 Puffs Vape Desechable Env\u00edo Gratis 1\" src=\"https:\/\/www.vapecigwholesale.com\/wp-content\/uploads\/2024\/11\/Bang-Box-30000-Puffs-Disposable-Vape-Free-Shipping-1.webp\" alt=\"Bang Box 30000 Puffs Vape Desechable Env\u00edo Gratis 1\" width=\"800\" height=\"1314\" srcset=\"https:\/\/www.vapecigwholesale.com\/wp-content\/uploads\/2024\/11\/Bang-Box-30000-Puffs-Disposable-Vape-Free-Shipping-1.webp 800w, https:\/\/www.vapecigwholesale.com\/wp-content\/uploads\/2024\/11\/Bang-Box-30000-Puffs-Disposable-Vape-Free-Shipping-1-183x300.webp 183w, https:\/\/www.vapecigwholesale.com\/wp-content\/uploads\/2024\/11\/Bang-Box-30000-Puffs-Disposable-Vape-Free-Shipping-1-623x1024.webp 623w, https:\/\/www.vapecigwholesale.com\/wp-content\/uploads\/2024\/11\/Bang-Box-30000-Puffs-Disposable-Vape-Free-Shipping-1-768x1261.webp 768w, https:\/\/www.vapecigwholesale.com\/wp-content\/uploads\/2024\/11\/Bang-Box-30000-Puffs-Disposable-Vape-Free-Shipping-1-7x12.webp 7w, https:\/\/www.vapecigwholesale.com\/wp-content\/uploads\/2024\/11\/Bang-Box-30000-Puffs-Disposable-Vape-Free-Shipping-1-575x944.webp 575w, https:\/\/www.vapecigwholesale.com\/wp-content\/uploads\/2024\/11\/Bang-Box-30000-Puffs-Disposable-Vape-Free-Shipping-1-380x624.webp 380w, https:\/\/www.vapecigwholesale.com\/wp-content\/uploads\/2024\/11\/Bang-Box-30000-Puffs-Disposable-Vape-Free-Shipping-1-61x100.webp 61w\" sizes=\"(max-width: 800px) 100vw, 800px\" \/><\/p>\n<p><img decoding=\"async\" class=\"wp-image-1265 size-full\" title=\"Bang Box 30000 Puffs Vape Desechable Env\u00edo Gratis 3\" src=\"https:\/\/www.vapecigwholesale.com\/wp-content\/uploads\/2024\/11\/Bang-Box-30000-Puffs-Disposable-Vape-Free-Shipping-3.webp\" alt=\"Bang Box 30000 Puffs Vape Desechable Env\u00edo Gratis 3\" width=\"800\" height=\"800\" srcset=\"https:\/\/www.vapecigwholesale.com\/wp-content\/uploads\/2024\/11\/Bang-Box-30000-Puffs-Disposable-Vape-Free-Shipping-3.webp 800w, https:\/\/www.vapecigwholesale.com\/wp-content\/uploads\/2024\/11\/Bang-Box-30000-Puffs-Disposable-Vape-Free-Shipping-3-300x300.webp 300w, https:\/\/www.vapecigwholesale.com\/wp-content\/uploads\/2024\/11\/Bang-Box-30000-Puffs-Disposable-Vape-Free-Shipping-3-150x150.webp 150w, https:\/\/www.vapecigwholesale.com\/wp-content\/uploads\/2024\/11\/Bang-Box-30000-Puffs-Disposable-Vape-Free-Shipping-3-768x768.webp 768w, https:\/\/www.vapecigwholesale.com\/wp-content\/uploads\/2024\/11\/Bang-Box-30000-Puffs-Disposable-Vape-Free-Shipping-3-12x12.webp 12w, https:\/\/www.vapecigwholesale.com\/wp-content\/uploads\/2024\/11\/Bang-Box-30000-Puffs-Disposable-Vape-Free-Shipping-3-575x575.webp 575w, https:\/\/www.vapecigwholesale.com\/wp-content\/uploads\/2024\/11\/Bang-Box-30000-Puffs-Disposable-Vape-Free-Shipping-3-380x380.webp 380w, https:\/\/www.vapecigwholesale.com\/wp-content\/uploads\/2024\/11\/Bang-Box-30000-Puffs-Disposable-Vape-Free-Shipping-3-50x50.webp 50w, https:\/\/www.vapecigwholesale.com\/wp-content\/uploads\/2024\/11\/Bang-Box-30000-Puffs-Disposable-Vape-Free-Shipping-3-26x26.webp 26w, https:\/\/www.vapecigwholesale.com\/wp-content\/uploads\/2024\/11\/Bang-Box-30000-Puffs-Disposable-Vape-Free-Shipping-3-420x420.webp 420w, https:\/\/www.vapecigwholesale.com\/wp-content\/uploads\/2024\/11\/Bang-Box-30000-Puffs-Disposable-Vape-Free-Shipping-3-100x100.webp 100w, https:\/\/www.vapecigwholesale.com\/wp-content\/uploads\/2024\/11\/Bang-Box-30000-Puffs-Disposable-Vape-Free-Shipping-3-80x80.webp 80w\" sizes=\"(max-width: 800px) 100vw, 800px\" \/><\/p>","protected":false},"excerpt":{"rendered":"<p>Precio s\u00f3lo para 1pcs Env\u00edo gratuito<\/p>\n<p>(\u00a0<strong>0% 2% 3% 5% Nic<\/strong>)\u00a0 \u00a0 \u00a0<strong>Plazo de entrega: 2 semanas<\/strong><\/p>","protected":false},"featured_media":1271,"comment_status":"open","ping_status":"closed","template":"","meta":{"om_disable_all_campaigns":false,"_monsterinsights_skip_tracking":false,"_monsterinsights_sitenote_active":false,"_monsterinsights_sitenote_note":"","_monsterinsights_sitenote_category":0},"product_brand":[],"product_cat":[15],"product_tag":[],"class_list":{"0":"post-1278","1":"product","2":"type-product","3":"status-publish","4":"has-post-thumbnail","6":"product_cat-disposable-vape","8":"first","9":"instock","10":"featured","11":"shipping-taxable","12":"purchasable","13":"product-type-variable","14":"has-default-attributes"},"aioseo_notices":[],"_links":{"self":[{"href":"https:\/\/www.vapecigwholesale.com\/es\/wp-json\/wp\/v2\/product\/1278","targetHints":{"allow":["GET"]}}],"collection":[{"href":"https:\/\/www.vapecigwholesale.com\/es\/wp-json\/wp\/v2\/product"}],"about":[{"href":"https:\/\/www.vapecigwholesale.com\/es\/wp-json\/wp\/v2\/types\/product"}],"replies":[{"embeddable":true,"href":"https:\/\/www.vapecigwholesale.com\/es\/wp-json\/wp\/v2\/comments?post=1278"}],"wp:featuredmedia":[{"embeddable":true,"href":"https:\/\/www.vapecigwholesale.com\/es\/wp-json\/wp\/v2\/media\/1271"}],"wp:attachment":[{"href":"https:\/\/www.vapecigwholesale.com\/es\/wp-json\/wp\/v2\/media?parent=1278"}],"wp:term":[{"taxonomy":"product_brand","embeddable":true,"href":"https:\/\/www.vapecigwholesale.com\/es\/wp-json\/wp\/v2\/product_brand?post=1278"},{"taxonomy":"product_cat","embeddable":true,"href":"https:\/\/www.vapecigwholesale.com\/es\/wp-json\/wp\/v2\/product_cat?post=1278"},{"taxonomy":"product_tag","embeddable":true,"href":"https:\/\/www.vapecigwholesale.com\/es\/wp-json\/wp\/v2\/product_tag?post=1278"}],"curies":[{"name":"wp","href":"https:\/\/api.w.org\/{rel}","templated":true}]}}