{"id":1343,"date":"2024-11-19T20:58:04","date_gmt":"2024-11-19T12:58:04","guid":{"rendered":"https:\/\/www.vapecigwholesale.com\/?post_type=product&#038;p=1343"},"modified":"2025-02-19T14:16:20","modified_gmt":"2025-02-19T06:16:20","slug":"zooy-shisha-25000-puffs-disposable-vape-free-shipping","status":"publish","type":"product","link":"https:\/\/www.vapecigwholesale.com\/es\/product\/zooy-shisha-25000-bocanadas-vape-desechable-envio-gratis\/","title":{"rendered":"ZOOY ShiSha 25000 Puffs Vape desechable Env\u00edo gratuito"},"content":{"rendered":"<p>ZOOY ShiSha 25000 Puffs es una marca de shisha electr\u00f3nica que ha estado recibiendo muy buenas cr\u00edticas de los clientes en Europa. Conocida por su gran producci\u00f3n de vapor y sabor suave, esta shisha electr\u00f3nica se est\u00e1 convirtiendo r\u00e1pidamente en una de las favoritas entre los entusiastas del vapeo. En este art\u00edculo, exploraremos las caracter\u00edsticas clave de la zooy shisha 25000 y por qu\u00e9 ha cosechado comentarios tan positivos de los usuarios.<\/p>\n<p>ZOOY ShiSha 25000 Puffs es su impresionante producci\u00f3n de vapor. Con cada calada, los usuarios pueden disfrutar de gruesas nubes de vapor que imitan la experiencia de fumar shisha tradicional. Esto es posible gracias a la avanzada tecnolog\u00eda y componentes de alta calidad utilizados en el dise\u00f1o de zooy shisha 25000.<\/p>\n<p>ZOOY ShiSha 25000 Puffs tambi\u00e9n ofrece una experiencia de sabor suave y satisfactoria. Ya sea que prefiera sabores afrutados, mentolados o de tabaco cl\u00e1sico, zooy shisha 25000 ofrece una amplia gama de opciones para todos los paladares. Los sabores son cuidadosamente elaborados para proporcionar una experiencia aut\u00e9ntica y agradable.<\/p>\n<p>ZOOY ShiSha 25000 Puffs su bater\u00eda de larga duraci\u00f3n. Los usuarios pueden disfrutar de horas de vaping ininterrumpido sin tener que recargar constantemente su dispositivo. Esto hace zooy shisha 25000 ideal para el uso on-the-go y asegura que los usuarios pueden disfrutar de sus sabores favoritos cuando y donde les plazca.<\/p>\n<h2><strong>ZOOY ShiSha 25000 Puffs Detalles:<\/strong><\/h2>\n<ul>\n<li>Puff: Hasta 25000 caladas<\/li>\n<li>L\u00edquido: 28 ml precargado<\/li>\n<li>N\u00facleo: Bobina de malla 0,5 \u03a9<\/li>\n<li>Bater\u00eda:650mAh Recargable puerto tipo-c<\/li>\n<li>Nicotina:2% 5% Nicotina<\/li>\n<li>tapa antipolvo<\/li>\n<\/ul>\n<h2><strong>ZOOY ShiSha 25000 Puffs Sabores Disponibles:<\/strong><\/h2>\n<ol>\n<li>Hielo de pl\u00e1tano<\/li>\n<li>Hielo de ar\u00e1ndanos<\/li>\n<li>Amor 777<\/li>\n<li>Mango Ice<\/li>\n<li>Mezcla de bayas<\/li>\n<li>Limonada rosa<\/li>\n<li>Fresa helada<\/li>\n<li>Hielo de fresa y frambuesa<\/li>\n<li>Sand\u00eda con fresa<\/li>\n<li>Hielo de sand\u00eda<\/li>\n<\/ol>\n<h2><strong>Lista de embalaje:<\/strong><\/h2>\n<p>1unidad cada caja peque\u00f1a<br \/>\n10 unidades cada caja central<br \/>\n200 unidades por caja<\/p>\n<p><img fetchpriority=\"high\" decoding=\"async\" class=\"wp-image-1329 size-full\" title=\"ZOOY ShiSha 25000 Puffs Vape Desechable Env\u00edo Gratis 3\" src=\"https:\/\/www.vapecigwholesale.com\/wp-content\/uploads\/2024\/11\/ZOOY-ShiSha-25000-Puffs-Disposable-Vape-Free-Shipping-3.webp\" alt=\"ZOOY ShiSha 25000 Puffs Vape Desechable Env\u00edo Gratis 3\" width=\"800\" height=\"800\" srcset=\"https:\/\/www.vapecigwholesale.com\/wp-content\/uploads\/2024\/11\/ZOOY-ShiSha-25000-Puffs-Disposable-Vape-Free-Shipping-3.webp 800w, https:\/\/www.vapecigwholesale.com\/wp-content\/uploads\/2024\/11\/ZOOY-ShiSha-25000-Puffs-Disposable-Vape-Free-Shipping-3-300x300.webp 300w, https:\/\/www.vapecigwholesale.com\/wp-content\/uploads\/2024\/11\/ZOOY-ShiSha-25000-Puffs-Disposable-Vape-Free-Shipping-3-150x150.webp 150w, https:\/\/www.vapecigwholesale.com\/wp-content\/uploads\/2024\/11\/ZOOY-ShiSha-25000-Puffs-Disposable-Vape-Free-Shipping-3-768x768.webp 768w, https:\/\/www.vapecigwholesale.com\/wp-content\/uploads\/2024\/11\/ZOOY-ShiSha-25000-Puffs-Disposable-Vape-Free-Shipping-3-12x12.webp 12w, https:\/\/www.vapecigwholesale.com\/wp-content\/uploads\/2024\/11\/ZOOY-ShiSha-25000-Puffs-Disposable-Vape-Free-Shipping-3-575x575.webp 575w, https:\/\/www.vapecigwholesale.com\/wp-content\/uploads\/2024\/11\/ZOOY-ShiSha-25000-Puffs-Disposable-Vape-Free-Shipping-3-380x380.webp 380w, https:\/\/www.vapecigwholesale.com\/wp-content\/uploads\/2024\/11\/ZOOY-ShiSha-25000-Puffs-Disposable-Vape-Free-Shipping-3-50x50.webp 50w, https:\/\/www.vapecigwholesale.com\/wp-content\/uploads\/2024\/11\/ZOOY-ShiSha-25000-Puffs-Disposable-Vape-Free-Shipping-3-26x26.webp 26w, https:\/\/www.vapecigwholesale.com\/wp-content\/uploads\/2024\/11\/ZOOY-ShiSha-25000-Puffs-Disposable-Vape-Free-Shipping-3-420x420.webp 420w, https:\/\/www.vapecigwholesale.com\/wp-content\/uploads\/2024\/11\/ZOOY-ShiSha-25000-Puffs-Disposable-Vape-Free-Shipping-3-100x100.webp 100w, https:\/\/www.vapecigwholesale.com\/wp-content\/uploads\/2024\/11\/ZOOY-ShiSha-25000-Puffs-Disposable-Vape-Free-Shipping-3-80x80.webp 80w\" sizes=\"(max-width: 800px) 100vw, 800px\" \/><\/p>\n<p><img decoding=\"async\" class=\"wp-image-1330 size-full\" title=\"ZOOY ShiSha 25000 Puffs Vape Desechable Env\u00edo Gratis 4\" src=\"https:\/\/www.vapecigwholesale.com\/wp-content\/uploads\/2024\/11\/ZOOY-ShiSha-25000-Puffs-Disposable-Vape-Free-Shipping-4.webp\" alt=\"ZOOY ShiSha 25000 Puffs Vape Desechable Env\u00edo Gratis 4\" width=\"800\" height=\"800\" srcset=\"https:\/\/www.vapecigwholesale.com\/wp-content\/uploads\/2024\/11\/ZOOY-ShiSha-25000-Puffs-Disposable-Vape-Free-Shipping-4.webp 800w, https:\/\/www.vapecigwholesale.com\/wp-content\/uploads\/2024\/11\/ZOOY-ShiSha-25000-Puffs-Disposable-Vape-Free-Shipping-4-300x300.webp 300w, https:\/\/www.vapecigwholesale.com\/wp-content\/uploads\/2024\/11\/ZOOY-ShiSha-25000-Puffs-Disposable-Vape-Free-Shipping-4-150x150.webp 150w, https:\/\/www.vapecigwholesale.com\/wp-content\/uploads\/2024\/11\/ZOOY-ShiSha-25000-Puffs-Disposable-Vape-Free-Shipping-4-768x768.webp 768w, https:\/\/www.vapecigwholesale.com\/wp-content\/uploads\/2024\/11\/ZOOY-ShiSha-25000-Puffs-Disposable-Vape-Free-Shipping-4-12x12.webp 12w, https:\/\/www.vapecigwholesale.com\/wp-content\/uploads\/2024\/11\/ZOOY-ShiSha-25000-Puffs-Disposable-Vape-Free-Shipping-4-575x575.webp 575w, https:\/\/www.vapecigwholesale.com\/wp-content\/uploads\/2024\/11\/ZOOY-ShiSha-25000-Puffs-Disposable-Vape-Free-Shipping-4-380x380.webp 380w, https:\/\/www.vapecigwholesale.com\/wp-content\/uploads\/2024\/11\/ZOOY-ShiSha-25000-Puffs-Disposable-Vape-Free-Shipping-4-50x50.webp 50w, https:\/\/www.vapecigwholesale.com\/wp-content\/uploads\/2024\/11\/ZOOY-ShiSha-25000-Puffs-Disposable-Vape-Free-Shipping-4-26x26.webp 26w, https:\/\/www.vapecigwholesale.com\/wp-content\/uploads\/2024\/11\/ZOOY-ShiSha-25000-Puffs-Disposable-Vape-Free-Shipping-4-420x420.webp 420w, https:\/\/www.vapecigwholesale.com\/wp-content\/uploads\/2024\/11\/ZOOY-ShiSha-25000-Puffs-Disposable-Vape-Free-Shipping-4-100x100.webp 100w, https:\/\/www.vapecigwholesale.com\/wp-content\/uploads\/2024\/11\/ZOOY-ShiSha-25000-Puffs-Disposable-Vape-Free-Shipping-4-80x80.webp 80w\" sizes=\"(max-width: 800px) 100vw, 800px\" \/><\/p>\n<p><img decoding=\"async\" class=\"wp-image-1328 size-full\" title=\"ZOOY ShiSha 25000 Puffs Vape Desechable Env\u00edo Gratis 2\" src=\"https:\/\/www.vapecigwholesale.com\/wp-content\/uploads\/2024\/11\/ZOOY-ShiSha-25000-Puffs-Disposable-Vape-Free-Shipping-2.webp\" alt=\"ZOOY ShiSha 25000 Puffs Vape Desechable Env\u00edo Gratis 2\" width=\"800\" height=\"788\" srcset=\"https:\/\/www.vapecigwholesale.com\/wp-content\/uploads\/2024\/11\/ZOOY-ShiSha-25000-Puffs-Disposable-Vape-Free-Shipping-2.webp 800w, https:\/\/www.vapecigwholesale.com\/wp-content\/uploads\/2024\/11\/ZOOY-ShiSha-25000-Puffs-Disposable-Vape-Free-Shipping-2-300x296.webp 300w, https:\/\/www.vapecigwholesale.com\/wp-content\/uploads\/2024\/11\/ZOOY-ShiSha-25000-Puffs-Disposable-Vape-Free-Shipping-2-768x756.webp 768w, https:\/\/www.vapecigwholesale.com\/wp-content\/uploads\/2024\/11\/ZOOY-ShiSha-25000-Puffs-Disposable-Vape-Free-Shipping-2-12x12.webp 12w, https:\/\/www.vapecigwholesale.com\/wp-content\/uploads\/2024\/11\/ZOOY-ShiSha-25000-Puffs-Disposable-Vape-Free-Shipping-2-575x566.webp 575w, https:\/\/www.vapecigwholesale.com\/wp-content\/uploads\/2024\/11\/ZOOY-ShiSha-25000-Puffs-Disposable-Vape-Free-Shipping-2-380x374.webp 380w, https:\/\/www.vapecigwholesale.com\/wp-content\/uploads\/2024\/11\/ZOOY-ShiSha-25000-Puffs-Disposable-Vape-Free-Shipping-2-50x50.webp 50w, https:\/\/www.vapecigwholesale.com\/wp-content\/uploads\/2024\/11\/ZOOY-ShiSha-25000-Puffs-Disposable-Vape-Free-Shipping-2-26x26.webp 26w, https:\/\/www.vapecigwholesale.com\/wp-content\/uploads\/2024\/11\/ZOOY-ShiSha-25000-Puffs-Disposable-Vape-Free-Shipping-2-100x100.webp 100w, https:\/\/www.vapecigwholesale.com\/wp-content\/uploads\/2024\/11\/ZOOY-ShiSha-25000-Puffs-Disposable-Vape-Free-Shipping-2-80x79.webp 80w\" sizes=\"(max-width: 800px) 100vw, 800px\" \/><\/p>","protected":false},"excerpt":{"rendered":"<p>Precio s\u00f3lo para 1pcs Env\u00edo gratuito<\/p>\n<p>(\u00a0<strong>0% 2% 3% 5% Nic<\/strong>)\u00a0 \u00a0 \u00a0<strong>Plazo de entrega: 2 semanas<\/strong><\/p>","protected":false},"featured_media":1327,"comment_status":"open","ping_status":"closed","template":"","meta":{"om_disable_all_campaigns":false,"_monsterinsights_skip_tracking":false,"_monsterinsights_sitenote_active":false,"_monsterinsights_sitenote_note":"","_monsterinsights_sitenote_category":0},"product_brand":[],"product_cat":[15],"product_tag":[],"class_list":{"0":"post-1343","1":"product","2":"type-product","3":"status-publish","4":"has-post-thumbnail","6":"product_cat-disposable-vape","8":"first","9":"instock","10":"shipping-taxable","11":"purchasable","12":"product-type-variable","13":"has-default-attributes"},"aioseo_notices":[],"_links":{"self":[{"href":"https:\/\/www.vapecigwholesale.com\/es\/wp-json\/wp\/v2\/product\/1343","targetHints":{"allow":["GET"]}}],"collection":[{"href":"https:\/\/www.vapecigwholesale.com\/es\/wp-json\/wp\/v2\/product"}],"about":[{"href":"https:\/\/www.vapecigwholesale.com\/es\/wp-json\/wp\/v2\/types\/product"}],"replies":[{"embeddable":true,"href":"https:\/\/www.vapecigwholesale.com\/es\/wp-json\/wp\/v2\/comments?post=1343"}],"wp:featuredmedia":[{"embeddable":true,"href":"https:\/\/www.vapecigwholesale.com\/es\/wp-json\/wp\/v2\/media\/1327"}],"wp:attachment":[{"href":"https:\/\/www.vapecigwholesale.com\/es\/wp-json\/wp\/v2\/media?parent=1343"}],"wp:term":[{"taxonomy":"product_brand","embeddable":true,"href":"https:\/\/www.vapecigwholesale.com\/es\/wp-json\/wp\/v2\/product_brand?post=1343"},{"taxonomy":"product_cat","embeddable":true,"href":"https:\/\/www.vapecigwholesale.com\/es\/wp-json\/wp\/v2\/product_cat?post=1343"},{"taxonomy":"product_tag","embeddable":true,"href":"https:\/\/www.vapecigwholesale.com\/es\/wp-json\/wp\/v2\/product_tag?post=1343"}],"curies":[{"name":"wp","href":"https:\/\/api.w.org\/{rel}","templated":true}]}}