{"id":1370,"date":"2024-11-25T11:57:43","date_gmt":"2024-11-25T03:57:43","guid":{"rendered":"https:\/\/www.vapecigwholesale.com\/?post_type=product&#038;p=1370"},"modified":"2025-02-19T14:15:07","modified_gmt":"2025-02-19T06:15:07","slug":"bang-kingdoms-rex-32k-dual-flavors-disposable-vape-free-shipping","status":"publish","type":"product","link":"https:\/\/www.vapecigwholesale.com\/es\/product\/bang-kingdoms-rex-32k-dual-flavors-vape-desechable-envio-gratis\/","title":{"rendered":"Bang Kingdoms Rex 32K Dual Flavors Disposable Vape Env\u00edo gratuito"},"content":{"rendered":"<p>Bang Kingdoms Rex 32K Dual Flavors es un nuevo producto de doble sabor, s\u00f3lo tiene que comprar un producto para disfrutar de dos sabores diferentes, utilizando la boquilla del producto para mover a la izquierda y derecha para lograr el cambio de sabor. Es mucho m\u00e1s conveniente para cambiar sabores que la anterior rotaci\u00f3n de 360 grados.<\/p>\n<p>Bang Kingdoms Rex 32K Dual Flavors Equipado con una bater\u00eda de 650mAh con puerto de carga typc-c Aqu\u00ed hay 12 sabores para que usted elija. Cambia entre dos sabores sin esfuerzo, proporcionando una experiencia vaping vers\u00e1til y agradable. Dise\u00f1o Dual Mesh Aumenta la producci\u00f3n de vapor y mejora el sabor, proporcionando a los entusiastas del e-cigarrillo una experiencia m\u00e1s satisfactoria y agradable.<\/p>\n<p>\u00a1Bang Kingdoms Rex 32K tama\u00f1o compacto, se puede llevar a todas partes, fuera de los viajes se puede utilizar, el producto lleva dos tanques de aceite diferentes, respectivamente, la capacidad de 26 ml, para el promedio de los usuarios de e-cigarrillo se puede utilizar durante aproximadamente una semana de uso continuo, este es un producto rentable, estamos actualmente a la venta, los compradores interesados pueden ser adquiridos directamente en nuestro sitio web, la cantidad m\u00ednima de pedido! Cantidad m\u00ednima de pedido es 10pcs, env\u00edo gratuito a Europa.<\/p>\n<h2><strong>Bang Kingdoms Rex 32K Dual Flavors Detalles\uff1a<\/strong><\/h2>\n<ul>\n<li>Nicotina: 2% 3% 5%<\/li>\n<li>Capacidad:26ml+26ml<\/li>\n<li>Puffs:32000<\/li>\n<li>Vainas dobles<\/li>\n<li>12 sabores disponibles<\/li>\n<li>650mah Recargable<\/li>\n<li>Bobina de malla doble<\/li>\n<\/ul>\n<h2><strong>Bang Kingdoms Rex 32K Sabores Disponibles\uff1a<\/strong><\/h2>\n<ol>\n<li>Hielo de ar\u00e1ndano y hielo de drag\u00f3n negro<\/li>\n<li>Hielo de ar\u00e1ndano y fresa y pl\u00e1tano<\/li>\n<li>Ar\u00e1ndano Frambuesa y Melocot\u00f3n Mango Sand\u00eda<\/li>\n<li>Sand\u00eda con ar\u00e1ndanos y mango con fresas<\/li>\n<li>Red Bull y sand\u00eda con ar\u00e1ndanos<\/li>\n<li>Red Bull &amp; Sand\u00eda Bubble Gandy<\/li>\n<li>Hielo de fresa, sand\u00eda y uva<\/li>\n<li>Helado de fresa, kiwi y melocot\u00f3n<\/li>\n<li>Fresa Kiwi &amp; Manzana \u00e1cida Frambuesa<\/li>\n<li>Sand\u00eda y kiwi Fruta de la pasi\u00f3n Guayaba<\/li>\n<li>Hielo de sand\u00eda y menta con ar\u00e1ndanos<\/li>\n<li>Hielo de Sand\u00eda y Fresa y Mongo<\/li>\n<\/ol>\n<h2><strong>Lista de embalaje:<\/strong><\/h2>\n<p>1unidad cada caja peque\u00f1a<br \/>\n10 unidades cada caja central<br \/>\n200 unidades por caja<\/p>\n<figure id=\"attachment_1371\" aria-describedby=\"caption-attachment-1371\" style=\"width: 800px\" class=\"wp-caption alignnone\"><img fetchpriority=\"high\" decoding=\"async\" class=\"wp-image-1371 size-full\" title=\"Bang Kingdoms Rex 32K Dual Flavors Vape Desechable Env\u00edo Gratis 4\" src=\"https:\/\/www.vapecigwholesale.com\/wp-content\/uploads\/2024\/11\/Bang-Kingdoms-Rex-32K-Dual-Flavors-Disposable-Vape-Free-Shipping-4.webp\" alt=\"Bang Kingdoms Rex 32K Dual Flavors Vape Desechable Env\u00edo Gratis 4\" width=\"800\" height=\"800\" srcset=\"https:\/\/www.vapecigwholesale.com\/wp-content\/uploads\/2024\/11\/Bang-Kingdoms-Rex-32K-Dual-Flavors-Disposable-Vape-Free-Shipping-4.webp 800w, https:\/\/www.vapecigwholesale.com\/wp-content\/uploads\/2024\/11\/Bang-Kingdoms-Rex-32K-Dual-Flavors-Disposable-Vape-Free-Shipping-4-300x300.webp 300w, https:\/\/www.vapecigwholesale.com\/wp-content\/uploads\/2024\/11\/Bang-Kingdoms-Rex-32K-Dual-Flavors-Disposable-Vape-Free-Shipping-4-150x150.webp 150w, https:\/\/www.vapecigwholesale.com\/wp-content\/uploads\/2024\/11\/Bang-Kingdoms-Rex-32K-Dual-Flavors-Disposable-Vape-Free-Shipping-4-768x768.webp 768w, https:\/\/www.vapecigwholesale.com\/wp-content\/uploads\/2024\/11\/Bang-Kingdoms-Rex-32K-Dual-Flavors-Disposable-Vape-Free-Shipping-4-12x12.webp 12w, https:\/\/www.vapecigwholesale.com\/wp-content\/uploads\/2024\/11\/Bang-Kingdoms-Rex-32K-Dual-Flavors-Disposable-Vape-Free-Shipping-4-575x575.webp 575w, https:\/\/www.vapecigwholesale.com\/wp-content\/uploads\/2024\/11\/Bang-Kingdoms-Rex-32K-Dual-Flavors-Disposable-Vape-Free-Shipping-4-380x380.webp 380w, https:\/\/www.vapecigwholesale.com\/wp-content\/uploads\/2024\/11\/Bang-Kingdoms-Rex-32K-Dual-Flavors-Disposable-Vape-Free-Shipping-4-50x50.webp 50w, https:\/\/www.vapecigwholesale.com\/wp-content\/uploads\/2024\/11\/Bang-Kingdoms-Rex-32K-Dual-Flavors-Disposable-Vape-Free-Shipping-4-26x26.webp 26w, https:\/\/www.vapecigwholesale.com\/wp-content\/uploads\/2024\/11\/Bang-Kingdoms-Rex-32K-Dual-Flavors-Disposable-Vape-Free-Shipping-4-420x420.webp 420w, https:\/\/www.vapecigwholesale.com\/wp-content\/uploads\/2024\/11\/Bang-Kingdoms-Rex-32K-Dual-Flavors-Disposable-Vape-Free-Shipping-4-100x100.webp 100w, https:\/\/www.vapecigwholesale.com\/wp-content\/uploads\/2024\/11\/Bang-Kingdoms-Rex-32K-Dual-Flavors-Disposable-Vape-Free-Shipping-4-80x80.webp 80w\" sizes=\"(max-width: 800px) 100vw, 800px\" \/><figcaption id=\"caption-attachment-1371\" class=\"wp-caption-text\">Bang Kingdoms Rex 32K Sabor Dual<\/figcaption><\/figure>\n<p><img decoding=\"async\" class=\"alignnone wp-image-1357 size-full\" title=\"Bang Kingdoms Rex 32K Dual Flavors Vape Desechable Env\u00edo Gratis 3\" src=\"https:\/\/www.vapecigwholesale.com\/wp-content\/uploads\/2024\/11\/Bang-Kingdoms-Rex-32K-Dual-Flavors-Disposable-Vape-Free-Shipping-3.webp\" alt=\"Bang Kingdoms Rex 32K Dual Flavors Vape Desechable Env\u00edo Gratis 3\" width=\"800\" height=\"450\" srcset=\"https:\/\/www.vapecigwholesale.com\/wp-content\/uploads\/2024\/11\/Bang-Kingdoms-Rex-32K-Dual-Flavors-Disposable-Vape-Free-Shipping-3.webp 800w, https:\/\/www.vapecigwholesale.com\/wp-content\/uploads\/2024\/11\/Bang-Kingdoms-Rex-32K-Dual-Flavors-Disposable-Vape-Free-Shipping-3-300x169.webp 300w, https:\/\/www.vapecigwholesale.com\/wp-content\/uploads\/2024\/11\/Bang-Kingdoms-Rex-32K-Dual-Flavors-Disposable-Vape-Free-Shipping-3-768x432.webp 768w, https:\/\/www.vapecigwholesale.com\/wp-content\/uploads\/2024\/11\/Bang-Kingdoms-Rex-32K-Dual-Flavors-Disposable-Vape-Free-Shipping-3-18x10.webp 18w, https:\/\/www.vapecigwholesale.com\/wp-content\/uploads\/2024\/11\/Bang-Kingdoms-Rex-32K-Dual-Flavors-Disposable-Vape-Free-Shipping-3-575x323.webp 575w, https:\/\/www.vapecigwholesale.com\/wp-content\/uploads\/2024\/11\/Bang-Kingdoms-Rex-32K-Dual-Flavors-Disposable-Vape-Free-Shipping-3-380x214.webp 380w, https:\/\/www.vapecigwholesale.com\/wp-content\/uploads\/2024\/11\/Bang-Kingdoms-Rex-32K-Dual-Flavors-Disposable-Vape-Free-Shipping-3-80x45.webp 80w\" sizes=\"(max-width: 800px) 100vw, 800px\" \/><\/p>\n<p>&nbsp;<\/p>","protected":false},"excerpt":{"rendered":"<p>Precio s\u00f3lo para 1pcs Env\u00edo gratuito<\/p>\n<p>( <strong>\u00a02% 3% 5% Nic<\/strong>)\u00a0 \u00a0 \u00a0<strong>Plazo de entrega: 2 semanas<\/strong><\/p>","protected":false},"featured_media":1365,"comment_status":"open","ping_status":"closed","template":"","meta":{"om_disable_all_campaigns":false,"_monsterinsights_skip_tracking":false,"_monsterinsights_sitenote_active":false,"_monsterinsights_sitenote_note":"","_monsterinsights_sitenote_category":0},"product_brand":[],"product_cat":[15],"product_tag":[],"class_list":{"0":"post-1370","1":"product","2":"type-product","3":"status-publish","4":"has-post-thumbnail","6":"product_cat-disposable-vape","8":"first","9":"instock","10":"shipping-taxable","11":"purchasable","12":"product-type-variable","13":"has-default-attributes"},"aioseo_notices":[],"_links":{"self":[{"href":"https:\/\/www.vapecigwholesale.com\/es\/wp-json\/wp\/v2\/product\/1370","targetHints":{"allow":["GET"]}}],"collection":[{"href":"https:\/\/www.vapecigwholesale.com\/es\/wp-json\/wp\/v2\/product"}],"about":[{"href":"https:\/\/www.vapecigwholesale.com\/es\/wp-json\/wp\/v2\/types\/product"}],"replies":[{"embeddable":true,"href":"https:\/\/www.vapecigwholesale.com\/es\/wp-json\/wp\/v2\/comments?post=1370"}],"wp:featuredmedia":[{"embeddable":true,"href":"https:\/\/www.vapecigwholesale.com\/es\/wp-json\/wp\/v2\/media\/1365"}],"wp:attachment":[{"href":"https:\/\/www.vapecigwholesale.com\/es\/wp-json\/wp\/v2\/media?parent=1370"}],"wp:term":[{"taxonomy":"product_brand","embeddable":true,"href":"https:\/\/www.vapecigwholesale.com\/es\/wp-json\/wp\/v2\/product_brand?post=1370"},{"taxonomy":"product_cat","embeddable":true,"href":"https:\/\/www.vapecigwholesale.com\/es\/wp-json\/wp\/v2\/product_cat?post=1370"},{"taxonomy":"product_tag","embeddable":true,"href":"https:\/\/www.vapecigwholesale.com\/es\/wp-json\/wp\/v2\/product_tag?post=1370"}],"curies":[{"name":"wp","href":"https:\/\/api.w.org\/{rel}","templated":true}]}}