{"id":1471,"date":"2024-12-03T16:04:39","date_gmt":"2024-12-03T08:04:39","guid":{"rendered":"https:\/\/www.vapecigwholesale.com\/?post_type=product&#038;p=1471"},"modified":"2025-09-22T14:04:05","modified_gmt":"2025-09-22T06:04:05","slug":"waspe-fihp-40k-dual-flavor-disposable-vape-free-shipping","status":"publish","type":"product","link":"https:\/\/www.vapecigwholesale.com\/es\/product\/waspe-fihp-40k-dual-flavor-vape-desechable-envio-gratis\/","title":{"rendered":"Waspe Fihp 40K Doble Sabor Vape Desechable Env\u00edo Gratis"},"content":{"rendered":"<p>La capacidad del e-l\u00edquido Waspe Fihp 40K Dual Flavor de 36 ml garantiza una sesi\u00f3n de vapeo de larga duraci\u00f3n, reduciendo la necesidad de recargas frecuentes, mientras que la bater\u00eda recargable de 850 mAh proporciona energ\u00eda suficiente para un uso prolongado. Gracias a la carga r\u00e1pida Type-C, la recarga es r\u00e1pida y c\u00f3moda, por lo que siempre estar\u00e1 listo para su pr\u00f3ximo vapeo. La pantalla LED inteligente le proporciona actualizaciones en tiempo real sobre la duraci\u00f3n de la bater\u00eda y los niveles de e-l\u00edquido, manteni\u00e9ndole informado sobre el estado de su dispositivo en todo momento. La funci\u00f3n de experiencia de sabor dual te permite cambiar entre dos sabores diferentes, proporcionando una experiencia de vapeo personalizable con infinitas posibilidades. Disponible en potencias de nicotina de 2% y 5%, el WASPE 40K Puffs ofrece flexibilidad tanto para vapeadores ocasionales como experimentados. Con 16 sabores diferentes para elegir, tendr\u00e1s un mont\u00f3n de opciones para satisfacer tus preferencias de sabor.<\/p>\n<p>\u00a1Nuestro pedido m\u00ednimo es de 10 piezas, env\u00edo gratuito a los pa\u00edses europeos, utilizamos DHL para entregar a su puerta, una vez que usted paga por su pedido, usted no tiene que pagar nada m\u00e1s hasta que llegue el paquete!<\/p>\n<h2><strong>Detalles de Waspe Fihp 40K Dual Flavor:<\/strong><\/h2>\n<ul>\n<li>Puffs: 40000 Puffs<\/li>\n<li>Doble sabor<\/li>\n<li>E-l\u00edquido:36ml<\/li>\n<li>Bater\u00eda:850mah<\/li>\n<li>Bobina Mesh: 0.9ohm+0.9ohm<\/li>\n<li>Nicotine:0%\/2%\/5%<\/li>\n<li>Recargable:Tipo-C<\/li>\n<li>Pantalla LED<\/li>\n<li>Tama\u00f1o del producto: 61*31*115 mm<\/li>\n<\/ul>\n<h2><strong>Waspe Fihp 40K Sabor Dual Disponible:<\/strong><\/h2>\n<ol>\n<li>Hielo de sand\u00eda y lima lim\u00f3n<\/li>\n<li>Hielo de cereza con gas y algod\u00f3n de az\u00facar de ar\u00e1ndanos<\/li>\n<li>Fresa Sand\u00eda y Ar\u00e1ndano Frambuesa<\/li>\n<li>Red Bull Ice &amp; Mango Fresa<\/li>\n<li>Uva Ice &amp; Fresa Kiwi<\/li>\n<li>Mezcla de bayas y doble manzana helada<\/li>\n<li>Melocot\u00f3n Helado y Pi\u00f1a Mango Melocot\u00f3n<\/li>\n<li>Limonada Blue Razz y Chicle de Sand\u00eda<\/li>\n<li>Fresa Frambuesa Cereza y Amor 666<\/li>\n<li>Helado de fresa, pl\u00e1tano y pi\u00f1a y coco<\/li>\n<li>Sand\u00eda, fresa, chicle y frutas variadas<\/li>\n<li>Melocot\u00f3n Baya y Sand\u00eda Mango Melocot\u00f3n<\/li>\n<li>Hielo de cereza y caramelo de fresa y frambuesa<\/li>\n<li>Big Bang de manzana \u00e1cida, frambuesa y fresa<\/li>\n<li>Hielo de ar\u00e1ndano y hielo de drag\u00f3n negro<\/li>\n<li>Fresa, cereza y kiwi, fruta de la pasi\u00f3n<\/li>\n<\/ol>\n<h2><strong>Lista de embalaje:<\/strong><\/h2>\n<p>1unidad cada caja peque\u00f1a<br \/>\n10 unidades cada caja central<br \/>\n200 unidades por caja<\/p>\n<p><img fetchpriority=\"high\" decoding=\"async\" class=\"alignnone wp-image-1452 size-large\" title=\"Waspe Fihp 40K Puffs Doble Sabor Vape Desechable Env\u00edo Gratis 1\" src=\"https:\/\/www.vapecigwholesale.com\/wp-content\/uploads\/2024\/12\/Waspe-Fihp-40K-Puffs-Double-Flavor-Disposable-Vape-Free-Shipping-1-1024x1024.webp\" alt=\"Waspe Fihp 40K Puffs Doble Sabor Vape Desechable Env\u00edo Gratis 1\" width=\"1024\" height=\"1024\" srcset=\"https:\/\/www.vapecigwholesale.com\/wp-content\/uploads\/2024\/12\/Waspe-Fihp-40K-Puffs-Double-Flavor-Disposable-Vape-Free-Shipping-1-1024x1024.webp 1024w, https:\/\/www.vapecigwholesale.com\/wp-content\/uploads\/2024\/12\/Waspe-Fihp-40K-Puffs-Double-Flavor-Disposable-Vape-Free-Shipping-1-300x300.webp 300w, https:\/\/www.vapecigwholesale.com\/wp-content\/uploads\/2024\/12\/Waspe-Fihp-40K-Puffs-Double-Flavor-Disposable-Vape-Free-Shipping-1-150x150.webp 150w, https:\/\/www.vapecigwholesale.com\/wp-content\/uploads\/2024\/12\/Waspe-Fihp-40K-Puffs-Double-Flavor-Disposable-Vape-Free-Shipping-1-768x768.webp 768w, https:\/\/www.vapecigwholesale.com\/wp-content\/uploads\/2024\/12\/Waspe-Fihp-40K-Puffs-Double-Flavor-Disposable-Vape-Free-Shipping-1-12x12.webp 12w, https:\/\/www.vapecigwholesale.com\/wp-content\/uploads\/2024\/12\/Waspe-Fihp-40K-Puffs-Double-Flavor-Disposable-Vape-Free-Shipping-1-1140x1140.webp 1140w, https:\/\/www.vapecigwholesale.com\/wp-content\/uploads\/2024\/12\/Waspe-Fihp-40K-Puffs-Double-Flavor-Disposable-Vape-Free-Shipping-1-920x920.webp 920w, https:\/\/www.vapecigwholesale.com\/wp-content\/uploads\/2024\/12\/Waspe-Fihp-40K-Puffs-Double-Flavor-Disposable-Vape-Free-Shipping-1-575x575.webp 575w, https:\/\/www.vapecigwholesale.com\/wp-content\/uploads\/2024\/12\/Waspe-Fihp-40K-Puffs-Double-Flavor-Disposable-Vape-Free-Shipping-1-380x380.webp 380w, https:\/\/www.vapecigwholesale.com\/wp-content\/uploads\/2024\/12\/Waspe-Fihp-40K-Puffs-Double-Flavor-Disposable-Vape-Free-Shipping-1-50x50.webp 50w, https:\/\/www.vapecigwholesale.com\/wp-content\/uploads\/2024\/12\/Waspe-Fihp-40K-Puffs-Double-Flavor-Disposable-Vape-Free-Shipping-1-26x26.webp 26w, https:\/\/www.vapecigwholesale.com\/wp-content\/uploads\/2024\/12\/Waspe-Fihp-40K-Puffs-Double-Flavor-Disposable-Vape-Free-Shipping-1-420x420.webp 420w, https:\/\/www.vapecigwholesale.com\/wp-content\/uploads\/2024\/12\/Waspe-Fihp-40K-Puffs-Double-Flavor-Disposable-Vape-Free-Shipping-1-800x800.webp 800w, https:\/\/www.vapecigwholesale.com\/wp-content\/uploads\/2024\/12\/Waspe-Fihp-40K-Puffs-Double-Flavor-Disposable-Vape-Free-Shipping-1-100x100.webp 100w, https:\/\/www.vapecigwholesale.com\/wp-content\/uploads\/2024\/12\/Waspe-Fihp-40K-Puffs-Double-Flavor-Disposable-Vape-Free-Shipping-1-80x80.webp 80w, https:\/\/www.vapecigwholesale.com\/wp-content\/uploads\/2024\/12\/Waspe-Fihp-40K-Puffs-Double-Flavor-Disposable-Vape-Free-Shipping-1.webp 1200w\" sizes=\"(max-width: 1024px) 100vw, 1024px\" \/><\/p>\n<p><img decoding=\"async\" class=\"wp-image-1453 size-large\" title=\"Waspe Fihp 40K Puffs Doble Sabor Vape Desechable Env\u00edo Gratis 2\" src=\"https:\/\/www.vapecigwholesale.com\/wp-content\/uploads\/2024\/12\/Waspe-Fihp-40K-Puffs-Double-Flavor-Disposable-Vape-Free-Shipping-2-1024x1024.webp\" alt=\"Waspe Fihp 40K Puffs Doble Sabor Vape Desechable Env\u00edo Gratis 2\" width=\"1024\" height=\"1024\" srcset=\"https:\/\/www.vapecigwholesale.com\/wp-content\/uploads\/2024\/12\/Waspe-Fihp-40K-Puffs-Double-Flavor-Disposable-Vape-Free-Shipping-2-1024x1024.webp 1024w, https:\/\/www.vapecigwholesale.com\/wp-content\/uploads\/2024\/12\/Waspe-Fihp-40K-Puffs-Double-Flavor-Disposable-Vape-Free-Shipping-2-300x300.webp 300w, https:\/\/www.vapecigwholesale.com\/wp-content\/uploads\/2024\/12\/Waspe-Fihp-40K-Puffs-Double-Flavor-Disposable-Vape-Free-Shipping-2-150x150.webp 150w, https:\/\/www.vapecigwholesale.com\/wp-content\/uploads\/2024\/12\/Waspe-Fihp-40K-Puffs-Double-Flavor-Disposable-Vape-Free-Shipping-2-768x768.webp 768w, https:\/\/www.vapecigwholesale.com\/wp-content\/uploads\/2024\/12\/Waspe-Fihp-40K-Puffs-Double-Flavor-Disposable-Vape-Free-Shipping-2-12x12.webp 12w, https:\/\/www.vapecigwholesale.com\/wp-content\/uploads\/2024\/12\/Waspe-Fihp-40K-Puffs-Double-Flavor-Disposable-Vape-Free-Shipping-2-1140x1140.webp 1140w, https:\/\/www.vapecigwholesale.com\/wp-content\/uploads\/2024\/12\/Waspe-Fihp-40K-Puffs-Double-Flavor-Disposable-Vape-Free-Shipping-2-920x920.webp 920w, https:\/\/www.vapecigwholesale.com\/wp-content\/uploads\/2024\/12\/Waspe-Fihp-40K-Puffs-Double-Flavor-Disposable-Vape-Free-Shipping-2-575x575.webp 575w, https:\/\/www.vapecigwholesale.com\/wp-content\/uploads\/2024\/12\/Waspe-Fihp-40K-Puffs-Double-Flavor-Disposable-Vape-Free-Shipping-2-380x380.webp 380w, https:\/\/www.vapecigwholesale.com\/wp-content\/uploads\/2024\/12\/Waspe-Fihp-40K-Puffs-Double-Flavor-Disposable-Vape-Free-Shipping-2-50x50.webp 50w, https:\/\/www.vapecigwholesale.com\/wp-content\/uploads\/2024\/12\/Waspe-Fihp-40K-Puffs-Double-Flavor-Disposable-Vape-Free-Shipping-2-26x26.webp 26w, https:\/\/www.vapecigwholesale.com\/wp-content\/uploads\/2024\/12\/Waspe-Fihp-40K-Puffs-Double-Flavor-Disposable-Vape-Free-Shipping-2-420x420.webp 420w, https:\/\/www.vapecigwholesale.com\/wp-content\/uploads\/2024\/12\/Waspe-Fihp-40K-Puffs-Double-Flavor-Disposable-Vape-Free-Shipping-2-800x800.webp 800w, https:\/\/www.vapecigwholesale.com\/wp-content\/uploads\/2024\/12\/Waspe-Fihp-40K-Puffs-Double-Flavor-Disposable-Vape-Free-Shipping-2-100x100.webp 100w, https:\/\/www.vapecigwholesale.com\/wp-content\/uploads\/2024\/12\/Waspe-Fihp-40K-Puffs-Double-Flavor-Disposable-Vape-Free-Shipping-2-80x80.webp 80w, https:\/\/www.vapecigwholesale.com\/wp-content\/uploads\/2024\/12\/Waspe-Fihp-40K-Puffs-Double-Flavor-Disposable-Vape-Free-Shipping-2.webp 1200w\" sizes=\"(max-width: 1024px) 100vw, 1024px\" \/><\/p>","protected":false},"excerpt":{"rendered":"<p>Precio s\u00f3lo para 1pcs Env\u00edo gratuito<\/p>\n<p>( <strong>0% 2% 5% Nic<\/strong>) Plazo de env\u00edo: 2 semanas<\/p>","protected":false},"featured_media":1491,"comment_status":"open","ping_status":"closed","template":"","meta":{"om_disable_all_campaigns":false,"_monsterinsights_skip_tracking":false,"_monsterinsights_sitenote_active":false,"_monsterinsights_sitenote_note":"","_monsterinsights_sitenote_category":0},"product_brand":[],"product_cat":[15],"product_tag":[],"class_list":{"0":"post-1471","1":"product","2":"type-product","3":"status-publish","4":"has-post-thumbnail","6":"product_cat-disposable-vape","8":"first","9":"instock","10":"shipping-taxable","11":"purchasable","12":"product-type-variable","13":"has-default-attributes"},"aioseo_notices":[],"_links":{"self":[{"href":"https:\/\/www.vapecigwholesale.com\/es\/wp-json\/wp\/v2\/product\/1471","targetHints":{"allow":["GET"]}}],"collection":[{"href":"https:\/\/www.vapecigwholesale.com\/es\/wp-json\/wp\/v2\/product"}],"about":[{"href":"https:\/\/www.vapecigwholesale.com\/es\/wp-json\/wp\/v2\/types\/product"}],"replies":[{"embeddable":true,"href":"https:\/\/www.vapecigwholesale.com\/es\/wp-json\/wp\/v2\/comments?post=1471"}],"wp:featuredmedia":[{"embeddable":true,"href":"https:\/\/www.vapecigwholesale.com\/es\/wp-json\/wp\/v2\/media\/1491"}],"wp:attachment":[{"href":"https:\/\/www.vapecigwholesale.com\/es\/wp-json\/wp\/v2\/media?parent=1471"}],"wp:term":[{"taxonomy":"product_brand","embeddable":true,"href":"https:\/\/www.vapecigwholesale.com\/es\/wp-json\/wp\/v2\/product_brand?post=1471"},{"taxonomy":"product_cat","embeddable":true,"href":"https:\/\/www.vapecigwholesale.com\/es\/wp-json\/wp\/v2\/product_cat?post=1471"},{"taxonomy":"product_tag","embeddable":true,"href":"https:\/\/www.vapecigwholesale.com\/es\/wp-json\/wp\/v2\/product_tag?post=1471"}],"curies":[{"name":"wp","href":"https:\/\/api.w.org\/{rel}","templated":true}]}}