{"id":1580,"date":"2025-03-11T18:25:43","date_gmt":"2025-03-11T10:25:43","guid":{"rendered":"https:\/\/www.vapecigwholesale.com\/?post_type=product&#038;p=1580"},"modified":"2025-09-22T14:03:06","modified_gmt":"2025-09-22T06:03:06","slug":"bang-king-50000-puffs-disposable-vape-free-shipping","status":"publish","type":"product","link":"https:\/\/www.vapecigwholesale.com\/es\/product\/bang-king-50000-puffs-vape-desechable-envio-gratis\/","title":{"rendered":"Bang King 50000 Puffs Vape desechable Env\u00edo gratuito"},"content":{"rendered":"<p><a href=\"https:\/\/www.vapecigwholesale.com\/es\/\">Bang<\/a> King 50000 Puffs Double Flavors LCD Display Disposable Vape est\u00e1 construido para los vapers que exigen un alto rendimiento y satisfacci\u00f3n de larga duraci\u00f3n. Con una impresionante capacidad de hasta 50000 caladas, este dispositivo garantiza una experiencia de vapeo prolongada e ininterrumpida. Viene con bobinas de malla de 1,0 \u03a9, proporciona un vapor suave, rico y sabroso con cada calada. Su capacidad de 50mL de e-l\u00edquido garantiza un uso m\u00e1s prolongado sin recargas frecuentes, por lo que es perfecto para vapers pesados. Alimentado por una bater\u00eda recargable de 850mAh, tambi\u00e9n es compatible con la carga r\u00e1pida de tipo C, lo que garantiza un tiempo de inactividad m\u00ednimo entre las sesiones. bang King 50000 Puffs vienen con sistema de doble sabor, lo que le permite cambiar sin problemas entre dos sabores para una experiencia personalizada y refrescante. La pantalla digital LCD proporciona actualizaciones en tiempo real sobre el estado de la bater\u00eda y los niveles de e-l\u00edquido, manteni\u00e9ndote totalmente informado. Disponible en potencias de nicotina de 2%, 3% y 5%, este dispositivo satisface una gran variedad de preferencias, ofreciendo el equilibrio perfecto entre suavidad e intensidad.<\/p>\n<p>Por \u00faltimo, nuestros productos Bang King 50000 Puffs se env\u00edan desde nuestro almac\u00e9n en China, La cantidad m\u00ednima de pedido s\u00f3lo necesita 10pcs, y nuestro precio incluyendo los gastos de env\u00edo. despu\u00e9s de enviar su paquete, el tiempo de env\u00edo a la mayor\u00eda de los pa\u00edses europeos se llevar\u00e1 alrededor de 2 semanas, vamos a comprar un seguro para cada paquete para asegurarse de que el paquete puede llegar sin problemas, tambi\u00e9n hacemos delvier servicio de impuestos pagados, por favor, estar seguro de comprar.<\/p>\n<h2><strong>Bang King 50000 Puffs Detalles:<\/strong><\/h2>\n<ul>\n<li>Bocanadas: 50000 bocanadas<\/li>\n<li>Doble sabor:<\/li>\n<li>Capacidad del e-l\u00edquido: 50ml<\/li>\n<li>Bater\u00eda: 850mAh<\/li>\n<li>Bobina de calentamiento: bobina de malla 1,0<\/li>\n<li>Puerto de carga: C\u00f3modo cargador de tipo C.<\/li>\n<li>Flujo de aire: Ajuste de flujo de aire inferior para la calada perfecta.<\/li>\n<\/ul>\n<h2><strong>Bang King 50000 Puffs Sabores:<\/strong><\/h2>\n<ol>\n<li>Hielo de sand\u00eda y menta con ar\u00e1ndanos<\/li>\n<li>Sand\u00eda y ar\u00e1ndanos Cereza<\/li>\n<li>Hielo de ar\u00e1ndanos y melocot\u00f3n Mango Sand\u00eda<\/li>\n<li>Hielo de ar\u00e1ndanos y melocot\u00f3n<\/li>\n<li>Ar\u00e1ndanos, frambuesas y bayas mixtas<\/li>\n<li>Hielo de ar\u00e1ndano, frambuesa y uva<\/li>\n<li>Red Bull &amp; Fresa Pl\u00e1tano<\/li>\n<li>Red Bull y sand\u00eda con ar\u00e1ndanos<\/li>\n<li>Chicle de fresa, mango y sand\u00eda<\/li>\n<li>Fresa Mango y Fresa Kiwi<\/li>\n<li>Sand\u00eda con fresas y hielo de drag\u00f3n negro<\/li>\n<li>Fresa Sand\u00eda y Kiwi Fruta de la Pasi\u00f3n Guayaba<\/li>\n<\/ol>\n<h2><strong>Lista de embalaje:<\/strong><\/h2>\n<p>1 unidad por caja<br \/>\n10 unidades cada caja central<br \/>\nMOQ cada caja del medio 10pcs<\/p>\n<p><img fetchpriority=\"high\" decoding=\"async\" class=\"alignnone wp-image-1567 size-full\" title=\"Bang King 50000 Puffs Vape desechable Env\u00edo gratuito 8\" src=\"https:\/\/www.vapecigwholesale.com\/wp-content\/uploads\/2025\/03\/Bang-King-50000-Puffs-Disposable-Vape-Free-Shipping-8.webp\" alt=\"Bang King 50000 Puffs Vape desechable Env\u00edo gratuito 8\" width=\"800\" height=\"800\" srcset=\"https:\/\/www.vapecigwholesale.com\/wp-content\/uploads\/2025\/03\/Bang-King-50000-Puffs-Disposable-Vape-Free-Shipping-8.webp 800w, https:\/\/www.vapecigwholesale.com\/wp-content\/uploads\/2025\/03\/Bang-King-50000-Puffs-Disposable-Vape-Free-Shipping-8-300x300.webp 300w, https:\/\/www.vapecigwholesale.com\/wp-content\/uploads\/2025\/03\/Bang-King-50000-Puffs-Disposable-Vape-Free-Shipping-8-150x150.webp 150w, https:\/\/www.vapecigwholesale.com\/wp-content\/uploads\/2025\/03\/Bang-King-50000-Puffs-Disposable-Vape-Free-Shipping-8-768x768.webp 768w, https:\/\/www.vapecigwholesale.com\/wp-content\/uploads\/2025\/03\/Bang-King-50000-Puffs-Disposable-Vape-Free-Shipping-8-12x12.webp 12w, https:\/\/www.vapecigwholesale.com\/wp-content\/uploads\/2025\/03\/Bang-King-50000-Puffs-Disposable-Vape-Free-Shipping-8-575x575.webp 575w, https:\/\/www.vapecigwholesale.com\/wp-content\/uploads\/2025\/03\/Bang-King-50000-Puffs-Disposable-Vape-Free-Shipping-8-380x380.webp 380w, https:\/\/www.vapecigwholesale.com\/wp-content\/uploads\/2025\/03\/Bang-King-50000-Puffs-Disposable-Vape-Free-Shipping-8-50x50.webp 50w, https:\/\/www.vapecigwholesale.com\/wp-content\/uploads\/2025\/03\/Bang-King-50000-Puffs-Disposable-Vape-Free-Shipping-8-26x26.webp 26w, https:\/\/www.vapecigwholesale.com\/wp-content\/uploads\/2025\/03\/Bang-King-50000-Puffs-Disposable-Vape-Free-Shipping-8-420x420.webp 420w, https:\/\/www.vapecigwholesale.com\/wp-content\/uploads\/2025\/03\/Bang-King-50000-Puffs-Disposable-Vape-Free-Shipping-8-100x100.webp 100w, https:\/\/www.vapecigwholesale.com\/wp-content\/uploads\/2025\/03\/Bang-King-50000-Puffs-Disposable-Vape-Free-Shipping-8-80x80.webp 80w\" sizes=\"(max-width: 800px) 100vw, 800px\" \/><img decoding=\"async\" class=\"alignnone wp-image-1562 size-full\" title=\"Bang King 50000 Puffs Vape Desechable Env\u00edo Gratis 3\" src=\"https:\/\/www.vapecigwholesale.com\/wp-content\/uploads\/2025\/03\/Bang-King-50000-Puffs-Disposable-Vape-Free-Shipping-3.webp\" alt=\"Bang King 50000 Puffs Vape Desechable Env\u00edo Gratis 3\" width=\"800\" height=\"450\" srcset=\"https:\/\/www.vapecigwholesale.com\/wp-content\/uploads\/2025\/03\/Bang-King-50000-Puffs-Disposable-Vape-Free-Shipping-3.webp 800w, https:\/\/www.vapecigwholesale.com\/wp-content\/uploads\/2025\/03\/Bang-King-50000-Puffs-Disposable-Vape-Free-Shipping-3-300x169.webp 300w, https:\/\/www.vapecigwholesale.com\/wp-content\/uploads\/2025\/03\/Bang-King-50000-Puffs-Disposable-Vape-Free-Shipping-3-768x432.webp 768w, https:\/\/www.vapecigwholesale.com\/wp-content\/uploads\/2025\/03\/Bang-King-50000-Puffs-Disposable-Vape-Free-Shipping-3-18x10.webp 18w, https:\/\/www.vapecigwholesale.com\/wp-content\/uploads\/2025\/03\/Bang-King-50000-Puffs-Disposable-Vape-Free-Shipping-3-575x323.webp 575w, https:\/\/www.vapecigwholesale.com\/wp-content\/uploads\/2025\/03\/Bang-King-50000-Puffs-Disposable-Vape-Free-Shipping-3-380x214.webp 380w, https:\/\/www.vapecigwholesale.com\/wp-content\/uploads\/2025\/03\/Bang-King-50000-Puffs-Disposable-Vape-Free-Shipping-3-80x45.webp 80w\" sizes=\"(max-width: 800px) 100vw, 800px\" \/><\/p>\n<figure id=\"attachment_1561\" aria-describedby=\"caption-attachment-1561\" style=\"width: 800px\" class=\"wp-caption alignnone\"><img decoding=\"async\" class=\"wp-image-1561 size-full\" title=\"Bang King 50000 Puffs Vape Desechable Env\u00edo Gratis 2\" src=\"https:\/\/www.vapecigwholesale.com\/wp-content\/uploads\/2025\/03\/Bang-King-50000-Puffs-Disposable-Vape-Free-Shipping-2.webp\" alt=\"Bang King 50000 Puffs Vape Desechable Env\u00edo Gratis 2\" width=\"800\" height=\"450\" srcset=\"https:\/\/www.vapecigwholesale.com\/wp-content\/uploads\/2025\/03\/Bang-King-50000-Puffs-Disposable-Vape-Free-Shipping-2.webp 800w, https:\/\/www.vapecigwholesale.com\/wp-content\/uploads\/2025\/03\/Bang-King-50000-Puffs-Disposable-Vape-Free-Shipping-2-300x169.webp 300w, https:\/\/www.vapecigwholesale.com\/wp-content\/uploads\/2025\/03\/Bang-King-50000-Puffs-Disposable-Vape-Free-Shipping-2-768x432.webp 768w, https:\/\/www.vapecigwholesale.com\/wp-content\/uploads\/2025\/03\/Bang-King-50000-Puffs-Disposable-Vape-Free-Shipping-2-18x10.webp 18w, https:\/\/www.vapecigwholesale.com\/wp-content\/uploads\/2025\/03\/Bang-King-50000-Puffs-Disposable-Vape-Free-Shipping-2-575x323.webp 575w, https:\/\/www.vapecigwholesale.com\/wp-content\/uploads\/2025\/03\/Bang-King-50000-Puffs-Disposable-Vape-Free-Shipping-2-380x214.webp 380w, https:\/\/www.vapecigwholesale.com\/wp-content\/uploads\/2025\/03\/Bang-King-50000-Puffs-Disposable-Vape-Free-Shipping-2-80x45.webp 80w\" sizes=\"(max-width: 800px) 100vw, 800px\" \/><figcaption id=\"caption-attachment-1561\" class=\"wp-caption-text\">Bang King 50000 Puffs Vape Desechable Env\u00edo Gratis 2<\/figcaption><\/figure>","protected":false},"excerpt":{"rendered":"<p>Precio s\u00f3lo para 1pcs Env\u00edo gratuito<\/p>\n<p>(<strong>0% 2% 5% Nic<\/strong>) Plazo de entrega: 2 semanas<\/p>","protected":false},"featured_media":1576,"comment_status":"open","ping_status":"closed","template":"","meta":{"om_disable_all_campaigns":false,"_monsterinsights_skip_tracking":false,"_monsterinsights_sitenote_active":false,"_monsterinsights_sitenote_note":"","_monsterinsights_sitenote_category":0},"product_brand":[],"product_cat":[15],"product_tag":[],"class_list":{"0":"post-1580","1":"product","2":"type-product","3":"status-publish","4":"has-post-thumbnail","6":"product_cat-disposable-vape","8":"first","9":"instock","10":"shipping-taxable","11":"purchasable","12":"product-type-variable","13":"has-default-attributes"},"aioseo_notices":[],"_links":{"self":[{"href":"https:\/\/www.vapecigwholesale.com\/es\/wp-json\/wp\/v2\/product\/1580","targetHints":{"allow":["GET"]}}],"collection":[{"href":"https:\/\/www.vapecigwholesale.com\/es\/wp-json\/wp\/v2\/product"}],"about":[{"href":"https:\/\/www.vapecigwholesale.com\/es\/wp-json\/wp\/v2\/types\/product"}],"replies":[{"embeddable":true,"href":"https:\/\/www.vapecigwholesale.com\/es\/wp-json\/wp\/v2\/comments?post=1580"}],"wp:featuredmedia":[{"embeddable":true,"href":"https:\/\/www.vapecigwholesale.com\/es\/wp-json\/wp\/v2\/media\/1576"}],"wp:attachment":[{"href":"https:\/\/www.vapecigwholesale.com\/es\/wp-json\/wp\/v2\/media?parent=1580"}],"wp:term":[{"taxonomy":"product_brand","embeddable":true,"href":"https:\/\/www.vapecigwholesale.com\/es\/wp-json\/wp\/v2\/product_brand?post=1580"},{"taxonomy":"product_cat","embeddable":true,"href":"https:\/\/www.vapecigwholesale.com\/es\/wp-json\/wp\/v2\/product_cat?post=1580"},{"taxonomy":"product_tag","embeddable":true,"href":"https:\/\/www.vapecigwholesale.com\/es\/wp-json\/wp\/v2\/product_tag?post=1580"}],"curies":[{"name":"wp","href":"https:\/\/api.w.org\/{rel}","templated":true}]}}