{"id":771,"date":"2024-11-13T18:04:12","date_gmt":"2024-11-13T10:04:12","guid":{"rendered":"https:\/\/www.vapecigwholesale.com\/?post_type=product&#038;p=771"},"modified":"2025-02-19T14:28:06","modified_gmt":"2025-02-19T06:28:06","slug":"fumot-tornado-30k-music-disposable-vape-free-shipping","status":"publish","type":"product","link":"https:\/\/www.vapecigwholesale.com\/es\/product\/fumot-tornado-30k-musica-vape-desechable-envio-gratis\/","title":{"rendered":"Fumot Tornado 30K Music Vape desechable Env\u00edo gratuito"},"content":{"rendered":"<p>Fumot Tornado 30K M\u00fasica vienen con USB-C o UsB Tipo-c es el \u00faltimo universalstandard para conexiones por cable a dispositivos inteligentes,y el Torndao 30k M\u00fasica ha optado por Tipo-Cpara que pueda cargarlo r\u00e1pidamente, Tornado 30k M\u00fasica puede flashe Luces en Rhythmwith La M\u00fasica. Y muestra diferentes luces RGB cuando vaping, brillando como un diamante en la oscuridad, lo que te hace tan fresco en la multitud. con una bater\u00eda incorporada 600mahrechargeable, puede recargarse varias veces, as\u00ed que no est\u00e1s atascado con adead desechable antes de que el e-l\u00edquido.<\/p>\n<p>Fumot Tornado 30K Music es un vapedevice desechable de 30K puffs alimentado por RandM. Tornado 30k Music utiliza una bobina de 1.00Mesh y una bater\u00eda recargable de 600mAh. Hay un total de 30 favores y 4 nicotina( 2%\uff0c3%\uff0c5%\uff09fuerzas para que usted pueda elegir.<\/p>\n<h2><strong>Fumot Tornado 30k Detalles musicales:<\/strong><\/h2>\n<ul>\n<li>L\u00edquido: 25 ml precargado<\/li>\n<li>Puff: Hasta 30000 caladas<\/li>\n<li>Bater\u00eda:600mAh<\/li>\n<li>Nicotine:2%,3%,5%.<\/li>\n<li>N\u00facleo: Bobina de malla 1,0 \u03a9<\/li>\n<li>Sabores:30 sabores<\/li>\n<\/ul>\n<h2><strong>Fumot Tornado 30k Sabores Musicales Disponibles\uff1a<\/strong><\/h2>\n<ol>\n<li>Hielo de pl\u00e1tano<\/li>\n<li>Hielo negro<\/li>\n<li>Ar\u00e1ndanos sobre hielo<\/li>\n<li>Hielo Razz Azul<\/li>\n<li>Ar\u00e1ndano Frambuesa<\/li>\n<li>Frambuesa \u00e1cida con ar\u00e1ndanos<\/li>\n<li>Cereza Cola<\/li>\n<li>Cereza helada<\/li>\n<li>Cola Ice<\/li>\n<li>Menta fresca<\/li>\n<li>Dr. Azul<\/li>\n<li>Hielo de uva<\/li>\n<li>Manzana doble<\/li>\n<li>Helados<\/li>\n<li>Kiwi Fruta de la pasi\u00f3n Guayaba<\/li>\n<li>Amor 66<\/li>\n<li>Mezcla de bayas<\/li>\n<li>Melocot\u00f3n baya<\/li>\n<li>Melocot\u00f3n helado<\/li>\n<li>Pi\u00f1a helada<\/li>\n<li>Melocot\u00f3n Mango Pi\u00f1a<\/li>\n<li>Limonada rosa<\/li>\n<li>Bolos<\/li>\n<li>Fresa helada<\/li>\n<li>Fresa Pl\u00e1tano<\/li>\n<li>Fresa Uva<\/li>\n<li>Sand\u00eda con fresa<\/li>\n<li>Triple Mango<\/li>\n<li>Vimto<\/li>\n<li>Hielo exuberante<\/li>\n<\/ol>\n<h2><strong>Lista de embalaje:<\/strong><\/h2>\n<p>1 unidad cada caja peque\u00f1a<br \/>\n10 unidades cada caja central<br \/>\n200 unidades por caja<\/p>\n<p><img fetchpriority=\"high\" decoding=\"async\" class=\"wp-image-739 size-large\" title=\"Pedido Original Fumot Tornado 30K M\u00fasica Vape desechable Env\u00edo gratuito 3\" src=\"https:\/\/www.vapecigwholesale.com\/wp-content\/uploads\/2024\/11\/Order-Original-Fumot-Tornado-30K-Music-Disposable-vape-Free-Shipping-3-1024x1024.webp\" alt=\"Pedido Original Fumot Tornado 30K M\u00fasica Vape desechable Env\u00edo gratuito 3\" width=\"1024\" height=\"1024\" srcset=\"https:\/\/www.vapecigwholesale.com\/wp-content\/uploads\/2024\/11\/Order-Original-Fumot-Tornado-30K-Music-Disposable-vape-Free-Shipping-3-1024x1024.webp 1024w, https:\/\/www.vapecigwholesale.com\/wp-content\/uploads\/2024\/11\/Order-Original-Fumot-Tornado-30K-Music-Disposable-vape-Free-Shipping-3-300x300.webp 300w, https:\/\/www.vapecigwholesale.com\/wp-content\/uploads\/2024\/11\/Order-Original-Fumot-Tornado-30K-Music-Disposable-vape-Free-Shipping-3-150x150.webp 150w, https:\/\/www.vapecigwholesale.com\/wp-content\/uploads\/2024\/11\/Order-Original-Fumot-Tornado-30K-Music-Disposable-vape-Free-Shipping-3-768x768.webp 768w, https:\/\/www.vapecigwholesale.com\/wp-content\/uploads\/2024\/11\/Order-Original-Fumot-Tornado-30K-Music-Disposable-vape-Free-Shipping-3-1536x1536.webp 1536w, https:\/\/www.vapecigwholesale.com\/wp-content\/uploads\/2024\/11\/Order-Original-Fumot-Tornado-30K-Music-Disposable-vape-Free-Shipping-3-12x12.webp 12w, https:\/\/www.vapecigwholesale.com\/wp-content\/uploads\/2024\/11\/Order-Original-Fumot-Tornado-30K-Music-Disposable-vape-Free-Shipping-3-1140x1140.webp 1140w, https:\/\/www.vapecigwholesale.com\/wp-content\/uploads\/2024\/11\/Order-Original-Fumot-Tornado-30K-Music-Disposable-vape-Free-Shipping-3-920x920.webp 920w, https:\/\/www.vapecigwholesale.com\/wp-content\/uploads\/2024\/11\/Order-Original-Fumot-Tornado-30K-Music-Disposable-vape-Free-Shipping-3-575x575.webp 575w, https:\/\/www.vapecigwholesale.com\/wp-content\/uploads\/2024\/11\/Order-Original-Fumot-Tornado-30K-Music-Disposable-vape-Free-Shipping-3-380x380.webp 380w, https:\/\/www.vapecigwholesale.com\/wp-content\/uploads\/2024\/11\/Order-Original-Fumot-Tornado-30K-Music-Disposable-vape-Free-Shipping-3-50x50.webp 50w, https:\/\/www.vapecigwholesale.com\/wp-content\/uploads\/2024\/11\/Order-Original-Fumot-Tornado-30K-Music-Disposable-vape-Free-Shipping-3-26x26.webp 26w, https:\/\/www.vapecigwholesale.com\/wp-content\/uploads\/2024\/11\/Order-Original-Fumot-Tornado-30K-Music-Disposable-vape-Free-Shipping-3-420x420.webp 420w, https:\/\/www.vapecigwholesale.com\/wp-content\/uploads\/2024\/11\/Order-Original-Fumot-Tornado-30K-Music-Disposable-vape-Free-Shipping-3-800x800.webp 800w, https:\/\/www.vapecigwholesale.com\/wp-content\/uploads\/2024\/11\/Order-Original-Fumot-Tornado-30K-Music-Disposable-vape-Free-Shipping-3-100x100.webp 100w, https:\/\/www.vapecigwholesale.com\/wp-content\/uploads\/2024\/11\/Order-Original-Fumot-Tornado-30K-Music-Disposable-vape-Free-Shipping-3-80x80.webp 80w, https:\/\/www.vapecigwholesale.com\/wp-content\/uploads\/2024\/11\/Order-Original-Fumot-Tornado-30K-Music-Disposable-vape-Free-Shipping-3.webp 2000w\" sizes=\"(max-width: 1024px) 100vw, 1024px\" \/><\/p>\n<p><img decoding=\"async\" class=\"wp-image-740 size-large\" title=\"Orden Original Fumot Tornado 30K M\u00fasica Vape desechable Env\u00edo gratuito 4\" src=\"https:\/\/www.vapecigwholesale.com\/wp-content\/uploads\/2024\/11\/Order-Original-Fumot-Tornado-30K-Music-Disposable-vape-Free-Shipping-4-1024x614.webp\" alt=\"Orden Original Fumot Tornado 30K M\u00fasica Vape desechable Env\u00edo gratuito 4\" width=\"1024\" height=\"614\" srcset=\"https:\/\/www.vapecigwholesale.com\/wp-content\/uploads\/2024\/11\/Order-Original-Fumot-Tornado-30K-Music-Disposable-vape-Free-Shipping-4-1024x614.webp 1024w, https:\/\/www.vapecigwholesale.com\/wp-content\/uploads\/2024\/11\/Order-Original-Fumot-Tornado-30K-Music-Disposable-vape-Free-Shipping-4-300x180.webp 300w, https:\/\/www.vapecigwholesale.com\/wp-content\/uploads\/2024\/11\/Order-Original-Fumot-Tornado-30K-Music-Disposable-vape-Free-Shipping-4-768x461.webp 768w, https:\/\/www.vapecigwholesale.com\/wp-content\/uploads\/2024\/11\/Order-Original-Fumot-Tornado-30K-Music-Disposable-vape-Free-Shipping-4-18x12.webp 18w, https:\/\/www.vapecigwholesale.com\/wp-content\/uploads\/2024\/11\/Order-Original-Fumot-Tornado-30K-Music-Disposable-vape-Free-Shipping-4-1140x684.webp 1140w, https:\/\/www.vapecigwholesale.com\/wp-content\/uploads\/2024\/11\/Order-Original-Fumot-Tornado-30K-Music-Disposable-vape-Free-Shipping-4-920x552.webp 920w, https:\/\/www.vapecigwholesale.com\/wp-content\/uploads\/2024\/11\/Order-Original-Fumot-Tornado-30K-Music-Disposable-vape-Free-Shipping-4-575x345.webp 575w, https:\/\/www.vapecigwholesale.com\/wp-content\/uploads\/2024\/11\/Order-Original-Fumot-Tornado-30K-Music-Disposable-vape-Free-Shipping-4-380x228.webp 380w, https:\/\/www.vapecigwholesale.com\/wp-content\/uploads\/2024\/11\/Order-Original-Fumot-Tornado-30K-Music-Disposable-vape-Free-Shipping-4-800x480.webp 800w, https:\/\/www.vapecigwholesale.com\/wp-content\/uploads\/2024\/11\/Order-Original-Fumot-Tornado-30K-Music-Disposable-vape-Free-Shipping-4-80x48.webp 80w, https:\/\/www.vapecigwholesale.com\/wp-content\/uploads\/2024\/11\/Order-Original-Fumot-Tornado-30K-Music-Disposable-vape-Free-Shipping-4.webp 1500w\" sizes=\"(max-width: 1024px) 100vw, 1024px\" \/><\/p>\n<p>&nbsp;<\/p>","protected":false},"excerpt":{"rendered":"<div class=\"product-short-description\">\n<p>Precio s\u00f3lo para 1pc Env\u00edo gratuito<\/p>\n<p>(<strong>2%\uff0c3%\uff0c5% Nic<\/strong>)\u00a0 <strong>Plazo de entrega: 2 semanas<\/strong><\/p>\n<\/div>\n<div class=\"wsppc_div_block woocommerce_before_add_to_cart_form\"><\/div>","protected":false},"featured_media":738,"comment_status":"open","ping_status":"closed","template":"","meta":{"om_disable_all_campaigns":false,"_monsterinsights_skip_tracking":false,"_monsterinsights_sitenote_active":false,"_monsterinsights_sitenote_note":"","_monsterinsights_sitenote_category":0},"product_brand":[],"product_cat":[15],"product_tag":[],"class_list":{"0":"post-771","1":"product","2":"type-product","3":"status-publish","4":"has-post-thumbnail","6":"product_cat-disposable-vape","8":"first","9":"instock","10":"featured","11":"shipping-taxable","12":"purchasable","13":"product-type-variable","14":"has-default-attributes"},"aioseo_notices":[],"_links":{"self":[{"href":"https:\/\/www.vapecigwholesale.com\/es\/wp-json\/wp\/v2\/product\/771","targetHints":{"allow":["GET"]}}],"collection":[{"href":"https:\/\/www.vapecigwholesale.com\/es\/wp-json\/wp\/v2\/product"}],"about":[{"href":"https:\/\/www.vapecigwholesale.com\/es\/wp-json\/wp\/v2\/types\/product"}],"replies":[{"embeddable":true,"href":"https:\/\/www.vapecigwholesale.com\/es\/wp-json\/wp\/v2\/comments?post=771"}],"wp:featuredmedia":[{"embeddable":true,"href":"https:\/\/www.vapecigwholesale.com\/es\/wp-json\/wp\/v2\/media\/738"}],"wp:attachment":[{"href":"https:\/\/www.vapecigwholesale.com\/es\/wp-json\/wp\/v2\/media?parent=771"}],"wp:term":[{"taxonomy":"product_brand","embeddable":true,"href":"https:\/\/www.vapecigwholesale.com\/es\/wp-json\/wp\/v2\/product_brand?post=771"},{"taxonomy":"product_cat","embeddable":true,"href":"https:\/\/www.vapecigwholesale.com\/es\/wp-json\/wp\/v2\/product_cat?post=771"},{"taxonomy":"product_tag","embeddable":true,"href":"https:\/\/www.vapecigwholesale.com\/es\/wp-json\/wp\/v2\/product_tag?post=771"}],"curies":[{"name":"wp","href":"https:\/\/api.w.org\/{rel}","templated":true}]}}