{"id":848,"date":"2024-11-13T14:29:54","date_gmt":"2024-11-13T06:29:54","guid":{"rendered":"https:\/\/www.vapecigwholesale.com\/?post_type=product&#038;p=848"},"modified":"2025-02-19T14:30:36","modified_gmt":"2025-02-19T06:30:36","slug":"fumot-tornado-15000-puffs-disposable-vape-free-shipping","status":"publish","type":"product","link":"https:\/\/www.vapecigwholesale.com\/es\/product\/fumot-tornado-15000-bocanadas-vape-desechable-envio-gratis\/","title":{"rendered":"Fumot Tornado 15000 Puffs Vape desechable Env\u00edo gratuito"},"content":{"rendered":"<p>Fumot Tornado 15000 Puffs es el \u00faltimo vapeador desechable de gran potencia presentado por Shenzhen Fumot Technology. Fumot Technology, con su dedo en el pulso de las demandas del mercado, ha estado en sinton\u00eda con las tendencias de compra de los consumidores. Los vapeadores de gran potencia, como los de 7.000, 9.000 y 10.000 caladas, han dominado el mercado y no han dejado de ganar popularidad. Sin embargo, hay un subgrupo de entusiastas del vapeo que desean capacidades de calada a\u00fan mayores, dando lugar al Tornado 15000 para satisfacer esta demanda.<\/p>\n<p>El Fumot Tornado 15000 Puffs mantiene la ic\u00f3nica forma cil\u00edndrica de la serie Tornado, mezcl\u00e1ndola con el estilo de dise\u00f1o ilustrativo visto en otro superventas de Fumot, el Digital Box 12000. Con la pantalla LED y los efectos de iluminaci\u00f3n RGB en el cuerpo cil\u00edndrico, pretendemos que el Monkey Bro vuelva a brillar con luz propia.<\/p>\n<p>El Fumot Tornado 15000 incorpora una pantalla LED con indicadores de aceite y potencia, que permite a los usuarios cambiar sin esfuerzo de un dispositivo a otro en funci\u00f3n de los niveles de aceite. El indicador de potencia cumple una funci\u00f3n similar, ya que permite comprobar la bater\u00eda en tiempo real para una gesti\u00f3n \u00f3ptima del uso.<br \/>\nHemos integrado una bobina de malla de baja resistencia de 0,9 ohmios en el Tornado 15000, maximizando la superficie de calentamiento para una extracci\u00f3n m\u00e1s suave y una producci\u00f3n de vapor m\u00e1s rica. El dise\u00f1o de la bobina de malla asegura un calentamiento consistente y uniforme del e-l\u00edquido, garantizando una distribuci\u00f3n uniforme del sabor.<br \/>\nCon una bater\u00eda recargable integrada de 850 mAh, el Tornado 15000 ofrece una gran capacidad de bater\u00eda, lo que permite a los usuarios disfrutar de \u00e9l durante d\u00edas con una sola carga. El puerto de carga r\u00e1pida Type-C garantiza una recarga r\u00e1pida y segura.<\/p>\n<h2><strong>Fumot Tornado 15000 Puffs Detalles:<\/strong><\/h2>\n<ul>\n<li>Opciones de contenido de nicotina: 0%, 2%, 3% y 5%<\/li>\n<li>Hasta 15000 bocanadas<\/li>\n<li>Precargado con 25 ml de e-l\u00edquido<\/li>\n<li>Bater\u00eda recargable de 850 mAh<\/li>\n<li>Bobina de malla de 0,9\u03a9<\/li>\n<li>41 sabores disponibles<\/li>\n<\/ul>\n<h2><strong>Fumot Tornado 15000 Puffs Sabores Disponibles:<\/strong><\/h2>\n<p>1.Limonada Blue Razz<br \/>\n2.Hielo de melocot\u00f3n<br \/>\n3.Manzana \u00e1cida<br \/>\n4.Hielo de sand\u00eda<br \/>\n5.Ar\u00e1ndanos sobre hielo<br \/>\n6.Ar\u00e1ndano Frambuesa<br \/>\n7.Hielo de pi\u00f1a<br \/>\n8.Cereza<br \/>\n9.Hielo de fresa<br \/>\n10.Vimto<br \/>\n11.Hielo de uva<br \/>\n12.Cola Ice<br \/>\n13.Sand\u00eda con fresa<br \/>\n14.Limonada rosa<br \/>\n15.Mixed Berry<br \/>\n16.Melocot\u00f3n Mango<br \/>\n17.Fruta del drag\u00f3n<br \/>\n18.Fresa Uva<br \/>\n19.Mr Azul<br \/>\n20.Hielo exuberante<br \/>\n21.Ice Pop<br \/>\n22.Kiwi fresa<br \/>\n23.Kiwi Fruta de la pasi\u00f3n Guayaba<br \/>\n24.Triple Berry<br \/>\n25.Banana Ice<br \/>\n26.Caramelo de ar\u00e1ndano y melocot\u00f3n<br \/>\n27.Manzana Melocot\u00f3n Pera<br \/>\n28.Limonada de bayas<br \/>\n29.Azul Razz Cereza<br \/>\n30.Ar\u00e1ndano Bubblegum<br \/>\n31.Ar\u00e1ndano Cereza Ar\u00e1ndano<br \/>\n32.Ar\u00e1ndano Granada<br \/>\n33.Bluesour Frambuesa<br \/>\n34.Cereza Cola<br \/>\n35.Osito de goma<br \/>\n36.Lim\u00f3n y lima<br \/>\n37.Mango sobre hielo<br \/>\n38.Red Energy Ice<br \/>\n39.Fresa Pl\u00e1tano<br \/>\n40.Fresa Red Bull<br \/>\n41.Limonada de fresa y sand\u00eda<br \/>\n42.T\u00e9 helado Lemon Ice<br \/>\n43.T\u00e9 helado Melocot\u00f3n helado<br \/>\n44.Cereza efervescente<br \/>\n45. Bolos<\/p>\n<h2><strong>Lista de embalaje:<\/strong><\/h2>\n<p>1unidad cada caja peque\u00f1a<br \/>\n10 unidades cada caja central<br \/>\n200 unidades por caja<\/p>\n<p><img fetchpriority=\"high\" decoding=\"async\" class=\"alignnone wp-image-802 size-full\" title=\"Fumot Tornado 15000 Puffs Vape desechable Env\u00edo gratuito 1\" src=\"https:\/\/www.vapecigwholesale.com\/wp-content\/uploads\/2024\/11\/Fumot-Tornado-15000-Puffs-Disposable-vape-Free-Shipping-1.webp\" alt=\"Fumot Tornado 15000 Puffs Vape desechable Env\u00edo gratuito 1\" width=\"800\" height=\"800\" srcset=\"https:\/\/www.vapecigwholesale.com\/wp-content\/uploads\/2024\/11\/Fumot-Tornado-15000-Puffs-Disposable-vape-Free-Shipping-1.webp 800w, https:\/\/www.vapecigwholesale.com\/wp-content\/uploads\/2024\/11\/Fumot-Tornado-15000-Puffs-Disposable-vape-Free-Shipping-1-300x300.webp 300w, https:\/\/www.vapecigwholesale.com\/wp-content\/uploads\/2024\/11\/Fumot-Tornado-15000-Puffs-Disposable-vape-Free-Shipping-1-150x150.webp 150w, https:\/\/www.vapecigwholesale.com\/wp-content\/uploads\/2024\/11\/Fumot-Tornado-15000-Puffs-Disposable-vape-Free-Shipping-1-768x768.webp 768w, https:\/\/www.vapecigwholesale.com\/wp-content\/uploads\/2024\/11\/Fumot-Tornado-15000-Puffs-Disposable-vape-Free-Shipping-1-12x12.webp 12w, https:\/\/www.vapecigwholesale.com\/wp-content\/uploads\/2024\/11\/Fumot-Tornado-15000-Puffs-Disposable-vape-Free-Shipping-1-575x575.webp 575w, https:\/\/www.vapecigwholesale.com\/wp-content\/uploads\/2024\/11\/Fumot-Tornado-15000-Puffs-Disposable-vape-Free-Shipping-1-380x380.webp 380w, https:\/\/www.vapecigwholesale.com\/wp-content\/uploads\/2024\/11\/Fumot-Tornado-15000-Puffs-Disposable-vape-Free-Shipping-1-50x50.webp 50w, https:\/\/www.vapecigwholesale.com\/wp-content\/uploads\/2024\/11\/Fumot-Tornado-15000-Puffs-Disposable-vape-Free-Shipping-1-26x26.webp 26w, https:\/\/www.vapecigwholesale.com\/wp-content\/uploads\/2024\/11\/Fumot-Tornado-15000-Puffs-Disposable-vape-Free-Shipping-1-420x420.webp 420w, https:\/\/www.vapecigwholesale.com\/wp-content\/uploads\/2024\/11\/Fumot-Tornado-15000-Puffs-Disposable-vape-Free-Shipping-1-100x100.webp 100w, https:\/\/www.vapecigwholesale.com\/wp-content\/uploads\/2024\/11\/Fumot-Tornado-15000-Puffs-Disposable-vape-Free-Shipping-1-80x80.webp 80w\" sizes=\"(max-width: 800px) 100vw, 800px\" \/><\/p>\n<p><img decoding=\"async\" class=\"alignnone wp-image-803 size-full\" title=\"Fumot Tornado 15000 Puffs Vape desechable Env\u00edo gratuito 2\" src=\"https:\/\/www.vapecigwholesale.com\/wp-content\/uploads\/2024\/11\/Fumot-Tornado-15000-Puffs-Disposable-vape-Free-Shipping-2.webp\" alt=\"Fumot Tornado 15000 Puffs Vape desechable Env\u00edo gratuito 2\" width=\"800\" height=\"513\" srcset=\"https:\/\/www.vapecigwholesale.com\/wp-content\/uploads\/2024\/11\/Fumot-Tornado-15000-Puffs-Disposable-vape-Free-Shipping-2.webp 800w, https:\/\/www.vapecigwholesale.com\/wp-content\/uploads\/2024\/11\/Fumot-Tornado-15000-Puffs-Disposable-vape-Free-Shipping-2-300x192.webp 300w, https:\/\/www.vapecigwholesale.com\/wp-content\/uploads\/2024\/11\/Fumot-Tornado-15000-Puffs-Disposable-vape-Free-Shipping-2-768x492.webp 768w, https:\/\/www.vapecigwholesale.com\/wp-content\/uploads\/2024\/11\/Fumot-Tornado-15000-Puffs-Disposable-vape-Free-Shipping-2-18x12.webp 18w, https:\/\/www.vapecigwholesale.com\/wp-content\/uploads\/2024\/11\/Fumot-Tornado-15000-Puffs-Disposable-vape-Free-Shipping-2-575x369.webp 575w, https:\/\/www.vapecigwholesale.com\/wp-content\/uploads\/2024\/11\/Fumot-Tornado-15000-Puffs-Disposable-vape-Free-Shipping-2-380x244.webp 380w, https:\/\/www.vapecigwholesale.com\/wp-content\/uploads\/2024\/11\/Fumot-Tornado-15000-Puffs-Disposable-vape-Free-Shipping-2-80x51.webp 80w\" sizes=\"(max-width: 800px) 100vw, 800px\" \/><\/p>","protected":false},"excerpt":{"rendered":"<p>Precio s\u00f3lo para 1pc Env\u00edo gratuito<\/p>\n<p>(<strong>2%\uff0c3%\uff0c5% Nic<\/strong>)\u00a0 <strong>Plazo de entrega: 2 semanas<\/strong><\/p>","protected":false},"featured_media":842,"comment_status":"open","ping_status":"closed","template":"","meta":{"om_disable_all_campaigns":false,"_monsterinsights_skip_tracking":false,"_monsterinsights_sitenote_active":false,"_monsterinsights_sitenote_note":"","_monsterinsights_sitenote_category":0},"product_brand":[],"product_cat":[15],"product_tag":[],"class_list":{"0":"post-848","1":"product","2":"type-product","3":"status-publish","4":"has-post-thumbnail","6":"product_cat-disposable-vape","8":"first","9":"instock","10":"featured","11":"shipping-taxable","12":"purchasable","13":"product-type-variable","14":"has-default-attributes"},"aioseo_notices":[],"_links":{"self":[{"href":"https:\/\/www.vapecigwholesale.com\/es\/wp-json\/wp\/v2\/product\/848","targetHints":{"allow":["GET"]}}],"collection":[{"href":"https:\/\/www.vapecigwholesale.com\/es\/wp-json\/wp\/v2\/product"}],"about":[{"href":"https:\/\/www.vapecigwholesale.com\/es\/wp-json\/wp\/v2\/types\/product"}],"replies":[{"embeddable":true,"href":"https:\/\/www.vapecigwholesale.com\/es\/wp-json\/wp\/v2\/comments?post=848"}],"wp:featuredmedia":[{"embeddable":true,"href":"https:\/\/www.vapecigwholesale.com\/es\/wp-json\/wp\/v2\/media\/842"}],"wp:attachment":[{"href":"https:\/\/www.vapecigwholesale.com\/es\/wp-json\/wp\/v2\/media?parent=848"}],"wp:term":[{"taxonomy":"product_brand","embeddable":true,"href":"https:\/\/www.vapecigwholesale.com\/es\/wp-json\/wp\/v2\/product_brand?post=848"},{"taxonomy":"product_cat","embeddable":true,"href":"https:\/\/www.vapecigwholesale.com\/es\/wp-json\/wp\/v2\/product_cat?post=848"},{"taxonomy":"product_tag","embeddable":true,"href":"https:\/\/www.vapecigwholesale.com\/es\/wp-json\/wp\/v2\/product_tag?post=848"}],"curies":[{"name":"wp","href":"https:\/\/api.w.org\/{rel}","templated":true}]}}