{"id":915,"date":"2024-11-13T14:59:56","date_gmt":"2024-11-13T06:59:56","guid":{"rendered":"https:\/\/www.vapecigwholesale.com\/?post_type=product&#038;p=915"},"modified":"2025-02-19T14:29:21","modified_gmt":"2025-02-19T06:29:21","slug":"vapsolo-super-15000-puffs-disposable-vape-free-shipping","status":"publish","type":"product","link":"https:\/\/www.vapecigwholesale.com\/es\/product\/vapsolo-super-15000-bocanadas-vape-desechable-envio-gratis\/","title":{"rendered":"Vapsolo Super 15000 Puffs Vape desechable Env\u00edo gratuito"},"content":{"rendered":"<p>Vapsolo Super 15000 Puffs es un vapeador de gran capacidad, que ofrece hasta 15.000 caladas con una diversa gama de sabores, tecnolog\u00eda avanzada de bobina de malla y flujo de aire personalizable para una experiencia de vapeo excepcional.<\/p>\n<p>Vapsolo Super 15000 Puffs est\u00e1 dise\u00f1ado con la comodidad en mente, ofreciendo un impresionante 15.000 caladas de un solo dispositivo. Esto es posible gracias a su gran capacidad de e-l\u00edquido de 25 ml, lo que garantiza que los usuarios puedan disfrutar de sesiones prolongadas sin necesidad de reemplazos frecuentes. Su bater\u00eda recargable de 650 mAh, con un puerto de carga de tipo C, mejora tanto la sostenibilidad como la rentabilidad del dispositivo. La bater\u00eda est\u00e1 dise\u00f1ada para durar toda la vida del e-l\u00edquido, garantizando un rendimiento constante hasta la \u00faltima calada.<\/p>\n<p>Una de las caracter\u00edsticas m\u00e1s destacadas del VapSolo Super 15000 Puffs es su avanzada tecnolog\u00eda de bobina de malla. Con una resistencia de 1.0\u03a9, esta bobina proporciona un vapor suave y rico, maximizando el perfil de sabor de cada e-l\u00edquido. El sistema de flujo de aire ajustable mejora a\u00fan m\u00e1s la experiencia de vapeo, permitiendo a los usuarios personalizar sus caladas para adaptarlas a sus preferencias, tanto si prefieren una inhalaci\u00f3n m\u00e1s cerrada como m\u00e1s abierta.<\/p>\n<h2><strong>Vapsolo Super 15000 Puffs Detalles:<\/strong><\/h2>\n<ul>\n<li>Puffs: 15000 Puffs<\/li>\n<li>Capacidad del E-l\u00edquido: 25 ML<\/li>\n<li>Capacidad de la bater\u00eda: 650MAH<\/li>\n<li>Bobina de malla<\/li>\n<li>Resistencia de la bobina: 1,0\u03a9<\/li>\n<li>4 niveles de flujo de aire<\/li>\n<li>puerto tipo c, recargable<\/li>\n<\/ul>\n<h2><strong>Vapsolo Super 15000 Puffs Sabores Disponibles:<\/strong><\/h2>\n<ol>\n<li>Blue Razz<\/li>\n<li>Hielo de ar\u00e1ndanos<\/li>\n<li>Manzana doble<\/li>\n<li>Hielo de sand\u00eda<\/li>\n<li>Mezcla de bayas<\/li>\n<li>Fresa Kiwi<\/li>\n<li>Ar\u00e1ndano Cereza Ar\u00e1ndano<\/li>\n<li>Lim\u00f3n Lima<\/li>\n<li>Bolos<\/li>\n<li>Fresa Pl\u00e1tano<\/li>\n<li>Sand\u00eda con frambuesa<\/li>\n<li>Cola de ar\u00e1ndanos y cerezas<\/li>\n<li>Black Ice Dragonfruit Fresa<\/li>\n<li>Red Bull<\/li>\n<li>Sue\u00f1o de verano<\/li>\n<\/ol>\n<h2><strong>Lista de embalaje:<\/strong><\/h2>\n<p>1unidad cada caja peque\u00f1a<br \/>\n10 unidades cada caja central<br \/>\n200 unidades por caja<\/p>\n<p><img fetchpriority=\"high\" decoding=\"async\" class=\"wp-image-899 size-full\" title=\"Vapsolo Super 15000 Puffs Vape Desechable Env\u00edo Gratis 6\" src=\"https:\/\/www.vapecigwholesale.com\/wp-content\/uploads\/2024\/11\/Vapsolo-Super-15000-Puffs-Disposable-Vape-Free-Shipping-6.webp\" alt=\"Vapsolo Super 15000 Puffs Vape Desechable Env\u00edo Gratis 6\" width=\"800\" height=\"800\" srcset=\"https:\/\/www.vapecigwholesale.com\/wp-content\/uploads\/2024\/11\/Vapsolo-Super-15000-Puffs-Disposable-Vape-Free-Shipping-6.webp 800w, https:\/\/www.vapecigwholesale.com\/wp-content\/uploads\/2024\/11\/Vapsolo-Super-15000-Puffs-Disposable-Vape-Free-Shipping-6-300x300.webp 300w, https:\/\/www.vapecigwholesale.com\/wp-content\/uploads\/2024\/11\/Vapsolo-Super-15000-Puffs-Disposable-Vape-Free-Shipping-6-150x150.webp 150w, https:\/\/www.vapecigwholesale.com\/wp-content\/uploads\/2024\/11\/Vapsolo-Super-15000-Puffs-Disposable-Vape-Free-Shipping-6-768x768.webp 768w, https:\/\/www.vapecigwholesale.com\/wp-content\/uploads\/2024\/11\/Vapsolo-Super-15000-Puffs-Disposable-Vape-Free-Shipping-6-12x12.webp 12w, https:\/\/www.vapecigwholesale.com\/wp-content\/uploads\/2024\/11\/Vapsolo-Super-15000-Puffs-Disposable-Vape-Free-Shipping-6-575x575.webp 575w, https:\/\/www.vapecigwholesale.com\/wp-content\/uploads\/2024\/11\/Vapsolo-Super-15000-Puffs-Disposable-Vape-Free-Shipping-6-380x380.webp 380w, https:\/\/www.vapecigwholesale.com\/wp-content\/uploads\/2024\/11\/Vapsolo-Super-15000-Puffs-Disposable-Vape-Free-Shipping-6-50x50.webp 50w, https:\/\/www.vapecigwholesale.com\/wp-content\/uploads\/2024\/11\/Vapsolo-Super-15000-Puffs-Disposable-Vape-Free-Shipping-6-26x26.webp 26w, https:\/\/www.vapecigwholesale.com\/wp-content\/uploads\/2024\/11\/Vapsolo-Super-15000-Puffs-Disposable-Vape-Free-Shipping-6-420x420.webp 420w, https:\/\/www.vapecigwholesale.com\/wp-content\/uploads\/2024\/11\/Vapsolo-Super-15000-Puffs-Disposable-Vape-Free-Shipping-6-100x100.webp 100w, https:\/\/www.vapecigwholesale.com\/wp-content\/uploads\/2024\/11\/Vapsolo-Super-15000-Puffs-Disposable-Vape-Free-Shipping-6-80x80.webp 80w\" sizes=\"(max-width: 800px) 100vw, 800px\" \/><\/p>\n<p><img decoding=\"async\" class=\"wp-image-897 size-full\" title=\"Vapsolo Super 15000 Puffs Vape Desechable Env\u00edo Gratis 4\" src=\"https:\/\/www.vapecigwholesale.com\/wp-content\/uploads\/2024\/11\/Vapsolo-Super-15000-Puffs-Disposable-Vape-Free-Shipping-4.webp\" alt=\"Vapsolo Super 15000 Puffs Vape Desechable Env\u00edo Gratis 4\" width=\"800\" height=\"800\" srcset=\"https:\/\/www.vapecigwholesale.com\/wp-content\/uploads\/2024\/11\/Vapsolo-Super-15000-Puffs-Disposable-Vape-Free-Shipping-4.webp 800w, https:\/\/www.vapecigwholesale.com\/wp-content\/uploads\/2024\/11\/Vapsolo-Super-15000-Puffs-Disposable-Vape-Free-Shipping-4-300x300.webp 300w, https:\/\/www.vapecigwholesale.com\/wp-content\/uploads\/2024\/11\/Vapsolo-Super-15000-Puffs-Disposable-Vape-Free-Shipping-4-150x150.webp 150w, https:\/\/www.vapecigwholesale.com\/wp-content\/uploads\/2024\/11\/Vapsolo-Super-15000-Puffs-Disposable-Vape-Free-Shipping-4-768x768.webp 768w, https:\/\/www.vapecigwholesale.com\/wp-content\/uploads\/2024\/11\/Vapsolo-Super-15000-Puffs-Disposable-Vape-Free-Shipping-4-12x12.webp 12w, https:\/\/www.vapecigwholesale.com\/wp-content\/uploads\/2024\/11\/Vapsolo-Super-15000-Puffs-Disposable-Vape-Free-Shipping-4-575x575.webp 575w, https:\/\/www.vapecigwholesale.com\/wp-content\/uploads\/2024\/11\/Vapsolo-Super-15000-Puffs-Disposable-Vape-Free-Shipping-4-380x380.webp 380w, https:\/\/www.vapecigwholesale.com\/wp-content\/uploads\/2024\/11\/Vapsolo-Super-15000-Puffs-Disposable-Vape-Free-Shipping-4-50x50.webp 50w, https:\/\/www.vapecigwholesale.com\/wp-content\/uploads\/2024\/11\/Vapsolo-Super-15000-Puffs-Disposable-Vape-Free-Shipping-4-26x26.webp 26w, https:\/\/www.vapecigwholesale.com\/wp-content\/uploads\/2024\/11\/Vapsolo-Super-15000-Puffs-Disposable-Vape-Free-Shipping-4-420x420.webp 420w, https:\/\/www.vapecigwholesale.com\/wp-content\/uploads\/2024\/11\/Vapsolo-Super-15000-Puffs-Disposable-Vape-Free-Shipping-4-100x100.webp 100w, https:\/\/www.vapecigwholesale.com\/wp-content\/uploads\/2024\/11\/Vapsolo-Super-15000-Puffs-Disposable-Vape-Free-Shipping-4-80x80.webp 80w\" sizes=\"(max-width: 800px) 100vw, 800px\" \/><\/p>\n<p><img decoding=\"async\" class=\"alignnone wp-image-896 size-full\" title=\"Vapsolo Super 15000 Puffs Vape Desechable Env\u00edo Gratis 3\" src=\"https:\/\/www.vapecigwholesale.com\/wp-content\/uploads\/2024\/11\/Vapsolo-Super-15000-Puffs-Disposable-Vape-Free-Shipping-3.webp\" alt=\"Vapsolo Super 15000 Puffs Vape Desechable Env\u00edo Gratis 3\" width=\"800\" height=\"800\" srcset=\"https:\/\/www.vapecigwholesale.com\/wp-content\/uploads\/2024\/11\/Vapsolo-Super-15000-Puffs-Disposable-Vape-Free-Shipping-3.webp 800w, https:\/\/www.vapecigwholesale.com\/wp-content\/uploads\/2024\/11\/Vapsolo-Super-15000-Puffs-Disposable-Vape-Free-Shipping-3-300x300.webp 300w, https:\/\/www.vapecigwholesale.com\/wp-content\/uploads\/2024\/11\/Vapsolo-Super-15000-Puffs-Disposable-Vape-Free-Shipping-3-150x150.webp 150w, https:\/\/www.vapecigwholesale.com\/wp-content\/uploads\/2024\/11\/Vapsolo-Super-15000-Puffs-Disposable-Vape-Free-Shipping-3-768x768.webp 768w, https:\/\/www.vapecigwholesale.com\/wp-content\/uploads\/2024\/11\/Vapsolo-Super-15000-Puffs-Disposable-Vape-Free-Shipping-3-12x12.webp 12w, https:\/\/www.vapecigwholesale.com\/wp-content\/uploads\/2024\/11\/Vapsolo-Super-15000-Puffs-Disposable-Vape-Free-Shipping-3-575x575.webp 575w, https:\/\/www.vapecigwholesale.com\/wp-content\/uploads\/2024\/11\/Vapsolo-Super-15000-Puffs-Disposable-Vape-Free-Shipping-3-380x380.webp 380w, https:\/\/www.vapecigwholesale.com\/wp-content\/uploads\/2024\/11\/Vapsolo-Super-15000-Puffs-Disposable-Vape-Free-Shipping-3-50x50.webp 50w, https:\/\/www.vapecigwholesale.com\/wp-content\/uploads\/2024\/11\/Vapsolo-Super-15000-Puffs-Disposable-Vape-Free-Shipping-3-26x26.webp 26w, https:\/\/www.vapecigwholesale.com\/wp-content\/uploads\/2024\/11\/Vapsolo-Super-15000-Puffs-Disposable-Vape-Free-Shipping-3-420x420.webp 420w, https:\/\/www.vapecigwholesale.com\/wp-content\/uploads\/2024\/11\/Vapsolo-Super-15000-Puffs-Disposable-Vape-Free-Shipping-3-100x100.webp 100w, https:\/\/www.vapecigwholesale.com\/wp-content\/uploads\/2024\/11\/Vapsolo-Super-15000-Puffs-Disposable-Vape-Free-Shipping-3-80x80.webp 80w\" sizes=\"(max-width: 800px) 100vw, 800px\" \/><\/p>\n<p><img loading=\"lazy\" decoding=\"async\" class=\"alignnone wp-image-894 size-full\" title=\"Vapsolo Super 15000 Puffs Vape Desechable Env\u00edo Gratis 1\" src=\"https:\/\/www.vapecigwholesale.com\/wp-content\/uploads\/2024\/11\/Vapsolo-Super-15000-Puffs-Disposable-Vape-Free-Shipping-1.webp\" alt=\"Vapsolo Super 15000 Puffs Vape Desechable Env\u00edo Gratis 1\" width=\"800\" height=\"800\" srcset=\"https:\/\/www.vapecigwholesale.com\/wp-content\/uploads\/2024\/11\/Vapsolo-Super-15000-Puffs-Disposable-Vape-Free-Shipping-1.webp 800w, https:\/\/www.vapecigwholesale.com\/wp-content\/uploads\/2024\/11\/Vapsolo-Super-15000-Puffs-Disposable-Vape-Free-Shipping-1-300x300.webp 300w, https:\/\/www.vapecigwholesale.com\/wp-content\/uploads\/2024\/11\/Vapsolo-Super-15000-Puffs-Disposable-Vape-Free-Shipping-1-150x150.webp 150w, https:\/\/www.vapecigwholesale.com\/wp-content\/uploads\/2024\/11\/Vapsolo-Super-15000-Puffs-Disposable-Vape-Free-Shipping-1-768x768.webp 768w, https:\/\/www.vapecigwholesale.com\/wp-content\/uploads\/2024\/11\/Vapsolo-Super-15000-Puffs-Disposable-Vape-Free-Shipping-1-12x12.webp 12w, https:\/\/www.vapecigwholesale.com\/wp-content\/uploads\/2024\/11\/Vapsolo-Super-15000-Puffs-Disposable-Vape-Free-Shipping-1-575x575.webp 575w, https:\/\/www.vapecigwholesale.com\/wp-content\/uploads\/2024\/11\/Vapsolo-Super-15000-Puffs-Disposable-Vape-Free-Shipping-1-380x380.webp 380w, https:\/\/www.vapecigwholesale.com\/wp-content\/uploads\/2024\/11\/Vapsolo-Super-15000-Puffs-Disposable-Vape-Free-Shipping-1-50x50.webp 50w, https:\/\/www.vapecigwholesale.com\/wp-content\/uploads\/2024\/11\/Vapsolo-Super-15000-Puffs-Disposable-Vape-Free-Shipping-1-26x26.webp 26w, https:\/\/www.vapecigwholesale.com\/wp-content\/uploads\/2024\/11\/Vapsolo-Super-15000-Puffs-Disposable-Vape-Free-Shipping-1-420x420.webp 420w, https:\/\/www.vapecigwholesale.com\/wp-content\/uploads\/2024\/11\/Vapsolo-Super-15000-Puffs-Disposable-Vape-Free-Shipping-1-100x100.webp 100w, https:\/\/www.vapecigwholesale.com\/wp-content\/uploads\/2024\/11\/Vapsolo-Super-15000-Puffs-Disposable-Vape-Free-Shipping-1-80x80.webp 80w\" sizes=\"(max-width: 800px) 100vw, 800px\" \/><\/p>\n<p>&nbsp;<\/p>\n<p>&nbsp;<\/p>\n<p>&nbsp;<\/p>","protected":false},"excerpt":{"rendered":"<p>Precio s\u00f3lo para 1pc Env\u00edo gratuito<\/p>\n<p>(<strong>2%, 5% Nic<\/strong>)\u00a0 <strong>Plazo de entrega: 2 semanas<\/strong><\/p>","protected":false},"featured_media":932,"comment_status":"open","ping_status":"closed","template":"","meta":{"om_disable_all_campaigns":false,"_monsterinsights_skip_tracking":false,"_monsterinsights_sitenote_active":false,"_monsterinsights_sitenote_note":"","_monsterinsights_sitenote_category":0},"product_brand":[],"product_cat":[15],"product_tag":[],"class_list":{"0":"post-915","1":"product","2":"type-product","3":"status-publish","4":"has-post-thumbnail","6":"product_cat-disposable-vape","8":"first","9":"instock","10":"featured","11":"shipping-taxable","12":"purchasable","13":"product-type-variable","14":"has-default-attributes"},"aioseo_notices":[],"_links":{"self":[{"href":"https:\/\/www.vapecigwholesale.com\/es\/wp-json\/wp\/v2\/product\/915","targetHints":{"allow":["GET"]}}],"collection":[{"href":"https:\/\/www.vapecigwholesale.com\/es\/wp-json\/wp\/v2\/product"}],"about":[{"href":"https:\/\/www.vapecigwholesale.com\/es\/wp-json\/wp\/v2\/types\/product"}],"replies":[{"embeddable":true,"href":"https:\/\/www.vapecigwholesale.com\/es\/wp-json\/wp\/v2\/comments?post=915"}],"wp:featuredmedia":[{"embeddable":true,"href":"https:\/\/www.vapecigwholesale.com\/es\/wp-json\/wp\/v2\/media\/932"}],"wp:attachment":[{"href":"https:\/\/www.vapecigwholesale.com\/es\/wp-json\/wp\/v2\/media?parent=915"}],"wp:term":[{"taxonomy":"product_brand","embeddable":true,"href":"https:\/\/www.vapecigwholesale.com\/es\/wp-json\/wp\/v2\/product_brand?post=915"},{"taxonomy":"product_cat","embeddable":true,"href":"https:\/\/www.vapecigwholesale.com\/es\/wp-json\/wp\/v2\/product_cat?post=915"},{"taxonomy":"product_tag","embeddable":true,"href":"https:\/\/www.vapecigwholesale.com\/es\/wp-json\/wp\/v2\/product_tag?post=915"}],"curies":[{"name":"wp","href":"https:\/\/api.w.org\/{rel}","templated":true}]}}