{"id":993,"date":"2024-11-12T12:13:17","date_gmt":"2024-11-12T04:13:17","guid":{"rendered":"https:\/\/www.vapecigwholesale.com\/?post_type=product&#038;p=993"},"modified":"2025-09-22T14:03:28","modified_gmt":"2025-09-22T06:03:28","slug":"elf-box-digital-12000-puffs-disposable-vape-free-shipping","status":"publish","type":"product","link":"https:\/\/www.vapecigwholesale.com\/es\/product\/elf-box-digital-12000-puffs-vape-desechable-envio-gratis\/","title":{"rendered":"ELF Box Digital 12000 Puffs Vape Desechable Env\u00edo Gratis"},"content":{"rendered":"<p>ELF Box Digital 12000 Puffs Led Display E-Cigarrillos desechables, un dispositivo de alto rendimiento dise\u00f1ado para vapers que buscan calidad y comodidad. Con una impresionante capacidad de 12000 caladas, este cigarrillo electr\u00f3nico desechable garantiza un disfrute prolongado sin reemplazos frecuentes.<\/p>\n<p>ELF Box Digital 12000 Puffs Equipado con un avanzado n\u00facleo de bobina de malla a 0.8ohms, cada calada proporciona un vapor suave y sabroso. La generosa capacidad de 25ml de e-l\u00edquido permite prolongadas sesiones de vapeo, d\u00e1ndole amplia oportunidad de saborear sus sabores favoritos.<\/p>\n<p>ELF Box Digital 12000 Puffs Personaliza tu experiencia con una gama de potencias de nicotina: 2%, 3% y 5%. Esta variedad asegura que puedas encontrar el equilibrio perfecto que se adapte a tus preferencias. Alimentado por una bater\u00eda duradera de 13350-500mAh, el Elf Box DG 12000 ofrece un rendimiento duradero, y el puerto recargable Tipo-C garantiza una recarga r\u00e1pida y eficiente.<\/p>\n<p>La pantalla LED integrada de ELF Box Digital 12000 Puffs proporciona informaci\u00f3n en tiempo real sobre los ajustes de vapeo y la duraci\u00f3n de la bater\u00eda, garantizando una experiencia de vapeo fluida e informada. Con un peso de s\u00f3lo 82 g, este cigarrillo electr\u00f3nico es ligero y port\u00e1til, por lo que es perfecto para vapear durante el viaje.<\/p>\n<h2><strong>ELF Box Digital 12000 Puffs Detalles:<\/strong><\/h2>\n<ul>\n<li>Bocanadas: 12000 bocanadas<\/li>\n<li>N\u00facleo: Bobina de malla de 0,8 ohmios<\/li>\n<li>E-l\u00edquido:25 ml<\/li>\n<li>Bater\u00eda:13350-500 mah<\/li>\n<li>Nicotina: 2%\/3%\/5%<\/li>\n<li>Recargable:Tipo-C<\/li>\n<li>Pantalla digital\uff1aEquipamiento y visualizaci\u00f3n de la electricidad.<\/li>\n<li>Tama\u00f1o del producto: 30*57*101 mm<\/li>\n<li>Tama\u00f1o de la caja: 615*223*330 mm<\/li>\n<\/ul>\n<h2><strong>ELF Box Digital 12000 Puffs Sabores Disponibles:<\/strong><\/h2>\n<ol>\n<li>Hielo de mora<\/li>\n<li>Hielo Blue Razz<\/li>\n<li>Frambuesa \u00e1cida con ar\u00e1ndanos<\/li>\n<li>Cereza Cola<\/li>\n<li>Mel\u00f3n de coco<\/li>\n<li>Manzana doble<\/li>\n<li>Hielo de uva<\/li>\n<li>Kiwi Maracuy\u00e1<\/li>\n<li>Mango Ice<\/li>\n<li>Frutas variadas<\/li>\n<li>Sr. Azul<\/li>\n<li>Melocot\u00f3n<\/li>\n<li>Melocot\u00f3n helado<\/li>\n<li>Fresa Pl\u00e1tano<\/li>\n<li>R\u00e1faga de fresas<\/li>\n<li>Fresa helada<\/li>\n<li>Fresa Kiwi<\/li>\n<li>Sand\u00eda con fresa<\/li>\n<li>Sand\u00eda Chicle<\/li>\n<li>Hielo de sand\u00eda<\/li>\n<\/ol>\n<h2><strong>Lista de embalaje:<\/strong><\/h2>\n<p>1unidad cada caja peque\u00f1a<br \/>\n10 unidades cada caja central<br \/>\n200 unidades por caja<\/p>\n<p><img fetchpriority=\"high\" decoding=\"async\" class=\"alignnone wp-image-966 size-full\" title=\"ELF Box Digital 12000 Puffs Vape Desechable Env\u00edo Gratis 1\" src=\"https:\/\/www.vapecigwholesale.com\/wp-content\/uploads\/2024\/11\/ELF-Box-Digital-12000-Puffs-Disposable-Vape-Free-Shipping-1.webp\" alt=\"ELF Box Digital 12000 Puffs Vape Desechable Env\u00edo Gratis 1\" width=\"800\" height=\"451\" srcset=\"https:\/\/www.vapecigwholesale.com\/wp-content\/uploads\/2024\/11\/ELF-Box-Digital-12000-Puffs-Disposable-Vape-Free-Shipping-1.webp 800w, https:\/\/www.vapecigwholesale.com\/wp-content\/uploads\/2024\/11\/ELF-Box-Digital-12000-Puffs-Disposable-Vape-Free-Shipping-1-300x169.webp 300w, https:\/\/www.vapecigwholesale.com\/wp-content\/uploads\/2024\/11\/ELF-Box-Digital-12000-Puffs-Disposable-Vape-Free-Shipping-1-768x433.webp 768w, https:\/\/www.vapecigwholesale.com\/wp-content\/uploads\/2024\/11\/ELF-Box-Digital-12000-Puffs-Disposable-Vape-Free-Shipping-1-18x10.webp 18w, https:\/\/www.vapecigwholesale.com\/wp-content\/uploads\/2024\/11\/ELF-Box-Digital-12000-Puffs-Disposable-Vape-Free-Shipping-1-575x324.webp 575w, https:\/\/www.vapecigwholesale.com\/wp-content\/uploads\/2024\/11\/ELF-Box-Digital-12000-Puffs-Disposable-Vape-Free-Shipping-1-380x214.webp 380w, https:\/\/www.vapecigwholesale.com\/wp-content\/uploads\/2024\/11\/ELF-Box-Digital-12000-Puffs-Disposable-Vape-Free-Shipping-1-80x45.webp 80w\" sizes=\"(max-width: 800px) 100vw, 800px\" \/><\/p>\n<p><img decoding=\"async\" class=\"wp-image-967 size-full\" title=\"ELF Box Digital 12000 Puffs Vape Desechable Env\u00edo Gratis 2\" src=\"https:\/\/www.vapecigwholesale.com\/wp-content\/uploads\/2024\/11\/ELF-Box-Digital-12000-Puffs-Disposable-Vape-Free-Shipping-2.webp\" alt=\"ELF Box Digital 12000 Puffs Vape Desechable Env\u00edo Gratis 2\" width=\"800\" height=\"448\" srcset=\"https:\/\/www.vapecigwholesale.com\/wp-content\/uploads\/2024\/11\/ELF-Box-Digital-12000-Puffs-Disposable-Vape-Free-Shipping-2.webp 800w, https:\/\/www.vapecigwholesale.com\/wp-content\/uploads\/2024\/11\/ELF-Box-Digital-12000-Puffs-Disposable-Vape-Free-Shipping-2-300x168.webp 300w, https:\/\/www.vapecigwholesale.com\/wp-content\/uploads\/2024\/11\/ELF-Box-Digital-12000-Puffs-Disposable-Vape-Free-Shipping-2-768x430.webp 768w, https:\/\/www.vapecigwholesale.com\/wp-content\/uploads\/2024\/11\/ELF-Box-Digital-12000-Puffs-Disposable-Vape-Free-Shipping-2-18x10.webp 18w, https:\/\/www.vapecigwholesale.com\/wp-content\/uploads\/2024\/11\/ELF-Box-Digital-12000-Puffs-Disposable-Vape-Free-Shipping-2-575x322.webp 575w, https:\/\/www.vapecigwholesale.com\/wp-content\/uploads\/2024\/11\/ELF-Box-Digital-12000-Puffs-Disposable-Vape-Free-Shipping-2-380x213.webp 380w, https:\/\/www.vapecigwholesale.com\/wp-content\/uploads\/2024\/11\/ELF-Box-Digital-12000-Puffs-Disposable-Vape-Free-Shipping-2-80x45.webp 80w\" sizes=\"(max-width: 800px) 100vw, 800px\" \/><\/p>\n<p><img decoding=\"async\" class=\"wp-image-968 size-full\" title=\"ELF Box Digital 12000 Puffs Vape Desechable Env\u00edo Gratis 3\" src=\"https:\/\/www.vapecigwholesale.com\/wp-content\/uploads\/2024\/11\/ELF-Box-Digital-12000-Puffs-Disposable-Vape-Free-Shipping-3.webp\" alt=\"ELF Box Digital 12000 Puffs Vape Desechable Env\u00edo Gratis 3\" width=\"800\" height=\"800\" srcset=\"https:\/\/www.vapecigwholesale.com\/wp-content\/uploads\/2024\/11\/ELF-Box-Digital-12000-Puffs-Disposable-Vape-Free-Shipping-3.webp 800w, https:\/\/www.vapecigwholesale.com\/wp-content\/uploads\/2024\/11\/ELF-Box-Digital-12000-Puffs-Disposable-Vape-Free-Shipping-3-300x300.webp 300w, https:\/\/www.vapecigwholesale.com\/wp-content\/uploads\/2024\/11\/ELF-Box-Digital-12000-Puffs-Disposable-Vape-Free-Shipping-3-150x150.webp 150w, https:\/\/www.vapecigwholesale.com\/wp-content\/uploads\/2024\/11\/ELF-Box-Digital-12000-Puffs-Disposable-Vape-Free-Shipping-3-768x768.webp 768w, https:\/\/www.vapecigwholesale.com\/wp-content\/uploads\/2024\/11\/ELF-Box-Digital-12000-Puffs-Disposable-Vape-Free-Shipping-3-12x12.webp 12w, https:\/\/www.vapecigwholesale.com\/wp-content\/uploads\/2024\/11\/ELF-Box-Digital-12000-Puffs-Disposable-Vape-Free-Shipping-3-575x575.webp 575w, https:\/\/www.vapecigwholesale.com\/wp-content\/uploads\/2024\/11\/ELF-Box-Digital-12000-Puffs-Disposable-Vape-Free-Shipping-3-380x380.webp 380w, https:\/\/www.vapecigwholesale.com\/wp-content\/uploads\/2024\/11\/ELF-Box-Digital-12000-Puffs-Disposable-Vape-Free-Shipping-3-50x50.webp 50w, https:\/\/www.vapecigwholesale.com\/wp-content\/uploads\/2024\/11\/ELF-Box-Digital-12000-Puffs-Disposable-Vape-Free-Shipping-3-26x26.webp 26w, https:\/\/www.vapecigwholesale.com\/wp-content\/uploads\/2024\/11\/ELF-Box-Digital-12000-Puffs-Disposable-Vape-Free-Shipping-3-420x420.webp 420w, https:\/\/www.vapecigwholesale.com\/wp-content\/uploads\/2024\/11\/ELF-Box-Digital-12000-Puffs-Disposable-Vape-Free-Shipping-3-100x100.webp 100w, https:\/\/www.vapecigwholesale.com\/wp-content\/uploads\/2024\/11\/ELF-Box-Digital-12000-Puffs-Disposable-Vape-Free-Shipping-3-80x80.webp 80w\" sizes=\"(max-width: 800px) 100vw, 800px\" \/><\/p>","protected":false},"excerpt":{"rendered":"<p>Precio s\u00f3lo para 1pcs Env\u00edo gratuito<\/p>\n<p>(2%\uff0c3%\uff0c5% Nic)\u00a0 <strong>Plazo de entrega: 2 semanas<\/strong><\/p>","protected":false},"featured_media":972,"comment_status":"open","ping_status":"closed","template":"","meta":{"om_disable_all_campaigns":false,"_monsterinsights_skip_tracking":false,"_monsterinsights_sitenote_active":false,"_monsterinsights_sitenote_note":"","_monsterinsights_sitenote_category":0},"product_brand":[],"product_cat":[15],"product_tag":[],"class_list":{"0":"post-993","1":"product","2":"type-product","3":"status-publish","4":"has-post-thumbnail","6":"product_cat-disposable-vape","8":"first","9":"instock","10":"sale","11":"featured","12":"shipping-taxable","13":"purchasable","14":"product-type-variable","15":"has-default-attributes"},"aioseo_notices":[],"_links":{"self":[{"href":"https:\/\/www.vapecigwholesale.com\/es\/wp-json\/wp\/v2\/product\/993","targetHints":{"allow":["GET"]}}],"collection":[{"href":"https:\/\/www.vapecigwholesale.com\/es\/wp-json\/wp\/v2\/product"}],"about":[{"href":"https:\/\/www.vapecigwholesale.com\/es\/wp-json\/wp\/v2\/types\/product"}],"replies":[{"embeddable":true,"href":"https:\/\/www.vapecigwholesale.com\/es\/wp-json\/wp\/v2\/comments?post=993"}],"wp:featuredmedia":[{"embeddable":true,"href":"https:\/\/www.vapecigwholesale.com\/es\/wp-json\/wp\/v2\/media\/972"}],"wp:attachment":[{"href":"https:\/\/www.vapecigwholesale.com\/es\/wp-json\/wp\/v2\/media?parent=993"}],"wp:term":[{"taxonomy":"product_brand","embeddable":true,"href":"https:\/\/www.vapecigwholesale.com\/es\/wp-json\/wp\/v2\/product_brand?post=993"},{"taxonomy":"product_cat","embeddable":true,"href":"https:\/\/www.vapecigwholesale.com\/es\/wp-json\/wp\/v2\/product_cat?post=993"},{"taxonomy":"product_tag","embeddable":true,"href":"https:\/\/www.vapecigwholesale.com\/es\/wp-json\/wp\/v2\/product_tag?post=993"}],"curies":[{"name":"wp","href":"https:\/\/api.w.org\/{rel}","templated":true}]}}