{"id":1034,"date":"2024-11-12T14:42:13","date_gmt":"2024-11-12T06:42:13","guid":{"rendered":"https:\/\/www.vapecigwholesale.com\/?post_type=product&#038;p=1034"},"modified":"2025-09-22T14:03:45","modified_gmt":"2025-09-22T06:03:45","slug":"lavie-cube-20000-puffs-disposable-vape-free-shipping","status":"publish","type":"product","link":"https:\/\/www.vapecigwholesale.com\/fr\/product\/lavie-cube-20000-puffs-disposable-vape-free-shipping\/","title":{"rendered":"LAVIE Cube 20000 Puffs Vape jetable Livraison gratuite"},"content":{"rendered":"<p>LAVIE Cube 20000 Puffs est un dispositif de vape jetable \u00e9quip\u00e9 d'une batterie et d'un affichage du niveau d'ejuice. \u00c9quip\u00e9 d'une batterie haute performance de 600mAh pour garantir une longue dur\u00e9e de vie, vous permettant de profiter de la vape sans avoir \u00e0 la recharger fr\u00e9quemment. En m\u00eame temps, la capacit\u00e9 de son r\u00e9servoir de 28 ml garantit un temps de fumage prolong\u00e9 pour que vous puissiez en profiter au maximum. Lavie Cube 20000 offre \u00e9galement une vari\u00e9t\u00e9 d'options de teneur en nicotine de 2%\/5% pour r\u00e9pondre aux besoins de tous les types de fumeurs. Leur s\u00e9lection d'ar\u00f4mes est tout aussi impressionnante, avec 16 ar\u00f4mes classiques et rafra\u00eechissants, du tabac traditionnel aux m\u00e9langes fruit\u00e9s, garantissant qu'il y en a pour tous les go\u00fbts.<\/p>\n<h2><strong>LAVIE Cube 20000 Puffs D\u00e9tails :<\/strong><\/h2>\n<ul>\n<li>Bouff\u00e9es : 20000 bouff\u00e9es<\/li>\n<li>Capacit\u00e9 du liquide : 28ml<\/li>\n<li>Batterie : 600mAh<\/li>\n<li>Sel Nic.2%,5%.OEM<\/li>\n<li>Bobine en maille : Bobine \u00e0 double maille<\/li>\n<li>Mat\u00e9riau : PC, METAL<\/li>\n<li>R\u00e9sistance : 1.0\u03a9<\/li>\n<li>Type:\u00e9cran d'affichage<\/li>\n<li>Taille : 112*40*17.5mm<\/li>\n<li>Poids net : 74g<\/li>\n<\/ul>\n<h2><strong>LAVIE Cube 20000 Puffs Saveurs disponibles :<\/strong><\/h2>\n<ol>\n<li>Glace \u00e0 la fraise et au kiwi<\/li>\n<li>Aloe vera glace au raisin<\/li>\n<li>Fraise-melon d'eau<\/li>\n<li>Glace aux m\u00fbres et aux cerises<\/li>\n<li>Glace de raisin<\/li>\n<li>Glace \u00e0 la menthe<\/li>\n<li>Bacco<\/li>\n<li>Monstre de mangue<\/li>\n<li>Myrtille framboise raisin<\/li>\n<li>Fruit de la passion kiwi goyave<\/li>\n<li>Double pomme<\/li>\n<li>Cola au citron<\/li>\n<li>Glace au litchi et \u00e0 la fraise<\/li>\n<li>Glace \u00e0 la past\u00e8que<\/li>\n<li>Myrtille framboise bubblegum<\/li>\n<li>Glace au taro<\/li>\n<\/ol>\n<h2><strong>Liste d'emballage :<\/strong><\/h2>\n<p>1pcs chaque petite bo\u00eete<br \/>\n10 pi\u00e8ces par bo\u00eete centrale<br \/>\n200pcs par carton<\/p>\n<figure id=\"attachment_1016\" aria-describedby=\"caption-attachment-1016\" style=\"width: 800px\" class=\"wp-caption alignnone\"><img fetchpriority=\"high\" decoding=\"async\" class=\"wp-image-1016 size-full\" title=\"LAVIE Cube 20000 Puffs Vape jetable Free Shipping 4\" src=\"https:\/\/www.vapecigwholesale.com\/wp-content\/uploads\/2024\/11\/LAVIE-Cube-20000-Puffs-Disposable-Vape-Free-Shipping-4.webp\" alt=\"LAVIE Cube 20000 Puffs Vape jetable Free Shipping 4\" width=\"800\" height=\"800\" srcset=\"https:\/\/www.vapecigwholesale.com\/wp-content\/uploads\/2024\/11\/LAVIE-Cube-20000-Puffs-Disposable-Vape-Free-Shipping-4.webp 800w, https:\/\/www.vapecigwholesale.com\/wp-content\/uploads\/2024\/11\/LAVIE-Cube-20000-Puffs-Disposable-Vape-Free-Shipping-4-300x300.webp 300w, https:\/\/www.vapecigwholesale.com\/wp-content\/uploads\/2024\/11\/LAVIE-Cube-20000-Puffs-Disposable-Vape-Free-Shipping-4-150x150.webp 150w, https:\/\/www.vapecigwholesale.com\/wp-content\/uploads\/2024\/11\/LAVIE-Cube-20000-Puffs-Disposable-Vape-Free-Shipping-4-768x768.webp 768w, https:\/\/www.vapecigwholesale.com\/wp-content\/uploads\/2024\/11\/LAVIE-Cube-20000-Puffs-Disposable-Vape-Free-Shipping-4-12x12.webp 12w, https:\/\/www.vapecigwholesale.com\/wp-content\/uploads\/2024\/11\/LAVIE-Cube-20000-Puffs-Disposable-Vape-Free-Shipping-4-575x575.webp 575w, https:\/\/www.vapecigwholesale.com\/wp-content\/uploads\/2024\/11\/LAVIE-Cube-20000-Puffs-Disposable-Vape-Free-Shipping-4-380x380.webp 380w, https:\/\/www.vapecigwholesale.com\/wp-content\/uploads\/2024\/11\/LAVIE-Cube-20000-Puffs-Disposable-Vape-Free-Shipping-4-50x50.webp 50w, https:\/\/www.vapecigwholesale.com\/wp-content\/uploads\/2024\/11\/LAVIE-Cube-20000-Puffs-Disposable-Vape-Free-Shipping-4-26x26.webp 26w, https:\/\/www.vapecigwholesale.com\/wp-content\/uploads\/2024\/11\/LAVIE-Cube-20000-Puffs-Disposable-Vape-Free-Shipping-4-420x420.webp 420w, https:\/\/www.vapecigwholesale.com\/wp-content\/uploads\/2024\/11\/LAVIE-Cube-20000-Puffs-Disposable-Vape-Free-Shipping-4-100x100.webp 100w, https:\/\/www.vapecigwholesale.com\/wp-content\/uploads\/2024\/11\/LAVIE-Cube-20000-Puffs-Disposable-Vape-Free-Shipping-4-80x80.webp 80w\" sizes=\"(max-width: 800px) 100vw, 800px\" \/><figcaption id=\"caption-attachment-1016\" class=\"wp-caption-text\">LAVIE Cube 20000 Puffs Vape jetable Free Shipping 4<\/figcaption><\/figure>\n<figure id=\"attachment_1017\" aria-describedby=\"caption-attachment-1017\" style=\"width: 800px\" class=\"wp-caption alignnone\"><img decoding=\"async\" class=\"wp-image-1017 size-full\" title=\"LAVIE Cube 20000 Puffs Vape jetable Free Shipping 5\" src=\"https:\/\/www.vapecigwholesale.com\/wp-content\/uploads\/2024\/11\/LAVIE-Cube-20000-Puffs-Disposable-Vape-Free-Shipping-5.webp\" alt=\"LAVIE Cube 20000 Puffs Vape jetable Free Shipping 5\" width=\"800\" height=\"566\" srcset=\"https:\/\/www.vapecigwholesale.com\/wp-content\/uploads\/2024\/11\/LAVIE-Cube-20000-Puffs-Disposable-Vape-Free-Shipping-5.webp 800w, https:\/\/www.vapecigwholesale.com\/wp-content\/uploads\/2024\/11\/LAVIE-Cube-20000-Puffs-Disposable-Vape-Free-Shipping-5-300x212.webp 300w, https:\/\/www.vapecigwholesale.com\/wp-content\/uploads\/2024\/11\/LAVIE-Cube-20000-Puffs-Disposable-Vape-Free-Shipping-5-768x543.webp 768w, https:\/\/www.vapecigwholesale.com\/wp-content\/uploads\/2024\/11\/LAVIE-Cube-20000-Puffs-Disposable-Vape-Free-Shipping-5-18x12.webp 18w, https:\/\/www.vapecigwholesale.com\/wp-content\/uploads\/2024\/11\/LAVIE-Cube-20000-Puffs-Disposable-Vape-Free-Shipping-5-575x407.webp 575w, https:\/\/www.vapecigwholesale.com\/wp-content\/uploads\/2024\/11\/LAVIE-Cube-20000-Puffs-Disposable-Vape-Free-Shipping-5-380x269.webp 380w, https:\/\/www.vapecigwholesale.com\/wp-content\/uploads\/2024\/11\/LAVIE-Cube-20000-Puffs-Disposable-Vape-Free-Shipping-5-80x57.webp 80w\" sizes=\"(max-width: 800px) 100vw, 800px\" \/><figcaption id=\"caption-attachment-1017\" class=\"wp-caption-text\">LAVIE Cube 20000 Puffs Vape jetable Free Shipping 5<\/figcaption><\/figure>\n<p>&nbsp;<\/p>","protected":false},"excerpt":{"rendered":"<p>Prix pour 1 pi\u00e8ce seulement Livraison gratuite<\/p>\n<p>(<strong>2%\uff0c3%\uff0c5% <\/strong>)\u00a0 <strong>D\u00e9lai d'exp\u00e9dition : 2 semaines<\/strong><\/p>","protected":false},"featured_media":1014,"comment_status":"open","ping_status":"closed","template":"","meta":{"om_disable_all_campaigns":false,"_monsterinsights_skip_tracking":false,"_monsterinsights_sitenote_active":false,"_monsterinsights_sitenote_note":"","_monsterinsights_sitenote_category":0},"product_brand":[],"product_cat":[15],"product_tag":[],"class_list":{"0":"post-1034","1":"product","2":"type-product","3":"status-publish","4":"has-post-thumbnail","6":"product_cat-disposable-vape","8":"first","9":"instock","10":"sale","11":"featured","12":"shipping-taxable","13":"purchasable","14":"product-type-variable","15":"has-default-attributes"},"aioseo_notices":[],"_links":{"self":[{"href":"https:\/\/www.vapecigwholesale.com\/fr\/wp-json\/wp\/v2\/product\/1034","targetHints":{"allow":["GET"]}}],"collection":[{"href":"https:\/\/www.vapecigwholesale.com\/fr\/wp-json\/wp\/v2\/product"}],"about":[{"href":"https:\/\/www.vapecigwholesale.com\/fr\/wp-json\/wp\/v2\/types\/product"}],"replies":[{"embeddable":true,"href":"https:\/\/www.vapecigwholesale.com\/fr\/wp-json\/wp\/v2\/comments?post=1034"}],"wp:featuredmedia":[{"embeddable":true,"href":"https:\/\/www.vapecigwholesale.com\/fr\/wp-json\/wp\/v2\/media\/1014"}],"wp:attachment":[{"href":"https:\/\/www.vapecigwholesale.com\/fr\/wp-json\/wp\/v2\/media?parent=1034"}],"wp:term":[{"taxonomy":"product_brand","embeddable":true,"href":"https:\/\/www.vapecigwholesale.com\/fr\/wp-json\/wp\/v2\/product_brand?post=1034"},{"taxonomy":"product_cat","embeddable":true,"href":"https:\/\/www.vapecigwholesale.com\/fr\/wp-json\/wp\/v2\/product_cat?post=1034"},{"taxonomy":"product_tag","embeddable":true,"href":"https:\/\/www.vapecigwholesale.com\/fr\/wp-json\/wp\/v2\/product_tag?post=1034"}],"curies":[{"name":"wp","href":"https:\/\/api.w.org\/{rel}","templated":true}]}}