{"id":1079,"date":"2024-11-14T15:39:24","date_gmt":"2024-11-14T07:39:24","guid":{"rendered":"https:\/\/www.vapecigwholesale.com\/?post_type=product&#038;p=1079"},"modified":"2025-02-19T14:26:52","modified_gmt":"2025-02-19T06:26:52","slug":"lavie-cyber-20000-puffs-double-flavors-disposable-vape-free-shipping","status":"publish","type":"product","link":"https:\/\/www.vapecigwholesale.com\/fr\/product\/lavie-cyber-20000-puffs-double-flavors-disposable-vape-free-shipping\/","title":{"rendered":"LAVIE Cyber 20000 Puffs Double Flavors Vape jetable Free Shipping"},"content":{"rendered":"<p>LAVIE Cyber 20000 Puffs Double Flavors Disposable est un vaporisateur jetable \u00e0 double ar\u00f4me avec \u00e9cran LED, qui peut afficher la puissance et le niveau d'e-juice. Il contient 20ml d'e-juice 2%\/5% \u00e0 base de sel de nicotine et peut supporter jusqu'\u00e0 20000 bouff\u00e9es. Vous pouvez choisir parmi 10 saveurs doubles. Le port rechargeable situ\u00e9 en bas de l'appareil vous garantit de finir jusqu'\u00e0 la derni\u00e8re goutte d'e-juice dans le r\u00e9servoir tout le temps.<\/p>\n<p>LAVIE Cyber 20000 Puffs Il est dot\u00e9 d'une double saveur, pour changer la saveur actuelle de la vape, soulevez l'embout et faites-le tourner, c'est facile \u00e0 utiliser.<\/p>\n<h2><strong>LAVIE Cyber 20000 Puffs Double Flavors D\u00e9tails :<\/strong><\/h2>\n<ul>\n<li>Batterie rechargeable 700mah<br \/>\n(600mah pour le march\u00e9 cor\u00e9en)<\/li>\n<li>25ml d'e-liquide pr\u00e9-rempli<\/li>\n<li>2\/5% taux de nicotine<\/li>\n<li>Atteindre jusqu'\u00e0 20000 bouff\u00e9es<\/li>\n<li>bobine mesh 1.0 ohm<\/li>\n<li>Double r\u00e9servoir (double ar\u00f4me)<\/li>\n<li>Port de charge de type C<\/li>\n<\/ul>\n<h2><strong>LAVIE Cyber 20000 Puffs Saveurs disponibles :<\/strong><\/h2>\n<ol>\n<li>Citron Cola &amp; Fruit de la PassionGoyave<\/li>\n<li>Alo\u00e8s Raisin &amp; Myrtille Framboise Bubblegum<\/li>\n<li>Bacco &amp; Mangue lce<\/li>\n<li>G\u00e9latine de raisin &amp; G\u00e9latine de menthe<\/li>\n<li>Double Apple &amp; Love 66<\/li>\n<li>Fraise, kiwi et fruit de la passion, goyave<\/li>\n<li>Liqueur de litchi et liqueur de past\u00e8que<\/li>\n<li>Glace fraise-melon d'eau et m\u00fbre-cerise \u00e0 p\u00e9pins<\/li>\n<li>Matcha &amp; caf\u00e9 lce<\/li>\n<li>Ananas lce &amp; Taro lce<\/li>\n<\/ol>\n<h2><strong>Liste d'emballage :<\/strong><\/h2>\n<p>1pcs chaque petite bo\u00eete<br \/>\n10 pi\u00e8ces par bo\u00eete centrale<br \/>\n200pcs par carton<\/p>\n<p><img fetchpriority=\"high\" decoding=\"async\" class=\"wp-image-1068 size-full\" title=\"LAVIE Cyber 20000 Puffs Double Flavors Vape jetable Free Shipping 4\" src=\"https:\/\/www.vapecigwholesale.com\/wp-content\/uploads\/2024\/11\/LAVIE-Cyber-20000-Puffs-Double-Flavors-Disposable-Vape-Free-Shipping-4.webp\" alt=\"LAVIE Cyber 20000 Puffs Double Flavors Vape jetable Free Shipping 4\" width=\"800\" height=\"520\" srcset=\"https:\/\/www.vapecigwholesale.com\/wp-content\/uploads\/2024\/11\/LAVIE-Cyber-20000-Puffs-Double-Flavors-Disposable-Vape-Free-Shipping-4.webp 800w, https:\/\/www.vapecigwholesale.com\/wp-content\/uploads\/2024\/11\/LAVIE-Cyber-20000-Puffs-Double-Flavors-Disposable-Vape-Free-Shipping-4-300x195.webp 300w, https:\/\/www.vapecigwholesale.com\/wp-content\/uploads\/2024\/11\/LAVIE-Cyber-20000-Puffs-Double-Flavors-Disposable-Vape-Free-Shipping-4-768x499.webp 768w, https:\/\/www.vapecigwholesale.com\/wp-content\/uploads\/2024\/11\/LAVIE-Cyber-20000-Puffs-Double-Flavors-Disposable-Vape-Free-Shipping-4-18x12.webp 18w, https:\/\/www.vapecigwholesale.com\/wp-content\/uploads\/2024\/11\/LAVIE-Cyber-20000-Puffs-Double-Flavors-Disposable-Vape-Free-Shipping-4-575x374.webp 575w, https:\/\/www.vapecigwholesale.com\/wp-content\/uploads\/2024\/11\/LAVIE-Cyber-20000-Puffs-Double-Flavors-Disposable-Vape-Free-Shipping-4-380x247.webp 380w, https:\/\/www.vapecigwholesale.com\/wp-content\/uploads\/2024\/11\/LAVIE-Cyber-20000-Puffs-Double-Flavors-Disposable-Vape-Free-Shipping-4-80x52.webp 80w\" sizes=\"(max-width: 800px) 100vw, 800px\" \/><\/p>\n<p><img decoding=\"async\" class=\"wp-image-1066 size-large\" title=\"LAVIE Cyber 20000 Puffs Double Flavors Vape jetable Free Shipping 2\" src=\"https:\/\/www.vapecigwholesale.com\/wp-content\/uploads\/2024\/11\/LAVIE-Cyber-20000-Puffs-Double-Flavors-Disposable-Vape-Free-Shipping-2-1024x724.webp\" alt=\"LAVIE Cyber 20000 Puffs Double Flavors Vape jetable Free Shipping 2\" width=\"1024\" height=\"724\" srcset=\"https:\/\/www.vapecigwholesale.com\/wp-content\/uploads\/2024\/11\/LAVIE-Cyber-20000-Puffs-Double-Flavors-Disposable-Vape-Free-Shipping-2-1024x724.webp 1024w, https:\/\/www.vapecigwholesale.com\/wp-content\/uploads\/2024\/11\/LAVIE-Cyber-20000-Puffs-Double-Flavors-Disposable-Vape-Free-Shipping-2-300x212.webp 300w, https:\/\/www.vapecigwholesale.com\/wp-content\/uploads\/2024\/11\/LAVIE-Cyber-20000-Puffs-Double-Flavors-Disposable-Vape-Free-Shipping-2-768x543.webp 768w, https:\/\/www.vapecigwholesale.com\/wp-content\/uploads\/2024\/11\/LAVIE-Cyber-20000-Puffs-Double-Flavors-Disposable-Vape-Free-Shipping-2-1536x1086.webp 1536w, https:\/\/www.vapecigwholesale.com\/wp-content\/uploads\/2024\/11\/LAVIE-Cyber-20000-Puffs-Double-Flavors-Disposable-Vape-Free-Shipping-2-2048x1448.webp 2048w, https:\/\/www.vapecigwholesale.com\/wp-content\/uploads\/2024\/11\/LAVIE-Cyber-20000-Puffs-Double-Flavors-Disposable-Vape-Free-Shipping-2-18x12.webp 18w, https:\/\/www.vapecigwholesale.com\/wp-content\/uploads\/2024\/11\/LAVIE-Cyber-20000-Puffs-Double-Flavors-Disposable-Vape-Free-Shipping-2-1140x806.webp 1140w, https:\/\/www.vapecigwholesale.com\/wp-content\/uploads\/2024\/11\/LAVIE-Cyber-20000-Puffs-Double-Flavors-Disposable-Vape-Free-Shipping-2-920x650.webp 920w, https:\/\/www.vapecigwholesale.com\/wp-content\/uploads\/2024\/11\/LAVIE-Cyber-20000-Puffs-Double-Flavors-Disposable-Vape-Free-Shipping-2-575x406.webp 575w, https:\/\/www.vapecigwholesale.com\/wp-content\/uploads\/2024\/11\/LAVIE-Cyber-20000-Puffs-Double-Flavors-Disposable-Vape-Free-Shipping-2-380x269.webp 380w, https:\/\/www.vapecigwholesale.com\/wp-content\/uploads\/2024\/11\/LAVIE-Cyber-20000-Puffs-Double-Flavors-Disposable-Vape-Free-Shipping-2-800x566.webp 800w, https:\/\/www.vapecigwholesale.com\/wp-content\/uploads\/2024\/11\/LAVIE-Cyber-20000-Puffs-Double-Flavors-Disposable-Vape-Free-Shipping-2-80x57.webp 80w\" sizes=\"(max-width: 1024px) 100vw, 1024px\" \/><\/p>\n<figure id=\"attachment_1067\" aria-describedby=\"caption-attachment-1067\" style=\"width: 800px\" class=\"wp-caption alignnone\"><img decoding=\"async\" class=\"wp-image-1067 size-full\" title=\"LAVIE Cyber 20000 Puffs Double Flavors Vape jetable Free Shipping 3\" src=\"https:\/\/www.vapecigwholesale.com\/wp-content\/uploads\/2024\/11\/LAVIE-Cyber-20000-Puffs-Double-Flavors-Disposable-Vape-Free-Shipping-3.webp\" alt=\"LAVIE Cyber 20000 Puffs Double Flavors Vape jetable Free Shipping 3\" width=\"800\" height=\"570\" srcset=\"https:\/\/www.vapecigwholesale.com\/wp-content\/uploads\/2024\/11\/LAVIE-Cyber-20000-Puffs-Double-Flavors-Disposable-Vape-Free-Shipping-3.webp 800w, https:\/\/www.vapecigwholesale.com\/wp-content\/uploads\/2024\/11\/LAVIE-Cyber-20000-Puffs-Double-Flavors-Disposable-Vape-Free-Shipping-3-300x214.webp 300w, https:\/\/www.vapecigwholesale.com\/wp-content\/uploads\/2024\/11\/LAVIE-Cyber-20000-Puffs-Double-Flavors-Disposable-Vape-Free-Shipping-3-768x547.webp 768w, https:\/\/www.vapecigwholesale.com\/wp-content\/uploads\/2024\/11\/LAVIE-Cyber-20000-Puffs-Double-Flavors-Disposable-Vape-Free-Shipping-3-18x12.webp 18w, https:\/\/www.vapecigwholesale.com\/wp-content\/uploads\/2024\/11\/LAVIE-Cyber-20000-Puffs-Double-Flavors-Disposable-Vape-Free-Shipping-3-575x410.webp 575w, https:\/\/www.vapecigwholesale.com\/wp-content\/uploads\/2024\/11\/LAVIE-Cyber-20000-Puffs-Double-Flavors-Disposable-Vape-Free-Shipping-3-380x271.webp 380w, https:\/\/www.vapecigwholesale.com\/wp-content\/uploads\/2024\/11\/LAVIE-Cyber-20000-Puffs-Double-Flavors-Disposable-Vape-Free-Shipping-3-80x57.webp 80w\" sizes=\"(max-width: 800px) 100vw, 800px\" \/><figcaption id=\"caption-attachment-1067\" class=\"wp-caption-text\">LAVIE Cyber 20000 Puffs Double Flavors Vape jetable Free Shipping 3<\/figcaption><\/figure>","protected":false},"excerpt":{"rendered":"<p>Prix pour 1 pi\u00e8ce seulement Livraison gratuite<\/p>\n<p>(<strong>2%, 5% Nic<\/strong>)\u00a0 \u00a0 \u00a0 <strong>D\u00e9lai d'exp\u00e9dition : 2 semaines<\/strong><\/p>","protected":false},"featured_media":1065,"comment_status":"open","ping_status":"closed","template":"","meta":{"om_disable_all_campaigns":false,"_monsterinsights_skip_tracking":false,"_monsterinsights_sitenote_active":false,"_monsterinsights_sitenote_note":"","_monsterinsights_sitenote_category":0},"product_brand":[],"product_cat":[15],"product_tag":[],"class_list":{"0":"post-1079","1":"product","2":"type-product","3":"status-publish","4":"has-post-thumbnail","6":"product_cat-disposable-vape","8":"first","9":"instock","10":"featured","11":"shipping-taxable","12":"purchasable","13":"product-type-variable","14":"has-default-attributes"},"aioseo_notices":[],"_links":{"self":[{"href":"https:\/\/www.vapecigwholesale.com\/fr\/wp-json\/wp\/v2\/product\/1079","targetHints":{"allow":["GET"]}}],"collection":[{"href":"https:\/\/www.vapecigwholesale.com\/fr\/wp-json\/wp\/v2\/product"}],"about":[{"href":"https:\/\/www.vapecigwholesale.com\/fr\/wp-json\/wp\/v2\/types\/product"}],"replies":[{"embeddable":true,"href":"https:\/\/www.vapecigwholesale.com\/fr\/wp-json\/wp\/v2\/comments?post=1079"}],"wp:featuredmedia":[{"embeddable":true,"href":"https:\/\/www.vapecigwholesale.com\/fr\/wp-json\/wp\/v2\/media\/1065"}],"wp:attachment":[{"href":"https:\/\/www.vapecigwholesale.com\/fr\/wp-json\/wp\/v2\/media?parent=1079"}],"wp:term":[{"taxonomy":"product_brand","embeddable":true,"href":"https:\/\/www.vapecigwholesale.com\/fr\/wp-json\/wp\/v2\/product_brand?post=1079"},{"taxonomy":"product_cat","embeddable":true,"href":"https:\/\/www.vapecigwholesale.com\/fr\/wp-json\/wp\/v2\/product_cat?post=1079"},{"taxonomy":"product_tag","embeddable":true,"href":"https:\/\/www.vapecigwholesale.com\/fr\/wp-json\/wp\/v2\/product_tag?post=1079"}],"curies":[{"name":"wp","href":"https:\/\/api.w.org\/{rel}","templated":true}]}}