{"id":1110,"date":"2024-11-15T15:40:33","date_gmt":"2024-11-15T07:40:33","guid":{"rendered":"https:\/\/www.vapecigwholesale.com\/?post_type=product&#038;p=1110"},"modified":"2025-02-19T14:25:46","modified_gmt":"2025-02-19T06:25:46","slug":"zooy-30000-puffs-double-flavors-disposable-vape-free-shipping","status":"publish","type":"product","link":"https:\/\/www.vapecigwholesale.com\/fr\/product\/zooy-30000-puffs-double-flavors-disposable-vape-free-shipping\/","title":{"rendered":"ZOOY 30000 Puffs Double Flavors Vape jetable Free Shipping"},"content":{"rendered":"<p>ZOOY 30000 Puffs est une e-cigarette jetable tr\u00e8s \u00e9l\u00e9gante qui tient parfaitement dans la paume de votre main. Son superbe design la rend tr\u00e8s facile \u00e0 transporter. Sa saveur vous surprendra lorsque vous tomberez amoureux de son aspect lisse et solide.<\/p>\n<p>L'e-cigarette ZOOY 30000 Puffs est con\u00e7ue pour les passionn\u00e9s ; elle est dot\u00e9e d'un contr\u00f4le d'\u00e9coulement d'air r\u00e9glable sur le fond et d'un grand \u00e9cran d'affichage qui vous permet de suivre vos habitudes de vapotage. La ZOOY 30000 PUFFS dispose d'un super coil \u00e0 double maille avec des r\u00e9glages de puissance allant de 12W \u00e0 28W. Dix saveurs sont disponibles pour cette e-cigarette \u00e0 l'\u00e9tat solide, qui dispose d'une batterie rechargeable de 650mAh.<\/p>\n<p>L'e-cigarette jetable ZOOY 30000 PUFFS dispose d'un connecteur de charge USB-C et d'un syst\u00e8me d'airflow r\u00e9glable. Elle poss\u00e8de une double bobine en maille, est compacte, l\u00e9g\u00e8re et peut \u00eatre vaporis\u00e9e. Il y a dix saveurs disponibles. C'est une saveur app\u00e9tissante qui exhale de riches nuages \u00e0 chaque bouff\u00e9e. Jusqu'\u00e0 36 ml de jus d'e-cigarette pr\u00e9charg\u00e9 peuvent \u00eatre stock\u00e9s dans les deux r\u00e9servoirs d'e-liquide, qui sont recharg\u00e9s via une interface USB-C.<\/p>\n<p>ZOOY 30000 PUFFS dispose d'un \u00e9cran LED. Cette e-cigarette contient 2% et 5% de nicotine dans chaque saveur. L'\u00e9cran LED s'allume lorsque l'appareil est en cours d'utilisation, ce qui vous permet de toujours voir la quantit\u00e9 de jus et d'\u00e9nergie restante.<\/p>\n<h2><strong>ZOOY 30000 Puffs Double Flavors D\u00e9tails\uff1a<\/strong><\/h2>\n<ul>\n<li>Bouff\u00e9es:30000 bouff\u00e9es<\/li>\n<li>Saveurs doubles<\/li>\n<li>Batterie : 850mAh<\/li>\n<li>Nicotine:2% 5%<\/li>\n<li>Capacit\u00e9 : 36ml<\/li>\n<li>Bobine \u00e0 double maille<\/li>\n<li>10 doubles saveurs disponibles<\/li>\n<li>\u00c9cran intelligent : indicateur d'e-juice\/de puissance<\/li>\n<\/ul>\n<h2><strong>ZOOY 30000 Puffs Double Flavors Disponible\uff1a<\/strong><\/h2>\n<ol>\n<li>Glace aux myrtilles et triple melon<\/li>\n<li>Raisin Menthe &amp; Fraise Banane<\/li>\n<li>Love 66 &amp; Cola Ice<\/li>\n<li>Glace ananas, noix de coco et pomme<\/li>\n<li>Groseille, cerise et baies m\u00e9lang\u00e9es<\/li>\n<li>Red Bull &amp; Fraise Kiwi<\/li>\n<li>Glace \u00e0 la fraise et milk-shake p\u00eache-mangue<\/li>\n<li>Past\u00e8que \u00e0 la fraise et limonade rose<\/li>\n<li>Past\u00e8que Bubblegum et glace au caf\u00e9<\/li>\n<li>Glace \u00e0 la past\u00e8que et citron \u00e0 la framboise bleue<\/li>\n<\/ol>\n<h2><strong>Liste d'emballage :<\/strong><\/h2>\n<p>1pcs chaque petite bo\u00eete<br \/>\n10 pi\u00e8ces par bo\u00eete centrale<br \/>\n200pcs par carton<\/p>\n<p><img fetchpriority=\"high\" decoding=\"async\" class=\"wp-image-1097 size-full\" title=\"ZOOY 30000 Puffs Double Flavors Vape jetable Free Shipping 4\" src=\"https:\/\/www.vapecigwholesale.com\/wp-content\/uploads\/2024\/11\/ZOOY-30000-Puffs-Double-Flavors-Disposable-Vape-Free-Shipping-4.webp\" alt=\"ZOOY 30000 Puffs Double Flavors Vape jetable Free Shipping 4\" width=\"800\" height=\"600\" srcset=\"https:\/\/www.vapecigwholesale.com\/wp-content\/uploads\/2024\/11\/ZOOY-30000-Puffs-Double-Flavors-Disposable-Vape-Free-Shipping-4.webp 800w, https:\/\/www.vapecigwholesale.com\/wp-content\/uploads\/2024\/11\/ZOOY-30000-Puffs-Double-Flavors-Disposable-Vape-Free-Shipping-4-300x225.webp 300w, https:\/\/www.vapecigwholesale.com\/wp-content\/uploads\/2024\/11\/ZOOY-30000-Puffs-Double-Flavors-Disposable-Vape-Free-Shipping-4-768x576.webp 768w, https:\/\/www.vapecigwholesale.com\/wp-content\/uploads\/2024\/11\/ZOOY-30000-Puffs-Double-Flavors-Disposable-Vape-Free-Shipping-4-16x12.webp 16w, https:\/\/www.vapecigwholesale.com\/wp-content\/uploads\/2024\/11\/ZOOY-30000-Puffs-Double-Flavors-Disposable-Vape-Free-Shipping-4-575x431.webp 575w, https:\/\/www.vapecigwholesale.com\/wp-content\/uploads\/2024\/11\/ZOOY-30000-Puffs-Double-Flavors-Disposable-Vape-Free-Shipping-4-380x285.webp 380w, https:\/\/www.vapecigwholesale.com\/wp-content\/uploads\/2024\/11\/ZOOY-30000-Puffs-Double-Flavors-Disposable-Vape-Free-Shipping-4-80x60.webp 80w\" sizes=\"(max-width: 800px) 100vw, 800px\" \/><\/p>\n<p><img decoding=\"async\" class=\"wp-image-1099 size-full\" title=\"ZOOY 30000 Puffs Double Flavors Vape jetable Free Shipping 6\" src=\"https:\/\/www.vapecigwholesale.com\/wp-content\/uploads\/2024\/11\/ZOOY-30000-Puffs-Double-Flavors-Disposable-Vape-Free-Shipping-6.webp\" alt=\"ZOOY 30000 Puffs Double Flavors Vape jetable Free Shipping 6\" width=\"800\" height=\"280\" srcset=\"https:\/\/www.vapecigwholesale.com\/wp-content\/uploads\/2024\/11\/ZOOY-30000-Puffs-Double-Flavors-Disposable-Vape-Free-Shipping-6.webp 800w, https:\/\/www.vapecigwholesale.com\/wp-content\/uploads\/2024\/11\/ZOOY-30000-Puffs-Double-Flavors-Disposable-Vape-Free-Shipping-6-300x105.webp 300w, https:\/\/www.vapecigwholesale.com\/wp-content\/uploads\/2024\/11\/ZOOY-30000-Puffs-Double-Flavors-Disposable-Vape-Free-Shipping-6-768x269.webp 768w, https:\/\/www.vapecigwholesale.com\/wp-content\/uploads\/2024\/11\/ZOOY-30000-Puffs-Double-Flavors-Disposable-Vape-Free-Shipping-6-18x6.webp 18w, https:\/\/www.vapecigwholesale.com\/wp-content\/uploads\/2024\/11\/ZOOY-30000-Puffs-Double-Flavors-Disposable-Vape-Free-Shipping-6-575x201.webp 575w, https:\/\/www.vapecigwholesale.com\/wp-content\/uploads\/2024\/11\/ZOOY-30000-Puffs-Double-Flavors-Disposable-Vape-Free-Shipping-6-380x133.webp 380w, https:\/\/www.vapecigwholesale.com\/wp-content\/uploads\/2024\/11\/ZOOY-30000-Puffs-Double-Flavors-Disposable-Vape-Free-Shipping-6-80x28.webp 80w\" sizes=\"(max-width: 800px) 100vw, 800px\" \/><\/p>\n<p><img decoding=\"async\" class=\"wp-image-1094 size-full\" title=\"ZOOY 30000 Puffs Double Flavors Vape jetable Free Shipping 1\" src=\"https:\/\/www.vapecigwholesale.com\/wp-content\/uploads\/2024\/11\/ZOOY-30000-Puffs-Double-Flavors-Disposable-Vape-Free-Shipping-1.webp\" alt=\"ZOOY 30000 Puffs Double Flavors Vape jetable Free Shipping 1\" width=\"800\" height=\"800\" srcset=\"https:\/\/www.vapecigwholesale.com\/wp-content\/uploads\/2024\/11\/ZOOY-30000-Puffs-Double-Flavors-Disposable-Vape-Free-Shipping-1.webp 800w, https:\/\/www.vapecigwholesale.com\/wp-content\/uploads\/2024\/11\/ZOOY-30000-Puffs-Double-Flavors-Disposable-Vape-Free-Shipping-1-300x300.webp 300w, https:\/\/www.vapecigwholesale.com\/wp-content\/uploads\/2024\/11\/ZOOY-30000-Puffs-Double-Flavors-Disposable-Vape-Free-Shipping-1-150x150.webp 150w, https:\/\/www.vapecigwholesale.com\/wp-content\/uploads\/2024\/11\/ZOOY-30000-Puffs-Double-Flavors-Disposable-Vape-Free-Shipping-1-768x768.webp 768w, https:\/\/www.vapecigwholesale.com\/wp-content\/uploads\/2024\/11\/ZOOY-30000-Puffs-Double-Flavors-Disposable-Vape-Free-Shipping-1-12x12.webp 12w, https:\/\/www.vapecigwholesale.com\/wp-content\/uploads\/2024\/11\/ZOOY-30000-Puffs-Double-Flavors-Disposable-Vape-Free-Shipping-1-575x575.webp 575w, https:\/\/www.vapecigwholesale.com\/wp-content\/uploads\/2024\/11\/ZOOY-30000-Puffs-Double-Flavors-Disposable-Vape-Free-Shipping-1-380x380.webp 380w, https:\/\/www.vapecigwholesale.com\/wp-content\/uploads\/2024\/11\/ZOOY-30000-Puffs-Double-Flavors-Disposable-Vape-Free-Shipping-1-50x50.webp 50w, https:\/\/www.vapecigwholesale.com\/wp-content\/uploads\/2024\/11\/ZOOY-30000-Puffs-Double-Flavors-Disposable-Vape-Free-Shipping-1-26x26.webp 26w, https:\/\/www.vapecigwholesale.com\/wp-content\/uploads\/2024\/11\/ZOOY-30000-Puffs-Double-Flavors-Disposable-Vape-Free-Shipping-1-420x420.webp 420w, https:\/\/www.vapecigwholesale.com\/wp-content\/uploads\/2024\/11\/ZOOY-30000-Puffs-Double-Flavors-Disposable-Vape-Free-Shipping-1-100x100.webp 100w, https:\/\/www.vapecigwholesale.com\/wp-content\/uploads\/2024\/11\/ZOOY-30000-Puffs-Double-Flavors-Disposable-Vape-Free-Shipping-1-80x80.webp 80w\" sizes=\"(max-width: 800px) 100vw, 800px\" \/><\/p>","protected":false},"excerpt":{"rendered":"<p>Prix pour 1 pi\u00e8ce seulement Livraison gratuite<\/p>\n<p>(<strong>2%, 5% Nic<\/strong>)\u00a0 \u00a0 \u00a0\u00a0<strong>D\u00e9lai d'exp\u00e9dition : 2 semaines<\/strong><\/p>","protected":false},"featured_media":1095,"comment_status":"open","ping_status":"closed","template":"","meta":{"om_disable_all_campaigns":false,"_monsterinsights_skip_tracking":false,"_monsterinsights_sitenote_active":false,"_monsterinsights_sitenote_note":"","_monsterinsights_sitenote_category":0},"product_brand":[],"product_cat":[15],"product_tag":[],"class_list":{"0":"post-1110","1":"product","2":"type-product","3":"status-publish","4":"has-post-thumbnail","6":"product_cat-disposable-vape","8":"first","9":"instock","10":"featured","11":"shipping-taxable","12":"purchasable","13":"product-type-variable","14":"has-default-attributes"},"aioseo_notices":[],"_links":{"self":[{"href":"https:\/\/www.vapecigwholesale.com\/fr\/wp-json\/wp\/v2\/product\/1110","targetHints":{"allow":["GET"]}}],"collection":[{"href":"https:\/\/www.vapecigwholesale.com\/fr\/wp-json\/wp\/v2\/product"}],"about":[{"href":"https:\/\/www.vapecigwholesale.com\/fr\/wp-json\/wp\/v2\/types\/product"}],"replies":[{"embeddable":true,"href":"https:\/\/www.vapecigwholesale.com\/fr\/wp-json\/wp\/v2\/comments?post=1110"}],"wp:featuredmedia":[{"embeddable":true,"href":"https:\/\/www.vapecigwholesale.com\/fr\/wp-json\/wp\/v2\/media\/1095"}],"wp:attachment":[{"href":"https:\/\/www.vapecigwholesale.com\/fr\/wp-json\/wp\/v2\/media?parent=1110"}],"wp:term":[{"taxonomy":"product_brand","embeddable":true,"href":"https:\/\/www.vapecigwholesale.com\/fr\/wp-json\/wp\/v2\/product_brand?post=1110"},{"taxonomy":"product_cat","embeddable":true,"href":"https:\/\/www.vapecigwholesale.com\/fr\/wp-json\/wp\/v2\/product_cat?post=1110"},{"taxonomy":"product_tag","embeddable":true,"href":"https:\/\/www.vapecigwholesale.com\/fr\/wp-json\/wp\/v2\/product_tag?post=1110"}],"curies":[{"name":"wp","href":"https:\/\/api.w.org\/{rel}","templated":true}]}}