{"id":1148,"date":"2024-11-16T16:53:56","date_gmt":"2024-11-16T08:53:56","guid":{"rendered":"https:\/\/www.vapecigwholesale.com\/?post_type=product&#038;p=1148"},"modified":"2025-02-19T14:24:35","modified_gmt":"2025-02-19T06:24:35","slug":"vapsolo-twins-20000-puffs-disposable-vape-free-shipping","status":"publish","type":"product","link":"https:\/\/www.vapecigwholesale.com\/fr\/product\/vapsolo-twins-20000-puffs-jetable-vape-free-shipping\/","title":{"rendered":"Vapsolo Twins 20000 Puffs Vape jetable Free Shipping"},"content":{"rendered":"<p>VapSolo Twins 20000 Puffs est con\u00e7u pour ceux qui recherchent une solution de vapotage de grande capacit\u00e9 et sans souci. Avec son impressionnant volume de 25 ml d'e-liquide pr\u00e9-rempli, les utilisateurs peuvent profiter de 20000 bouff\u00e9es par appareil, garantissant une exp\u00e9rience prolong\u00e9e et satisfaisante.<\/p>\n<p>VapSolo Twins 20000 Puffs se distingue par plusieurs caract\u00e9ristiques cl\u00e9s qui am\u00e9liorent ses performances et son confort d'utilisation. Sa batterie rechargeable de 650mAh, charg\u00e9e via un port de type-C, garantit le respect de l'environnement et la rentabilit\u00e9. Le mesh coil avanc\u00e9 d'une r\u00e9sistance de 0,6\u03a9 garantit une exp\u00e9rience de vapotage fluide et coh\u00e9rente. De plus, le syst\u00e8me de double r\u00e9servoir pr\u00e9-rempli avec 25 ml d'e-liquide permet des combinaisons de saveurs vari\u00e9es.<\/p>\n<p>Le dispositif VapSolo Twins 20000 Puffs s'adresse \u00e0 la fois aux utilisateurs l\u00e9gers et aux utilisateurs intensifs de nicotine, avec des taux de nicotine disponibles de 2% et 5%. L'\u00e9cran d'affichage intelligent fournit des mises \u00e0 jour en temps r\u00e9el sur l'autonomie de la batterie et le nombre de bouff\u00e9es, tandis que le syst\u00e8me de d\u00e9bit d'air r\u00e9glable permet aux utilisateurs de personnaliser leur exp\u00e9rience de vapotage. Le kit de dosettes activ\u00e9es par tirage au sort le rend facile \u00e0 utiliser. Le VapSolo Twins 20000 Puffs offre 16 saveurs doubles \u00e0 choisir.<\/p>\n<h2><strong>Vapsolo Twins 20000 Puffs D\u00e9tails :<\/strong><\/h2>\n<ul>\n<li>Choix multi-saveurs 2 en 1<\/li>\n<li>\u00c9cran d'affichage intelligent<\/li>\n<li>Bouff\u00e9e : Jusqu'\u00e0 20000 bouff\u00e9es<\/li>\n<li>Nicotine : 2%\/5%<\/li>\n<li>Batterie : 650mAh rechargeable<\/li>\n<li>Noyau : Bobine en maille 1,0 \u03a9<\/li>\n<li>Rechargeable, port de charge de type C<\/li>\n<li>Bobine \u00e0 double maille<\/li>\n<li>Contr\u00f4le du d\u00e9bit d'air<\/li>\n<li>Kit d'activation de la capsule par tirage au sort<\/li>\n<li>Dispositif de vaporisation MTL facile \u00e0 utiliser<\/li>\n<\/ul>\n<h2><strong>Vapsolo Twins 20000 Puffs Saveurs disponibles :<\/strong><\/h2>\n<ol>\n<li>Raisin glac\u00e9 et fraise kiwi<\/li>\n<li>Glace au citron vert et \u00e0 la past\u00e8que<\/li>\n<li>Ananas noix de coco et fraise banane<\/li>\n<li>Orange Mangue Past\u00e8que &amp; Red Bull<\/li>\n<li>Banane framboise et cerise p\u00e9tillante<\/li>\n<li>Glace fraise framboise cerise et glace raisin<\/li>\n<li>Blue Razz Lemonade &amp; Lemon Lime<\/li>\n<li>Glace \u00e0 la past\u00e8que et baies m\u00e9lang\u00e9es<\/li>\n<li>Glace \u00e0 la past\u00e8que et mangue \u00e0 la fraise<\/li>\n<li>Triple melon et past\u00e8que \u00e0 la framboise<\/li>\n<li>Glace noire Fruit du dragon Fraise et framboise Past\u00e8que<\/li>\n<li>Glace \u00e0 la fraise et p\u00eache \u00e0 la mangue Past\u00e8que<\/li>\n<li>Ananas, noix de coco et glace \u00e0 la past\u00e8que<\/li>\n<li>Fraise Kiw&amp; Fraise Framboise Chery Ice<\/li>\n<li>Triple melon et ananas noix de coco<\/li>\n<li>Glace aux myrtilles et cerise p\u00e9tillante<\/li>\n<\/ol>\n<h2><strong>Liste d'emballage :<\/strong><\/h2>\n<p>1pcs chaque petite bo\u00eete<br \/>\n10 pi\u00e8ces par bo\u00eete centrale<br \/>\n200pcs par carton<\/p>\n<p><img fetchpriority=\"high\" decoding=\"async\" class=\"wp-image-1129 size-full\" title=\"Vapsolo Twins 20000 Puffs Vape jetable Free Shipping 9\" src=\"https:\/\/www.vapecigwholesale.com\/wp-content\/uploads\/2024\/11\/Vapsolo-Twins-20000-Puffs-Disposable-Vape-Free-Shipping-9.webp\" alt=\"Vapsolo Twins 20000 Puffs Vape jetable Free Shipping 9\" width=\"800\" height=\"800\" srcset=\"https:\/\/www.vapecigwholesale.com\/wp-content\/uploads\/2024\/11\/Vapsolo-Twins-20000-Puffs-Disposable-Vape-Free-Shipping-9.webp 800w, https:\/\/www.vapecigwholesale.com\/wp-content\/uploads\/2024\/11\/Vapsolo-Twins-20000-Puffs-Disposable-Vape-Free-Shipping-9-300x300.webp 300w, https:\/\/www.vapecigwholesale.com\/wp-content\/uploads\/2024\/11\/Vapsolo-Twins-20000-Puffs-Disposable-Vape-Free-Shipping-9-150x150.webp 150w, https:\/\/www.vapecigwholesale.com\/wp-content\/uploads\/2024\/11\/Vapsolo-Twins-20000-Puffs-Disposable-Vape-Free-Shipping-9-768x768.webp 768w, https:\/\/www.vapecigwholesale.com\/wp-content\/uploads\/2024\/11\/Vapsolo-Twins-20000-Puffs-Disposable-Vape-Free-Shipping-9-12x12.webp 12w, https:\/\/www.vapecigwholesale.com\/wp-content\/uploads\/2024\/11\/Vapsolo-Twins-20000-Puffs-Disposable-Vape-Free-Shipping-9-575x575.webp 575w, https:\/\/www.vapecigwholesale.com\/wp-content\/uploads\/2024\/11\/Vapsolo-Twins-20000-Puffs-Disposable-Vape-Free-Shipping-9-380x380.webp 380w, https:\/\/www.vapecigwholesale.com\/wp-content\/uploads\/2024\/11\/Vapsolo-Twins-20000-Puffs-Disposable-Vape-Free-Shipping-9-50x50.webp 50w, https:\/\/www.vapecigwholesale.com\/wp-content\/uploads\/2024\/11\/Vapsolo-Twins-20000-Puffs-Disposable-Vape-Free-Shipping-9-26x26.webp 26w, https:\/\/www.vapecigwholesale.com\/wp-content\/uploads\/2024\/11\/Vapsolo-Twins-20000-Puffs-Disposable-Vape-Free-Shipping-9-420x420.webp 420w, https:\/\/www.vapecigwholesale.com\/wp-content\/uploads\/2024\/11\/Vapsolo-Twins-20000-Puffs-Disposable-Vape-Free-Shipping-9-100x100.webp 100w, https:\/\/www.vapecigwholesale.com\/wp-content\/uploads\/2024\/11\/Vapsolo-Twins-20000-Puffs-Disposable-Vape-Free-Shipping-9-80x80.webp 80w\" sizes=\"(max-width: 800px) 100vw, 800px\" \/><\/p>\n<figure id=\"attachment_1130\" aria-describedby=\"caption-attachment-1130\" style=\"width: 800px\" class=\"wp-caption alignnone\"><img decoding=\"async\" class=\"wp-image-1130 size-full\" title=\"Vapsolo Twins 20000 Puffs Vape jetable Free Shipping 10\" src=\"https:\/\/www.vapecigwholesale.com\/wp-content\/uploads\/2024\/11\/Vapsolo-Twins-20000-Puffs-Disposable-Vape-Free-Shipping-10.webp\" alt=\"Vapsolo Twins 20000 Puffs Vape jetable Free Shipping 10\" width=\"800\" height=\"700\" srcset=\"https:\/\/www.vapecigwholesale.com\/wp-content\/uploads\/2024\/11\/Vapsolo-Twins-20000-Puffs-Disposable-Vape-Free-Shipping-10.webp 800w, https:\/\/www.vapecigwholesale.com\/wp-content\/uploads\/2024\/11\/Vapsolo-Twins-20000-Puffs-Disposable-Vape-Free-Shipping-10-300x263.webp 300w, https:\/\/www.vapecigwholesale.com\/wp-content\/uploads\/2024\/11\/Vapsolo-Twins-20000-Puffs-Disposable-Vape-Free-Shipping-10-768x672.webp 768w, https:\/\/www.vapecigwholesale.com\/wp-content\/uploads\/2024\/11\/Vapsolo-Twins-20000-Puffs-Disposable-Vape-Free-Shipping-10-14x12.webp 14w, https:\/\/www.vapecigwholesale.com\/wp-content\/uploads\/2024\/11\/Vapsolo-Twins-20000-Puffs-Disposable-Vape-Free-Shipping-10-575x503.webp 575w, https:\/\/www.vapecigwholesale.com\/wp-content\/uploads\/2024\/11\/Vapsolo-Twins-20000-Puffs-Disposable-Vape-Free-Shipping-10-380x333.webp 380w, https:\/\/www.vapecigwholesale.com\/wp-content\/uploads\/2024\/11\/Vapsolo-Twins-20000-Puffs-Disposable-Vape-Free-Shipping-10-80x70.webp 80w\" sizes=\"(max-width: 800px) 100vw, 800px\" \/><figcaption id=\"caption-attachment-1130\" class=\"wp-caption-text\">Vapsolo Twins 20000 Puffs Vape jetable Free Shipping<\/figcaption><\/figure>","protected":false},"excerpt":{"rendered":"<p>Prix pour 1 pi\u00e8ce seulement Livraison gratuite<\/p>\n<p>(<strong>2%, 5% Nic<\/strong>)\u00a0 \u00a0 \u00a0\u00a0<strong>D\u00e9lai d'exp\u00e9dition : 2 semaines<\/strong><\/p>","protected":false},"featured_media":1123,"comment_status":"open","ping_status":"closed","template":"","meta":{"om_disable_all_campaigns":false,"_monsterinsights_skip_tracking":false,"_monsterinsights_sitenote_active":false,"_monsterinsights_sitenote_note":"","_monsterinsights_sitenote_category":0},"product_brand":[],"product_cat":[15],"product_tag":[],"class_list":{"0":"post-1148","1":"product","2":"type-product","3":"status-publish","4":"has-post-thumbnail","6":"product_cat-disposable-vape","8":"first","9":"instock","10":"featured","11":"shipping-taxable","12":"purchasable","13":"product-type-variable","14":"has-default-attributes"},"aioseo_notices":[],"_links":{"self":[{"href":"https:\/\/www.vapecigwholesale.com\/fr\/wp-json\/wp\/v2\/product\/1148","targetHints":{"allow":["GET"]}}],"collection":[{"href":"https:\/\/www.vapecigwholesale.com\/fr\/wp-json\/wp\/v2\/product"}],"about":[{"href":"https:\/\/www.vapecigwholesale.com\/fr\/wp-json\/wp\/v2\/types\/product"}],"replies":[{"embeddable":true,"href":"https:\/\/www.vapecigwholesale.com\/fr\/wp-json\/wp\/v2\/comments?post=1148"}],"wp:featuredmedia":[{"embeddable":true,"href":"https:\/\/www.vapecigwholesale.com\/fr\/wp-json\/wp\/v2\/media\/1123"}],"wp:attachment":[{"href":"https:\/\/www.vapecigwholesale.com\/fr\/wp-json\/wp\/v2\/media?parent=1148"}],"wp:term":[{"taxonomy":"product_brand","embeddable":true,"href":"https:\/\/www.vapecigwholesale.com\/fr\/wp-json\/wp\/v2\/product_brand?post=1148"},{"taxonomy":"product_cat","embeddable":true,"href":"https:\/\/www.vapecigwholesale.com\/fr\/wp-json\/wp\/v2\/product_cat?post=1148"},{"taxonomy":"product_tag","embeddable":true,"href":"https:\/\/www.vapecigwholesale.com\/fr\/wp-json\/wp\/v2\/product_tag?post=1148"}],"curies":[{"name":"wp","href":"https:\/\/api.w.org\/{rel}","templated":true}]}}