{"id":1250,"date":"2024-11-18T12:11:02","date_gmt":"2024-11-18T04:11:02","guid":{"rendered":"https:\/\/www.vapecigwholesale.com\/?post_type=product&#038;p=1250"},"modified":"2025-02-19T14:20:24","modified_gmt":"2025-02-19T06:20:24","slug":"bang-king-30k-double-flavors-disposable-vape-free-shipping","status":"publish","type":"product","link":"https:\/\/www.vapecigwholesale.com\/fr\/product\/bang-king-30k-double-flavors-disposable-vape-free-shipping\/","title":{"rendered":"Bang king 30k Double Flavors Disposable Vape Free Shipping"},"content":{"rendered":"<p>Bang king 30k Double Flavors Disposable Vape est un dispositif de premier plan dans le monde des e-cigarettes, avec un nombre de bouff\u00e9es impressionnant qui d\u00e9passe la plupart des vapes jetables sur le march\u00e9. Cet appareil n'est pas seulement une question de quantit\u00e9, mais aussi de qualit\u00e9, garantissant que chaque bouff\u00e9e est aussi satisfaisante que la premi\u00e8re. Avec sa capacit\u00e9 substantielle de 36 ml d'e-liquide et la fonction innovante de changement de double saveur, cette vape offre polyvalence et commodit\u00e9 dans un ensemble \u00e9l\u00e9gant.<\/p>\n<p>La vape jetable Bang king 30k Double Flavors est aliment\u00e9e par une batterie rechargeable fiable de 550mAh, coupl\u00e9e \u00e0 un port Type-C pour une recharge rapide et efficace. L'\u00e9cran num\u00e9rique LCD de l'appareil vous informe \u00e0 la fois de l'autonomie de la batterie et des niveaux d'e-liquide, garantissant une exp\u00e9rience fluide et conviviale. Que vous pr\u00e9f\u00e9riez une concentration de nicotine de 2%, 3% ou 5%, le Bang King 30000 vous permet de personnaliser votre exp\u00e9rience de vapotage en fonction de vos besoins.<\/p>\n<h2>Bang king 30k Double Flavors D\u00e9tails :<\/h2>\n<ul>\n<li>Puffs : Jusqu'\u00e0 30000 bouff\u00e9es<\/li>\n<li>Liquide : 36 ml pr\u00e9-rempli<\/li>\n<li>Saveurs doubles<\/li>\n<li>Nicotine : 0% 2% 3% 5%<\/li>\n<li>Noyau : Bobine en maille 1.0 ohm<\/li>\n<li>Batterie : 550 mAh rechargeable type-c<\/li>\n<\/ul>\n<h2><strong>Bang 30000 Puffs Double saveurs disponibles :<\/strong><\/h2>\n<ol>\n<li>Glace \u00e0 la past\u00e8que et menthe \u00e0 la myrtille<\/li>\n<li>Glace \u00e0 la past\u00e8que, fraise et mangue<\/li>\n<li>Fraise Past\u00e8que &amp; Kiwi Fruit de la passion Goyave<\/li>\n<li>Glace \u00e0 la fraise, \u00e0 la past\u00e8que et au raisin<\/li>\n<li>Glace aux myrtilles et glace au dragon noir<\/li>\n<li>Glace aux myrtilles, fraises et bananes<\/li>\n<li>Red Bull et past\u00e8que \u00e0 la myrtille<\/li>\n<li>Red Bull et bonbons \u00e0 la past\u00e8que<\/li>\n<li>Myrtille Framboise &amp; P\u00eache Mangue Past\u00e8que<\/li>\n<li>Myrtille, framboise et m\u00e9lange de fruits moul\u00e9s<\/li>\n<li>Glace \u00e0 la fraise, au kiwi et \u00e0 la p\u00eache<\/li>\n<li>Fraise, kiwi et pomme acide, framboise<\/li>\n<\/ol>\n<h2><strong>Liste d'emballage :<\/strong><\/h2>\n<p>1pcs chaque petite bo\u00eete<br \/>\n10 pi\u00e8ces par bo\u00eete centrale<br \/>\n200pcs par carton<\/p>\n<p><img fetchpriority=\"high\" decoding=\"async\" class=\"alignnone wp-image-1236 size-full\" title=\"Bang king 30k Double Flavors Disposable Vape Free Shipping 7\" src=\"https:\/\/www.vapecigwholesale.com\/wp-content\/uploads\/2024\/11\/Bang-king-30k-Double-Flavors-Disposable-Vape-Free-Shipping-7.webp\" alt=\"Bang king 30k Double Flavors Disposable Vape Free Shipping 7\" width=\"800\" height=\"800\" srcset=\"https:\/\/www.vapecigwholesale.com\/wp-content\/uploads\/2024\/11\/Bang-king-30k-Double-Flavors-Disposable-Vape-Free-Shipping-7.webp 800w, https:\/\/www.vapecigwholesale.com\/wp-content\/uploads\/2024\/11\/Bang-king-30k-Double-Flavors-Disposable-Vape-Free-Shipping-7-300x300.webp 300w, https:\/\/www.vapecigwholesale.com\/wp-content\/uploads\/2024\/11\/Bang-king-30k-Double-Flavors-Disposable-Vape-Free-Shipping-7-150x150.webp 150w, https:\/\/www.vapecigwholesale.com\/wp-content\/uploads\/2024\/11\/Bang-king-30k-Double-Flavors-Disposable-Vape-Free-Shipping-7-768x768.webp 768w, https:\/\/www.vapecigwholesale.com\/wp-content\/uploads\/2024\/11\/Bang-king-30k-Double-Flavors-Disposable-Vape-Free-Shipping-7-12x12.webp 12w, https:\/\/www.vapecigwholesale.com\/wp-content\/uploads\/2024\/11\/Bang-king-30k-Double-Flavors-Disposable-Vape-Free-Shipping-7-575x575.webp 575w, https:\/\/www.vapecigwholesale.com\/wp-content\/uploads\/2024\/11\/Bang-king-30k-Double-Flavors-Disposable-Vape-Free-Shipping-7-380x380.webp 380w, https:\/\/www.vapecigwholesale.com\/wp-content\/uploads\/2024\/11\/Bang-king-30k-Double-Flavors-Disposable-Vape-Free-Shipping-7-50x50.webp 50w, https:\/\/www.vapecigwholesale.com\/wp-content\/uploads\/2024\/11\/Bang-king-30k-Double-Flavors-Disposable-Vape-Free-Shipping-7-26x26.webp 26w, https:\/\/www.vapecigwholesale.com\/wp-content\/uploads\/2024\/11\/Bang-king-30k-Double-Flavors-Disposable-Vape-Free-Shipping-7-420x420.webp 420w, https:\/\/www.vapecigwholesale.com\/wp-content\/uploads\/2024\/11\/Bang-king-30k-Double-Flavors-Disposable-Vape-Free-Shipping-7-100x100.webp 100w, https:\/\/www.vapecigwholesale.com\/wp-content\/uploads\/2024\/11\/Bang-king-30k-Double-Flavors-Disposable-Vape-Free-Shipping-7-80x80.webp 80w\" sizes=\"(max-width: 800px) 100vw, 800px\" \/><\/p>\n<p><img decoding=\"async\" class=\"wp-image-1231 size-full\" title=\"Bang king 30k Double Flavors Vape jetable Free Shipping 2\" src=\"https:\/\/www.vapecigwholesale.com\/wp-content\/uploads\/2024\/11\/Bang-king-30k-Double-Flavors-Disposable-Vape-Free-Shipping-2.webp\" alt=\"Bang king 30k Double Flavors Vape jetable Free Shipping 2\" width=\"800\" height=\"800\" srcset=\"https:\/\/www.vapecigwholesale.com\/wp-content\/uploads\/2024\/11\/Bang-king-30k-Double-Flavors-Disposable-Vape-Free-Shipping-2.webp 800w, https:\/\/www.vapecigwholesale.com\/wp-content\/uploads\/2024\/11\/Bang-king-30k-Double-Flavors-Disposable-Vape-Free-Shipping-2-300x300.webp 300w, https:\/\/www.vapecigwholesale.com\/wp-content\/uploads\/2024\/11\/Bang-king-30k-Double-Flavors-Disposable-Vape-Free-Shipping-2-150x150.webp 150w, https:\/\/www.vapecigwholesale.com\/wp-content\/uploads\/2024\/11\/Bang-king-30k-Double-Flavors-Disposable-Vape-Free-Shipping-2-768x768.webp 768w, https:\/\/www.vapecigwholesale.com\/wp-content\/uploads\/2024\/11\/Bang-king-30k-Double-Flavors-Disposable-Vape-Free-Shipping-2-12x12.webp 12w, https:\/\/www.vapecigwholesale.com\/wp-content\/uploads\/2024\/11\/Bang-king-30k-Double-Flavors-Disposable-Vape-Free-Shipping-2-575x575.webp 575w, https:\/\/www.vapecigwholesale.com\/wp-content\/uploads\/2024\/11\/Bang-king-30k-Double-Flavors-Disposable-Vape-Free-Shipping-2-380x380.webp 380w, https:\/\/www.vapecigwholesale.com\/wp-content\/uploads\/2024\/11\/Bang-king-30k-Double-Flavors-Disposable-Vape-Free-Shipping-2-50x50.webp 50w, https:\/\/www.vapecigwholesale.com\/wp-content\/uploads\/2024\/11\/Bang-king-30k-Double-Flavors-Disposable-Vape-Free-Shipping-2-26x26.webp 26w, https:\/\/www.vapecigwholesale.com\/wp-content\/uploads\/2024\/11\/Bang-king-30k-Double-Flavors-Disposable-Vape-Free-Shipping-2-420x420.webp 420w, https:\/\/www.vapecigwholesale.com\/wp-content\/uploads\/2024\/11\/Bang-king-30k-Double-Flavors-Disposable-Vape-Free-Shipping-2-100x100.webp 100w, https:\/\/www.vapecigwholesale.com\/wp-content\/uploads\/2024\/11\/Bang-king-30k-Double-Flavors-Disposable-Vape-Free-Shipping-2-80x80.webp 80w\" sizes=\"(max-width: 800px) 100vw, 800px\" \/><\/p>\n<p><img decoding=\"async\" class=\"wp-image-1237 size-full\" title=\"Bang king 30k Double Flavors Disposable Vape Free Shipping 8\" src=\"https:\/\/www.vapecigwholesale.com\/wp-content\/uploads\/2024\/11\/Bang-king-30k-Double-Flavors-Disposable-Vape-Free-Shipping-8.webp\" alt=\"Bang king 30k Double Flavors Disposable Vape Free Shipping 8\" width=\"800\" height=\"1747\" srcset=\"https:\/\/www.vapecigwholesale.com\/wp-content\/uploads\/2024\/11\/Bang-king-30k-Double-Flavors-Disposable-Vape-Free-Shipping-8.webp 800w, https:\/\/www.vapecigwholesale.com\/wp-content\/uploads\/2024\/11\/Bang-king-30k-Double-Flavors-Disposable-Vape-Free-Shipping-8-137x300.webp 137w, https:\/\/www.vapecigwholesale.com\/wp-content\/uploads\/2024\/11\/Bang-king-30k-Double-Flavors-Disposable-Vape-Free-Shipping-8-469x1024.webp 469w, https:\/\/www.vapecigwholesale.com\/wp-content\/uploads\/2024\/11\/Bang-king-30k-Double-Flavors-Disposable-Vape-Free-Shipping-8-768x1677.webp 768w, https:\/\/www.vapecigwholesale.com\/wp-content\/uploads\/2024\/11\/Bang-king-30k-Double-Flavors-Disposable-Vape-Free-Shipping-8-703x1536.webp 703w, https:\/\/www.vapecigwholesale.com\/wp-content\/uploads\/2024\/11\/Bang-king-30k-Double-Flavors-Disposable-Vape-Free-Shipping-8-5x12.webp 5w, https:\/\/www.vapecigwholesale.com\/wp-content\/uploads\/2024\/11\/Bang-king-30k-Double-Flavors-Disposable-Vape-Free-Shipping-8-575x1256.webp 575w, https:\/\/www.vapecigwholesale.com\/wp-content\/uploads\/2024\/11\/Bang-king-30k-Double-Flavors-Disposable-Vape-Free-Shipping-8-380x830.webp 380w, https:\/\/www.vapecigwholesale.com\/wp-content\/uploads\/2024\/11\/Bang-king-30k-Double-Flavors-Disposable-Vape-Free-Shipping-8-46x100.webp 46w\" sizes=\"(max-width: 800px) 100vw, 800px\" \/><\/p>","protected":false},"excerpt":{"rendered":"<p>Prix pour 1 pi\u00e8ce seulement Livraison gratuite<\/p>\n<p>(\u00a0<strong>0% 2% 3% 5% Nic<\/strong>)\u00a0 \u00a0 \u00a0<strong>D\u00e9lai d'exp\u00e9dition : 2 semaines<\/strong><\/p>","protected":false},"featured_media":1248,"comment_status":"open","ping_status":"closed","template":"","meta":{"om_disable_all_campaigns":false,"_monsterinsights_skip_tracking":false,"_monsterinsights_sitenote_active":false,"_monsterinsights_sitenote_note":"","_monsterinsights_sitenote_category":0},"product_brand":[],"product_cat":[15],"product_tag":[],"class_list":{"0":"post-1250","1":"product","2":"type-product","3":"status-publish","4":"has-post-thumbnail","6":"product_cat-disposable-vape","8":"first","9":"instock","10":"featured","11":"shipping-taxable","12":"purchasable","13":"product-type-variable","14":"has-default-attributes"},"aioseo_notices":[],"_links":{"self":[{"href":"https:\/\/www.vapecigwholesale.com\/fr\/wp-json\/wp\/v2\/product\/1250","targetHints":{"allow":["GET"]}}],"collection":[{"href":"https:\/\/www.vapecigwholesale.com\/fr\/wp-json\/wp\/v2\/product"}],"about":[{"href":"https:\/\/www.vapecigwholesale.com\/fr\/wp-json\/wp\/v2\/types\/product"}],"replies":[{"embeddable":true,"href":"https:\/\/www.vapecigwholesale.com\/fr\/wp-json\/wp\/v2\/comments?post=1250"}],"wp:featuredmedia":[{"embeddable":true,"href":"https:\/\/www.vapecigwholesale.com\/fr\/wp-json\/wp\/v2\/media\/1248"}],"wp:attachment":[{"href":"https:\/\/www.vapecigwholesale.com\/fr\/wp-json\/wp\/v2\/media?parent=1250"}],"wp:term":[{"taxonomy":"product_brand","embeddable":true,"href":"https:\/\/www.vapecigwholesale.com\/fr\/wp-json\/wp\/v2\/product_brand?post=1250"},{"taxonomy":"product_cat","embeddable":true,"href":"https:\/\/www.vapecigwholesale.com\/fr\/wp-json\/wp\/v2\/product_cat?post=1250"},{"taxonomy":"product_tag","embeddable":true,"href":"https:\/\/www.vapecigwholesale.com\/fr\/wp-json\/wp\/v2\/product_tag?post=1250"}],"curies":[{"name":"wp","href":"https:\/\/api.w.org\/{rel}","templated":true}]}}