{"id":1278,"date":"2024-11-18T14:18:13","date_gmt":"2024-11-18T06:18:13","guid":{"rendered":"https:\/\/www.vapecigwholesale.com\/?post_type=product&#038;p=1278"},"modified":"2025-04-13T01:05:57","modified_gmt":"2025-04-12T17:05:57","slug":"bang-box-30000-puffs-disposable-vape-free-shipping","status":"publish","type":"product","link":"https:\/\/www.vapecigwholesale.com\/fr\/product\/bang-box-30000-puffs-disposable-vape-free-shipping\/","title":{"rendered":"Bang Box 30000 Puffs Vape jetable Livraison gratuite"},"content":{"rendered":"<p>Bang Box 30000 Puffs Stylo \u00e0 Vape jetable rechargeable. Cet appareil innovant combine commodit\u00e9, style et caract\u00e9ristiques de haute performance, ce qui en fait un choix essentiel pour les vapoteurs occasionnels et chevronn\u00e9s. Le Bang Box 30000 est con\u00e7u pour ceux qui exigent ce qu'il y a de mieux.<\/p>\n<p>Bang Box 30000 Puffs avec sa remarquable capacit\u00e9 d'e-liquide de 35mL, ce stylo \u00e0 vape permet d'obtenir un nombre stup\u00e9fiant de 30 000 bouff\u00e9es, vous assurant de profiter de sessions prolong\u00e9es sans le tracas des recharges fr\u00e9quentes. La batterie rechargeable de 850mAh permet non seulement une utilisation longue dur\u00e9e, mais elle est \u00e9galement \u00e9quip\u00e9e d'un port de charge USB Type-C pour une recharge rapide et facile. Dites adieu aux temps morts et bonjour au plaisir de vaper en continu !<\/p>\n<h2><strong>Bang Box 30000 Puffs D\u00e9tails :<\/strong><\/h2>\n<ul>\n<li>Bouff\u00e9es:30000 bouff\u00e9es<\/li>\n<li>Batterie : 850mAh<\/li>\n<li>Capacit\u00e9 : 35ml<\/li>\n<li>Nicotine:0% 2% 3% 5%<\/li>\n<li>Bobine \u00e0 double maille<\/li>\n<li>\u00c9cran intelligent : indicateur d'e-juice\/de puissance<\/li>\n<li>12 saveurs disponibles<\/li>\n<\/ul>\n<h2><strong>Bang Box 30000 Puffs Saveurs disponibles :<\/strong><\/h2>\n<ol>\n<li>Glace aux myrtilles<\/li>\n<li>Pomme P\u00eache<\/li>\n<li>\u00c9clat noir<\/li>\n<li>Myrtille Grenade<\/li>\n<li>Glace \u00e0 la myrtille et \u00e0 la framboise<\/li>\n<li>\u00c9clat bleu<\/li>\n<li>Double raisin<\/li>\n<li>Fraise Kiwi<\/li>\n<li>Past\u00e8que \u00e0 la fraise<\/li>\n<li>Glace \u00e0 la past\u00e8que<\/li>\n<li>Fruit de la passion<\/li>\n<li>Jungle Juice<\/li>\n<\/ol>\n<h2><strong>Liste d'emballage :<\/strong><\/h2>\n<p>1pcs chaque petite bo\u00eete<br \/>\n10 pi\u00e8ces par bo\u00eete centrale<br \/>\n200pcs par carton<\/p>\n<p><img fetchpriority=\"high\" decoding=\"async\" class=\"wp-image-1263 size-full\" title=\"Bang Box 30000 Puffs Vape jetable Livraison gratuite 1\" src=\"https:\/\/www.vapecigwholesale.com\/wp-content\/uploads\/2024\/11\/Bang-Box-30000-Puffs-Disposable-Vape-Free-Shipping-1.webp\" alt=\"Bang Box 30000 Puffs Vape jetable Livraison gratuite 1\" width=\"800\" height=\"1314\" srcset=\"https:\/\/www.vapecigwholesale.com\/wp-content\/uploads\/2024\/11\/Bang-Box-30000-Puffs-Disposable-Vape-Free-Shipping-1.webp 800w, https:\/\/www.vapecigwholesale.com\/wp-content\/uploads\/2024\/11\/Bang-Box-30000-Puffs-Disposable-Vape-Free-Shipping-1-183x300.webp 183w, https:\/\/www.vapecigwholesale.com\/wp-content\/uploads\/2024\/11\/Bang-Box-30000-Puffs-Disposable-Vape-Free-Shipping-1-623x1024.webp 623w, https:\/\/www.vapecigwholesale.com\/wp-content\/uploads\/2024\/11\/Bang-Box-30000-Puffs-Disposable-Vape-Free-Shipping-1-768x1261.webp 768w, https:\/\/www.vapecigwholesale.com\/wp-content\/uploads\/2024\/11\/Bang-Box-30000-Puffs-Disposable-Vape-Free-Shipping-1-7x12.webp 7w, https:\/\/www.vapecigwholesale.com\/wp-content\/uploads\/2024\/11\/Bang-Box-30000-Puffs-Disposable-Vape-Free-Shipping-1-575x944.webp 575w, https:\/\/www.vapecigwholesale.com\/wp-content\/uploads\/2024\/11\/Bang-Box-30000-Puffs-Disposable-Vape-Free-Shipping-1-380x624.webp 380w, https:\/\/www.vapecigwholesale.com\/wp-content\/uploads\/2024\/11\/Bang-Box-30000-Puffs-Disposable-Vape-Free-Shipping-1-61x100.webp 61w\" sizes=\"(max-width: 800px) 100vw, 800px\" \/><\/p>\n<p><img decoding=\"async\" class=\"wp-image-1265 size-full\" title=\"Bang Box 30000 Puffs Vape jetable Free Shipping 3\" src=\"https:\/\/www.vapecigwholesale.com\/wp-content\/uploads\/2024\/11\/Bang-Box-30000-Puffs-Disposable-Vape-Free-Shipping-3.webp\" alt=\"Bang Box 30000 Puffs Vape jetable Free Shipping 3\" width=\"800\" height=\"800\" srcset=\"https:\/\/www.vapecigwholesale.com\/wp-content\/uploads\/2024\/11\/Bang-Box-30000-Puffs-Disposable-Vape-Free-Shipping-3.webp 800w, https:\/\/www.vapecigwholesale.com\/wp-content\/uploads\/2024\/11\/Bang-Box-30000-Puffs-Disposable-Vape-Free-Shipping-3-300x300.webp 300w, https:\/\/www.vapecigwholesale.com\/wp-content\/uploads\/2024\/11\/Bang-Box-30000-Puffs-Disposable-Vape-Free-Shipping-3-150x150.webp 150w, https:\/\/www.vapecigwholesale.com\/wp-content\/uploads\/2024\/11\/Bang-Box-30000-Puffs-Disposable-Vape-Free-Shipping-3-768x768.webp 768w, https:\/\/www.vapecigwholesale.com\/wp-content\/uploads\/2024\/11\/Bang-Box-30000-Puffs-Disposable-Vape-Free-Shipping-3-12x12.webp 12w, https:\/\/www.vapecigwholesale.com\/wp-content\/uploads\/2024\/11\/Bang-Box-30000-Puffs-Disposable-Vape-Free-Shipping-3-575x575.webp 575w, https:\/\/www.vapecigwholesale.com\/wp-content\/uploads\/2024\/11\/Bang-Box-30000-Puffs-Disposable-Vape-Free-Shipping-3-380x380.webp 380w, https:\/\/www.vapecigwholesale.com\/wp-content\/uploads\/2024\/11\/Bang-Box-30000-Puffs-Disposable-Vape-Free-Shipping-3-50x50.webp 50w, https:\/\/www.vapecigwholesale.com\/wp-content\/uploads\/2024\/11\/Bang-Box-30000-Puffs-Disposable-Vape-Free-Shipping-3-26x26.webp 26w, https:\/\/www.vapecigwholesale.com\/wp-content\/uploads\/2024\/11\/Bang-Box-30000-Puffs-Disposable-Vape-Free-Shipping-3-420x420.webp 420w, https:\/\/www.vapecigwholesale.com\/wp-content\/uploads\/2024\/11\/Bang-Box-30000-Puffs-Disposable-Vape-Free-Shipping-3-100x100.webp 100w, https:\/\/www.vapecigwholesale.com\/wp-content\/uploads\/2024\/11\/Bang-Box-30000-Puffs-Disposable-Vape-Free-Shipping-3-80x80.webp 80w\" sizes=\"(max-width: 800px) 100vw, 800px\" \/><\/p>","protected":false},"excerpt":{"rendered":"<p>Prix pour 1 pi\u00e8ce seulement Livraison gratuite<\/p>\n<p>(\u00a0<strong>0% 2% 3% 5% Nic<\/strong>)\u00a0 \u00a0 \u00a0<strong>D\u00e9lai d'exp\u00e9dition : 2 semaines<\/strong><\/p>","protected":false},"featured_media":1271,"comment_status":"open","ping_status":"closed","template":"","meta":{"om_disable_all_campaigns":false,"_monsterinsights_skip_tracking":false,"_monsterinsights_sitenote_active":false,"_monsterinsights_sitenote_note":"","_monsterinsights_sitenote_category":0},"product_brand":[],"product_cat":[15],"product_tag":[],"class_list":{"0":"post-1278","1":"product","2":"type-product","3":"status-publish","4":"has-post-thumbnail","6":"product_cat-disposable-vape","8":"first","9":"instock","10":"featured","11":"shipping-taxable","12":"purchasable","13":"product-type-variable","14":"has-default-attributes"},"aioseo_notices":[],"_links":{"self":[{"href":"https:\/\/www.vapecigwholesale.com\/fr\/wp-json\/wp\/v2\/product\/1278","targetHints":{"allow":["GET"]}}],"collection":[{"href":"https:\/\/www.vapecigwholesale.com\/fr\/wp-json\/wp\/v2\/product"}],"about":[{"href":"https:\/\/www.vapecigwholesale.com\/fr\/wp-json\/wp\/v2\/types\/product"}],"replies":[{"embeddable":true,"href":"https:\/\/www.vapecigwholesale.com\/fr\/wp-json\/wp\/v2\/comments?post=1278"}],"wp:featuredmedia":[{"embeddable":true,"href":"https:\/\/www.vapecigwholesale.com\/fr\/wp-json\/wp\/v2\/media\/1271"}],"wp:attachment":[{"href":"https:\/\/www.vapecigwholesale.com\/fr\/wp-json\/wp\/v2\/media?parent=1278"}],"wp:term":[{"taxonomy":"product_brand","embeddable":true,"href":"https:\/\/www.vapecigwholesale.com\/fr\/wp-json\/wp\/v2\/product_brand?post=1278"},{"taxonomy":"product_cat","embeddable":true,"href":"https:\/\/www.vapecigwholesale.com\/fr\/wp-json\/wp\/v2\/product_cat?post=1278"},{"taxonomy":"product_tag","embeddable":true,"href":"https:\/\/www.vapecigwholesale.com\/fr\/wp-json\/wp\/v2\/product_tag?post=1278"}],"curies":[{"name":"wp","href":"https:\/\/api.w.org\/{rel}","templated":true}]}}