{"id":1370,"date":"2024-11-25T11:57:43","date_gmt":"2024-11-25T03:57:43","guid":{"rendered":"https:\/\/www.vapecigwholesale.com\/?post_type=product&#038;p=1370"},"modified":"2025-02-19T14:15:07","modified_gmt":"2025-02-19T06:15:07","slug":"bang-kingdoms-rex-32k-dual-flavors-disposable-vape-free-shipping","status":"publish","type":"product","link":"https:\/\/www.vapecigwholesale.com\/fr\/product\/bang-kingdoms-rex-32k-dual-flavors-disposable-vape-free-shipping\/","title":{"rendered":"Bang Kingdoms Rex 32K Dual Flavors Disposable Vape Livraison gratuite"},"content":{"rendered":"<p>Bang Kingdoms Rex 32K Dual Flavors est un nouveau produit \u00e0 double saveur. Vous n'avez qu'\u00e0 acheter un seul produit pour profiter de deux saveurs diff\u00e9rentes, en utilisant l'embout du produit pour le d\u00e9placer de gauche \u00e0 droite afin de changer de saveur. Il est beaucoup plus pratique de changer d'ar\u00f4me que l'ancienne rotation \u00e0 360 degr\u00e9s.<\/p>\n<p>Bang Kingdoms Rex 32K Dual Flavors Equip\u00e9 d'une batterie de 650mAh avec un port de chargement typc-c, vous avez le choix entre 12 saveurs. Passez d'un ar\u00f4me \u00e0 l'autre sans effort, pour une exp\u00e9rience de vapotage polyvalente et agr\u00e9able. Dual Mesh Design Il augmente la production de vapeur et rehausse les saveurs, offrant aux amateurs d'e-cigarette une exp\u00e9rience plus satisfaisante et plus agr\u00e9able.<\/p>\n<p>Bang Kingdoms Rex 32K taille compacte, peut \u00eatre transport\u00e9, hors du voyage peut \u00eatre utilis\u00e9, le produit porte deux r\u00e9servoirs d'huile diff\u00e9rents, respectivement, la capacit\u00e9 de 26 ml, pour les utilisateurs moyens de e-cigarette peut \u00eatre utilis\u00e9 pendant environ une semaine d'utilisation continue, c'est un produit rentable, nous sommes actuellement en vente, les acheteurs int\u00e9ress\u00e9s peuvent \u00eatre achet\u00e9s directement sur notre site Web, la quantit\u00e9 minimale de commande ! La quantit\u00e9 minimale de commande est de 10 pi\u00e8ces, livraison gratuite en Europe.<\/p>\n<h2><strong>Bang Kingdoms Rex 32K Dual Flavors D\u00e9tails\uff1a<\/strong><\/h2>\n<ul>\n<li>Nicotine : 2% 3% 5%<\/li>\n<li>Capacit\u00e9 : 26ml+26ml<\/li>\n<li>Puffs:32000<\/li>\n<li>Deux gousses<\/li>\n<li>12 saveurs disponibles<\/li>\n<li>650mah Rechargeable<\/li>\n<li>Bobine \u00e0 double maille<\/li>\n<\/ul>\n<h2><strong>Bang Kingdoms Rex 32K Saveurs Disponibles\uff1a<\/strong><\/h2>\n<ol>\n<li>Glace aux myrtilles et glace au dragon noir<\/li>\n<li>Glace aux myrtilles, fraises et bananes<\/li>\n<li>Myrtille Framboise &amp; P\u00eache Mangue Past\u00e8que<\/li>\n<li>Past\u00e8que \u00e0 la myrtille et mangue \u00e0 la fraise<\/li>\n<li>Red Bull et past\u00e8que \u00e0 la myrtille<\/li>\n<li>Red Bull &amp; Watermelon Bubble Gandy<\/li>\n<li>Glace \u00e0 la fraise, \u00e0 la past\u00e8que et au raisin<\/li>\n<li>Glace \u00e0 la fraise, au kiwi et \u00e0 la p\u00eache<\/li>\n<li>Fraise, kiwi et pomme acide, framboise<\/li>\n<li>Past\u00e8que et kiwi Fruit de la passion Goyave<\/li>\n<li>Glace \u00e0 la past\u00e8que et menthe \u00e0 la myrtille<\/li>\n<li>Glace \u00e0 la past\u00e8que, fraise et mongo<\/li>\n<\/ol>\n<h2><strong>Liste d'emballage :<\/strong><\/h2>\n<p>1pcs chaque petite bo\u00eete<br \/>\n10 pi\u00e8ces par bo\u00eete centrale<br \/>\n200pcs par carton<\/p>\n<figure id=\"attachment_1371\" aria-describedby=\"caption-attachment-1371\" style=\"width: 800px\" class=\"wp-caption alignnone\"><img fetchpriority=\"high\" decoding=\"async\" class=\"wp-image-1371 size-full\" title=\"Bang Kingdoms Rex 32K Dual Flavors Vape jetable Free Shipping 4\" src=\"https:\/\/www.vapecigwholesale.com\/wp-content\/uploads\/2024\/11\/Bang-Kingdoms-Rex-32K-Dual-Flavors-Disposable-Vape-Free-Shipping-4.webp\" alt=\"Bang Kingdoms Rex 32K Dual Flavors Vape jetable Free Shipping 4\" width=\"800\" height=\"800\" srcset=\"https:\/\/www.vapecigwholesale.com\/wp-content\/uploads\/2024\/11\/Bang-Kingdoms-Rex-32K-Dual-Flavors-Disposable-Vape-Free-Shipping-4.webp 800w, https:\/\/www.vapecigwholesale.com\/wp-content\/uploads\/2024\/11\/Bang-Kingdoms-Rex-32K-Dual-Flavors-Disposable-Vape-Free-Shipping-4-300x300.webp 300w, https:\/\/www.vapecigwholesale.com\/wp-content\/uploads\/2024\/11\/Bang-Kingdoms-Rex-32K-Dual-Flavors-Disposable-Vape-Free-Shipping-4-150x150.webp 150w, https:\/\/www.vapecigwholesale.com\/wp-content\/uploads\/2024\/11\/Bang-Kingdoms-Rex-32K-Dual-Flavors-Disposable-Vape-Free-Shipping-4-768x768.webp 768w, https:\/\/www.vapecigwholesale.com\/wp-content\/uploads\/2024\/11\/Bang-Kingdoms-Rex-32K-Dual-Flavors-Disposable-Vape-Free-Shipping-4-12x12.webp 12w, https:\/\/www.vapecigwholesale.com\/wp-content\/uploads\/2024\/11\/Bang-Kingdoms-Rex-32K-Dual-Flavors-Disposable-Vape-Free-Shipping-4-575x575.webp 575w, https:\/\/www.vapecigwholesale.com\/wp-content\/uploads\/2024\/11\/Bang-Kingdoms-Rex-32K-Dual-Flavors-Disposable-Vape-Free-Shipping-4-380x380.webp 380w, https:\/\/www.vapecigwholesale.com\/wp-content\/uploads\/2024\/11\/Bang-Kingdoms-Rex-32K-Dual-Flavors-Disposable-Vape-Free-Shipping-4-50x50.webp 50w, https:\/\/www.vapecigwholesale.com\/wp-content\/uploads\/2024\/11\/Bang-Kingdoms-Rex-32K-Dual-Flavors-Disposable-Vape-Free-Shipping-4-26x26.webp 26w, https:\/\/www.vapecigwholesale.com\/wp-content\/uploads\/2024\/11\/Bang-Kingdoms-Rex-32K-Dual-Flavors-Disposable-Vape-Free-Shipping-4-420x420.webp 420w, https:\/\/www.vapecigwholesale.com\/wp-content\/uploads\/2024\/11\/Bang-Kingdoms-Rex-32K-Dual-Flavors-Disposable-Vape-Free-Shipping-4-100x100.webp 100w, https:\/\/www.vapecigwholesale.com\/wp-content\/uploads\/2024\/11\/Bang-Kingdoms-Rex-32K-Dual-Flavors-Disposable-Vape-Free-Shipping-4-80x80.webp 80w\" sizes=\"(max-width: 800px) 100vw, 800px\" \/><figcaption id=\"caption-attachment-1371\" class=\"wp-caption-text\">Bang Kingdoms Rex 32K Dual Flavors (en anglais)<\/figcaption><\/figure>\n<p><img decoding=\"async\" class=\"alignnone wp-image-1357 size-full\" title=\"Bang Kingdoms Rex 32K Dual Flavors Vape jetable Free Shipping 3\" src=\"https:\/\/www.vapecigwholesale.com\/wp-content\/uploads\/2024\/11\/Bang-Kingdoms-Rex-32K-Dual-Flavors-Disposable-Vape-Free-Shipping-3.webp\" alt=\"Bang Kingdoms Rex 32K Dual Flavors Vape jetable Free Shipping 3\" width=\"800\" height=\"450\" srcset=\"https:\/\/www.vapecigwholesale.com\/wp-content\/uploads\/2024\/11\/Bang-Kingdoms-Rex-32K-Dual-Flavors-Disposable-Vape-Free-Shipping-3.webp 800w, https:\/\/www.vapecigwholesale.com\/wp-content\/uploads\/2024\/11\/Bang-Kingdoms-Rex-32K-Dual-Flavors-Disposable-Vape-Free-Shipping-3-300x169.webp 300w, https:\/\/www.vapecigwholesale.com\/wp-content\/uploads\/2024\/11\/Bang-Kingdoms-Rex-32K-Dual-Flavors-Disposable-Vape-Free-Shipping-3-768x432.webp 768w, https:\/\/www.vapecigwholesale.com\/wp-content\/uploads\/2024\/11\/Bang-Kingdoms-Rex-32K-Dual-Flavors-Disposable-Vape-Free-Shipping-3-18x10.webp 18w, https:\/\/www.vapecigwholesale.com\/wp-content\/uploads\/2024\/11\/Bang-Kingdoms-Rex-32K-Dual-Flavors-Disposable-Vape-Free-Shipping-3-575x323.webp 575w, https:\/\/www.vapecigwholesale.com\/wp-content\/uploads\/2024\/11\/Bang-Kingdoms-Rex-32K-Dual-Flavors-Disposable-Vape-Free-Shipping-3-380x214.webp 380w, https:\/\/www.vapecigwholesale.com\/wp-content\/uploads\/2024\/11\/Bang-Kingdoms-Rex-32K-Dual-Flavors-Disposable-Vape-Free-Shipping-3-80x45.webp 80w\" sizes=\"(max-width: 800px) 100vw, 800px\" \/><\/p>\n<p>&nbsp;<\/p>","protected":false},"excerpt":{"rendered":"<p>Prix pour 1 pi\u00e8ce seulement Livraison gratuite<\/p>\n<p>( <strong>\u00a02% 3% 5% Nic<\/strong>)\u00a0 \u00a0 \u00a0<strong>D\u00e9lai d'exp\u00e9dition : 2 semaines<\/strong><\/p>","protected":false},"featured_media":1365,"comment_status":"open","ping_status":"closed","template":"","meta":{"om_disable_all_campaigns":false,"_monsterinsights_skip_tracking":false,"_monsterinsights_sitenote_active":false,"_monsterinsights_sitenote_note":"","_monsterinsights_sitenote_category":0},"product_brand":[],"product_cat":[15],"product_tag":[],"class_list":{"0":"post-1370","1":"product","2":"type-product","3":"status-publish","4":"has-post-thumbnail","6":"product_cat-disposable-vape","8":"first","9":"instock","10":"shipping-taxable","11":"purchasable","12":"product-type-variable","13":"has-default-attributes"},"aioseo_notices":[],"_links":{"self":[{"href":"https:\/\/www.vapecigwholesale.com\/fr\/wp-json\/wp\/v2\/product\/1370","targetHints":{"allow":["GET"]}}],"collection":[{"href":"https:\/\/www.vapecigwholesale.com\/fr\/wp-json\/wp\/v2\/product"}],"about":[{"href":"https:\/\/www.vapecigwholesale.com\/fr\/wp-json\/wp\/v2\/types\/product"}],"replies":[{"embeddable":true,"href":"https:\/\/www.vapecigwholesale.com\/fr\/wp-json\/wp\/v2\/comments?post=1370"}],"wp:featuredmedia":[{"embeddable":true,"href":"https:\/\/www.vapecigwholesale.com\/fr\/wp-json\/wp\/v2\/media\/1365"}],"wp:attachment":[{"href":"https:\/\/www.vapecigwholesale.com\/fr\/wp-json\/wp\/v2\/media?parent=1370"}],"wp:term":[{"taxonomy":"product_brand","embeddable":true,"href":"https:\/\/www.vapecigwholesale.com\/fr\/wp-json\/wp\/v2\/product_brand?post=1370"},{"taxonomy":"product_cat","embeddable":true,"href":"https:\/\/www.vapecigwholesale.com\/fr\/wp-json\/wp\/v2\/product_cat?post=1370"},{"taxonomy":"product_tag","embeddable":true,"href":"https:\/\/www.vapecigwholesale.com\/fr\/wp-json\/wp\/v2\/product_tag?post=1370"}],"curies":[{"name":"wp","href":"https:\/\/api.w.org\/{rel}","templated":true}]}}