{"id":1399,"date":"2024-11-26T14:19:08","date_gmt":"2024-11-26T06:19:08","guid":{"rendered":"https:\/\/www.vapecigwholesale.com\/?post_type=product&#038;p=1399"},"modified":"2025-02-19T14:13:00","modified_gmt":"2025-02-19T06:13:00","slug":"zooy-power-28000-puffs-disposbale-vape-free-shipping","status":"publish","type":"product","link":"https:\/\/www.vapecigwholesale.com\/fr\/product\/zooy-power-28000-puffs-disposbale-vape-free-shipping\/","title":{"rendered":"ZOOY Power 28000 bouff\u00e9es Vape \u00e0 usage unique Livraison gratuite"},"content":{"rendered":"<p>ZOOY Power 28000 Puffs Disposbale Vape est un appareil r\u00e9volutionnaire con\u00e7u pour les fumeurs exigeants. Il est dot\u00e9 d'un \u00e9cran d'affichage intelligent int\u00e9gr\u00e9 qui pr\u00e9sente les informations essentielles de mani\u00e8re claire. Gr\u00e2ce \u00e0 la technologie de recharge rapide TYPE-C, vous passerez moins de temps \u00e0 attendre et plus de temps \u00e0 vaper. L'\u00e9cran tactile de contr\u00f4le de l'alimentation et la fonction de commutation libre offrent un fonctionnement sans effort. Mais le v\u00e9ritable charme r\u00e9side dans ses r\u00e9glages ajustables. Vous pouvez personnaliser l'exp\u00e9rience de vapotage en fonction de vos pr\u00e9f\u00e9rences, que vous souhaitiez un hit plus fort ou un tirage plus doux. Il ne s'agit pas d'une simple e-cigarette, mais d'un compagnon de vapotage personnalis\u00e9 qui apporte commodit\u00e9 et satisfaction \u00e0 chaque bouff\u00e9e.<\/p>\n<p>La Cigarette \u00e9lectronique jetable ZOOY Power 28000 bouff\u00e9es, un gadget con\u00e7u pour repousser les limites de la technologie de vapotage jetable, vous permet de commencer votre incroyable aventure de vapotage. Avec une robuste batterie rechargeable Type-C de 6500mAh et un incroyable e-liquide pr\u00e9-charg\u00e9 de 32mL, cette e-cigarette fournit un nombre in\u00e9gal\u00e9 de 28 000 bouff\u00e9es pour un usage prolong\u00e9 et agr\u00e9able. Nos produits sont vendus au d\u00e9tail, la quantit\u00e9 minimale de commande est de 10 pi\u00e8ces, la livraison est gratuite dans les principaux pays europ\u00e9ens.<\/p>\n<h2><strong>ZOOY Power 28000 Puffs D\u00e9tails\uff1a<\/strong><\/h2>\n<ul>\n<li>Pression d'air r\u00e9glable<\/li>\n<li>Concentration de nicotine : 2% 5%<\/li>\n<li>Temps de charge compl\u00e8te : deux heures<\/li>\n<li>Mod. m\u00e9canique Non m\u00e9canique<\/li>\n<li>Puissance variable : Puissance non variable<\/li>\n<li>Capacit\u00e9 : 34ml<\/li>\n<li>Port de charge : type-c<\/li>\n<li>Noyau : Bobine de maille 1,0 \u03a9 + 1,0 \u03a9<\/li>\n<li>\u00c9cran anim\u00e9<\/li>\n<\/ul>\n<h2><strong>ZOOY Power 28000 Puffs Saveurs disponibles :<\/strong><\/h2>\n<ol>\n<li>Mangue mexicaine<\/li>\n<li>Myrtille Framboise<\/li>\n<li>Myrtille<\/li>\n<li>Cr\u00e8me glac\u00e9e \u00e0 la vanille<\/li>\n<li>Glace de raisin<\/li>\n<li>M\u00e9lange de fruits<\/li>\n<li>Fruit de la passion<\/li>\n<li>Punch aux fraises<\/li>\n<li>Glace \u00e0 la past\u00e8que<\/li>\n<li>Fraise Kiwi<\/li>\n<\/ol>\n<h2><strong>Liste d'emballage :<\/strong><\/h2>\n<p>1pcs chaque petite bo\u00eete<br \/>\n10 pi\u00e8ces par bo\u00eete centrale<br \/>\n200pcs par carton<\/p>\n<p><img fetchpriority=\"high\" decoding=\"async\" class=\"wp-image-1385 size-full\" title=\"ZOOY Power 28000 bouff\u00e9es Vape jetable Livraison gratuite 2\" src=\"https:\/\/www.vapecigwholesale.com\/wp-content\/uploads\/2024\/11\/ZOOY-Power-28000-Puffs-Disposbale-Vape-Free-Shipping-2.webp\" alt=\"ZOOY Power 28000 bouff\u00e9es Vape jetable Livraison gratuite 2\" width=\"800\" height=\"800\" srcset=\"https:\/\/www.vapecigwholesale.com\/wp-content\/uploads\/2024\/11\/ZOOY-Power-28000-Puffs-Disposbale-Vape-Free-Shipping-2.webp 800w, https:\/\/www.vapecigwholesale.com\/wp-content\/uploads\/2024\/11\/ZOOY-Power-28000-Puffs-Disposbale-Vape-Free-Shipping-2-300x300.webp 300w, https:\/\/www.vapecigwholesale.com\/wp-content\/uploads\/2024\/11\/ZOOY-Power-28000-Puffs-Disposbale-Vape-Free-Shipping-2-150x150.webp 150w, https:\/\/www.vapecigwholesale.com\/wp-content\/uploads\/2024\/11\/ZOOY-Power-28000-Puffs-Disposbale-Vape-Free-Shipping-2-768x768.webp 768w, https:\/\/www.vapecigwholesale.com\/wp-content\/uploads\/2024\/11\/ZOOY-Power-28000-Puffs-Disposbale-Vape-Free-Shipping-2-12x12.webp 12w, https:\/\/www.vapecigwholesale.com\/wp-content\/uploads\/2024\/11\/ZOOY-Power-28000-Puffs-Disposbale-Vape-Free-Shipping-2-575x575.webp 575w, https:\/\/www.vapecigwholesale.com\/wp-content\/uploads\/2024\/11\/ZOOY-Power-28000-Puffs-Disposbale-Vape-Free-Shipping-2-380x380.webp 380w, https:\/\/www.vapecigwholesale.com\/wp-content\/uploads\/2024\/11\/ZOOY-Power-28000-Puffs-Disposbale-Vape-Free-Shipping-2-50x50.webp 50w, https:\/\/www.vapecigwholesale.com\/wp-content\/uploads\/2024\/11\/ZOOY-Power-28000-Puffs-Disposbale-Vape-Free-Shipping-2-26x26.webp 26w, https:\/\/www.vapecigwholesale.com\/wp-content\/uploads\/2024\/11\/ZOOY-Power-28000-Puffs-Disposbale-Vape-Free-Shipping-2-420x420.webp 420w, https:\/\/www.vapecigwholesale.com\/wp-content\/uploads\/2024\/11\/ZOOY-Power-28000-Puffs-Disposbale-Vape-Free-Shipping-2-100x100.webp 100w, https:\/\/www.vapecigwholesale.com\/wp-content\/uploads\/2024\/11\/ZOOY-Power-28000-Puffs-Disposbale-Vape-Free-Shipping-2-80x80.webp 80w\" sizes=\"(max-width: 800px) 100vw, 800px\" \/><\/p>\n<p><img decoding=\"async\" class=\"wp-image-1384 size-full\" title=\"ZOOY Power 28000 bouff\u00e9es Vape jetable Livraison gratuite 1\" src=\"https:\/\/www.vapecigwholesale.com\/wp-content\/uploads\/2024\/11\/ZOOY-Power-28000-Puffs-Disposbale-Vape-Free-Shipping-1.webp\" alt=\"ZOOY Power 28000 bouff\u00e9es Vape jetable Livraison gratuite 1\" width=\"800\" height=\"800\" srcset=\"https:\/\/www.vapecigwholesale.com\/wp-content\/uploads\/2024\/11\/ZOOY-Power-28000-Puffs-Disposbale-Vape-Free-Shipping-1.webp 800w, https:\/\/www.vapecigwholesale.com\/wp-content\/uploads\/2024\/11\/ZOOY-Power-28000-Puffs-Disposbale-Vape-Free-Shipping-1-300x300.webp 300w, https:\/\/www.vapecigwholesale.com\/wp-content\/uploads\/2024\/11\/ZOOY-Power-28000-Puffs-Disposbale-Vape-Free-Shipping-1-150x150.webp 150w, https:\/\/www.vapecigwholesale.com\/wp-content\/uploads\/2024\/11\/ZOOY-Power-28000-Puffs-Disposbale-Vape-Free-Shipping-1-768x768.webp 768w, https:\/\/www.vapecigwholesale.com\/wp-content\/uploads\/2024\/11\/ZOOY-Power-28000-Puffs-Disposbale-Vape-Free-Shipping-1-12x12.webp 12w, https:\/\/www.vapecigwholesale.com\/wp-content\/uploads\/2024\/11\/ZOOY-Power-28000-Puffs-Disposbale-Vape-Free-Shipping-1-575x575.webp 575w, https:\/\/www.vapecigwholesale.com\/wp-content\/uploads\/2024\/11\/ZOOY-Power-28000-Puffs-Disposbale-Vape-Free-Shipping-1-380x380.webp 380w, https:\/\/www.vapecigwholesale.com\/wp-content\/uploads\/2024\/11\/ZOOY-Power-28000-Puffs-Disposbale-Vape-Free-Shipping-1-50x50.webp 50w, https:\/\/www.vapecigwholesale.com\/wp-content\/uploads\/2024\/11\/ZOOY-Power-28000-Puffs-Disposbale-Vape-Free-Shipping-1-26x26.webp 26w, https:\/\/www.vapecigwholesale.com\/wp-content\/uploads\/2024\/11\/ZOOY-Power-28000-Puffs-Disposbale-Vape-Free-Shipping-1-420x420.webp 420w, https:\/\/www.vapecigwholesale.com\/wp-content\/uploads\/2024\/11\/ZOOY-Power-28000-Puffs-Disposbale-Vape-Free-Shipping-1-100x100.webp 100w, https:\/\/www.vapecigwholesale.com\/wp-content\/uploads\/2024\/11\/ZOOY-Power-28000-Puffs-Disposbale-Vape-Free-Shipping-1-80x80.webp 80w\" sizes=\"(max-width: 800px) 100vw, 800px\" \/><\/p>\n<p><img decoding=\"async\" class=\"wp-image-1386 size-full\" title=\"ZOOY Power 28000 bouff\u00e9es Vape \u00e0 usage unique Livraison gratuite 3\" src=\"https:\/\/www.vapecigwholesale.com\/wp-content\/uploads\/2024\/11\/ZOOY-Power-28000-Puffs-Disposbale-Vape-Free-Shipping-3.webp\" alt=\"ZOOY Power 28000 bouff\u00e9es Vape \u00e0 usage unique Livraison gratuite 3\" width=\"800\" height=\"800\" srcset=\"https:\/\/www.vapecigwholesale.com\/wp-content\/uploads\/2024\/11\/ZOOY-Power-28000-Puffs-Disposbale-Vape-Free-Shipping-3.webp 800w, https:\/\/www.vapecigwholesale.com\/wp-content\/uploads\/2024\/11\/ZOOY-Power-28000-Puffs-Disposbale-Vape-Free-Shipping-3-300x300.webp 300w, https:\/\/www.vapecigwholesale.com\/wp-content\/uploads\/2024\/11\/ZOOY-Power-28000-Puffs-Disposbale-Vape-Free-Shipping-3-150x150.webp 150w, https:\/\/www.vapecigwholesale.com\/wp-content\/uploads\/2024\/11\/ZOOY-Power-28000-Puffs-Disposbale-Vape-Free-Shipping-3-768x768.webp 768w, https:\/\/www.vapecigwholesale.com\/wp-content\/uploads\/2024\/11\/ZOOY-Power-28000-Puffs-Disposbale-Vape-Free-Shipping-3-12x12.webp 12w, https:\/\/www.vapecigwholesale.com\/wp-content\/uploads\/2024\/11\/ZOOY-Power-28000-Puffs-Disposbale-Vape-Free-Shipping-3-575x575.webp 575w, https:\/\/www.vapecigwholesale.com\/wp-content\/uploads\/2024\/11\/ZOOY-Power-28000-Puffs-Disposbale-Vape-Free-Shipping-3-380x380.webp 380w, https:\/\/www.vapecigwholesale.com\/wp-content\/uploads\/2024\/11\/ZOOY-Power-28000-Puffs-Disposbale-Vape-Free-Shipping-3-50x50.webp 50w, https:\/\/www.vapecigwholesale.com\/wp-content\/uploads\/2024\/11\/ZOOY-Power-28000-Puffs-Disposbale-Vape-Free-Shipping-3-26x26.webp 26w, https:\/\/www.vapecigwholesale.com\/wp-content\/uploads\/2024\/11\/ZOOY-Power-28000-Puffs-Disposbale-Vape-Free-Shipping-3-420x420.webp 420w, https:\/\/www.vapecigwholesale.com\/wp-content\/uploads\/2024\/11\/ZOOY-Power-28000-Puffs-Disposbale-Vape-Free-Shipping-3-100x100.webp 100w, https:\/\/www.vapecigwholesale.com\/wp-content\/uploads\/2024\/11\/ZOOY-Power-28000-Puffs-Disposbale-Vape-Free-Shipping-3-80x80.webp 80w\" sizes=\"(max-width: 800px) 100vw, 800px\" \/><\/p>\n<p>&nbsp;<\/p>","protected":false},"excerpt":{"rendered":"<p>Prix pour 1 pi\u00e8ce seulement Livraison gratuite<\/p>\n<p>( <strong>2% 5% Nic<\/strong>) D\u00e9lai d'exp\u00e9dition : 2 semaines<\/p>","protected":false},"featured_media":1388,"comment_status":"open","ping_status":"closed","template":"","meta":{"om_disable_all_campaigns":false,"_monsterinsights_skip_tracking":false,"_monsterinsights_sitenote_active":false,"_monsterinsights_sitenote_note":"","_monsterinsights_sitenote_category":0},"product_brand":[],"product_cat":[15],"product_tag":[],"class_list":{"0":"post-1399","1":"product","2":"type-product","3":"status-publish","4":"has-post-thumbnail","6":"product_cat-disposable-vape","8":"first","9":"instock","10":"shipping-taxable","11":"purchasable","12":"product-type-variable","13":"has-default-attributes"},"aioseo_notices":[],"_links":{"self":[{"href":"https:\/\/www.vapecigwholesale.com\/fr\/wp-json\/wp\/v2\/product\/1399","targetHints":{"allow":["GET"]}}],"collection":[{"href":"https:\/\/www.vapecigwholesale.com\/fr\/wp-json\/wp\/v2\/product"}],"about":[{"href":"https:\/\/www.vapecigwholesale.com\/fr\/wp-json\/wp\/v2\/types\/product"}],"replies":[{"embeddable":true,"href":"https:\/\/www.vapecigwholesale.com\/fr\/wp-json\/wp\/v2\/comments?post=1399"}],"wp:featuredmedia":[{"embeddable":true,"href":"https:\/\/www.vapecigwholesale.com\/fr\/wp-json\/wp\/v2\/media\/1388"}],"wp:attachment":[{"href":"https:\/\/www.vapecigwholesale.com\/fr\/wp-json\/wp\/v2\/media?parent=1399"}],"wp:term":[{"taxonomy":"product_brand","embeddable":true,"href":"https:\/\/www.vapecigwholesale.com\/fr\/wp-json\/wp\/v2\/product_brand?post=1399"},{"taxonomy":"product_cat","embeddable":true,"href":"https:\/\/www.vapecigwholesale.com\/fr\/wp-json\/wp\/v2\/product_cat?post=1399"},{"taxonomy":"product_tag","embeddable":true,"href":"https:\/\/www.vapecigwholesale.com\/fr\/wp-json\/wp\/v2\/product_tag?post=1399"}],"curies":[{"name":"wp","href":"https:\/\/api.w.org\/{rel}","templated":true}]}}