{"id":1471,"date":"2024-12-03T16:04:39","date_gmt":"2024-12-03T08:04:39","guid":{"rendered":"https:\/\/www.vapecigwholesale.com\/?post_type=product&#038;p=1471"},"modified":"2025-09-22T14:04:05","modified_gmt":"2025-09-22T06:04:05","slug":"waspe-fihp-40k-dual-flavor-disposable-vape-free-shipping","status":"publish","type":"product","link":"https:\/\/www.vapecigwholesale.com\/fr\/product\/waspe-fihp-40k-dual-flavor-disposable-vape-free-shipping\/","title":{"rendered":"Waspe Fihp 40K Dual Flavor Disposable Vape Free Shipping"},"content":{"rendered":"<p>La capacit\u00e9 d'e-liquide Waspe Fihp 40K Dual Flavor de 36mL garantit une session de vape de longue dur\u00e9e, r\u00e9duisant le besoin de recharges fr\u00e9quentes, tandis que la batterie rechargeable de 850mAh fournit une puissance suffisante pour une utilisation prolong\u00e9e. Gr\u00e2ce au chargement rapide Type-C, la recharge est rapide et pratique, de sorte que vous serez toujours pr\u00eat pour votre prochaine vape. L'\u00e9cran LED intelligent vous donne des mises \u00e0 jour en temps r\u00e9el sur l'autonomie de la batterie et les niveaux d'e-liquide, vous permettant de rester inform\u00e9 de l'\u00e9tat de votre appareil \u00e0 tout moment. La fonction de double ar\u00f4me vous permet de passer d'un ar\u00f4me \u00e0 l'autre, offrant ainsi une exp\u00e9rience de vapotage personnalisable avec des possibilit\u00e9s infinies. Disponible en 2% et 5%, le WASPE 40K Puffs offre une grande flexibilit\u00e9 pour les vapoteurs occasionnels et exp\u00e9riment\u00e9s. Avec un choix de 16 saveurs diff\u00e9rentes, vous aurez beaucoup d'options pour satisfaire vos pr\u00e9f\u00e9rences gustatives.<\/p>\n<p>Notre commande minimum est de 10 pi\u00e8ces, l'exp\u00e9dition est gratuite vers les pays europ\u00e9ens, nous utilisons DHL pour livrer \u00e0 votre porte, une fois que vous avez pay\u00e9 votre commande, vous n'avez plus rien \u00e0 payer jusqu'\u00e0 ce que le colis arrive !<\/p>\n<h2><strong>Waspe Fihp 40K Dual Flavor D\u00e9tails :<\/strong><\/h2>\n<ul>\n<li>Puffs : 40000 Puffs<\/li>\n<li>Double saveur<\/li>\n<li>E-liquide:36ml<\/li>\n<li>Batterie:850mah<\/li>\n<li>Bobine en maille : 0.9ohm+0.9ohm<\/li>\n<li>Nicotine:0%\/2%\/5%<\/li>\n<li>Rechargeable:Type-C<\/li>\n<li>Affichage LED<\/li>\n<li>Taille du produit : 61*31*115mm<\/li>\n<\/ul>\n<h2><strong>Waspe Fihp 40K Deux saveurs disponibles :<\/strong><\/h2>\n<ol>\n<li>Glace \u00e0 la past\u00e8que et citron vert<\/li>\n<li>Glace \u00e0 la cerise p\u00e9tillante et barbe \u00e0 papa aux myrtilles<\/li>\n<li>Fraise Past\u00e8que &amp; Myrtille Framboise<\/li>\n<li>Red Bull Ice &amp; Fraise Mangue<\/li>\n<li>Raisin glac\u00e9 et fraise kiwi<\/li>\n<li>Baies m\u00e9lang\u00e9es et glace double pomme<\/li>\n<li>P\u00eache glac\u00e9e et ananas mangue p\u00eache<\/li>\n<li>Limonade Blue Razz et melon d'eau Bubblegum<\/li>\n<li>Fraise Framboise Cerise &amp; Amour 666<\/li>\n<li>Glace fraise-banane-ananas-coco<\/li>\n<li>Fraise, past\u00e8que, chewing-gum et fruits m\u00e9lang\u00e9s<\/li>\n<li>P\u00eache, baies et past\u00e8que Mangue, p\u00eache<\/li>\n<li>Glace au cerisier et bonbons \u00e0 la fraise et \u00e0 la framboise<\/li>\n<li>Pomme acide, framboise et fraise Big Bang<\/li>\n<li>Glace aux myrtilles et glace au dragon noir<\/li>\n<li>Fraise, cerise et kiwi, fruit de la passion<\/li>\n<\/ol>\n<h2><strong>Liste d'emballage :<\/strong><\/h2>\n<p>1pcs chaque petite bo\u00eete<br \/>\n10 pi\u00e8ces par bo\u00eete centrale<br \/>\n200pcs par carton<\/p>\n<p><img fetchpriority=\"high\" decoding=\"async\" class=\"alignnone wp-image-1452 size-large\" title=\"Waspe Fihp 40K Puffs Double Flavor Disposable Vape Free Shipping 1\" src=\"https:\/\/www.vapecigwholesale.com\/wp-content\/uploads\/2024\/12\/Waspe-Fihp-40K-Puffs-Double-Flavor-Disposable-Vape-Free-Shipping-1-1024x1024.webp\" alt=\"Waspe Fihp 40K Puffs Double Flavor Disposable Vape Free Shipping 1\" width=\"1024\" height=\"1024\" srcset=\"https:\/\/www.vapecigwholesale.com\/wp-content\/uploads\/2024\/12\/Waspe-Fihp-40K-Puffs-Double-Flavor-Disposable-Vape-Free-Shipping-1-1024x1024.webp 1024w, https:\/\/www.vapecigwholesale.com\/wp-content\/uploads\/2024\/12\/Waspe-Fihp-40K-Puffs-Double-Flavor-Disposable-Vape-Free-Shipping-1-300x300.webp 300w, https:\/\/www.vapecigwholesale.com\/wp-content\/uploads\/2024\/12\/Waspe-Fihp-40K-Puffs-Double-Flavor-Disposable-Vape-Free-Shipping-1-150x150.webp 150w, https:\/\/www.vapecigwholesale.com\/wp-content\/uploads\/2024\/12\/Waspe-Fihp-40K-Puffs-Double-Flavor-Disposable-Vape-Free-Shipping-1-768x768.webp 768w, https:\/\/www.vapecigwholesale.com\/wp-content\/uploads\/2024\/12\/Waspe-Fihp-40K-Puffs-Double-Flavor-Disposable-Vape-Free-Shipping-1-12x12.webp 12w, https:\/\/www.vapecigwholesale.com\/wp-content\/uploads\/2024\/12\/Waspe-Fihp-40K-Puffs-Double-Flavor-Disposable-Vape-Free-Shipping-1-1140x1140.webp 1140w, https:\/\/www.vapecigwholesale.com\/wp-content\/uploads\/2024\/12\/Waspe-Fihp-40K-Puffs-Double-Flavor-Disposable-Vape-Free-Shipping-1-920x920.webp 920w, https:\/\/www.vapecigwholesale.com\/wp-content\/uploads\/2024\/12\/Waspe-Fihp-40K-Puffs-Double-Flavor-Disposable-Vape-Free-Shipping-1-575x575.webp 575w, https:\/\/www.vapecigwholesale.com\/wp-content\/uploads\/2024\/12\/Waspe-Fihp-40K-Puffs-Double-Flavor-Disposable-Vape-Free-Shipping-1-380x380.webp 380w, https:\/\/www.vapecigwholesale.com\/wp-content\/uploads\/2024\/12\/Waspe-Fihp-40K-Puffs-Double-Flavor-Disposable-Vape-Free-Shipping-1-50x50.webp 50w, https:\/\/www.vapecigwholesale.com\/wp-content\/uploads\/2024\/12\/Waspe-Fihp-40K-Puffs-Double-Flavor-Disposable-Vape-Free-Shipping-1-26x26.webp 26w, https:\/\/www.vapecigwholesale.com\/wp-content\/uploads\/2024\/12\/Waspe-Fihp-40K-Puffs-Double-Flavor-Disposable-Vape-Free-Shipping-1-420x420.webp 420w, https:\/\/www.vapecigwholesale.com\/wp-content\/uploads\/2024\/12\/Waspe-Fihp-40K-Puffs-Double-Flavor-Disposable-Vape-Free-Shipping-1-800x800.webp 800w, https:\/\/www.vapecigwholesale.com\/wp-content\/uploads\/2024\/12\/Waspe-Fihp-40K-Puffs-Double-Flavor-Disposable-Vape-Free-Shipping-1-100x100.webp 100w, https:\/\/www.vapecigwholesale.com\/wp-content\/uploads\/2024\/12\/Waspe-Fihp-40K-Puffs-Double-Flavor-Disposable-Vape-Free-Shipping-1-80x80.webp 80w, https:\/\/www.vapecigwholesale.com\/wp-content\/uploads\/2024\/12\/Waspe-Fihp-40K-Puffs-Double-Flavor-Disposable-Vape-Free-Shipping-1.webp 1200w\" sizes=\"(max-width: 1024px) 100vw, 1024px\" \/><\/p>\n<p><img decoding=\"async\" class=\"wp-image-1453 size-large\" title=\"Waspe Fihp 40K Puffs Double Flavor Disposable Vape Free Shipping 2\" src=\"https:\/\/www.vapecigwholesale.com\/wp-content\/uploads\/2024\/12\/Waspe-Fihp-40K-Puffs-Double-Flavor-Disposable-Vape-Free-Shipping-2-1024x1024.webp\" alt=\"Waspe Fihp 40K Puffs Double Flavor Disposable Vape Free Shipping 2\" width=\"1024\" height=\"1024\" srcset=\"https:\/\/www.vapecigwholesale.com\/wp-content\/uploads\/2024\/12\/Waspe-Fihp-40K-Puffs-Double-Flavor-Disposable-Vape-Free-Shipping-2-1024x1024.webp 1024w, https:\/\/www.vapecigwholesale.com\/wp-content\/uploads\/2024\/12\/Waspe-Fihp-40K-Puffs-Double-Flavor-Disposable-Vape-Free-Shipping-2-300x300.webp 300w, https:\/\/www.vapecigwholesale.com\/wp-content\/uploads\/2024\/12\/Waspe-Fihp-40K-Puffs-Double-Flavor-Disposable-Vape-Free-Shipping-2-150x150.webp 150w, https:\/\/www.vapecigwholesale.com\/wp-content\/uploads\/2024\/12\/Waspe-Fihp-40K-Puffs-Double-Flavor-Disposable-Vape-Free-Shipping-2-768x768.webp 768w, https:\/\/www.vapecigwholesale.com\/wp-content\/uploads\/2024\/12\/Waspe-Fihp-40K-Puffs-Double-Flavor-Disposable-Vape-Free-Shipping-2-12x12.webp 12w, https:\/\/www.vapecigwholesale.com\/wp-content\/uploads\/2024\/12\/Waspe-Fihp-40K-Puffs-Double-Flavor-Disposable-Vape-Free-Shipping-2-1140x1140.webp 1140w, https:\/\/www.vapecigwholesale.com\/wp-content\/uploads\/2024\/12\/Waspe-Fihp-40K-Puffs-Double-Flavor-Disposable-Vape-Free-Shipping-2-920x920.webp 920w, https:\/\/www.vapecigwholesale.com\/wp-content\/uploads\/2024\/12\/Waspe-Fihp-40K-Puffs-Double-Flavor-Disposable-Vape-Free-Shipping-2-575x575.webp 575w, https:\/\/www.vapecigwholesale.com\/wp-content\/uploads\/2024\/12\/Waspe-Fihp-40K-Puffs-Double-Flavor-Disposable-Vape-Free-Shipping-2-380x380.webp 380w, https:\/\/www.vapecigwholesale.com\/wp-content\/uploads\/2024\/12\/Waspe-Fihp-40K-Puffs-Double-Flavor-Disposable-Vape-Free-Shipping-2-50x50.webp 50w, https:\/\/www.vapecigwholesale.com\/wp-content\/uploads\/2024\/12\/Waspe-Fihp-40K-Puffs-Double-Flavor-Disposable-Vape-Free-Shipping-2-26x26.webp 26w, https:\/\/www.vapecigwholesale.com\/wp-content\/uploads\/2024\/12\/Waspe-Fihp-40K-Puffs-Double-Flavor-Disposable-Vape-Free-Shipping-2-420x420.webp 420w, https:\/\/www.vapecigwholesale.com\/wp-content\/uploads\/2024\/12\/Waspe-Fihp-40K-Puffs-Double-Flavor-Disposable-Vape-Free-Shipping-2-800x800.webp 800w, https:\/\/www.vapecigwholesale.com\/wp-content\/uploads\/2024\/12\/Waspe-Fihp-40K-Puffs-Double-Flavor-Disposable-Vape-Free-Shipping-2-100x100.webp 100w, https:\/\/www.vapecigwholesale.com\/wp-content\/uploads\/2024\/12\/Waspe-Fihp-40K-Puffs-Double-Flavor-Disposable-Vape-Free-Shipping-2-80x80.webp 80w, https:\/\/www.vapecigwholesale.com\/wp-content\/uploads\/2024\/12\/Waspe-Fihp-40K-Puffs-Double-Flavor-Disposable-Vape-Free-Shipping-2.webp 1200w\" sizes=\"(max-width: 1024px) 100vw, 1024px\" \/><\/p>","protected":false},"excerpt":{"rendered":"<p>Prix pour 1 pi\u00e8ce seulement Livraison gratuite<\/p>\n<p>( <strong>0% 2% 5% Nic<\/strong>) D\u00e9lai d'exp\u00e9dition : 2 semaines<\/p>","protected":false},"featured_media":1491,"comment_status":"open","ping_status":"closed","template":"","meta":{"om_disable_all_campaigns":false,"_monsterinsights_skip_tracking":false,"_monsterinsights_sitenote_active":false,"_monsterinsights_sitenote_note":"","_monsterinsights_sitenote_category":0},"product_brand":[],"product_cat":[15],"product_tag":[],"class_list":{"0":"post-1471","1":"product","2":"type-product","3":"status-publish","4":"has-post-thumbnail","6":"product_cat-disposable-vape","8":"first","9":"instock","10":"shipping-taxable","11":"purchasable","12":"product-type-variable","13":"has-default-attributes"},"aioseo_notices":[],"_links":{"self":[{"href":"https:\/\/www.vapecigwholesale.com\/fr\/wp-json\/wp\/v2\/product\/1471","targetHints":{"allow":["GET"]}}],"collection":[{"href":"https:\/\/www.vapecigwholesale.com\/fr\/wp-json\/wp\/v2\/product"}],"about":[{"href":"https:\/\/www.vapecigwholesale.com\/fr\/wp-json\/wp\/v2\/types\/product"}],"replies":[{"embeddable":true,"href":"https:\/\/www.vapecigwholesale.com\/fr\/wp-json\/wp\/v2\/comments?post=1471"}],"wp:featuredmedia":[{"embeddable":true,"href":"https:\/\/www.vapecigwholesale.com\/fr\/wp-json\/wp\/v2\/media\/1491"}],"wp:attachment":[{"href":"https:\/\/www.vapecigwholesale.com\/fr\/wp-json\/wp\/v2\/media?parent=1471"}],"wp:term":[{"taxonomy":"product_brand","embeddable":true,"href":"https:\/\/www.vapecigwholesale.com\/fr\/wp-json\/wp\/v2\/product_brand?post=1471"},{"taxonomy":"product_cat","embeddable":true,"href":"https:\/\/www.vapecigwholesale.com\/fr\/wp-json\/wp\/v2\/product_cat?post=1471"},{"taxonomy":"product_tag","embeddable":true,"href":"https:\/\/www.vapecigwholesale.com\/fr\/wp-json\/wp\/v2\/product_tag?post=1471"}],"curies":[{"name":"wp","href":"https:\/\/api.w.org\/{rel}","templated":true}]}}