{"id":1580,"date":"2025-03-11T18:25:43","date_gmt":"2025-03-11T10:25:43","guid":{"rendered":"https:\/\/www.vapecigwholesale.com\/?post_type=product&#038;p=1580"},"modified":"2025-09-22T14:03:06","modified_gmt":"2025-09-22T06:03:06","slug":"bang-king-50000-puffs-disposable-vape-free-shipping","status":"publish","type":"product","link":"https:\/\/www.vapecigwholesale.com\/fr\/product\/bang-king-50000-puffs-disposable-vape-free-shipping\/","title":{"rendered":"Bang King 50000 Puffs Vape jetable Livraison gratuite"},"content":{"rendered":"<p><a href=\"https:\/\/www.vapecigwholesale.com\/fr\/\">Bang<\/a> King 50000 Puffs Double Flavors LCD Display Vape jetable est con\u00e7u pour les vapoteurs qui exigent des performances \u00e9lev\u00e9es et une satisfaction durable. Avec une capacit\u00e9 impressionnante de 50000 bouff\u00e9es, cet appareil garantit une exp\u00e9rience de vapotage prolong\u00e9e et ininterrompue. Il est livr\u00e9 avec des bobines de 1.0\u03a9 mesh Coils, d\u00e9livrant une vapeur douce, riche et savoureuse \u00e0 chaque bouff\u00e9e. Sa capacit\u00e9 de 50mL d'e-liquide garantit une utilisation prolong\u00e9e sans recharge fr\u00e9quente, ce qui le rend parfait pour les gros vapoteurs. Aliment\u00e9 par une batterie rechargeable de 850mAh, il prend \u00e9galement en charge la charge rapide Type-C, garantissant un temps d'arr\u00eat minimal entre les sessions. bang King 50000 Puffs est dot\u00e9 d'un syst\u00e8me de double ar\u00f4me, vous permettant de passer en toute transparence d'un ar\u00f4me \u00e0 l'autre pour une exp\u00e9rience personnalis\u00e9e et rafra\u00eechissante. L'\u00e9cran num\u00e9rique LCD fournit des mises \u00e0 jour en temps r\u00e9el sur l'\u00e9tat de la batterie et les niveaux d'e-liquide, ce qui vous permet de rester parfaitement inform\u00e9. Disponible en 2%, 3% et 5%, ce dispositif r\u00e9pond \u00e0 une vari\u00e9t\u00e9 de pr\u00e9f\u00e9rences, offrant l'\u00e9quilibre parfait entre douceur et intensit\u00e9.<\/p>\n<p>Enfin, nos produits Bang King 50000 Puffs sont exp\u00e9di\u00e9s depuis notre entrep\u00f4t en Chine, la quantit\u00e9 minimale de commande est de 10 pi\u00e8ces, et nos prix incluent les frais d'exp\u00e9dition. Apr\u00e8s l'envoi de votre colis, le d\u00e9lai d'exp\u00e9dition vers la plupart des pays europ\u00e9ens est d'environ 2 semaines, nous souscrivons une assurance pour chaque colis afin de nous assurer qu'il arrive \u00e0 bon port, nous proposons \u00e9galement un service de livraison en port pay\u00e9, n'h\u00e9sitez pas \u00e0 acheter.<\/p>\n<h2><strong>Bang King 50000 Puffs D\u00e9tails :<\/strong><\/h2>\n<ul>\n<li>Bouff\u00e9es : 50000 bouff\u00e9es<\/li>\n<li>Saveurs doubles :<\/li>\n<li>Capacit\u00e9 E-liquide : 50ml<\/li>\n<li>Batterie : 850mAh<\/li>\n<li>Serpentin chauffant : serpentin \u00e0 1,0 maille<\/li>\n<li>Port de chargement : Chargement pratique de type C.<\/li>\n<li>Flux d'air : R\u00e9glage du flux d'air par le bas pour une aspiration parfaite.<\/li>\n<\/ul>\n<h2><strong>Bang King 50000 Puffs Saveurs :<\/strong><\/h2>\n<ol>\n<li>Glace \u00e0 la past\u00e8que et menthe \u00e0 la myrtille<\/li>\n<li>Past\u00e8que et myrtille \u00e0 la cerise<\/li>\n<li>Glace aux myrtilles et p\u00eache mangue past\u00e8que<\/li>\n<li>Glace aux myrtilles et glace \u00e0 la p\u00eache<\/li>\n<li>Myrtille, framboise et fruits m\u00e9lang\u00e9s<\/li>\n<li>Glace aux myrtilles, framboises et raisins<\/li>\n<li>Red Bull &amp; Banane fraise<\/li>\n<li>Red Bull et past\u00e8que \u00e0 la myrtille<\/li>\n<li>Chewing-gum \u00e0 la fraise, \u00e0 la mangue et \u00e0 la past\u00e8que<\/li>\n<li>Fraise Mangue &amp; Fraise Kiwi<\/li>\n<li>Glace fraise-melon d'eau et dragon noir<\/li>\n<li>Fraise Past\u00e8que &amp; Kiwi Fruit de la passion Goyave<\/li>\n<\/ol>\n<h2><strong>Liste d'emballage :<\/strong><\/h2>\n<p>1pcs each Single box<br \/>\n10 pi\u00e8ces par bo\u00eete interm\u00e9diaire<br \/>\nMOQ 10 pi\u00e8ces par bo\u00eete interm\u00e9diaire<\/p>\n<p><img fetchpriority=\"high\" decoding=\"async\" class=\"alignnone wp-image-1567 size-full\" title=\"Bang King 50000 Puffs Vape jetable Free Shipping 8\" src=\"https:\/\/www.vapecigwholesale.com\/wp-content\/uploads\/2025\/03\/Bang-King-50000-Puffs-Disposable-Vape-Free-Shipping-8.webp\" alt=\"Bang King 50000 Puffs Vape jetable Free Shipping 8\" width=\"800\" height=\"800\" srcset=\"https:\/\/www.vapecigwholesale.com\/wp-content\/uploads\/2025\/03\/Bang-King-50000-Puffs-Disposable-Vape-Free-Shipping-8.webp 800w, https:\/\/www.vapecigwholesale.com\/wp-content\/uploads\/2025\/03\/Bang-King-50000-Puffs-Disposable-Vape-Free-Shipping-8-300x300.webp 300w, https:\/\/www.vapecigwholesale.com\/wp-content\/uploads\/2025\/03\/Bang-King-50000-Puffs-Disposable-Vape-Free-Shipping-8-150x150.webp 150w, https:\/\/www.vapecigwholesale.com\/wp-content\/uploads\/2025\/03\/Bang-King-50000-Puffs-Disposable-Vape-Free-Shipping-8-768x768.webp 768w, https:\/\/www.vapecigwholesale.com\/wp-content\/uploads\/2025\/03\/Bang-King-50000-Puffs-Disposable-Vape-Free-Shipping-8-12x12.webp 12w, https:\/\/www.vapecigwholesale.com\/wp-content\/uploads\/2025\/03\/Bang-King-50000-Puffs-Disposable-Vape-Free-Shipping-8-575x575.webp 575w, https:\/\/www.vapecigwholesale.com\/wp-content\/uploads\/2025\/03\/Bang-King-50000-Puffs-Disposable-Vape-Free-Shipping-8-380x380.webp 380w, https:\/\/www.vapecigwholesale.com\/wp-content\/uploads\/2025\/03\/Bang-King-50000-Puffs-Disposable-Vape-Free-Shipping-8-50x50.webp 50w, https:\/\/www.vapecigwholesale.com\/wp-content\/uploads\/2025\/03\/Bang-King-50000-Puffs-Disposable-Vape-Free-Shipping-8-26x26.webp 26w, https:\/\/www.vapecigwholesale.com\/wp-content\/uploads\/2025\/03\/Bang-King-50000-Puffs-Disposable-Vape-Free-Shipping-8-420x420.webp 420w, https:\/\/www.vapecigwholesale.com\/wp-content\/uploads\/2025\/03\/Bang-King-50000-Puffs-Disposable-Vape-Free-Shipping-8-100x100.webp 100w, https:\/\/www.vapecigwholesale.com\/wp-content\/uploads\/2025\/03\/Bang-King-50000-Puffs-Disposable-Vape-Free-Shipping-8-80x80.webp 80w\" sizes=\"(max-width: 800px) 100vw, 800px\" \/><img decoding=\"async\" class=\"alignnone wp-image-1562 size-full\" title=\"Bang King 50000 Puffs Vape jetable Free Shipping 3\" src=\"https:\/\/www.vapecigwholesale.com\/wp-content\/uploads\/2025\/03\/Bang-King-50000-Puffs-Disposable-Vape-Free-Shipping-3.webp\" alt=\"Bang King 50000 Puffs Vape jetable Free Shipping 3\" width=\"800\" height=\"450\" srcset=\"https:\/\/www.vapecigwholesale.com\/wp-content\/uploads\/2025\/03\/Bang-King-50000-Puffs-Disposable-Vape-Free-Shipping-3.webp 800w, https:\/\/www.vapecigwholesale.com\/wp-content\/uploads\/2025\/03\/Bang-King-50000-Puffs-Disposable-Vape-Free-Shipping-3-300x169.webp 300w, https:\/\/www.vapecigwholesale.com\/wp-content\/uploads\/2025\/03\/Bang-King-50000-Puffs-Disposable-Vape-Free-Shipping-3-768x432.webp 768w, https:\/\/www.vapecigwholesale.com\/wp-content\/uploads\/2025\/03\/Bang-King-50000-Puffs-Disposable-Vape-Free-Shipping-3-18x10.webp 18w, https:\/\/www.vapecigwholesale.com\/wp-content\/uploads\/2025\/03\/Bang-King-50000-Puffs-Disposable-Vape-Free-Shipping-3-575x323.webp 575w, https:\/\/www.vapecigwholesale.com\/wp-content\/uploads\/2025\/03\/Bang-King-50000-Puffs-Disposable-Vape-Free-Shipping-3-380x214.webp 380w, https:\/\/www.vapecigwholesale.com\/wp-content\/uploads\/2025\/03\/Bang-King-50000-Puffs-Disposable-Vape-Free-Shipping-3-80x45.webp 80w\" sizes=\"(max-width: 800px) 100vw, 800px\" \/><\/p>\n<figure id=\"attachment_1561\" aria-describedby=\"caption-attachment-1561\" style=\"width: 800px\" class=\"wp-caption alignnone\"><img decoding=\"async\" class=\"wp-image-1561 size-full\" title=\"Bang King 50000 Puffs Vape jetable Free Shipping 2\" src=\"https:\/\/www.vapecigwholesale.com\/wp-content\/uploads\/2025\/03\/Bang-King-50000-Puffs-Disposable-Vape-Free-Shipping-2.webp\" alt=\"Bang King 50000 Puffs Vape jetable Free Shipping 2\" width=\"800\" height=\"450\" srcset=\"https:\/\/www.vapecigwholesale.com\/wp-content\/uploads\/2025\/03\/Bang-King-50000-Puffs-Disposable-Vape-Free-Shipping-2.webp 800w, https:\/\/www.vapecigwholesale.com\/wp-content\/uploads\/2025\/03\/Bang-King-50000-Puffs-Disposable-Vape-Free-Shipping-2-300x169.webp 300w, https:\/\/www.vapecigwholesale.com\/wp-content\/uploads\/2025\/03\/Bang-King-50000-Puffs-Disposable-Vape-Free-Shipping-2-768x432.webp 768w, https:\/\/www.vapecigwholesale.com\/wp-content\/uploads\/2025\/03\/Bang-King-50000-Puffs-Disposable-Vape-Free-Shipping-2-18x10.webp 18w, https:\/\/www.vapecigwholesale.com\/wp-content\/uploads\/2025\/03\/Bang-King-50000-Puffs-Disposable-Vape-Free-Shipping-2-575x323.webp 575w, https:\/\/www.vapecigwholesale.com\/wp-content\/uploads\/2025\/03\/Bang-King-50000-Puffs-Disposable-Vape-Free-Shipping-2-380x214.webp 380w, https:\/\/www.vapecigwholesale.com\/wp-content\/uploads\/2025\/03\/Bang-King-50000-Puffs-Disposable-Vape-Free-Shipping-2-80x45.webp 80w\" sizes=\"(max-width: 800px) 100vw, 800px\" \/><figcaption id=\"caption-attachment-1561\" class=\"wp-caption-text\">Bang King 50000 Puffs Vape jetable Free Shipping 2<\/figcaption><\/figure>","protected":false},"excerpt":{"rendered":"<p>Prix pour 1 pi\u00e8ce seulement Livraison gratuite<\/p>\n<p>(<strong>0% 2% 5% Nic<\/strong>) D\u00e9lai d'exp\u00e9dition : 2 semaines<\/p>","protected":false},"featured_media":1576,"comment_status":"open","ping_status":"closed","template":"","meta":{"om_disable_all_campaigns":false,"_monsterinsights_skip_tracking":false,"_monsterinsights_sitenote_active":false,"_monsterinsights_sitenote_note":"","_monsterinsights_sitenote_category":0},"product_brand":[],"product_cat":[15],"product_tag":[],"class_list":{"0":"post-1580","1":"product","2":"type-product","3":"status-publish","4":"has-post-thumbnail","6":"product_cat-disposable-vape","8":"first","9":"instock","10":"shipping-taxable","11":"purchasable","12":"product-type-variable","13":"has-default-attributes"},"aioseo_notices":[],"_links":{"self":[{"href":"https:\/\/www.vapecigwholesale.com\/fr\/wp-json\/wp\/v2\/product\/1580","targetHints":{"allow":["GET"]}}],"collection":[{"href":"https:\/\/www.vapecigwholesale.com\/fr\/wp-json\/wp\/v2\/product"}],"about":[{"href":"https:\/\/www.vapecigwholesale.com\/fr\/wp-json\/wp\/v2\/types\/product"}],"replies":[{"embeddable":true,"href":"https:\/\/www.vapecigwholesale.com\/fr\/wp-json\/wp\/v2\/comments?post=1580"}],"wp:featuredmedia":[{"embeddable":true,"href":"https:\/\/www.vapecigwholesale.com\/fr\/wp-json\/wp\/v2\/media\/1576"}],"wp:attachment":[{"href":"https:\/\/www.vapecigwholesale.com\/fr\/wp-json\/wp\/v2\/media?parent=1580"}],"wp:term":[{"taxonomy":"product_brand","embeddable":true,"href":"https:\/\/www.vapecigwholesale.com\/fr\/wp-json\/wp\/v2\/product_brand?post=1580"},{"taxonomy":"product_cat","embeddable":true,"href":"https:\/\/www.vapecigwholesale.com\/fr\/wp-json\/wp\/v2\/product_cat?post=1580"},{"taxonomy":"product_tag","embeddable":true,"href":"https:\/\/www.vapecigwholesale.com\/fr\/wp-json\/wp\/v2\/product_tag?post=1580"}],"curies":[{"name":"wp","href":"https:\/\/api.w.org\/{rel}","templated":true}]}}