{"id":771,"date":"2024-11-13T18:04:12","date_gmt":"2024-11-13T10:04:12","guid":{"rendered":"https:\/\/www.vapecigwholesale.com\/?post_type=product&#038;p=771"},"modified":"2025-02-19T14:28:06","modified_gmt":"2025-02-19T06:28:06","slug":"fumot-tornado-30k-music-disposable-vape-free-shipping","status":"publish","type":"product","link":"https:\/\/www.vapecigwholesale.com\/fr\/product\/fumot-tornado-30k-music-disposable-vape-free-shipping\/","title":{"rendered":"Fumot Tornado 30K Music Disposable vape Free Shipping"},"content":{"rendered":"<p>Fumot Tornado 30K Music est livr\u00e9 avec USB-C ou UsB Le type C est la derni\u00e8re norme universelle pour les connexions filaires aux appareils intelligents, et le Tornado 30k Music a opt\u00e9 pour le type C afin que vous puissiez le charger rapidement, Tornado 30k Music peut faire clignoter les lumi\u00e8res en rythme avec la musique. Avec une batterie rechargeable int\u00e9gr\u00e9e de 600 mAh, elle peut \u00eatre recharg\u00e9e plusieurs fois, de sorte que vous n'\u00eates pas coinc\u00e9 avec un e-liquide jetable mort avant l'e-liquide.<\/p>\n<p>Fumot Tornado 30K Music est un appareil de vapotage jetable de 30K bouff\u00e9es aliment\u00e9 par RandM. Tornado 30k Music utilise un Coil 1.00Mesh et une batterie rechargeable int\u00e9gr\u00e9e de 600mAh. Il y a un total de 30 saveurs et 4 nicotines (2%\uff0c3%\uff0c5%\uff09strengths) parmi lesquelles vous pouvez choisir.<\/p>\n<h2><strong>Fumot Tornado 30k D\u00e9tails musicaux :<\/strong><\/h2>\n<ul>\n<li>Liquide : 25 ml pr\u00e9-rempli<\/li>\n<li>Bouff\u00e9e : Jusqu'\u00e0 30000 bouff\u00e9es<\/li>\n<li>Batterie : 600mAh<\/li>\n<li>Nicotine:2%,3%,5%.<\/li>\n<li>Noyau : Bobine en maille 1,0 \u03a9<\/li>\n<li>Saveurs : 30 saveurs<\/li>\n<\/ul>\n<h2><strong>Fumot Tornado 30k saveurs musicales disponibles\uff1a<\/strong><\/h2>\n<ol>\n<li>Banane glac\u00e9e<\/li>\n<li>Glace noire<\/li>\n<li>Myrtille sur glace<\/li>\n<li>Glace Blue Razz<\/li>\n<li>Myrtille Framboise<\/li>\n<li>Myrtille framboise acidul\u00e9e<\/li>\n<li>Cola \u00e0 la cerise<\/li>\n<li>Glace \u00e0 la cerise<\/li>\n<li>Cola Ice<\/li>\n<li>Menthe fra\u00eeche<\/li>\n<li>Dr Blue<\/li>\n<li>Glace de raisin<\/li>\n<li>Double pomme<\/li>\n<li>Glaces<\/li>\n<li>Kiwi Fruit de la passion Goyave<\/li>\n<li>Amour 66<\/li>\n<li>Baies m\u00e9lang\u00e9es<\/li>\n<li>P\u00eache Baies<\/li>\n<li>Glace \u00e0 la p\u00eache<\/li>\n<li>Glace \u00e0 l'ananas<\/li>\n<li>Peachy Mango Pineapple<\/li>\n<li>Limonade rose<\/li>\n<li>Skittles<\/li>\n<li>Glace \u00e0 la fraise<\/li>\n<li>Fraise et banane<\/li>\n<li>Fraise Raisin<\/li>\n<li>Past\u00e8que \u00e0 la fraise<\/li>\n<li>Triple mangue<\/li>\n<li>Vimto<\/li>\n<li>Glace luxuriante<\/li>\n<\/ol>\n<h2><strong>Liste d'emballage :<\/strong><\/h2>\n<p>1pcs chaque petite bo\u00eete<br \/>\n10 pi\u00e8ces par bo\u00eete interm\u00e9diaire<br \/>\n200pcs par carton<\/p>\n<p><img fetchpriority=\"high\" decoding=\"async\" class=\"wp-image-739 size-large\" title=\"Commander Original Fumot Tornado 30K Music Disposable vape Free Shipping 3\" src=\"https:\/\/www.vapecigwholesale.com\/wp-content\/uploads\/2024\/11\/Order-Original-Fumot-Tornado-30K-Music-Disposable-vape-Free-Shipping-3-1024x1024.webp\" alt=\"Commander Original Fumot Tornado 30K Music Disposable vape Free Shipping 3\" width=\"1024\" height=\"1024\" srcset=\"https:\/\/www.vapecigwholesale.com\/wp-content\/uploads\/2024\/11\/Order-Original-Fumot-Tornado-30K-Music-Disposable-vape-Free-Shipping-3-1024x1024.webp 1024w, https:\/\/www.vapecigwholesale.com\/wp-content\/uploads\/2024\/11\/Order-Original-Fumot-Tornado-30K-Music-Disposable-vape-Free-Shipping-3-300x300.webp 300w, https:\/\/www.vapecigwholesale.com\/wp-content\/uploads\/2024\/11\/Order-Original-Fumot-Tornado-30K-Music-Disposable-vape-Free-Shipping-3-150x150.webp 150w, https:\/\/www.vapecigwholesale.com\/wp-content\/uploads\/2024\/11\/Order-Original-Fumot-Tornado-30K-Music-Disposable-vape-Free-Shipping-3-768x768.webp 768w, https:\/\/www.vapecigwholesale.com\/wp-content\/uploads\/2024\/11\/Order-Original-Fumot-Tornado-30K-Music-Disposable-vape-Free-Shipping-3-1536x1536.webp 1536w, https:\/\/www.vapecigwholesale.com\/wp-content\/uploads\/2024\/11\/Order-Original-Fumot-Tornado-30K-Music-Disposable-vape-Free-Shipping-3-12x12.webp 12w, https:\/\/www.vapecigwholesale.com\/wp-content\/uploads\/2024\/11\/Order-Original-Fumot-Tornado-30K-Music-Disposable-vape-Free-Shipping-3-1140x1140.webp 1140w, https:\/\/www.vapecigwholesale.com\/wp-content\/uploads\/2024\/11\/Order-Original-Fumot-Tornado-30K-Music-Disposable-vape-Free-Shipping-3-920x920.webp 920w, https:\/\/www.vapecigwholesale.com\/wp-content\/uploads\/2024\/11\/Order-Original-Fumot-Tornado-30K-Music-Disposable-vape-Free-Shipping-3-575x575.webp 575w, https:\/\/www.vapecigwholesale.com\/wp-content\/uploads\/2024\/11\/Order-Original-Fumot-Tornado-30K-Music-Disposable-vape-Free-Shipping-3-380x380.webp 380w, https:\/\/www.vapecigwholesale.com\/wp-content\/uploads\/2024\/11\/Order-Original-Fumot-Tornado-30K-Music-Disposable-vape-Free-Shipping-3-50x50.webp 50w, https:\/\/www.vapecigwholesale.com\/wp-content\/uploads\/2024\/11\/Order-Original-Fumot-Tornado-30K-Music-Disposable-vape-Free-Shipping-3-26x26.webp 26w, https:\/\/www.vapecigwholesale.com\/wp-content\/uploads\/2024\/11\/Order-Original-Fumot-Tornado-30K-Music-Disposable-vape-Free-Shipping-3-420x420.webp 420w, https:\/\/www.vapecigwholesale.com\/wp-content\/uploads\/2024\/11\/Order-Original-Fumot-Tornado-30K-Music-Disposable-vape-Free-Shipping-3-800x800.webp 800w, https:\/\/www.vapecigwholesale.com\/wp-content\/uploads\/2024\/11\/Order-Original-Fumot-Tornado-30K-Music-Disposable-vape-Free-Shipping-3-100x100.webp 100w, https:\/\/www.vapecigwholesale.com\/wp-content\/uploads\/2024\/11\/Order-Original-Fumot-Tornado-30K-Music-Disposable-vape-Free-Shipping-3-80x80.webp 80w, https:\/\/www.vapecigwholesale.com\/wp-content\/uploads\/2024\/11\/Order-Original-Fumot-Tornado-30K-Music-Disposable-vape-Free-Shipping-3.webp 2000w\" sizes=\"(max-width: 1024px) 100vw, 1024px\" \/><\/p>\n<p><img decoding=\"async\" class=\"wp-image-740 size-large\" title=\"Commander Original Fumot Tornado 30K Music Disposable vape Free Shipping 4\" src=\"https:\/\/www.vapecigwholesale.com\/wp-content\/uploads\/2024\/11\/Order-Original-Fumot-Tornado-30K-Music-Disposable-vape-Free-Shipping-4-1024x614.webp\" alt=\"Commander Original Fumot Tornado 30K Music Disposable vape Free Shipping 4\" width=\"1024\" height=\"614\" srcset=\"https:\/\/www.vapecigwholesale.com\/wp-content\/uploads\/2024\/11\/Order-Original-Fumot-Tornado-30K-Music-Disposable-vape-Free-Shipping-4-1024x614.webp 1024w, https:\/\/www.vapecigwholesale.com\/wp-content\/uploads\/2024\/11\/Order-Original-Fumot-Tornado-30K-Music-Disposable-vape-Free-Shipping-4-300x180.webp 300w, https:\/\/www.vapecigwholesale.com\/wp-content\/uploads\/2024\/11\/Order-Original-Fumot-Tornado-30K-Music-Disposable-vape-Free-Shipping-4-768x461.webp 768w, https:\/\/www.vapecigwholesale.com\/wp-content\/uploads\/2024\/11\/Order-Original-Fumot-Tornado-30K-Music-Disposable-vape-Free-Shipping-4-18x12.webp 18w, https:\/\/www.vapecigwholesale.com\/wp-content\/uploads\/2024\/11\/Order-Original-Fumot-Tornado-30K-Music-Disposable-vape-Free-Shipping-4-1140x684.webp 1140w, https:\/\/www.vapecigwholesale.com\/wp-content\/uploads\/2024\/11\/Order-Original-Fumot-Tornado-30K-Music-Disposable-vape-Free-Shipping-4-920x552.webp 920w, https:\/\/www.vapecigwholesale.com\/wp-content\/uploads\/2024\/11\/Order-Original-Fumot-Tornado-30K-Music-Disposable-vape-Free-Shipping-4-575x345.webp 575w, https:\/\/www.vapecigwholesale.com\/wp-content\/uploads\/2024\/11\/Order-Original-Fumot-Tornado-30K-Music-Disposable-vape-Free-Shipping-4-380x228.webp 380w, https:\/\/www.vapecigwholesale.com\/wp-content\/uploads\/2024\/11\/Order-Original-Fumot-Tornado-30K-Music-Disposable-vape-Free-Shipping-4-800x480.webp 800w, https:\/\/www.vapecigwholesale.com\/wp-content\/uploads\/2024\/11\/Order-Original-Fumot-Tornado-30K-Music-Disposable-vape-Free-Shipping-4-80x48.webp 80w, https:\/\/www.vapecigwholesale.com\/wp-content\/uploads\/2024\/11\/Order-Original-Fumot-Tornado-30K-Music-Disposable-vape-Free-Shipping-4.webp 1500w\" sizes=\"(max-width: 1024px) 100vw, 1024px\" \/><\/p>\n<p>&nbsp;<\/p>","protected":false},"excerpt":{"rendered":"<div class=\"product-short-description\">\n<p>Prix pour 1 pi\u00e8ce seulement Livraison gratuite<\/p>\n<p>(<strong>2%\uff0c3%\uff0c5% Nic<\/strong>)\u00a0 <strong>D\u00e9lai d'exp\u00e9dition : 2 semaines<\/strong><\/p>\n<\/div>\n<div class=\"wsppc_div_block woocommerce_before_add_to_cart_form\"><\/div>","protected":false},"featured_media":738,"comment_status":"open","ping_status":"closed","template":"","meta":{"om_disable_all_campaigns":false,"_monsterinsights_skip_tracking":false,"_monsterinsights_sitenote_active":false,"_monsterinsights_sitenote_note":"","_monsterinsights_sitenote_category":0},"product_brand":[],"product_cat":[15],"product_tag":[],"class_list":{"0":"post-771","1":"product","2":"type-product","3":"status-publish","4":"has-post-thumbnail","6":"product_cat-disposable-vape","8":"first","9":"instock","10":"featured","11":"shipping-taxable","12":"purchasable","13":"product-type-variable","14":"has-default-attributes"},"aioseo_notices":[],"_links":{"self":[{"href":"https:\/\/www.vapecigwholesale.com\/fr\/wp-json\/wp\/v2\/product\/771","targetHints":{"allow":["GET"]}}],"collection":[{"href":"https:\/\/www.vapecigwholesale.com\/fr\/wp-json\/wp\/v2\/product"}],"about":[{"href":"https:\/\/www.vapecigwholesale.com\/fr\/wp-json\/wp\/v2\/types\/product"}],"replies":[{"embeddable":true,"href":"https:\/\/www.vapecigwholesale.com\/fr\/wp-json\/wp\/v2\/comments?post=771"}],"wp:featuredmedia":[{"embeddable":true,"href":"https:\/\/www.vapecigwholesale.com\/fr\/wp-json\/wp\/v2\/media\/738"}],"wp:attachment":[{"href":"https:\/\/www.vapecigwholesale.com\/fr\/wp-json\/wp\/v2\/media?parent=771"}],"wp:term":[{"taxonomy":"product_brand","embeddable":true,"href":"https:\/\/www.vapecigwholesale.com\/fr\/wp-json\/wp\/v2\/product_brand?post=771"},{"taxonomy":"product_cat","embeddable":true,"href":"https:\/\/www.vapecigwholesale.com\/fr\/wp-json\/wp\/v2\/product_cat?post=771"},{"taxonomy":"product_tag","embeddable":true,"href":"https:\/\/www.vapecigwholesale.com\/fr\/wp-json\/wp\/v2\/product_tag?post=771"}],"curies":[{"name":"wp","href":"https:\/\/api.w.org\/{rel}","templated":true}]}}