{"id":915,"date":"2024-11-13T14:59:56","date_gmt":"2024-11-13T06:59:56","guid":{"rendered":"https:\/\/www.vapecigwholesale.com\/?post_type=product&#038;p=915"},"modified":"2025-02-19T14:29:21","modified_gmt":"2025-02-19T06:29:21","slug":"vapsolo-super-15000-puffs-disposable-vape-free-shipping","status":"publish","type":"product","link":"https:\/\/www.vapecigwholesale.com\/fr\/product\/vapsolo-super-15000-puffs-jetable-vape-free-shipping\/","title":{"rendered":"Vapsolo Super 15000 Puffs Vape jetable Livraison gratuite"},"content":{"rendered":"<p>Vapsolo Super 15000 Puffs est un produit de grande capacit\u00e9, offrant jusqu'\u00e0 15 000 bouff\u00e9es avec une gamme vari\u00e9e d'ar\u00f4mes, une technologie avanc\u00e9e de bobine en maille et un flux d'air personnalisable pour une exp\u00e9rience de vapotage exceptionnelle.<\/p>\n<p>Vapsolo Super 15000 Puffs a \u00e9t\u00e9 con\u00e7u dans un souci de commodit\u00e9, offrant une impressionnante capacit\u00e9 de 15 000 bouff\u00e9es \u00e0 partir d'un seul appareil. Cela est rendu possible par sa capacit\u00e9 substantielle de 25 ml d'e-liquide, garantissant que les utilisateurs peuvent profiter de sessions prolong\u00e9es sans avoir besoin de remplacements fr\u00e9quents. Sa batterie rechargeable de 650mAh, dot\u00e9e d'un port de charge de type C, am\u00e9liore \u00e0 la fois la durabilit\u00e9 et la rentabilit\u00e9 de l'appareil. La batterie est con\u00e7ue pour durer pendant toute la dur\u00e9e de vie de l'e-liquide, garantissant une performance constante jusqu'\u00e0 la derni\u00e8re bouff\u00e9e.<\/p>\n<p>L'une des caract\u00e9ristiques les plus remarquables du VapSolo Super 15000 Puffs est sa technologie avanc\u00e9e de bobine \u00e0 maille. Avec une r\u00e9sistance de 1,0\u03a9, cette bobine d\u00e9livre une vapeur douce et riche, maximisant le profil de saveur de chaque e-liquide. Le syst\u00e8me de d\u00e9bit d'air r\u00e9glable am\u00e9liore encore l'exp\u00e9rience de vapotage, permettant aux utilisateurs de personnaliser leurs tirages en fonction de leurs pr\u00e9f\u00e9rences, qu'ils pr\u00e9f\u00e8rent une inhalation plus serr\u00e9e ou plus ouverte.<\/p>\n<h2><strong>Vapsolo Super 15000 Puffs D\u00e9tails :<\/strong><\/h2>\n<ul>\n<li>Bouff\u00e9es : 15000 bouff\u00e9es<\/li>\n<li>Capacit\u00e9 d'e-liquide : 25 ML<\/li>\n<li>Capacit\u00e9 de la batterie : 650MAH<\/li>\n<li>Bobine de maille<\/li>\n<li>R\u00e9sistance de la bobine : 1.0\u03a9<\/li>\n<li>4 niveaux de d\u00e9bit d'air<\/li>\n<li>port type-c, rechargeable<\/li>\n<\/ul>\n<h2><strong>Vapsolo Super 15000 Puffs Saveurs disponibles :<\/strong><\/h2>\n<ol>\n<li>Bleu Razz<\/li>\n<li>Glace aux myrtilles<\/li>\n<li>Double pomme<\/li>\n<li>Glace \u00e0 la past\u00e8que<\/li>\n<li>Baies m\u00e9lang\u00e9es<\/li>\n<li>Fraise Kiwi<\/li>\n<li>Myrtille Cerise Canneberge<\/li>\n<li>Citron vert<\/li>\n<li>Skittles<\/li>\n<li>Fraise et banane<\/li>\n<li>Melon d'eau \u00e0 la framboise<\/li>\n<li>Cola \u00e0 la myrtille et \u00e0 la cerise<\/li>\n<li>Glace noire fruit du dragon fraise<\/li>\n<li>Red Bull<\/li>\n<li>R\u00eave d'\u00e9t\u00e9<\/li>\n<\/ol>\n<h2><strong>Liste d'emballage :<\/strong><\/h2>\n<p>1pcs chaque petite bo\u00eete<br \/>\n10 pi\u00e8ces par bo\u00eete centrale<br \/>\n200pcs par carton<\/p>\n<p><img fetchpriority=\"high\" decoding=\"async\" class=\"wp-image-899 size-full\" title=\"Vapsolo Super 15000 Puffs Vape jetable Livraison gratuite 6\" src=\"https:\/\/www.vapecigwholesale.com\/wp-content\/uploads\/2024\/11\/Vapsolo-Super-15000-Puffs-Disposable-Vape-Free-Shipping-6.webp\" alt=\"Vapsolo Super 15000 Puffs Vape jetable Livraison gratuite 6\" width=\"800\" height=\"800\" srcset=\"https:\/\/www.vapecigwholesale.com\/wp-content\/uploads\/2024\/11\/Vapsolo-Super-15000-Puffs-Disposable-Vape-Free-Shipping-6.webp 800w, https:\/\/www.vapecigwholesale.com\/wp-content\/uploads\/2024\/11\/Vapsolo-Super-15000-Puffs-Disposable-Vape-Free-Shipping-6-300x300.webp 300w, https:\/\/www.vapecigwholesale.com\/wp-content\/uploads\/2024\/11\/Vapsolo-Super-15000-Puffs-Disposable-Vape-Free-Shipping-6-150x150.webp 150w, https:\/\/www.vapecigwholesale.com\/wp-content\/uploads\/2024\/11\/Vapsolo-Super-15000-Puffs-Disposable-Vape-Free-Shipping-6-768x768.webp 768w, https:\/\/www.vapecigwholesale.com\/wp-content\/uploads\/2024\/11\/Vapsolo-Super-15000-Puffs-Disposable-Vape-Free-Shipping-6-12x12.webp 12w, https:\/\/www.vapecigwholesale.com\/wp-content\/uploads\/2024\/11\/Vapsolo-Super-15000-Puffs-Disposable-Vape-Free-Shipping-6-575x575.webp 575w, https:\/\/www.vapecigwholesale.com\/wp-content\/uploads\/2024\/11\/Vapsolo-Super-15000-Puffs-Disposable-Vape-Free-Shipping-6-380x380.webp 380w, https:\/\/www.vapecigwholesale.com\/wp-content\/uploads\/2024\/11\/Vapsolo-Super-15000-Puffs-Disposable-Vape-Free-Shipping-6-50x50.webp 50w, https:\/\/www.vapecigwholesale.com\/wp-content\/uploads\/2024\/11\/Vapsolo-Super-15000-Puffs-Disposable-Vape-Free-Shipping-6-26x26.webp 26w, https:\/\/www.vapecigwholesale.com\/wp-content\/uploads\/2024\/11\/Vapsolo-Super-15000-Puffs-Disposable-Vape-Free-Shipping-6-420x420.webp 420w, https:\/\/www.vapecigwholesale.com\/wp-content\/uploads\/2024\/11\/Vapsolo-Super-15000-Puffs-Disposable-Vape-Free-Shipping-6-100x100.webp 100w, https:\/\/www.vapecigwholesale.com\/wp-content\/uploads\/2024\/11\/Vapsolo-Super-15000-Puffs-Disposable-Vape-Free-Shipping-6-80x80.webp 80w\" sizes=\"(max-width: 800px) 100vw, 800px\" \/><\/p>\n<p><img decoding=\"async\" class=\"wp-image-897 size-full\" title=\"Vapsolo Super 15000 Puffs Vape jetable Free Shipping 4\" src=\"https:\/\/www.vapecigwholesale.com\/wp-content\/uploads\/2024\/11\/Vapsolo-Super-15000-Puffs-Disposable-Vape-Free-Shipping-4.webp\" alt=\"Vapsolo Super 15000 Puffs Vape jetable Free Shipping 4\" width=\"800\" height=\"800\" srcset=\"https:\/\/www.vapecigwholesale.com\/wp-content\/uploads\/2024\/11\/Vapsolo-Super-15000-Puffs-Disposable-Vape-Free-Shipping-4.webp 800w, https:\/\/www.vapecigwholesale.com\/wp-content\/uploads\/2024\/11\/Vapsolo-Super-15000-Puffs-Disposable-Vape-Free-Shipping-4-300x300.webp 300w, https:\/\/www.vapecigwholesale.com\/wp-content\/uploads\/2024\/11\/Vapsolo-Super-15000-Puffs-Disposable-Vape-Free-Shipping-4-150x150.webp 150w, https:\/\/www.vapecigwholesale.com\/wp-content\/uploads\/2024\/11\/Vapsolo-Super-15000-Puffs-Disposable-Vape-Free-Shipping-4-768x768.webp 768w, https:\/\/www.vapecigwholesale.com\/wp-content\/uploads\/2024\/11\/Vapsolo-Super-15000-Puffs-Disposable-Vape-Free-Shipping-4-12x12.webp 12w, https:\/\/www.vapecigwholesale.com\/wp-content\/uploads\/2024\/11\/Vapsolo-Super-15000-Puffs-Disposable-Vape-Free-Shipping-4-575x575.webp 575w, https:\/\/www.vapecigwholesale.com\/wp-content\/uploads\/2024\/11\/Vapsolo-Super-15000-Puffs-Disposable-Vape-Free-Shipping-4-380x380.webp 380w, https:\/\/www.vapecigwholesale.com\/wp-content\/uploads\/2024\/11\/Vapsolo-Super-15000-Puffs-Disposable-Vape-Free-Shipping-4-50x50.webp 50w, https:\/\/www.vapecigwholesale.com\/wp-content\/uploads\/2024\/11\/Vapsolo-Super-15000-Puffs-Disposable-Vape-Free-Shipping-4-26x26.webp 26w, https:\/\/www.vapecigwholesale.com\/wp-content\/uploads\/2024\/11\/Vapsolo-Super-15000-Puffs-Disposable-Vape-Free-Shipping-4-420x420.webp 420w, https:\/\/www.vapecigwholesale.com\/wp-content\/uploads\/2024\/11\/Vapsolo-Super-15000-Puffs-Disposable-Vape-Free-Shipping-4-100x100.webp 100w, https:\/\/www.vapecigwholesale.com\/wp-content\/uploads\/2024\/11\/Vapsolo-Super-15000-Puffs-Disposable-Vape-Free-Shipping-4-80x80.webp 80w\" sizes=\"(max-width: 800px) 100vw, 800px\" \/><\/p>\n<p><img decoding=\"async\" class=\"alignnone wp-image-896 size-full\" title=\"Vapsolo Super 15000 Puffs Vape jetable Free Shipping 3\" src=\"https:\/\/www.vapecigwholesale.com\/wp-content\/uploads\/2024\/11\/Vapsolo-Super-15000-Puffs-Disposable-Vape-Free-Shipping-3.webp\" alt=\"Vapsolo Super 15000 Puffs Vape jetable Free Shipping 3\" width=\"800\" height=\"800\" srcset=\"https:\/\/www.vapecigwholesale.com\/wp-content\/uploads\/2024\/11\/Vapsolo-Super-15000-Puffs-Disposable-Vape-Free-Shipping-3.webp 800w, https:\/\/www.vapecigwholesale.com\/wp-content\/uploads\/2024\/11\/Vapsolo-Super-15000-Puffs-Disposable-Vape-Free-Shipping-3-300x300.webp 300w, https:\/\/www.vapecigwholesale.com\/wp-content\/uploads\/2024\/11\/Vapsolo-Super-15000-Puffs-Disposable-Vape-Free-Shipping-3-150x150.webp 150w, https:\/\/www.vapecigwholesale.com\/wp-content\/uploads\/2024\/11\/Vapsolo-Super-15000-Puffs-Disposable-Vape-Free-Shipping-3-768x768.webp 768w, https:\/\/www.vapecigwholesale.com\/wp-content\/uploads\/2024\/11\/Vapsolo-Super-15000-Puffs-Disposable-Vape-Free-Shipping-3-12x12.webp 12w, https:\/\/www.vapecigwholesale.com\/wp-content\/uploads\/2024\/11\/Vapsolo-Super-15000-Puffs-Disposable-Vape-Free-Shipping-3-575x575.webp 575w, https:\/\/www.vapecigwholesale.com\/wp-content\/uploads\/2024\/11\/Vapsolo-Super-15000-Puffs-Disposable-Vape-Free-Shipping-3-380x380.webp 380w, https:\/\/www.vapecigwholesale.com\/wp-content\/uploads\/2024\/11\/Vapsolo-Super-15000-Puffs-Disposable-Vape-Free-Shipping-3-50x50.webp 50w, https:\/\/www.vapecigwholesale.com\/wp-content\/uploads\/2024\/11\/Vapsolo-Super-15000-Puffs-Disposable-Vape-Free-Shipping-3-26x26.webp 26w, https:\/\/www.vapecigwholesale.com\/wp-content\/uploads\/2024\/11\/Vapsolo-Super-15000-Puffs-Disposable-Vape-Free-Shipping-3-420x420.webp 420w, https:\/\/www.vapecigwholesale.com\/wp-content\/uploads\/2024\/11\/Vapsolo-Super-15000-Puffs-Disposable-Vape-Free-Shipping-3-100x100.webp 100w, https:\/\/www.vapecigwholesale.com\/wp-content\/uploads\/2024\/11\/Vapsolo-Super-15000-Puffs-Disposable-Vape-Free-Shipping-3-80x80.webp 80w\" sizes=\"(max-width: 800px) 100vw, 800px\" \/><\/p>\n<p><img loading=\"lazy\" decoding=\"async\" class=\"alignnone wp-image-894 size-full\" title=\"Vapsolo Super 15000 bouff\u00e9es Vape jetable Livraison gratuite 1\" src=\"https:\/\/www.vapecigwholesale.com\/wp-content\/uploads\/2024\/11\/Vapsolo-Super-15000-Puffs-Disposable-Vape-Free-Shipping-1.webp\" alt=\"Vapsolo Super 15000 bouff\u00e9es Vape jetable Livraison gratuite 1\" width=\"800\" height=\"800\" srcset=\"https:\/\/www.vapecigwholesale.com\/wp-content\/uploads\/2024\/11\/Vapsolo-Super-15000-Puffs-Disposable-Vape-Free-Shipping-1.webp 800w, https:\/\/www.vapecigwholesale.com\/wp-content\/uploads\/2024\/11\/Vapsolo-Super-15000-Puffs-Disposable-Vape-Free-Shipping-1-300x300.webp 300w, https:\/\/www.vapecigwholesale.com\/wp-content\/uploads\/2024\/11\/Vapsolo-Super-15000-Puffs-Disposable-Vape-Free-Shipping-1-150x150.webp 150w, https:\/\/www.vapecigwholesale.com\/wp-content\/uploads\/2024\/11\/Vapsolo-Super-15000-Puffs-Disposable-Vape-Free-Shipping-1-768x768.webp 768w, https:\/\/www.vapecigwholesale.com\/wp-content\/uploads\/2024\/11\/Vapsolo-Super-15000-Puffs-Disposable-Vape-Free-Shipping-1-12x12.webp 12w, https:\/\/www.vapecigwholesale.com\/wp-content\/uploads\/2024\/11\/Vapsolo-Super-15000-Puffs-Disposable-Vape-Free-Shipping-1-575x575.webp 575w, https:\/\/www.vapecigwholesale.com\/wp-content\/uploads\/2024\/11\/Vapsolo-Super-15000-Puffs-Disposable-Vape-Free-Shipping-1-380x380.webp 380w, https:\/\/www.vapecigwholesale.com\/wp-content\/uploads\/2024\/11\/Vapsolo-Super-15000-Puffs-Disposable-Vape-Free-Shipping-1-50x50.webp 50w, https:\/\/www.vapecigwholesale.com\/wp-content\/uploads\/2024\/11\/Vapsolo-Super-15000-Puffs-Disposable-Vape-Free-Shipping-1-26x26.webp 26w, https:\/\/www.vapecigwholesale.com\/wp-content\/uploads\/2024\/11\/Vapsolo-Super-15000-Puffs-Disposable-Vape-Free-Shipping-1-420x420.webp 420w, https:\/\/www.vapecigwholesale.com\/wp-content\/uploads\/2024\/11\/Vapsolo-Super-15000-Puffs-Disposable-Vape-Free-Shipping-1-100x100.webp 100w, https:\/\/www.vapecigwholesale.com\/wp-content\/uploads\/2024\/11\/Vapsolo-Super-15000-Puffs-Disposable-Vape-Free-Shipping-1-80x80.webp 80w\" sizes=\"(max-width: 800px) 100vw, 800px\" \/><\/p>\n<p>&nbsp;<\/p>\n<p>&nbsp;<\/p>\n<p>&nbsp;<\/p>","protected":false},"excerpt":{"rendered":"<p>Prix pour 1 pi\u00e8ce seulement Livraison gratuite<\/p>\n<p>(<strong>2%, 5% Nic<\/strong>)\u00a0 <strong>D\u00e9lai d'exp\u00e9dition : 2 semaines<\/strong><\/p>","protected":false},"featured_media":932,"comment_status":"open","ping_status":"closed","template":"","meta":{"om_disable_all_campaigns":false,"_monsterinsights_skip_tracking":false,"_monsterinsights_sitenote_active":false,"_monsterinsights_sitenote_note":"","_monsterinsights_sitenote_category":0},"product_brand":[],"product_cat":[15],"product_tag":[],"class_list":{"0":"post-915","1":"product","2":"type-product","3":"status-publish","4":"has-post-thumbnail","6":"product_cat-disposable-vape","8":"first","9":"instock","10":"featured","11":"shipping-taxable","12":"purchasable","13":"product-type-variable","14":"has-default-attributes"},"aioseo_notices":[],"_links":{"self":[{"href":"https:\/\/www.vapecigwholesale.com\/fr\/wp-json\/wp\/v2\/product\/915","targetHints":{"allow":["GET"]}}],"collection":[{"href":"https:\/\/www.vapecigwholesale.com\/fr\/wp-json\/wp\/v2\/product"}],"about":[{"href":"https:\/\/www.vapecigwholesale.com\/fr\/wp-json\/wp\/v2\/types\/product"}],"replies":[{"embeddable":true,"href":"https:\/\/www.vapecigwholesale.com\/fr\/wp-json\/wp\/v2\/comments?post=915"}],"wp:featuredmedia":[{"embeddable":true,"href":"https:\/\/www.vapecigwholesale.com\/fr\/wp-json\/wp\/v2\/media\/932"}],"wp:attachment":[{"href":"https:\/\/www.vapecigwholesale.com\/fr\/wp-json\/wp\/v2\/media?parent=915"}],"wp:term":[{"taxonomy":"product_brand","embeddable":true,"href":"https:\/\/www.vapecigwholesale.com\/fr\/wp-json\/wp\/v2\/product_brand?post=915"},{"taxonomy":"product_cat","embeddable":true,"href":"https:\/\/www.vapecigwholesale.com\/fr\/wp-json\/wp\/v2\/product_cat?post=915"},{"taxonomy":"product_tag","embeddable":true,"href":"https:\/\/www.vapecigwholesale.com\/fr\/wp-json\/wp\/v2\/product_tag?post=915"}],"curies":[{"name":"wp","href":"https:\/\/api.w.org\/{rel}","templated":true}]}}