{"id":947,"date":"2024-11-13T11:08:22","date_gmt":"2024-11-13T03:08:22","guid":{"rendered":"https:\/\/www.vapecigwholesale.com\/?post_type=product&#038;p=947"},"modified":"2025-09-22T14:02:38","modified_gmt":"2025-09-22T06:02:38","slug":"bang-king-25000-puffs-two-pods-disposable-vape-free-shipping","status":"publish","type":"product","link":"https:\/\/www.vapecigwholesale.com\/fr\/product\/bang-king-25000-puffs-two-pods-disposable-vape-free-shipping\/","title":{"rendered":"Bang King 25000 Puffs Two Pods Disposable vape Free Shipping"},"content":{"rendered":"<p>Bang King 25000 Puffs Vape jetable o\u00f9 la commodit\u00e9 rencontre l'innovation de pointe. Avec une puissante batterie de 650mAh et deux r\u00e9servoirs de liquide de grande capacit\u00e9 de 23 millilitres, cet appareil promet une exp\u00e9rience de vapotage robuste et durable. Fabriqu\u00e9 par la c\u00e9l\u00e8bre marque Bang King, il garantit un voyage exceptionnel dans le plaisir de la vaporisation avec une large s\u00e9lection de saveurs all\u00e9chantes.<\/p>\n<p>Bang King 25000 bouff\u00e9es \u00c9quip\u00e9e de deux chambres \u00e0 liquide expansible de 23 millilitres, soit un total impressionnant de 46 millilitres, cette vape jetable garantit des sessions de vapotage prolong\u00e9es sans avoir \u00e0 se pr\u00e9occuper des remplissages fr\u00e9quents. Profitez de bouff\u00e9es ininterrompues gr\u00e2ce \u00e0 sa grande capacit\u00e9, garantissant un plaisir durable et des interruptions minimales.<\/p>\n<h2><strong>Bang King 25000 Puffs D\u00e9tails :<\/strong><\/h2>\n<ul>\n<li>Pratique et facile \u00e0 utiliser gr\u00e2ce \u00e0 l'activation automatique de l'inhalation<\/li>\n<li>Batterie : 650mah rechargeable<\/li>\n<li>E-liquide pr\u00e9-rempli de 46mL (2 PODS,23ml+23ml)<\/li>\n<li>Atteindre jusqu'\u00e0 25 000 bouff\u00e9es<\/li>\n<li>1.0 ohm Mesh Coil<\/li>\n<li>0%, 2%, 3%, 5% Teneur en nicotine<\/li>\n<li>Port de charge de type C<\/li>\n<\/ul>\n<h2><strong>Bang King 25000 Puffs Saveurs disponibles\uff1a<\/strong><\/h2>\n<ol>\n<li>Glace Blue Razz<\/li>\n<li>Glace \u00e0 la p\u00eache juteuse<\/li>\n<li>Glace \u00e0 la past\u00e8que<\/li>\n<li>Fraise et banane<\/li>\n<li>Past\u00e8que \u00e0 la fraise<\/li>\n<li>Glace \u00e0 la pomme acide<\/li>\n<li>Glace aux trois baies<\/li>\n<li>Fruits tropicaux<\/li>\n<li>Glace de raisin<\/li>\n<li>P\u00eache Mangue<\/li>\n<li>Fraise Mangue<\/li>\n<li>Bombe \u00e0 la cerise<\/li>\n<\/ol>\n<h2><strong>Liste d'emballage :<\/strong><\/h2>\n<p>1pcs chaque petite bo\u00eete<br \/>\n10 pi\u00e8ces par bo\u00eete centrale<br \/>\n200pcs par carton<\/p>\n<p>&nbsp;<\/p>\n<p><img fetchpriority=\"high\" decoding=\"async\" class=\"alignnone wp-image-933 size-full\" title=\"Bang King 25000 Puffs Double Pods Jetable vape Free Shipping 1\" src=\"https:\/\/www.vapecigwholesale.com\/wp-content\/uploads\/2024\/11\/Bang-King-25000-Puffs-Double-Pods-Disposable-vape-Free-Shipping-1.webp\" alt=\"Bang King 25000 Puffs Double Pods Jetable vape Free Shipping 1\" width=\"800\" height=\"800\" srcset=\"https:\/\/www.vapecigwholesale.com\/wp-content\/uploads\/2024\/11\/Bang-King-25000-Puffs-Double-Pods-Disposable-vape-Free-Shipping-1.webp 800w, https:\/\/www.vapecigwholesale.com\/wp-content\/uploads\/2024\/11\/Bang-King-25000-Puffs-Double-Pods-Disposable-vape-Free-Shipping-1-300x300.webp 300w, https:\/\/www.vapecigwholesale.com\/wp-content\/uploads\/2024\/11\/Bang-King-25000-Puffs-Double-Pods-Disposable-vape-Free-Shipping-1-150x150.webp 150w, https:\/\/www.vapecigwholesale.com\/wp-content\/uploads\/2024\/11\/Bang-King-25000-Puffs-Double-Pods-Disposable-vape-Free-Shipping-1-768x768.webp 768w, https:\/\/www.vapecigwholesale.com\/wp-content\/uploads\/2024\/11\/Bang-King-25000-Puffs-Double-Pods-Disposable-vape-Free-Shipping-1-12x12.webp 12w, https:\/\/www.vapecigwholesale.com\/wp-content\/uploads\/2024\/11\/Bang-King-25000-Puffs-Double-Pods-Disposable-vape-Free-Shipping-1-575x575.webp 575w, https:\/\/www.vapecigwholesale.com\/wp-content\/uploads\/2024\/11\/Bang-King-25000-Puffs-Double-Pods-Disposable-vape-Free-Shipping-1-380x380.webp 380w, https:\/\/www.vapecigwholesale.com\/wp-content\/uploads\/2024\/11\/Bang-King-25000-Puffs-Double-Pods-Disposable-vape-Free-Shipping-1-50x50.webp 50w, https:\/\/www.vapecigwholesale.com\/wp-content\/uploads\/2024\/11\/Bang-King-25000-Puffs-Double-Pods-Disposable-vape-Free-Shipping-1-26x26.webp 26w, https:\/\/www.vapecigwholesale.com\/wp-content\/uploads\/2024\/11\/Bang-King-25000-Puffs-Double-Pods-Disposable-vape-Free-Shipping-1-420x420.webp 420w, https:\/\/www.vapecigwholesale.com\/wp-content\/uploads\/2024\/11\/Bang-King-25000-Puffs-Double-Pods-Disposable-vape-Free-Shipping-1-100x100.webp 100w, https:\/\/www.vapecigwholesale.com\/wp-content\/uploads\/2024\/11\/Bang-King-25000-Puffs-Double-Pods-Disposable-vape-Free-Shipping-1-80x80.webp 80w\" sizes=\"(max-width: 800px) 100vw, 800px\" \/><\/p>","protected":false},"excerpt":{"rendered":"<p>Prix pour 1 pi\u00e8ce seulement Livraison gratuite<\/p>\n<p>(<strong>0%\uff0c2%\uff0c3%\uff0c5% Nic<\/strong>)\u00a0 <strong>D\u00e9lai d'exp\u00e9dition : 2 semaines<\/strong><\/p>","protected":false},"featured_media":1051,"comment_status":"open","ping_status":"closed","template":"","meta":{"om_disable_all_campaigns":false,"_monsterinsights_skip_tracking":false,"_monsterinsights_sitenote_active":false,"_monsterinsights_sitenote_note":"","_monsterinsights_sitenote_category":0},"product_brand":[],"product_cat":[15],"product_tag":[],"class_list":{"0":"post-947","1":"product","2":"type-product","3":"status-publish","4":"has-post-thumbnail","6":"product_cat-disposable-vape","8":"first","9":"instock","10":"sale","11":"featured","12":"shipping-taxable","13":"purchasable","14":"product-type-variable","15":"has-default-attributes"},"aioseo_notices":[],"_links":{"self":[{"href":"https:\/\/www.vapecigwholesale.com\/fr\/wp-json\/wp\/v2\/product\/947","targetHints":{"allow":["GET"]}}],"collection":[{"href":"https:\/\/www.vapecigwholesale.com\/fr\/wp-json\/wp\/v2\/product"}],"about":[{"href":"https:\/\/www.vapecigwholesale.com\/fr\/wp-json\/wp\/v2\/types\/product"}],"replies":[{"embeddable":true,"href":"https:\/\/www.vapecigwholesale.com\/fr\/wp-json\/wp\/v2\/comments?post=947"}],"wp:featuredmedia":[{"embeddable":true,"href":"https:\/\/www.vapecigwholesale.com\/fr\/wp-json\/wp\/v2\/media\/1051"}],"wp:attachment":[{"href":"https:\/\/www.vapecigwholesale.com\/fr\/wp-json\/wp\/v2\/media?parent=947"}],"wp:term":[{"taxonomy":"product_brand","embeddable":true,"href":"https:\/\/www.vapecigwholesale.com\/fr\/wp-json\/wp\/v2\/product_brand?post=947"},{"taxonomy":"product_cat","embeddable":true,"href":"https:\/\/www.vapecigwholesale.com\/fr\/wp-json\/wp\/v2\/product_cat?post=947"},{"taxonomy":"product_tag","embeddable":true,"href":"https:\/\/www.vapecigwholesale.com\/fr\/wp-json\/wp\/v2\/product_tag?post=947"}],"curies":[{"name":"wp","href":"https:\/\/api.w.org\/{rel}","templated":true}]}}