{"id":993,"date":"2024-11-12T12:13:17","date_gmt":"2024-11-12T04:13:17","guid":{"rendered":"https:\/\/www.vapecigwholesale.com\/?post_type=product&#038;p=993"},"modified":"2025-09-22T14:03:28","modified_gmt":"2025-09-22T06:03:28","slug":"elf-box-digital-12000-puffs-disposable-vape-free-shipping","status":"publish","type":"product","link":"https:\/\/www.vapecigwholesale.com\/fr\/product\/elf-box-digital-12000-puffs-disposable-vape-free-shipping\/","title":{"rendered":"ELF Box Digital 12000 Puffs Vape jetable Livraison gratuite"},"content":{"rendered":"<p>ELF Box Digital 12000 Puffs Led Display Disposable E-Cigarettes, un appareil de haute performance con\u00e7u pour les vapoteurs qui recherchent \u00e0 la fois la qualit\u00e9 et la commodit\u00e9. Avec une capacit\u00e9 impressionnante de 12000 bouff\u00e9es, cette e-cigarette jetable garantit un plaisir prolong\u00e9 sans remplacements fr\u00e9quents.<\/p>\n<p>ELF Box Digital 12000 bouff\u00e9es \u00c9quip\u00e9 d'un coil mesh avanc\u00e9 \u00e0 0,8 ohms, chaque bouff\u00e9e d\u00e9livre une vapeur douce et savoureuse. La g\u00e9n\u00e9reuse capacit\u00e9 de 25 ml d'e-liquide permet des sessions de vapotage prolong\u00e9es, ce qui vous donne l'occasion de savourer vos saveurs pr\u00e9f\u00e9r\u00e9es.<\/p>\n<p>ELF Box Digital 12000 bouff\u00e9es Personnalisez votre exp\u00e9rience avec une gamme de taux de nicotine : 2%, 3% et 5%. Cette vari\u00e9t\u00e9 vous permet de trouver l'\u00e9quilibre parfait en fonction de vos pr\u00e9f\u00e9rences. Aliment\u00e9e par une batterie durable de 13350-500mAh, l'Elf Box DG 12000 offre des performances durables, et le port rechargeable Type-C assure une recharge rapide et efficace.<\/p>\n<p>L'\u00e9cran LED int\u00e9gr\u00e9 de la ELF Box Digital 12000 bouff\u00e9es fournit des informations en temps r\u00e9el sur les param\u00e8tres de vapotage et la dur\u00e9e de vie de la batterie, garantissant une exp\u00e9rience de vapotage fluide et inform\u00e9e. Pesant seulement 82g, cette e-cigarette est l\u00e9g\u00e8re et portable, ce qui la rend parfaite pour fumer en voyage.<\/p>\n<h2><strong>ELF Box Digital 12000 Puffs D\u00e9tails :<\/strong><\/h2>\n<ul>\n<li>Bouff\u00e9es : 12000 bouff\u00e9es<\/li>\n<li>Noyau : Bobine en maille 0,8 ohm<\/li>\n<li>E-liquide:25 ml<\/li>\n<li>Batterie : 13350-500 mah<\/li>\n<li>Nicotine : 2%\/3%\/5%<\/li>\n<li>Rechargeable:Type-C<\/li>\n<li>Affichage num\u00e9rique\uff1aEquilibre et \u00e9lectricit\u00e9<\/li>\n<li>Taille du produit : 30*57*101mm<\/li>\n<li>Taille du carton : 615*223*330mm<\/li>\n<\/ul>\n<h2><strong>ELF Box Digital 12000 Puffs Saveurs disponibles :<\/strong><\/h2>\n<ol>\n<li>Glace \u00e0 la m\u00fbre<\/li>\n<li>Glace Blue Razz<\/li>\n<li>Myrtille framboise acidul\u00e9e<\/li>\n<li>Cola \u00e0 la cerise<\/li>\n<li>Melon \u00e0 la noix de coco<\/li>\n<li>Double pomme<\/li>\n<li>Glace de raisin<\/li>\n<li>Kiwi Fruit de la passion<\/li>\n<li>Glace \u00e0 la mangue<\/li>\n<li>M\u00e9lange de fruits<\/li>\n<li>M. Bleu<\/li>\n<li>P\u00eache et baies<\/li>\n<li>Glace \u00e0 la p\u00eache<\/li>\n<li>Fraise et banane<\/li>\n<li>Explosion de fraises<\/li>\n<li>Glace \u00e0 la fraise<\/li>\n<li>Fraise Kiwi<\/li>\n<li>Past\u00e8que \u00e0 la fraise<\/li>\n<li>Past\u00e8que Bubblegum<\/li>\n<li>Glace \u00e0 la past\u00e8que<\/li>\n<\/ol>\n<h2><strong>Liste d'emballage :<\/strong><\/h2>\n<p>1pcs chaque petite bo\u00eete<br \/>\n10 pi\u00e8ces par bo\u00eete centrale<br \/>\n200pcs par carton<\/p>\n<p><img fetchpriority=\"high\" decoding=\"async\" class=\"alignnone wp-image-966 size-full\" title=\"ELF Box Digital 12000 bouff\u00e9es Vape jetable Livraison gratuite 1\" src=\"https:\/\/www.vapecigwholesale.com\/wp-content\/uploads\/2024\/11\/ELF-Box-Digital-12000-Puffs-Disposable-Vape-Free-Shipping-1.webp\" alt=\"ELF Box Digital 12000 bouff\u00e9es Vape jetable Livraison gratuite 1\" width=\"800\" height=\"451\" srcset=\"https:\/\/www.vapecigwholesale.com\/wp-content\/uploads\/2024\/11\/ELF-Box-Digital-12000-Puffs-Disposable-Vape-Free-Shipping-1.webp 800w, https:\/\/www.vapecigwholesale.com\/wp-content\/uploads\/2024\/11\/ELF-Box-Digital-12000-Puffs-Disposable-Vape-Free-Shipping-1-300x169.webp 300w, https:\/\/www.vapecigwholesale.com\/wp-content\/uploads\/2024\/11\/ELF-Box-Digital-12000-Puffs-Disposable-Vape-Free-Shipping-1-768x433.webp 768w, https:\/\/www.vapecigwholesale.com\/wp-content\/uploads\/2024\/11\/ELF-Box-Digital-12000-Puffs-Disposable-Vape-Free-Shipping-1-18x10.webp 18w, https:\/\/www.vapecigwholesale.com\/wp-content\/uploads\/2024\/11\/ELF-Box-Digital-12000-Puffs-Disposable-Vape-Free-Shipping-1-575x324.webp 575w, https:\/\/www.vapecigwholesale.com\/wp-content\/uploads\/2024\/11\/ELF-Box-Digital-12000-Puffs-Disposable-Vape-Free-Shipping-1-380x214.webp 380w, https:\/\/www.vapecigwholesale.com\/wp-content\/uploads\/2024\/11\/ELF-Box-Digital-12000-Puffs-Disposable-Vape-Free-Shipping-1-80x45.webp 80w\" sizes=\"(max-width: 800px) 100vw, 800px\" \/><\/p>\n<p><img decoding=\"async\" class=\"wp-image-967 size-full\" title=\"ELF Box Digital 12000 bouff\u00e9es Vape jetable Livraison gratuite 2\" src=\"https:\/\/www.vapecigwholesale.com\/wp-content\/uploads\/2024\/11\/ELF-Box-Digital-12000-Puffs-Disposable-Vape-Free-Shipping-2.webp\" alt=\"ELF Box Digital 12000 bouff\u00e9es Vape jetable Livraison gratuite 2\" width=\"800\" height=\"448\" srcset=\"https:\/\/www.vapecigwholesale.com\/wp-content\/uploads\/2024\/11\/ELF-Box-Digital-12000-Puffs-Disposable-Vape-Free-Shipping-2.webp 800w, https:\/\/www.vapecigwholesale.com\/wp-content\/uploads\/2024\/11\/ELF-Box-Digital-12000-Puffs-Disposable-Vape-Free-Shipping-2-300x168.webp 300w, https:\/\/www.vapecigwholesale.com\/wp-content\/uploads\/2024\/11\/ELF-Box-Digital-12000-Puffs-Disposable-Vape-Free-Shipping-2-768x430.webp 768w, https:\/\/www.vapecigwholesale.com\/wp-content\/uploads\/2024\/11\/ELF-Box-Digital-12000-Puffs-Disposable-Vape-Free-Shipping-2-18x10.webp 18w, https:\/\/www.vapecigwholesale.com\/wp-content\/uploads\/2024\/11\/ELF-Box-Digital-12000-Puffs-Disposable-Vape-Free-Shipping-2-575x322.webp 575w, https:\/\/www.vapecigwholesale.com\/wp-content\/uploads\/2024\/11\/ELF-Box-Digital-12000-Puffs-Disposable-Vape-Free-Shipping-2-380x213.webp 380w, https:\/\/www.vapecigwholesale.com\/wp-content\/uploads\/2024\/11\/ELF-Box-Digital-12000-Puffs-Disposable-Vape-Free-Shipping-2-80x45.webp 80w\" sizes=\"(max-width: 800px) 100vw, 800px\" \/><\/p>\n<p><img decoding=\"async\" class=\"wp-image-968 size-full\" title=\"ELF Box Digital 12000 bouff\u00e9es Vape jetable Livraison gratuite 3\" src=\"https:\/\/www.vapecigwholesale.com\/wp-content\/uploads\/2024\/11\/ELF-Box-Digital-12000-Puffs-Disposable-Vape-Free-Shipping-3.webp\" alt=\"ELF Box Digital 12000 bouff\u00e9es Vape jetable Livraison gratuite 3\" width=\"800\" height=\"800\" srcset=\"https:\/\/www.vapecigwholesale.com\/wp-content\/uploads\/2024\/11\/ELF-Box-Digital-12000-Puffs-Disposable-Vape-Free-Shipping-3.webp 800w, https:\/\/www.vapecigwholesale.com\/wp-content\/uploads\/2024\/11\/ELF-Box-Digital-12000-Puffs-Disposable-Vape-Free-Shipping-3-300x300.webp 300w, https:\/\/www.vapecigwholesale.com\/wp-content\/uploads\/2024\/11\/ELF-Box-Digital-12000-Puffs-Disposable-Vape-Free-Shipping-3-150x150.webp 150w, https:\/\/www.vapecigwholesale.com\/wp-content\/uploads\/2024\/11\/ELF-Box-Digital-12000-Puffs-Disposable-Vape-Free-Shipping-3-768x768.webp 768w, https:\/\/www.vapecigwholesale.com\/wp-content\/uploads\/2024\/11\/ELF-Box-Digital-12000-Puffs-Disposable-Vape-Free-Shipping-3-12x12.webp 12w, https:\/\/www.vapecigwholesale.com\/wp-content\/uploads\/2024\/11\/ELF-Box-Digital-12000-Puffs-Disposable-Vape-Free-Shipping-3-575x575.webp 575w, https:\/\/www.vapecigwholesale.com\/wp-content\/uploads\/2024\/11\/ELF-Box-Digital-12000-Puffs-Disposable-Vape-Free-Shipping-3-380x380.webp 380w, https:\/\/www.vapecigwholesale.com\/wp-content\/uploads\/2024\/11\/ELF-Box-Digital-12000-Puffs-Disposable-Vape-Free-Shipping-3-50x50.webp 50w, https:\/\/www.vapecigwholesale.com\/wp-content\/uploads\/2024\/11\/ELF-Box-Digital-12000-Puffs-Disposable-Vape-Free-Shipping-3-26x26.webp 26w, https:\/\/www.vapecigwholesale.com\/wp-content\/uploads\/2024\/11\/ELF-Box-Digital-12000-Puffs-Disposable-Vape-Free-Shipping-3-420x420.webp 420w, https:\/\/www.vapecigwholesale.com\/wp-content\/uploads\/2024\/11\/ELF-Box-Digital-12000-Puffs-Disposable-Vape-Free-Shipping-3-100x100.webp 100w, https:\/\/www.vapecigwholesale.com\/wp-content\/uploads\/2024\/11\/ELF-Box-Digital-12000-Puffs-Disposable-Vape-Free-Shipping-3-80x80.webp 80w\" sizes=\"(max-width: 800px) 100vw, 800px\" \/><\/p>","protected":false},"excerpt":{"rendered":"<p>Prix pour 1 pi\u00e8ce seulement Livraison gratuite<\/p>\n<p>(2%\uff0c3%\uff0c5% Nic)\u00a0 <strong>D\u00e9lai d'exp\u00e9dition : 2 semaines<\/strong><\/p>","protected":false},"featured_media":972,"comment_status":"open","ping_status":"closed","template":"","meta":{"om_disable_all_campaigns":false,"_monsterinsights_skip_tracking":false,"_monsterinsights_sitenote_active":false,"_monsterinsights_sitenote_note":"","_monsterinsights_sitenote_category":0},"product_brand":[],"product_cat":[15],"product_tag":[],"class_list":{"0":"post-993","1":"product","2":"type-product","3":"status-publish","4":"has-post-thumbnail","6":"product_cat-disposable-vape","8":"first","9":"instock","10":"sale","11":"featured","12":"shipping-taxable","13":"purchasable","14":"product-type-variable","15":"has-default-attributes"},"aioseo_notices":[],"_links":{"self":[{"href":"https:\/\/www.vapecigwholesale.com\/fr\/wp-json\/wp\/v2\/product\/993","targetHints":{"allow":["GET"]}}],"collection":[{"href":"https:\/\/www.vapecigwholesale.com\/fr\/wp-json\/wp\/v2\/product"}],"about":[{"href":"https:\/\/www.vapecigwholesale.com\/fr\/wp-json\/wp\/v2\/types\/product"}],"replies":[{"embeddable":true,"href":"https:\/\/www.vapecigwholesale.com\/fr\/wp-json\/wp\/v2\/comments?post=993"}],"wp:featuredmedia":[{"embeddable":true,"href":"https:\/\/www.vapecigwholesale.com\/fr\/wp-json\/wp\/v2\/media\/972"}],"wp:attachment":[{"href":"https:\/\/www.vapecigwholesale.com\/fr\/wp-json\/wp\/v2\/media?parent=993"}],"wp:term":[{"taxonomy":"product_brand","embeddable":true,"href":"https:\/\/www.vapecigwholesale.com\/fr\/wp-json\/wp\/v2\/product_brand?post=993"},{"taxonomy":"product_cat","embeddable":true,"href":"https:\/\/www.vapecigwholesale.com\/fr\/wp-json\/wp\/v2\/product_cat?post=993"},{"taxonomy":"product_tag","embeddable":true,"href":"https:\/\/www.vapecigwholesale.com\/fr\/wp-json\/wp\/v2\/product_tag?post=993"}],"curies":[{"name":"wp","href":"https:\/\/api.w.org\/{rel}","templated":true}]}}