{"id":1182,"date":"2024-11-16T17:52:00","date_gmt":"2024-11-16T09:52:00","guid":{"rendered":"https:\/\/www.vapecigwholesale.com\/?post_type=product&#038;p=1182"},"modified":"2025-02-19T14:23:02","modified_gmt":"2025-02-19T06:23:02","slug":"vapsolo-dg-18000-puffs-disposable-vape-free-shipping","status":"publish","type":"product","link":"https:\/\/www.vapecigwholesale.com\/it\/product\/vapsolo-dg-18000-puff-monouso-vape-spedizione-gratuita\/","title":{"rendered":"Vapsolo DG 18000 Puffs Vape usa e getta Spedizione gratuita"},"content":{"rendered":"<p>Vapsolo DG 18000 Puffs \u00e8 un vape monouso all'avanguardia che si pone all'avanguardia dell'innovazione del vaping. Questo prodotto eccezionale \u00e8 stato realizzato per i vapers che esigono sia la convenienza che la qualit\u00e0 premium. Con un'impressionante capacit\u00e0 di 18.000 puff, offre una delle esperienze di svapo pi\u00f9 estese sul mercato, rendendolo una scelta ideale sia per i rivenditori che per i grossisti che desiderano avere in magazzino un prodotto affidabile e ad alte prestazioni.<\/p>\n<p>Vapsolo DG 18000 Puffs \u00e8 un dispositivo di svapo ricaricabile monouso dotato di batteria e display del livello del succo elettronico. Contiene 28 ml di succo elettronico ai sali di nicotina 2%\/5% e consente di svapare fino a 18000 boccate. \u00c8 possibile scegliere tra 10 gusti. \u00c8 dotato di una batteria ricaricabile da 650 mAh, che garantisce un utilizzo duraturo senza compromettere le prestazioni. La parte inferiore del DG18000 \u00e8 dotata di un interruttore per la regolazione del flusso d'aria, che consente agli utenti di personalizzare l'esperienza di svapo in base alle proprie preferenze, sia che preferiscano un tiro pi\u00f9 stretto o un'inalazione pi\u00f9 ariosa.<\/p>\n<p>Vapsolo DG 18000 Puffs \u00e8 dotato di tecnologia mesh coil con una bobina da 0,6\u03a9 che fornisce nuvole consistenti, ricche e morbide, in modo da poter godere della purezza del sapore. \u00c8 come una scatola da svapo compatta e portatile. Per migliorare ulteriormente l'esperienza dell'utente, il DG18000 \u00e8 dotato di un display LCD che monitora i livelli della batteria e dell'e-liquid in tempo reale.<\/p>\n<h2><strong>Vapsolo DG 18000 Puffs Dettagli:<\/strong><\/h2>\n<ul>\n<li>Raggiunge fino a 18000 soffi<\/li>\n<li>28 ml di e-liquido pre-riempito<\/li>\n<li>Batteria ricaricabile da 650 mAh<\/li>\n<li>2%\/5% intensit\u00e0 di nicotina<\/li>\n<li>Bobina a doppia maglia<\/li>\n<li>Design non ricaricabile<\/li>\n<li>Porta di ricarica Type-C<\/li>\n<li>10 gusti disponibili<\/li>\n<\/ul>\n<h2><strong>Vapsolo DG 18000 Puffs Gusti disponibili:<\/strong><\/h2>\n<ol>\n<li>Fragola e banana<\/li>\n<li>Pesca Mango Ananas<\/li>\n<li>Ghiaccio al kiwi e frutto della passione<\/li>\n<li>Mirtillo Ciliegia Mirtillo Rosso<\/li>\n<li>Ghiaccio all'anguria<\/li>\n<li>Limone e lime<\/li>\n<li>Fragola Kiwi<\/li>\n<li>Toro rosso<\/li>\n<li>Anguria fragola di prima scelta<\/li>\n<li>Bacche miste<\/li>\n<\/ol>\n<h2><strong>Elenco degli imballaggi:<\/strong><\/h2>\n<p>1pz ogni scatola piccola<br \/>\n10pz ogni scatola centrale<br \/>\n200 pezzi per cartone<\/p>\n<p><img fetchpriority=\"high\" decoding=\"async\" class=\"wp-image-1169 size-full\" title=\"Vapsolo DG 18000 Puffs usa e getta Vape Spedizione gratuita 3\" src=\"https:\/\/www.vapecigwholesale.com\/wp-content\/uploads\/2024\/11\/Vapsolo-DG-18000-Puffs-Disposable-Vape-Free-Shipping-3.webp\" alt=\"Vapsolo DG 18000 Puffs usa e getta Vape Spedizione gratuita 3\" width=\"800\" height=\"800\" srcset=\"https:\/\/www.vapecigwholesale.com\/wp-content\/uploads\/2024\/11\/Vapsolo-DG-18000-Puffs-Disposable-Vape-Free-Shipping-3.webp 800w, https:\/\/www.vapecigwholesale.com\/wp-content\/uploads\/2024\/11\/Vapsolo-DG-18000-Puffs-Disposable-Vape-Free-Shipping-3-300x300.webp 300w, https:\/\/www.vapecigwholesale.com\/wp-content\/uploads\/2024\/11\/Vapsolo-DG-18000-Puffs-Disposable-Vape-Free-Shipping-3-150x150.webp 150w, https:\/\/www.vapecigwholesale.com\/wp-content\/uploads\/2024\/11\/Vapsolo-DG-18000-Puffs-Disposable-Vape-Free-Shipping-3-768x768.webp 768w, https:\/\/www.vapecigwholesale.com\/wp-content\/uploads\/2024\/11\/Vapsolo-DG-18000-Puffs-Disposable-Vape-Free-Shipping-3-12x12.webp 12w, https:\/\/www.vapecigwholesale.com\/wp-content\/uploads\/2024\/11\/Vapsolo-DG-18000-Puffs-Disposable-Vape-Free-Shipping-3-575x575.webp 575w, https:\/\/www.vapecigwholesale.com\/wp-content\/uploads\/2024\/11\/Vapsolo-DG-18000-Puffs-Disposable-Vape-Free-Shipping-3-380x380.webp 380w, https:\/\/www.vapecigwholesale.com\/wp-content\/uploads\/2024\/11\/Vapsolo-DG-18000-Puffs-Disposable-Vape-Free-Shipping-3-50x50.webp 50w, https:\/\/www.vapecigwholesale.com\/wp-content\/uploads\/2024\/11\/Vapsolo-DG-18000-Puffs-Disposable-Vape-Free-Shipping-3-26x26.webp 26w, https:\/\/www.vapecigwholesale.com\/wp-content\/uploads\/2024\/11\/Vapsolo-DG-18000-Puffs-Disposable-Vape-Free-Shipping-3-420x420.webp 420w, https:\/\/www.vapecigwholesale.com\/wp-content\/uploads\/2024\/11\/Vapsolo-DG-18000-Puffs-Disposable-Vape-Free-Shipping-3-100x100.webp 100w, https:\/\/www.vapecigwholesale.com\/wp-content\/uploads\/2024\/11\/Vapsolo-DG-18000-Puffs-Disposable-Vape-Free-Shipping-3-80x80.webp 80w\" sizes=\"(max-width: 800px) 100vw, 800px\" \/><\/p>\n<p><img decoding=\"async\" class=\"wp-image-1168 size-full\" title=\"Vapsolo DG 18000 Puffs usa e getta Vape Spedizione gratuita 2\" src=\"https:\/\/www.vapecigwholesale.com\/wp-content\/uploads\/2024\/11\/Vapsolo-DG-18000-Puffs-Disposable-Vape-Free-Shipping-2.webp\" alt=\"Vapsolo DG 18000 Puffs usa e getta Vape Spedizione gratuita 2\" width=\"800\" height=\"800\" srcset=\"https:\/\/www.vapecigwholesale.com\/wp-content\/uploads\/2024\/11\/Vapsolo-DG-18000-Puffs-Disposable-Vape-Free-Shipping-2.webp 800w, https:\/\/www.vapecigwholesale.com\/wp-content\/uploads\/2024\/11\/Vapsolo-DG-18000-Puffs-Disposable-Vape-Free-Shipping-2-300x300.webp 300w, https:\/\/www.vapecigwholesale.com\/wp-content\/uploads\/2024\/11\/Vapsolo-DG-18000-Puffs-Disposable-Vape-Free-Shipping-2-150x150.webp 150w, https:\/\/www.vapecigwholesale.com\/wp-content\/uploads\/2024\/11\/Vapsolo-DG-18000-Puffs-Disposable-Vape-Free-Shipping-2-768x768.webp 768w, https:\/\/www.vapecigwholesale.com\/wp-content\/uploads\/2024\/11\/Vapsolo-DG-18000-Puffs-Disposable-Vape-Free-Shipping-2-12x12.webp 12w, https:\/\/www.vapecigwholesale.com\/wp-content\/uploads\/2024\/11\/Vapsolo-DG-18000-Puffs-Disposable-Vape-Free-Shipping-2-575x575.webp 575w, https:\/\/www.vapecigwholesale.com\/wp-content\/uploads\/2024\/11\/Vapsolo-DG-18000-Puffs-Disposable-Vape-Free-Shipping-2-380x380.webp 380w, https:\/\/www.vapecigwholesale.com\/wp-content\/uploads\/2024\/11\/Vapsolo-DG-18000-Puffs-Disposable-Vape-Free-Shipping-2-50x50.webp 50w, https:\/\/www.vapecigwholesale.com\/wp-content\/uploads\/2024\/11\/Vapsolo-DG-18000-Puffs-Disposable-Vape-Free-Shipping-2-26x26.webp 26w, https:\/\/www.vapecigwholesale.com\/wp-content\/uploads\/2024\/11\/Vapsolo-DG-18000-Puffs-Disposable-Vape-Free-Shipping-2-420x420.webp 420w, https:\/\/www.vapecigwholesale.com\/wp-content\/uploads\/2024\/11\/Vapsolo-DG-18000-Puffs-Disposable-Vape-Free-Shipping-2-100x100.webp 100w, https:\/\/www.vapecigwholesale.com\/wp-content\/uploads\/2024\/11\/Vapsolo-DG-18000-Puffs-Disposable-Vape-Free-Shipping-2-80x80.webp 80w\" sizes=\"(max-width: 800px) 100vw, 800px\" \/><\/p>\n<p><img decoding=\"async\" class=\"wp-image-1170 size-full\" title=\"Vapsolo DG 18000 Puffs usa e getta Vape Spedizione gratuita 4\" src=\"https:\/\/www.vapecigwholesale.com\/wp-content\/uploads\/2024\/11\/Vapsolo-DG-18000-Puffs-Disposable-Vape-Free-Shipping-4.webp\" alt=\"Vapsolo DG 18000 Puffs usa e getta Vape Spedizione gratuita 4\" width=\"800\" height=\"1067\" srcset=\"https:\/\/www.vapecigwholesale.com\/wp-content\/uploads\/2024\/11\/Vapsolo-DG-18000-Puffs-Disposable-Vape-Free-Shipping-4.webp 800w, https:\/\/www.vapecigwholesale.com\/wp-content\/uploads\/2024\/11\/Vapsolo-DG-18000-Puffs-Disposable-Vape-Free-Shipping-4-225x300.webp 225w, https:\/\/www.vapecigwholesale.com\/wp-content\/uploads\/2024\/11\/Vapsolo-DG-18000-Puffs-Disposable-Vape-Free-Shipping-4-768x1024.webp 768w, https:\/\/www.vapecigwholesale.com\/wp-content\/uploads\/2024\/11\/Vapsolo-DG-18000-Puffs-Disposable-Vape-Free-Shipping-4-9x12.webp 9w, https:\/\/www.vapecigwholesale.com\/wp-content\/uploads\/2024\/11\/Vapsolo-DG-18000-Puffs-Disposable-Vape-Free-Shipping-4-575x767.webp 575w, https:\/\/www.vapecigwholesale.com\/wp-content\/uploads\/2024\/11\/Vapsolo-DG-18000-Puffs-Disposable-Vape-Free-Shipping-4-380x507.webp 380w, https:\/\/www.vapecigwholesale.com\/wp-content\/uploads\/2024\/11\/Vapsolo-DG-18000-Puffs-Disposable-Vape-Free-Shipping-4-75x100.webp 75w\" sizes=\"(max-width: 800px) 100vw, 800px\" \/><\/p>","protected":false},"excerpt":{"rendered":"<p>Prezzo solo per 1pcs Spedizione gratuita<\/p>\n<p>(<strong>2%, 5% Nic<\/strong>)\u00a0 \u00a0 \u00a0\u00a0<strong>Tempo di spedizione: 2 settimane<\/strong><\/p>","protected":false},"featured_media":1171,"comment_status":"open","ping_status":"closed","template":"","meta":{"om_disable_all_campaigns":false,"_monsterinsights_skip_tracking":false,"_monsterinsights_sitenote_active":false,"_monsterinsights_sitenote_note":"","_monsterinsights_sitenote_category":0},"product_brand":[],"product_cat":[15],"product_tag":[],"class_list":{"0":"post-1182","1":"product","2":"type-product","3":"status-publish","4":"has-post-thumbnail","6":"product_cat-disposable-vape","8":"first","9":"instock","10":"featured","11":"shipping-taxable","12":"purchasable","13":"product-type-variable","14":"has-default-attributes"},"aioseo_notices":[],"_links":{"self":[{"href":"https:\/\/www.vapecigwholesale.com\/it\/wp-json\/wp\/v2\/product\/1182","targetHints":{"allow":["GET"]}}],"collection":[{"href":"https:\/\/www.vapecigwholesale.com\/it\/wp-json\/wp\/v2\/product"}],"about":[{"href":"https:\/\/www.vapecigwholesale.com\/it\/wp-json\/wp\/v2\/types\/product"}],"replies":[{"embeddable":true,"href":"https:\/\/www.vapecigwholesale.com\/it\/wp-json\/wp\/v2\/comments?post=1182"}],"wp:featuredmedia":[{"embeddable":true,"href":"https:\/\/www.vapecigwholesale.com\/it\/wp-json\/wp\/v2\/media\/1171"}],"wp:attachment":[{"href":"https:\/\/www.vapecigwholesale.com\/it\/wp-json\/wp\/v2\/media?parent=1182"}],"wp:term":[{"taxonomy":"product_brand","embeddable":true,"href":"https:\/\/www.vapecigwholesale.com\/it\/wp-json\/wp\/v2\/product_brand?post=1182"},{"taxonomy":"product_cat","embeddable":true,"href":"https:\/\/www.vapecigwholesale.com\/it\/wp-json\/wp\/v2\/product_cat?post=1182"},{"taxonomy":"product_tag","embeddable":true,"href":"https:\/\/www.vapecigwholesale.com\/it\/wp-json\/wp\/v2\/product_tag?post=1182"}],"curies":[{"name":"wp","href":"https:\/\/api.w.org\/{rel}","templated":true}]}}