{"id":1250,"date":"2024-11-18T12:11:02","date_gmt":"2024-11-18T04:11:02","guid":{"rendered":"https:\/\/www.vapecigwholesale.com\/?post_type=product&#038;p=1250"},"modified":"2025-02-19T14:20:24","modified_gmt":"2025-02-19T06:20:24","slug":"bang-king-30k-double-flavors-disposable-vape-free-shipping","status":"publish","type":"product","link":"https:\/\/www.vapecigwholesale.com\/it\/product\/bang-king-30k-doppi-sapori-monouso-vape-spedizione-gratuita\/","title":{"rendered":"Bang king 30k doppio gusto Vape usa e getta Spedizione gratuita"},"content":{"rendered":"<p>Bang king 30k Double Flavors Disposable Vape \u00e8 un dispositivo di alto livello nel mondo delle sigarette elettroniche, con un numero di boccate impressionante che supera la maggior parte delle sigarette usa e getta presenti sul mercato. Questo dispositivo non si limita alla quantit\u00e0 ma anche alla qualit\u00e0, garantendo che ogni boccata sia soddisfacente come la prima. Con la sua notevole capacit\u00e0 di 36 ml di e-liquid e l'innovativa funzione di commutazione a doppio gusto, questa svapata offre versatilit\u00e0 e convenienza in un unico elegante pacchetto.<\/p>\n<p>Il vape monouso Bang king 30k Double Flavors \u00e8 alimentato da un'affidabile batteria ricaricabile da 550 mAh, abbinata a una porta Type-C per una ricarica rapida ed efficiente. Il display digitale LCD del dispositivo vi tiene informati sulla durata della batteria e sui livelli di e-liquid, assicurandovi un'esperienza senza interruzioni e di facile utilizzo. Sia che preferiate una concentrazione di nicotina di 2%, 3% o 5%, Bang King 30000 vi permette di personalizzare la vostra esperienza di svapo in base alle vostre esigenze.<\/p>\n<h2>Bang king 30k Doppio gusto Dettagli:<\/h2>\n<ul>\n<li>Soffi: Fino a 30000 soffi<\/li>\n<li>Liquido: 36 ml Pre-riempito<\/li>\n<li>Doppi sapori<\/li>\n<li>Nicotina: 0% 2% 3% 5%<\/li>\n<li>Nucleo: Bobina a rete da 1,0 ohm<\/li>\n<li>Batteria: 550 mAh ricaricabile di tipo C<\/li>\n<\/ul>\n<h2><strong>Bang 30000 Puffs Doppio gusto disponibile:<\/strong><\/h2>\n<ol>\n<li>Ghiaccio all'anguria e menta al mirtillo<\/li>\n<li>Ghiaccio all'anguria e fragola e mango<\/li>\n<li>Fragola Anguria e Kiwi Frutto della passione Guava<\/li>\n<li>Ghiaccio alla fragola e all'anguria e all'uva<\/li>\n<li>Ghiaccio al mirtillo e ghiaccio al drago nero<\/li>\n<li>Ghiaccio al mirtillo, fragola e banana<\/li>\n<li>Red Bull e anguria al mirtillo<\/li>\n<li>Red Bull e caramelle a bolle d'aria all'anguria<\/li>\n<li>Mirtillo Lampone e Pesca Mango Anguria<\/li>\n<li>Mirtilli, lamponi e frutta mista<\/li>\n<li>Ghiaccio alla fragola, kiwi e pesca<\/li>\n<li>Kiwi alla fragola e lampone alla mela acida<\/li>\n<\/ol>\n<h2><strong>Elenco degli imballaggi:<\/strong><\/h2>\n<p>1pz ogni scatola piccola<br \/>\n10pz ogni scatola centrale<br \/>\n200 pezzi per cartone<\/p>\n<p><img fetchpriority=\"high\" decoding=\"async\" class=\"alignnone wp-image-1236 size-full\" title=\"Bang king 30k doppi sapori monouso Vape Spedizione gratuita 7\" src=\"https:\/\/www.vapecigwholesale.com\/wp-content\/uploads\/2024\/11\/Bang-king-30k-Double-Flavors-Disposable-Vape-Free-Shipping-7.webp\" alt=\"Bang king 30k doppi sapori monouso Vape Spedizione gratuita 7\" width=\"800\" height=\"800\" srcset=\"https:\/\/www.vapecigwholesale.com\/wp-content\/uploads\/2024\/11\/Bang-king-30k-Double-Flavors-Disposable-Vape-Free-Shipping-7.webp 800w, https:\/\/www.vapecigwholesale.com\/wp-content\/uploads\/2024\/11\/Bang-king-30k-Double-Flavors-Disposable-Vape-Free-Shipping-7-300x300.webp 300w, https:\/\/www.vapecigwholesale.com\/wp-content\/uploads\/2024\/11\/Bang-king-30k-Double-Flavors-Disposable-Vape-Free-Shipping-7-150x150.webp 150w, https:\/\/www.vapecigwholesale.com\/wp-content\/uploads\/2024\/11\/Bang-king-30k-Double-Flavors-Disposable-Vape-Free-Shipping-7-768x768.webp 768w, https:\/\/www.vapecigwholesale.com\/wp-content\/uploads\/2024\/11\/Bang-king-30k-Double-Flavors-Disposable-Vape-Free-Shipping-7-12x12.webp 12w, https:\/\/www.vapecigwholesale.com\/wp-content\/uploads\/2024\/11\/Bang-king-30k-Double-Flavors-Disposable-Vape-Free-Shipping-7-575x575.webp 575w, https:\/\/www.vapecigwholesale.com\/wp-content\/uploads\/2024\/11\/Bang-king-30k-Double-Flavors-Disposable-Vape-Free-Shipping-7-380x380.webp 380w, https:\/\/www.vapecigwholesale.com\/wp-content\/uploads\/2024\/11\/Bang-king-30k-Double-Flavors-Disposable-Vape-Free-Shipping-7-50x50.webp 50w, https:\/\/www.vapecigwholesale.com\/wp-content\/uploads\/2024\/11\/Bang-king-30k-Double-Flavors-Disposable-Vape-Free-Shipping-7-26x26.webp 26w, https:\/\/www.vapecigwholesale.com\/wp-content\/uploads\/2024\/11\/Bang-king-30k-Double-Flavors-Disposable-Vape-Free-Shipping-7-420x420.webp 420w, https:\/\/www.vapecigwholesale.com\/wp-content\/uploads\/2024\/11\/Bang-king-30k-Double-Flavors-Disposable-Vape-Free-Shipping-7-100x100.webp 100w, https:\/\/www.vapecigwholesale.com\/wp-content\/uploads\/2024\/11\/Bang-king-30k-Double-Flavors-Disposable-Vape-Free-Shipping-7-80x80.webp 80w\" sizes=\"(max-width: 800px) 100vw, 800px\" \/><\/p>\n<p><img decoding=\"async\" class=\"wp-image-1231 size-full\" title=\"Bang king 30k Doppio gusto Vape monouso Spedizione gratuita 2\" src=\"https:\/\/www.vapecigwholesale.com\/wp-content\/uploads\/2024\/11\/Bang-king-30k-Double-Flavors-Disposable-Vape-Free-Shipping-2.webp\" alt=\"Bang king 30k Doppio gusto Vape monouso Spedizione gratuita 2\" width=\"800\" height=\"800\" srcset=\"https:\/\/www.vapecigwholesale.com\/wp-content\/uploads\/2024\/11\/Bang-king-30k-Double-Flavors-Disposable-Vape-Free-Shipping-2.webp 800w, https:\/\/www.vapecigwholesale.com\/wp-content\/uploads\/2024\/11\/Bang-king-30k-Double-Flavors-Disposable-Vape-Free-Shipping-2-300x300.webp 300w, https:\/\/www.vapecigwholesale.com\/wp-content\/uploads\/2024\/11\/Bang-king-30k-Double-Flavors-Disposable-Vape-Free-Shipping-2-150x150.webp 150w, https:\/\/www.vapecigwholesale.com\/wp-content\/uploads\/2024\/11\/Bang-king-30k-Double-Flavors-Disposable-Vape-Free-Shipping-2-768x768.webp 768w, https:\/\/www.vapecigwholesale.com\/wp-content\/uploads\/2024\/11\/Bang-king-30k-Double-Flavors-Disposable-Vape-Free-Shipping-2-12x12.webp 12w, https:\/\/www.vapecigwholesale.com\/wp-content\/uploads\/2024\/11\/Bang-king-30k-Double-Flavors-Disposable-Vape-Free-Shipping-2-575x575.webp 575w, https:\/\/www.vapecigwholesale.com\/wp-content\/uploads\/2024\/11\/Bang-king-30k-Double-Flavors-Disposable-Vape-Free-Shipping-2-380x380.webp 380w, https:\/\/www.vapecigwholesale.com\/wp-content\/uploads\/2024\/11\/Bang-king-30k-Double-Flavors-Disposable-Vape-Free-Shipping-2-50x50.webp 50w, https:\/\/www.vapecigwholesale.com\/wp-content\/uploads\/2024\/11\/Bang-king-30k-Double-Flavors-Disposable-Vape-Free-Shipping-2-26x26.webp 26w, https:\/\/www.vapecigwholesale.com\/wp-content\/uploads\/2024\/11\/Bang-king-30k-Double-Flavors-Disposable-Vape-Free-Shipping-2-420x420.webp 420w, https:\/\/www.vapecigwholesale.com\/wp-content\/uploads\/2024\/11\/Bang-king-30k-Double-Flavors-Disposable-Vape-Free-Shipping-2-100x100.webp 100w, https:\/\/www.vapecigwholesale.com\/wp-content\/uploads\/2024\/11\/Bang-king-30k-Double-Flavors-Disposable-Vape-Free-Shipping-2-80x80.webp 80w\" sizes=\"(max-width: 800px) 100vw, 800px\" \/><\/p>\n<p><img decoding=\"async\" class=\"wp-image-1237 size-full\" title=\"Bang king 30k doppio gusto Vape usa e getta spedizione gratuita 8\" src=\"https:\/\/www.vapecigwholesale.com\/wp-content\/uploads\/2024\/11\/Bang-king-30k-Double-Flavors-Disposable-Vape-Free-Shipping-8.webp\" alt=\"Bang king 30k doppio gusto Vape usa e getta spedizione gratuita 8\" width=\"800\" height=\"1747\" srcset=\"https:\/\/www.vapecigwholesale.com\/wp-content\/uploads\/2024\/11\/Bang-king-30k-Double-Flavors-Disposable-Vape-Free-Shipping-8.webp 800w, https:\/\/www.vapecigwholesale.com\/wp-content\/uploads\/2024\/11\/Bang-king-30k-Double-Flavors-Disposable-Vape-Free-Shipping-8-137x300.webp 137w, https:\/\/www.vapecigwholesale.com\/wp-content\/uploads\/2024\/11\/Bang-king-30k-Double-Flavors-Disposable-Vape-Free-Shipping-8-469x1024.webp 469w, https:\/\/www.vapecigwholesale.com\/wp-content\/uploads\/2024\/11\/Bang-king-30k-Double-Flavors-Disposable-Vape-Free-Shipping-8-768x1677.webp 768w, https:\/\/www.vapecigwholesale.com\/wp-content\/uploads\/2024\/11\/Bang-king-30k-Double-Flavors-Disposable-Vape-Free-Shipping-8-703x1536.webp 703w, https:\/\/www.vapecigwholesale.com\/wp-content\/uploads\/2024\/11\/Bang-king-30k-Double-Flavors-Disposable-Vape-Free-Shipping-8-5x12.webp 5w, https:\/\/www.vapecigwholesale.com\/wp-content\/uploads\/2024\/11\/Bang-king-30k-Double-Flavors-Disposable-Vape-Free-Shipping-8-575x1256.webp 575w, https:\/\/www.vapecigwholesale.com\/wp-content\/uploads\/2024\/11\/Bang-king-30k-Double-Flavors-Disposable-Vape-Free-Shipping-8-380x830.webp 380w, https:\/\/www.vapecigwholesale.com\/wp-content\/uploads\/2024\/11\/Bang-king-30k-Double-Flavors-Disposable-Vape-Free-Shipping-8-46x100.webp 46w\" sizes=\"(max-width: 800px) 100vw, 800px\" \/><\/p>","protected":false},"excerpt":{"rendered":"<p>Prezzo solo per 1pcs Spedizione gratuita<\/p>\n<p>(\u00a0<strong>0% 2% 3% 5% Nic<\/strong>)\u00a0 \u00a0 \u00a0<strong>Tempo di spedizione: 2 settimane<\/strong><\/p>","protected":false},"featured_media":1248,"comment_status":"open","ping_status":"closed","template":"","meta":{"om_disable_all_campaigns":false,"_monsterinsights_skip_tracking":false,"_monsterinsights_sitenote_active":false,"_monsterinsights_sitenote_note":"","_monsterinsights_sitenote_category":0},"product_brand":[],"product_cat":[15],"product_tag":[],"class_list":{"0":"post-1250","1":"product","2":"type-product","3":"status-publish","4":"has-post-thumbnail","6":"product_cat-disposable-vape","8":"first","9":"instock","10":"featured","11":"shipping-taxable","12":"purchasable","13":"product-type-variable","14":"has-default-attributes"},"aioseo_notices":[],"_links":{"self":[{"href":"https:\/\/www.vapecigwholesale.com\/it\/wp-json\/wp\/v2\/product\/1250","targetHints":{"allow":["GET"]}}],"collection":[{"href":"https:\/\/www.vapecigwholesale.com\/it\/wp-json\/wp\/v2\/product"}],"about":[{"href":"https:\/\/www.vapecigwholesale.com\/it\/wp-json\/wp\/v2\/types\/product"}],"replies":[{"embeddable":true,"href":"https:\/\/www.vapecigwholesale.com\/it\/wp-json\/wp\/v2\/comments?post=1250"}],"wp:featuredmedia":[{"embeddable":true,"href":"https:\/\/www.vapecigwholesale.com\/it\/wp-json\/wp\/v2\/media\/1248"}],"wp:attachment":[{"href":"https:\/\/www.vapecigwholesale.com\/it\/wp-json\/wp\/v2\/media?parent=1250"}],"wp:term":[{"taxonomy":"product_brand","embeddable":true,"href":"https:\/\/www.vapecigwholesale.com\/it\/wp-json\/wp\/v2\/product_brand?post=1250"},{"taxonomy":"product_cat","embeddable":true,"href":"https:\/\/www.vapecigwholesale.com\/it\/wp-json\/wp\/v2\/product_cat?post=1250"},{"taxonomy":"product_tag","embeddable":true,"href":"https:\/\/www.vapecigwholesale.com\/it\/wp-json\/wp\/v2\/product_tag?post=1250"}],"curies":[{"name":"wp","href":"https:\/\/api.w.org\/{rel}","templated":true}]}}