{"id":1310,"date":"2024-11-18T15:38:39","date_gmt":"2024-11-18T07:38:39","guid":{"rendered":"https:\/\/www.vapecigwholesale.com\/?post_type=product&#038;p=1310"},"modified":"2025-02-19T14:17:36","modified_gmt":"2025-02-19T06:17:36","slug":"vapsolo-viking-12000-puffs-disposable-vape-free-shipping","status":"publish","type":"product","link":"https:\/\/www.vapecigwholesale.com\/it\/product\/vapsolo-viking-12000-puff-monouso-vape-spedizione-gratuita\/","title":{"rendered":"Vapsolo Viking 12000 Puffs usa e getta Vape Spedizione gratuita"},"content":{"rendered":"<p>Vapsolo Viking 12000 Puffs offre l'esperienza di svapo definitiva sia per i principianti che per i vapers pi\u00f9 esperti. Questa penna da svapo monouso all'avanguardia \u00e8 stata progettata per garantire qualit\u00e0, longevit\u00e0 e variet\u00e0. Il suo design elegante e compatto garantisce stile e praticit\u00e0, perfetto per l'uso in movimento.<\/p>\n<p>VapSolo Viking 12000 Puffs vanta una capacit\u00e0 di 22 ml di e-liquid e una batteria ricaricabile da 650 mAh, che fornisce energia di lunga durata per sessioni di svapo prolungate. La tecnologia della bobina a rete e la resistenza della bobina da 1,0\u03a9 garantiscono una produzione di vapore costante e ricca, migliorando la purezza del sapore. Una porta di ricarica di tipo C consente ricariche rapide ed efficienti, mentre il design leggero, con soli 85 grammi, la rende altamente portatile. VapSolo Viking 12000 Puffs \u00e8 dotata di un display LCD per monitorare facilmente lo stato e le impostazioni della svapata e di quattro livelli di flusso d'aria regolabili per personalizzare l'esperienza di svapo. .<\/p>\n<h2><strong>Vapsolo Viking 12000 Puffs Dettagli:<\/strong><\/h2>\n<ul>\n<li>Flusso d'aria a 4 livelli<\/li>\n<li>Bobina a rete<\/li>\n<li>Display LCD<\/li>\n<li>Capacit\u00e0 del liquido elettronico: 22 ML<\/li>\n<li>Capacit\u00e0 della batteria: 650MAH<\/li>\n<li>Resistenza della bobina: 1,0\u03a9<\/li>\n<li>porta di tipo C, ricaricabile<\/li>\n<\/ul>\n<h2><strong>Vapsolo Viking 12000 Puffs Aromi disponibili: Vapsolo Viking 12000 Puffs<\/strong><\/h2>\n<ol>\n<li>Mirtillo Ciliegia Mirtillo Rosso<\/li>\n<li>Mirtillo<\/li>\n<li>Limone e lime<\/li>\n<li>Fragola Kiwi<\/li>\n<li>Ghiaccio alla fragola e lampone<\/li>\n<li>Anguria alla fragola<\/li>\n<li>Sogno d'estate<\/li>\n<li>Fragola e banana<\/li>\n<li>Ghiaccio alla mela rossa<\/li>\n<li>Orso gommoso<\/li>\n<li>Menta fresca<\/li>\n<li>Pesca al limone<\/li>\n<li>Ghiaccio all'anguria<\/li>\n<li>Mirtillo Lampone<\/li>\n<li>Ciliegia frizzante<\/li>\n<\/ol>\n<h2><strong>Elenco degli imballaggi:<\/strong><\/h2>\n<p>1pz ogni scatola piccola<br \/>\n10pz ogni scatola centrale<br \/>\n200 pezzi per cartone<\/p>\n<p><img fetchpriority=\"high\" decoding=\"async\" class=\"wp-image-1292 size-full\" title=\"Vapsolo Viking 12000 Puffs usa e getta Vape Spedizione gratuita 2\" src=\"https:\/\/www.vapecigwholesale.com\/wp-content\/uploads\/2024\/11\/Vapsolo-Viking-12000-Puffs-Disposable-Vape-Free-Shipping-2.webp\" alt=\"Vapsolo Viking 12000 Puffs usa e getta Vape Spedizione gratuita 2\" width=\"800\" height=\"800\" srcset=\"https:\/\/www.vapecigwholesale.com\/wp-content\/uploads\/2024\/11\/Vapsolo-Viking-12000-Puffs-Disposable-Vape-Free-Shipping-2.webp 800w, https:\/\/www.vapecigwholesale.com\/wp-content\/uploads\/2024\/11\/Vapsolo-Viking-12000-Puffs-Disposable-Vape-Free-Shipping-2-300x300.webp 300w, https:\/\/www.vapecigwholesale.com\/wp-content\/uploads\/2024\/11\/Vapsolo-Viking-12000-Puffs-Disposable-Vape-Free-Shipping-2-150x150.webp 150w, https:\/\/www.vapecigwholesale.com\/wp-content\/uploads\/2024\/11\/Vapsolo-Viking-12000-Puffs-Disposable-Vape-Free-Shipping-2-768x768.webp 768w, https:\/\/www.vapecigwholesale.com\/wp-content\/uploads\/2024\/11\/Vapsolo-Viking-12000-Puffs-Disposable-Vape-Free-Shipping-2-12x12.webp 12w, https:\/\/www.vapecigwholesale.com\/wp-content\/uploads\/2024\/11\/Vapsolo-Viking-12000-Puffs-Disposable-Vape-Free-Shipping-2-575x575.webp 575w, https:\/\/www.vapecigwholesale.com\/wp-content\/uploads\/2024\/11\/Vapsolo-Viking-12000-Puffs-Disposable-Vape-Free-Shipping-2-380x380.webp 380w, https:\/\/www.vapecigwholesale.com\/wp-content\/uploads\/2024\/11\/Vapsolo-Viking-12000-Puffs-Disposable-Vape-Free-Shipping-2-50x50.webp 50w, https:\/\/www.vapecigwholesale.com\/wp-content\/uploads\/2024\/11\/Vapsolo-Viking-12000-Puffs-Disposable-Vape-Free-Shipping-2-26x26.webp 26w, https:\/\/www.vapecigwholesale.com\/wp-content\/uploads\/2024\/11\/Vapsolo-Viking-12000-Puffs-Disposable-Vape-Free-Shipping-2-420x420.webp 420w, https:\/\/www.vapecigwholesale.com\/wp-content\/uploads\/2024\/11\/Vapsolo-Viking-12000-Puffs-Disposable-Vape-Free-Shipping-2-100x100.webp 100w, https:\/\/www.vapecigwholesale.com\/wp-content\/uploads\/2024\/11\/Vapsolo-Viking-12000-Puffs-Disposable-Vape-Free-Shipping-2-80x80.webp 80w\" sizes=\"(max-width: 800px) 100vw, 800px\" \/><\/p>\n<p><img decoding=\"async\" class=\"wp-image-1293 size-full\" title=\"Vapsolo Viking 12000 Puffs usa e getta Vape Spedizione gratuita 3\" src=\"https:\/\/www.vapecigwholesale.com\/wp-content\/uploads\/2024\/11\/Vapsolo-Viking-12000-Puffs-Disposable-Vape-Free-Shipping-3.webp\" alt=\"Vapsolo Viking 12000 Puffs usa e getta Vape Spedizione gratuita 3\" width=\"800\" height=\"800\" srcset=\"https:\/\/www.vapecigwholesale.com\/wp-content\/uploads\/2024\/11\/Vapsolo-Viking-12000-Puffs-Disposable-Vape-Free-Shipping-3.webp 800w, https:\/\/www.vapecigwholesale.com\/wp-content\/uploads\/2024\/11\/Vapsolo-Viking-12000-Puffs-Disposable-Vape-Free-Shipping-3-300x300.webp 300w, https:\/\/www.vapecigwholesale.com\/wp-content\/uploads\/2024\/11\/Vapsolo-Viking-12000-Puffs-Disposable-Vape-Free-Shipping-3-150x150.webp 150w, https:\/\/www.vapecigwholesale.com\/wp-content\/uploads\/2024\/11\/Vapsolo-Viking-12000-Puffs-Disposable-Vape-Free-Shipping-3-768x768.webp 768w, https:\/\/www.vapecigwholesale.com\/wp-content\/uploads\/2024\/11\/Vapsolo-Viking-12000-Puffs-Disposable-Vape-Free-Shipping-3-12x12.webp 12w, https:\/\/www.vapecigwholesale.com\/wp-content\/uploads\/2024\/11\/Vapsolo-Viking-12000-Puffs-Disposable-Vape-Free-Shipping-3-575x575.webp 575w, https:\/\/www.vapecigwholesale.com\/wp-content\/uploads\/2024\/11\/Vapsolo-Viking-12000-Puffs-Disposable-Vape-Free-Shipping-3-380x380.webp 380w, https:\/\/www.vapecigwholesale.com\/wp-content\/uploads\/2024\/11\/Vapsolo-Viking-12000-Puffs-Disposable-Vape-Free-Shipping-3-50x50.webp 50w, https:\/\/www.vapecigwholesale.com\/wp-content\/uploads\/2024\/11\/Vapsolo-Viking-12000-Puffs-Disposable-Vape-Free-Shipping-3-26x26.webp 26w, https:\/\/www.vapecigwholesale.com\/wp-content\/uploads\/2024\/11\/Vapsolo-Viking-12000-Puffs-Disposable-Vape-Free-Shipping-3-420x420.webp 420w, https:\/\/www.vapecigwholesale.com\/wp-content\/uploads\/2024\/11\/Vapsolo-Viking-12000-Puffs-Disposable-Vape-Free-Shipping-3-100x100.webp 100w, https:\/\/www.vapecigwholesale.com\/wp-content\/uploads\/2024\/11\/Vapsolo-Viking-12000-Puffs-Disposable-Vape-Free-Shipping-3-80x80.webp 80w\" sizes=\"(max-width: 800px) 100vw, 800px\" \/><\/p>\n<p><img decoding=\"async\" class=\"wp-image-1294 size-full\" title=\"Vapsolo Viking 12000 Puffs usa e getta Vape Spedizione gratuita 4\" src=\"https:\/\/www.vapecigwholesale.com\/wp-content\/uploads\/2024\/11\/Vapsolo-Viking-12000-Puffs-Disposable-Vape-Free-Shipping-4.webp\" alt=\"Vapsolo Viking 12000 Puffs usa e getta Vape Spedizione gratuita 4\" width=\"800\" height=\"800\" srcset=\"https:\/\/www.vapecigwholesale.com\/wp-content\/uploads\/2024\/11\/Vapsolo-Viking-12000-Puffs-Disposable-Vape-Free-Shipping-4.webp 800w, https:\/\/www.vapecigwholesale.com\/wp-content\/uploads\/2024\/11\/Vapsolo-Viking-12000-Puffs-Disposable-Vape-Free-Shipping-4-300x300.webp 300w, https:\/\/www.vapecigwholesale.com\/wp-content\/uploads\/2024\/11\/Vapsolo-Viking-12000-Puffs-Disposable-Vape-Free-Shipping-4-150x150.webp 150w, https:\/\/www.vapecigwholesale.com\/wp-content\/uploads\/2024\/11\/Vapsolo-Viking-12000-Puffs-Disposable-Vape-Free-Shipping-4-768x768.webp 768w, https:\/\/www.vapecigwholesale.com\/wp-content\/uploads\/2024\/11\/Vapsolo-Viking-12000-Puffs-Disposable-Vape-Free-Shipping-4-12x12.webp 12w, https:\/\/www.vapecigwholesale.com\/wp-content\/uploads\/2024\/11\/Vapsolo-Viking-12000-Puffs-Disposable-Vape-Free-Shipping-4-575x575.webp 575w, https:\/\/www.vapecigwholesale.com\/wp-content\/uploads\/2024\/11\/Vapsolo-Viking-12000-Puffs-Disposable-Vape-Free-Shipping-4-380x380.webp 380w, https:\/\/www.vapecigwholesale.com\/wp-content\/uploads\/2024\/11\/Vapsolo-Viking-12000-Puffs-Disposable-Vape-Free-Shipping-4-50x50.webp 50w, https:\/\/www.vapecigwholesale.com\/wp-content\/uploads\/2024\/11\/Vapsolo-Viking-12000-Puffs-Disposable-Vape-Free-Shipping-4-26x26.webp 26w, https:\/\/www.vapecigwholesale.com\/wp-content\/uploads\/2024\/11\/Vapsolo-Viking-12000-Puffs-Disposable-Vape-Free-Shipping-4-420x420.webp 420w, https:\/\/www.vapecigwholesale.com\/wp-content\/uploads\/2024\/11\/Vapsolo-Viking-12000-Puffs-Disposable-Vape-Free-Shipping-4-100x100.webp 100w, https:\/\/www.vapecigwholesale.com\/wp-content\/uploads\/2024\/11\/Vapsolo-Viking-12000-Puffs-Disposable-Vape-Free-Shipping-4-80x80.webp 80w\" sizes=\"(max-width: 800px) 100vw, 800px\" \/><\/p>","protected":false},"excerpt":{"rendered":"<p>Prezzo solo per 1pcs Spedizione gratuita<\/p>\n<p>(<strong>2%\uff0c5% <\/strong>)\u00a0\u00a0<strong>Tempo di spedizione: 2 settimane<\/strong><\/p>","protected":false},"featured_media":1291,"comment_status":"open","ping_status":"closed","template":"","meta":{"om_disable_all_campaigns":false,"_monsterinsights_skip_tracking":false,"_monsterinsights_sitenote_active":false,"_monsterinsights_sitenote_note":"","_monsterinsights_sitenote_category":0},"product_brand":[],"product_cat":[15],"product_tag":[],"class_list":{"0":"post-1310","1":"product","2":"type-product","3":"status-publish","4":"has-post-thumbnail","6":"product_cat-disposable-vape","8":"first","9":"instock","10":"featured","11":"shipping-taxable","12":"purchasable","13":"product-type-variable","14":"has-default-attributes"},"aioseo_notices":[],"_links":{"self":[{"href":"https:\/\/www.vapecigwholesale.com\/it\/wp-json\/wp\/v2\/product\/1310","targetHints":{"allow":["GET"]}}],"collection":[{"href":"https:\/\/www.vapecigwholesale.com\/it\/wp-json\/wp\/v2\/product"}],"about":[{"href":"https:\/\/www.vapecigwholesale.com\/it\/wp-json\/wp\/v2\/types\/product"}],"replies":[{"embeddable":true,"href":"https:\/\/www.vapecigwholesale.com\/it\/wp-json\/wp\/v2\/comments?post=1310"}],"wp:featuredmedia":[{"embeddable":true,"href":"https:\/\/www.vapecigwholesale.com\/it\/wp-json\/wp\/v2\/media\/1291"}],"wp:attachment":[{"href":"https:\/\/www.vapecigwholesale.com\/it\/wp-json\/wp\/v2\/media?parent=1310"}],"wp:term":[{"taxonomy":"product_brand","embeddable":true,"href":"https:\/\/www.vapecigwholesale.com\/it\/wp-json\/wp\/v2\/product_brand?post=1310"},{"taxonomy":"product_cat","embeddable":true,"href":"https:\/\/www.vapecigwholesale.com\/it\/wp-json\/wp\/v2\/product_cat?post=1310"},{"taxonomy":"product_tag","embeddable":true,"href":"https:\/\/www.vapecigwholesale.com\/it\/wp-json\/wp\/v2\/product_tag?post=1310"}],"curies":[{"name":"wp","href":"https:\/\/api.w.org\/{rel}","templated":true}]}}