{"id":1343,"date":"2024-11-19T20:58:04","date_gmt":"2024-11-19T12:58:04","guid":{"rendered":"https:\/\/www.vapecigwholesale.com\/?post_type=product&#038;p=1343"},"modified":"2025-02-19T14:16:20","modified_gmt":"2025-02-19T06:16:20","slug":"zooy-shisha-25000-puffs-disposable-vape-free-shipping","status":"publish","type":"product","link":"https:\/\/www.vapecigwholesale.com\/it\/product\/zooy-shisha-25000-soffi-monouso-vape-spedizione-gratuita\/","title":{"rendered":"ZOOY ShiSha 25000 boccate di vapore monouso Spedizione gratuita"},"content":{"rendered":"<p>ZOOY ShiSha 25000 Puffs \u00e8 una marca di shisha elettronica che ha ricevuto recensioni entusiastiche dai clienti in Europa. Conosciuta per la sua grande produzione di vapore e per il suo sapore morbido, questa shisha elettronica sta rapidamente diventando una delle preferite dagli appassionati di vaping. In questo articolo esploreremo le caratteristiche principali di zooy shisha 25000 e il motivo per cui ha raccolto un feedback cos\u00ec positivo da parte degli utenti.<\/p>\n<p>ZOOY ShiSha 25000 Puffs \u00e8 la sua impressionante produzione di vapore. A ogni boccata, gli utenti possono godere di dense nuvole di vapore che imitano l'esperienza del fumo tradizionale della shisha. Ci\u00f2 \u00e8 reso possibile dalla tecnologia avanzata e dai componenti di alta qualit\u00e0 utilizzati nella progettazione di zooy shisha 25000.<\/p>\n<p>ZOOY ShiSha 25000 Puffs offre anche un'esperienza di gusto morbida e soddisfacente. Sia che preferiate i sapori fruttati, di menta o di tabacco classico, zooy shisha 25000 offre un'ampia gamma di opzioni per soddisfare ogni palato. Gli aromi sono stati accuratamente creati per offrire un'esperienza di svapo autentica e piacevole.<\/p>\n<p>ZOOY ShiSha 25000 Puffs ha una batteria di lunga durata. Gli utenti possono godere di ore di svapo ininterrotto senza dover ricaricare costantemente il dispositivo. Questo rende zooy shisha 25000 ideale per l'uso in movimento e assicura che gli utenti possano godere dei loro sapori preferiti quando e dove vogliono.<\/p>\n<h2><strong>ZOOY ShiSha 25000 Puffs Dettagli:<\/strong><\/h2>\n<ul>\n<li>Soffio: Fino a 25000 soffi<\/li>\n<li>Liquido: 28 mL pre-riempito<\/li>\n<li>Nucleo: Bobina a maglia 0,5 \u03a9<\/li>\n<li>Batteria: 650mAh Porta ricaricabile di tipo C<\/li>\n<li>Nicotina:2% 5% Nicotina<\/li>\n<li>Cappello antipolvere<\/li>\n<\/ul>\n<h2><strong>ZOOY ShiSha 25000 Puffs Gusti disponibili:<\/strong><\/h2>\n<ol>\n<li>Ghiaccio alla banana<\/li>\n<li>Ghiaccio al mirtillo<\/li>\n<li>Amore 777<\/li>\n<li>Ghiaccio al mango<\/li>\n<li>Bacche miste<\/li>\n<li>Limonata rosa<\/li>\n<li>Ghiaccio alla fragola<\/li>\n<li>Ghiaccio alla fragola e lampone<\/li>\n<li>Anguria alla fragola<\/li>\n<li>Ghiaccio all'anguria<\/li>\n<\/ol>\n<h2><strong>Elenco degli imballaggi:<\/strong><\/h2>\n<p>1pz ogni scatola piccola<br \/>\n10pz ogni scatola centrale<br \/>\n200 pezzi per cartone<\/p>\n<p><img fetchpriority=\"high\" decoding=\"async\" class=\"wp-image-1329 size-full\" title=\"ZOOY ShiSha 25000 soffi monouso Vape Spedizione gratuita 3\" src=\"https:\/\/www.vapecigwholesale.com\/wp-content\/uploads\/2024\/11\/ZOOY-ShiSha-25000-Puffs-Disposable-Vape-Free-Shipping-3.webp\" alt=\"ZOOY ShiSha 25000 soffi monouso Vape Spedizione gratuita 3\" width=\"800\" height=\"800\" srcset=\"https:\/\/www.vapecigwholesale.com\/wp-content\/uploads\/2024\/11\/ZOOY-ShiSha-25000-Puffs-Disposable-Vape-Free-Shipping-3.webp 800w, https:\/\/www.vapecigwholesale.com\/wp-content\/uploads\/2024\/11\/ZOOY-ShiSha-25000-Puffs-Disposable-Vape-Free-Shipping-3-300x300.webp 300w, https:\/\/www.vapecigwholesale.com\/wp-content\/uploads\/2024\/11\/ZOOY-ShiSha-25000-Puffs-Disposable-Vape-Free-Shipping-3-150x150.webp 150w, https:\/\/www.vapecigwholesale.com\/wp-content\/uploads\/2024\/11\/ZOOY-ShiSha-25000-Puffs-Disposable-Vape-Free-Shipping-3-768x768.webp 768w, https:\/\/www.vapecigwholesale.com\/wp-content\/uploads\/2024\/11\/ZOOY-ShiSha-25000-Puffs-Disposable-Vape-Free-Shipping-3-12x12.webp 12w, https:\/\/www.vapecigwholesale.com\/wp-content\/uploads\/2024\/11\/ZOOY-ShiSha-25000-Puffs-Disposable-Vape-Free-Shipping-3-575x575.webp 575w, https:\/\/www.vapecigwholesale.com\/wp-content\/uploads\/2024\/11\/ZOOY-ShiSha-25000-Puffs-Disposable-Vape-Free-Shipping-3-380x380.webp 380w, https:\/\/www.vapecigwholesale.com\/wp-content\/uploads\/2024\/11\/ZOOY-ShiSha-25000-Puffs-Disposable-Vape-Free-Shipping-3-50x50.webp 50w, https:\/\/www.vapecigwholesale.com\/wp-content\/uploads\/2024\/11\/ZOOY-ShiSha-25000-Puffs-Disposable-Vape-Free-Shipping-3-26x26.webp 26w, https:\/\/www.vapecigwholesale.com\/wp-content\/uploads\/2024\/11\/ZOOY-ShiSha-25000-Puffs-Disposable-Vape-Free-Shipping-3-420x420.webp 420w, https:\/\/www.vapecigwholesale.com\/wp-content\/uploads\/2024\/11\/ZOOY-ShiSha-25000-Puffs-Disposable-Vape-Free-Shipping-3-100x100.webp 100w, https:\/\/www.vapecigwholesale.com\/wp-content\/uploads\/2024\/11\/ZOOY-ShiSha-25000-Puffs-Disposable-Vape-Free-Shipping-3-80x80.webp 80w\" sizes=\"(max-width: 800px) 100vw, 800px\" \/><\/p>\n<p><img decoding=\"async\" class=\"wp-image-1330 size-full\" title=\"ZOOY ShiSha 25000 soffi monouso Vape Spedizione gratuita 4\" src=\"https:\/\/www.vapecigwholesale.com\/wp-content\/uploads\/2024\/11\/ZOOY-ShiSha-25000-Puffs-Disposable-Vape-Free-Shipping-4.webp\" alt=\"ZOOY ShiSha 25000 soffi monouso Vape Spedizione gratuita 4\" width=\"800\" height=\"800\" srcset=\"https:\/\/www.vapecigwholesale.com\/wp-content\/uploads\/2024\/11\/ZOOY-ShiSha-25000-Puffs-Disposable-Vape-Free-Shipping-4.webp 800w, https:\/\/www.vapecigwholesale.com\/wp-content\/uploads\/2024\/11\/ZOOY-ShiSha-25000-Puffs-Disposable-Vape-Free-Shipping-4-300x300.webp 300w, https:\/\/www.vapecigwholesale.com\/wp-content\/uploads\/2024\/11\/ZOOY-ShiSha-25000-Puffs-Disposable-Vape-Free-Shipping-4-150x150.webp 150w, https:\/\/www.vapecigwholesale.com\/wp-content\/uploads\/2024\/11\/ZOOY-ShiSha-25000-Puffs-Disposable-Vape-Free-Shipping-4-768x768.webp 768w, https:\/\/www.vapecigwholesale.com\/wp-content\/uploads\/2024\/11\/ZOOY-ShiSha-25000-Puffs-Disposable-Vape-Free-Shipping-4-12x12.webp 12w, https:\/\/www.vapecigwholesale.com\/wp-content\/uploads\/2024\/11\/ZOOY-ShiSha-25000-Puffs-Disposable-Vape-Free-Shipping-4-575x575.webp 575w, https:\/\/www.vapecigwholesale.com\/wp-content\/uploads\/2024\/11\/ZOOY-ShiSha-25000-Puffs-Disposable-Vape-Free-Shipping-4-380x380.webp 380w, https:\/\/www.vapecigwholesale.com\/wp-content\/uploads\/2024\/11\/ZOOY-ShiSha-25000-Puffs-Disposable-Vape-Free-Shipping-4-50x50.webp 50w, https:\/\/www.vapecigwholesale.com\/wp-content\/uploads\/2024\/11\/ZOOY-ShiSha-25000-Puffs-Disposable-Vape-Free-Shipping-4-26x26.webp 26w, https:\/\/www.vapecigwholesale.com\/wp-content\/uploads\/2024\/11\/ZOOY-ShiSha-25000-Puffs-Disposable-Vape-Free-Shipping-4-420x420.webp 420w, https:\/\/www.vapecigwholesale.com\/wp-content\/uploads\/2024\/11\/ZOOY-ShiSha-25000-Puffs-Disposable-Vape-Free-Shipping-4-100x100.webp 100w, https:\/\/www.vapecigwholesale.com\/wp-content\/uploads\/2024\/11\/ZOOY-ShiSha-25000-Puffs-Disposable-Vape-Free-Shipping-4-80x80.webp 80w\" sizes=\"(max-width: 800px) 100vw, 800px\" \/><\/p>\n<p><img decoding=\"async\" class=\"wp-image-1328 size-full\" title=\"ZOOY ShiSha 25000 soffi monouso Vape Spedizione gratuita 2\" src=\"https:\/\/www.vapecigwholesale.com\/wp-content\/uploads\/2024\/11\/ZOOY-ShiSha-25000-Puffs-Disposable-Vape-Free-Shipping-2.webp\" alt=\"ZOOY ShiSha 25000 soffi monouso Vape Spedizione gratuita 2\" width=\"800\" height=\"788\" srcset=\"https:\/\/www.vapecigwholesale.com\/wp-content\/uploads\/2024\/11\/ZOOY-ShiSha-25000-Puffs-Disposable-Vape-Free-Shipping-2.webp 800w, https:\/\/www.vapecigwholesale.com\/wp-content\/uploads\/2024\/11\/ZOOY-ShiSha-25000-Puffs-Disposable-Vape-Free-Shipping-2-300x296.webp 300w, https:\/\/www.vapecigwholesale.com\/wp-content\/uploads\/2024\/11\/ZOOY-ShiSha-25000-Puffs-Disposable-Vape-Free-Shipping-2-768x756.webp 768w, https:\/\/www.vapecigwholesale.com\/wp-content\/uploads\/2024\/11\/ZOOY-ShiSha-25000-Puffs-Disposable-Vape-Free-Shipping-2-12x12.webp 12w, https:\/\/www.vapecigwholesale.com\/wp-content\/uploads\/2024\/11\/ZOOY-ShiSha-25000-Puffs-Disposable-Vape-Free-Shipping-2-575x566.webp 575w, https:\/\/www.vapecigwholesale.com\/wp-content\/uploads\/2024\/11\/ZOOY-ShiSha-25000-Puffs-Disposable-Vape-Free-Shipping-2-380x374.webp 380w, https:\/\/www.vapecigwholesale.com\/wp-content\/uploads\/2024\/11\/ZOOY-ShiSha-25000-Puffs-Disposable-Vape-Free-Shipping-2-50x50.webp 50w, https:\/\/www.vapecigwholesale.com\/wp-content\/uploads\/2024\/11\/ZOOY-ShiSha-25000-Puffs-Disposable-Vape-Free-Shipping-2-26x26.webp 26w, https:\/\/www.vapecigwholesale.com\/wp-content\/uploads\/2024\/11\/ZOOY-ShiSha-25000-Puffs-Disposable-Vape-Free-Shipping-2-100x100.webp 100w, https:\/\/www.vapecigwholesale.com\/wp-content\/uploads\/2024\/11\/ZOOY-ShiSha-25000-Puffs-Disposable-Vape-Free-Shipping-2-80x79.webp 80w\" sizes=\"(max-width: 800px) 100vw, 800px\" \/><\/p>","protected":false},"excerpt":{"rendered":"<p>Prezzo solo per 1pcs Spedizione gratuita<\/p>\n<p>(\u00a0<strong>0% 2% 3% 5% Nic<\/strong>)\u00a0 \u00a0 \u00a0<strong>Tempo di spedizione: 2 settimane<\/strong><\/p>","protected":false},"featured_media":1327,"comment_status":"open","ping_status":"closed","template":"","meta":{"om_disable_all_campaigns":false,"_monsterinsights_skip_tracking":false,"_monsterinsights_sitenote_active":false,"_monsterinsights_sitenote_note":"","_monsterinsights_sitenote_category":0},"product_brand":[],"product_cat":[15],"product_tag":[],"class_list":{"0":"post-1343","1":"product","2":"type-product","3":"status-publish","4":"has-post-thumbnail","6":"product_cat-disposable-vape","8":"first","9":"instock","10":"shipping-taxable","11":"purchasable","12":"product-type-variable","13":"has-default-attributes"},"aioseo_notices":[],"_links":{"self":[{"href":"https:\/\/www.vapecigwholesale.com\/it\/wp-json\/wp\/v2\/product\/1343","targetHints":{"allow":["GET"]}}],"collection":[{"href":"https:\/\/www.vapecigwholesale.com\/it\/wp-json\/wp\/v2\/product"}],"about":[{"href":"https:\/\/www.vapecigwholesale.com\/it\/wp-json\/wp\/v2\/types\/product"}],"replies":[{"embeddable":true,"href":"https:\/\/www.vapecigwholesale.com\/it\/wp-json\/wp\/v2\/comments?post=1343"}],"wp:featuredmedia":[{"embeddable":true,"href":"https:\/\/www.vapecigwholesale.com\/it\/wp-json\/wp\/v2\/media\/1327"}],"wp:attachment":[{"href":"https:\/\/www.vapecigwholesale.com\/it\/wp-json\/wp\/v2\/media?parent=1343"}],"wp:term":[{"taxonomy":"product_brand","embeddable":true,"href":"https:\/\/www.vapecigwholesale.com\/it\/wp-json\/wp\/v2\/product_brand?post=1343"},{"taxonomy":"product_cat","embeddable":true,"href":"https:\/\/www.vapecigwholesale.com\/it\/wp-json\/wp\/v2\/product_cat?post=1343"},{"taxonomy":"product_tag","embeddable":true,"href":"https:\/\/www.vapecigwholesale.com\/it\/wp-json\/wp\/v2\/product_tag?post=1343"}],"curies":[{"name":"wp","href":"https:\/\/api.w.org\/{rel}","templated":true}]}}