{"id":1399,"date":"2024-11-26T14:19:08","date_gmt":"2024-11-26T06:19:08","guid":{"rendered":"https:\/\/www.vapecigwholesale.com\/?post_type=product&#038;p=1399"},"modified":"2025-02-19T14:13:00","modified_gmt":"2025-02-19T06:13:00","slug":"zooy-power-28000-puffs-disposbale-vape-free-shipping","status":"publish","type":"product","link":"https:\/\/www.vapecigwholesale.com\/it\/product\/zooy-power-28000-puff-disposbale-vape-spedizione-gratuita\/","title":{"rendered":"ZOOY Power 28000 Puff Disposbale Vape Spedizione gratuita"},"content":{"rendered":"<p>ZOOY Power 28000 Puffs Disposbale Vape \u00e8 un dispositivo rivoluzionario progettato per i fumatori pi\u00f9 esigenti. \u00c8 dotato di uno schermo intelligente incorporato che presenta le informazioni essenziali in modo vivido. Grazie alla tecnologia di ricarica rapida TYPE-C, passerete meno tempo ad aspettare e pi\u00f9 tempo a svapare. Il controllo dell'alimentazione tramite touch screen e la funzione di commutazione libera offrono un funzionamento senza sforzo. Ma il vero fascino sta nelle sue impostazioni regolabili. \u00c8 possibile personalizzare l'esperienza di svapo in base alle proprie preferenze, sia che si desideri un tiro pi\u00f9 forte o un'erogazione pi\u00f9 fluida. Non si tratta di una semplice sigaretta elettronica, ma di un compagno di svapo personalizzato che offre convenienza e soddisfazione a ogni boccata.<\/p>\n<p>Con la sigaretta elettronica usa e getta ZOOY Power 28000 Puffs, un gadget creato per superare i limiti della tecnologia del vaping usa e getta, potrete iniziare la vostra straordinaria avventura di vaping. Con una robusta batteria ricaricabile Type-C da 6500mAh e un incredibile 32mL di e-liquid precaricato, questa sigaretta elettronica offre 28.000 puff ineguagliabili per un fumo prolungato e piacevole. I nostri prodotti supportano la vendita al dettaglio, la quantit\u00e0 minima d'ordine \u00e8 di 10 pezzi, la spedizione \u00e8 gratuita nei principali paesi europei.<\/p>\n<h2><strong>ZOOY Power 28000 Puffs Dettagli:<\/strong><\/h2>\n<ul>\n<li>Pressione dell'aria regolabile<\/li>\n<li>Concentrazione di nicotina: 2% 5%<\/li>\n<li>Tempo di ricarica completa: due ore<\/li>\n<li>Mod. meccanico Non meccanico<\/li>\n<li>Wattaggio variabile: Potenza non variabile<\/li>\n<li>Capacit\u00e0: 34 ml<\/li>\n<li>Porta di ricarica: tipo C<\/li>\n<li>Nucleo: Bobina a rete 1,0 \u03a9 + 1,0 \u03a9<\/li>\n<li>Schermo animato<\/li>\n<\/ul>\n<h2><strong>ZOOY Power 28000 Puffs Gusti disponibili:<\/strong><\/h2>\n<ol>\n<li>Mango messicano<\/li>\n<li>Mirtillo Lampone<\/li>\n<li>Mirtillo<\/li>\n<li>Gelato alla vaniglia<\/li>\n<li>Ghiaccio d'uva<\/li>\n<li>Frutta mista<\/li>\n<li>Frutto della passione<\/li>\n<li>Punch alla fragola<\/li>\n<li>Ghiaccio all'anguria<\/li>\n<li>Fragola Kiwi<\/li>\n<\/ol>\n<h2><strong>Elenco degli imballaggi:<\/strong><\/h2>\n<p>1pz ogni scatola piccola<br \/>\n10pz ogni scatola centrale<br \/>\n200 pezzi per cartone<\/p>\n<p><img fetchpriority=\"high\" decoding=\"async\" class=\"wp-image-1385 size-full\" title=\"ZOOY Power 28000 soffi Disposbale Vape Spedizione gratuita 2\" src=\"https:\/\/www.vapecigwholesale.com\/wp-content\/uploads\/2024\/11\/ZOOY-Power-28000-Puffs-Disposbale-Vape-Free-Shipping-2.webp\" alt=\"ZOOY Power 28000 soffi Disposbale Vape Spedizione gratuita 2\" width=\"800\" height=\"800\" srcset=\"https:\/\/www.vapecigwholesale.com\/wp-content\/uploads\/2024\/11\/ZOOY-Power-28000-Puffs-Disposbale-Vape-Free-Shipping-2.webp 800w, https:\/\/www.vapecigwholesale.com\/wp-content\/uploads\/2024\/11\/ZOOY-Power-28000-Puffs-Disposbale-Vape-Free-Shipping-2-300x300.webp 300w, https:\/\/www.vapecigwholesale.com\/wp-content\/uploads\/2024\/11\/ZOOY-Power-28000-Puffs-Disposbale-Vape-Free-Shipping-2-150x150.webp 150w, https:\/\/www.vapecigwholesale.com\/wp-content\/uploads\/2024\/11\/ZOOY-Power-28000-Puffs-Disposbale-Vape-Free-Shipping-2-768x768.webp 768w, https:\/\/www.vapecigwholesale.com\/wp-content\/uploads\/2024\/11\/ZOOY-Power-28000-Puffs-Disposbale-Vape-Free-Shipping-2-12x12.webp 12w, https:\/\/www.vapecigwholesale.com\/wp-content\/uploads\/2024\/11\/ZOOY-Power-28000-Puffs-Disposbale-Vape-Free-Shipping-2-575x575.webp 575w, https:\/\/www.vapecigwholesale.com\/wp-content\/uploads\/2024\/11\/ZOOY-Power-28000-Puffs-Disposbale-Vape-Free-Shipping-2-380x380.webp 380w, https:\/\/www.vapecigwholesale.com\/wp-content\/uploads\/2024\/11\/ZOOY-Power-28000-Puffs-Disposbale-Vape-Free-Shipping-2-50x50.webp 50w, https:\/\/www.vapecigwholesale.com\/wp-content\/uploads\/2024\/11\/ZOOY-Power-28000-Puffs-Disposbale-Vape-Free-Shipping-2-26x26.webp 26w, https:\/\/www.vapecigwholesale.com\/wp-content\/uploads\/2024\/11\/ZOOY-Power-28000-Puffs-Disposbale-Vape-Free-Shipping-2-420x420.webp 420w, https:\/\/www.vapecigwholesale.com\/wp-content\/uploads\/2024\/11\/ZOOY-Power-28000-Puffs-Disposbale-Vape-Free-Shipping-2-100x100.webp 100w, https:\/\/www.vapecigwholesale.com\/wp-content\/uploads\/2024\/11\/ZOOY-Power-28000-Puffs-Disposbale-Vape-Free-Shipping-2-80x80.webp 80w\" sizes=\"(max-width: 800px) 100vw, 800px\" \/><\/p>\n<p><img decoding=\"async\" class=\"wp-image-1384 size-full\" title=\"ZOOY Power 28000 soffi Disposbale Vape Spedizione gratuita 1\" src=\"https:\/\/www.vapecigwholesale.com\/wp-content\/uploads\/2024\/11\/ZOOY-Power-28000-Puffs-Disposbale-Vape-Free-Shipping-1.webp\" alt=\"ZOOY Power 28000 soffi Disposbale Vape Spedizione gratuita 1\" width=\"800\" height=\"800\" srcset=\"https:\/\/www.vapecigwholesale.com\/wp-content\/uploads\/2024\/11\/ZOOY-Power-28000-Puffs-Disposbale-Vape-Free-Shipping-1.webp 800w, https:\/\/www.vapecigwholesale.com\/wp-content\/uploads\/2024\/11\/ZOOY-Power-28000-Puffs-Disposbale-Vape-Free-Shipping-1-300x300.webp 300w, https:\/\/www.vapecigwholesale.com\/wp-content\/uploads\/2024\/11\/ZOOY-Power-28000-Puffs-Disposbale-Vape-Free-Shipping-1-150x150.webp 150w, https:\/\/www.vapecigwholesale.com\/wp-content\/uploads\/2024\/11\/ZOOY-Power-28000-Puffs-Disposbale-Vape-Free-Shipping-1-768x768.webp 768w, https:\/\/www.vapecigwholesale.com\/wp-content\/uploads\/2024\/11\/ZOOY-Power-28000-Puffs-Disposbale-Vape-Free-Shipping-1-12x12.webp 12w, https:\/\/www.vapecigwholesale.com\/wp-content\/uploads\/2024\/11\/ZOOY-Power-28000-Puffs-Disposbale-Vape-Free-Shipping-1-575x575.webp 575w, https:\/\/www.vapecigwholesale.com\/wp-content\/uploads\/2024\/11\/ZOOY-Power-28000-Puffs-Disposbale-Vape-Free-Shipping-1-380x380.webp 380w, https:\/\/www.vapecigwholesale.com\/wp-content\/uploads\/2024\/11\/ZOOY-Power-28000-Puffs-Disposbale-Vape-Free-Shipping-1-50x50.webp 50w, https:\/\/www.vapecigwholesale.com\/wp-content\/uploads\/2024\/11\/ZOOY-Power-28000-Puffs-Disposbale-Vape-Free-Shipping-1-26x26.webp 26w, https:\/\/www.vapecigwholesale.com\/wp-content\/uploads\/2024\/11\/ZOOY-Power-28000-Puffs-Disposbale-Vape-Free-Shipping-1-420x420.webp 420w, https:\/\/www.vapecigwholesale.com\/wp-content\/uploads\/2024\/11\/ZOOY-Power-28000-Puffs-Disposbale-Vape-Free-Shipping-1-100x100.webp 100w, https:\/\/www.vapecigwholesale.com\/wp-content\/uploads\/2024\/11\/ZOOY-Power-28000-Puffs-Disposbale-Vape-Free-Shipping-1-80x80.webp 80w\" sizes=\"(max-width: 800px) 100vw, 800px\" \/><\/p>\n<p><img decoding=\"async\" class=\"wp-image-1386 size-full\" title=\"ZOOY Power 28000 soffi Disposbale Vape Spedizione gratuita 3\" src=\"https:\/\/www.vapecigwholesale.com\/wp-content\/uploads\/2024\/11\/ZOOY-Power-28000-Puffs-Disposbale-Vape-Free-Shipping-3.webp\" alt=\"ZOOY Power 28000 soffi Disposbale Vape Spedizione gratuita 3\" width=\"800\" height=\"800\" srcset=\"https:\/\/www.vapecigwholesale.com\/wp-content\/uploads\/2024\/11\/ZOOY-Power-28000-Puffs-Disposbale-Vape-Free-Shipping-3.webp 800w, https:\/\/www.vapecigwholesale.com\/wp-content\/uploads\/2024\/11\/ZOOY-Power-28000-Puffs-Disposbale-Vape-Free-Shipping-3-300x300.webp 300w, https:\/\/www.vapecigwholesale.com\/wp-content\/uploads\/2024\/11\/ZOOY-Power-28000-Puffs-Disposbale-Vape-Free-Shipping-3-150x150.webp 150w, https:\/\/www.vapecigwholesale.com\/wp-content\/uploads\/2024\/11\/ZOOY-Power-28000-Puffs-Disposbale-Vape-Free-Shipping-3-768x768.webp 768w, https:\/\/www.vapecigwholesale.com\/wp-content\/uploads\/2024\/11\/ZOOY-Power-28000-Puffs-Disposbale-Vape-Free-Shipping-3-12x12.webp 12w, https:\/\/www.vapecigwholesale.com\/wp-content\/uploads\/2024\/11\/ZOOY-Power-28000-Puffs-Disposbale-Vape-Free-Shipping-3-575x575.webp 575w, https:\/\/www.vapecigwholesale.com\/wp-content\/uploads\/2024\/11\/ZOOY-Power-28000-Puffs-Disposbale-Vape-Free-Shipping-3-380x380.webp 380w, https:\/\/www.vapecigwholesale.com\/wp-content\/uploads\/2024\/11\/ZOOY-Power-28000-Puffs-Disposbale-Vape-Free-Shipping-3-50x50.webp 50w, https:\/\/www.vapecigwholesale.com\/wp-content\/uploads\/2024\/11\/ZOOY-Power-28000-Puffs-Disposbale-Vape-Free-Shipping-3-26x26.webp 26w, https:\/\/www.vapecigwholesale.com\/wp-content\/uploads\/2024\/11\/ZOOY-Power-28000-Puffs-Disposbale-Vape-Free-Shipping-3-420x420.webp 420w, https:\/\/www.vapecigwholesale.com\/wp-content\/uploads\/2024\/11\/ZOOY-Power-28000-Puffs-Disposbale-Vape-Free-Shipping-3-100x100.webp 100w, https:\/\/www.vapecigwholesale.com\/wp-content\/uploads\/2024\/11\/ZOOY-Power-28000-Puffs-Disposbale-Vape-Free-Shipping-3-80x80.webp 80w\" sizes=\"(max-width: 800px) 100vw, 800px\" \/><\/p>\n<p>&nbsp;<\/p>","protected":false},"excerpt":{"rendered":"<p>Prezzo solo per 1pcs Spedizione gratuita<\/p>\n<p>( <strong>2% 5% Nic<\/strong>) Tempo di spedizione: 2 settimane<\/p>","protected":false},"featured_media":1388,"comment_status":"open","ping_status":"closed","template":"","meta":{"om_disable_all_campaigns":false,"_monsterinsights_skip_tracking":false,"_monsterinsights_sitenote_active":false,"_monsterinsights_sitenote_note":"","_monsterinsights_sitenote_category":0},"product_brand":[],"product_cat":[15],"product_tag":[],"class_list":{"0":"post-1399","1":"product","2":"type-product","3":"status-publish","4":"has-post-thumbnail","6":"product_cat-disposable-vape","8":"first","9":"instock","10":"shipping-taxable","11":"purchasable","12":"product-type-variable","13":"has-default-attributes"},"aioseo_notices":[],"_links":{"self":[{"href":"https:\/\/www.vapecigwholesale.com\/it\/wp-json\/wp\/v2\/product\/1399","targetHints":{"allow":["GET"]}}],"collection":[{"href":"https:\/\/www.vapecigwholesale.com\/it\/wp-json\/wp\/v2\/product"}],"about":[{"href":"https:\/\/www.vapecigwholesale.com\/it\/wp-json\/wp\/v2\/types\/product"}],"replies":[{"embeddable":true,"href":"https:\/\/www.vapecigwholesale.com\/it\/wp-json\/wp\/v2\/comments?post=1399"}],"wp:featuredmedia":[{"embeddable":true,"href":"https:\/\/www.vapecigwholesale.com\/it\/wp-json\/wp\/v2\/media\/1388"}],"wp:attachment":[{"href":"https:\/\/www.vapecigwholesale.com\/it\/wp-json\/wp\/v2\/media?parent=1399"}],"wp:term":[{"taxonomy":"product_brand","embeddable":true,"href":"https:\/\/www.vapecigwholesale.com\/it\/wp-json\/wp\/v2\/product_brand?post=1399"},{"taxonomy":"product_cat","embeddable":true,"href":"https:\/\/www.vapecigwholesale.com\/it\/wp-json\/wp\/v2\/product_cat?post=1399"},{"taxonomy":"product_tag","embeddable":true,"href":"https:\/\/www.vapecigwholesale.com\/it\/wp-json\/wp\/v2\/product_tag?post=1399"}],"curies":[{"name":"wp","href":"https:\/\/api.w.org\/{rel}","templated":true}]}}