{"id":1435,"date":"2024-12-03T15:04:36","date_gmt":"2024-12-03T07:04:36","guid":{"rendered":"https:\/\/www.vapecigwholesale.com\/?post_type=product&#038;p=1435"},"modified":"2025-09-22T14:04:23","modified_gmt":"2025-09-22T06:04:23","slug":"waspe-fx-30000-puffs-box-disposable-vape-free-shipping","status":"publish","type":"product","link":"https:\/\/www.vapecigwholesale.com\/it\/product\/waspe-fx-30000-puffs-box-vape-usa-e-getta-spedizione-gratuita\/","title":{"rendered":"WASPE FX 30000 PUFFS BOX Vape usa e getta Spedizione gratuita"},"content":{"rendered":"<p>WASPE FX 30000 PUFFS BOX Vape usa e getta, progettato per i vapers che desiderano qualit\u00e0 e longevit\u00e0. Questo innovativo dispositivo eroga ben 30000 puff in modalit\u00e0 normale e 15000 puff in modalit\u00e0 pulsata, garantendo un'esperienza di vaping prolungata senza frequenti sostituzioni.<\/p>\n<p>WASPE FX 30000 PUFFS BOX \u00e8 alimentata da una batteria ricaricabile da 850 mAh, comodamente caricata tramite una porta Type-C per un'accensione rapida ed efficiente. Grazie al flusso d'aria regolabile, \u00e8 possibile personalizzare facilmente l'estrazione in base al proprio stile di svapo. Inoltre, il display LED integrato consente di monitorare facilmente le statistiche di svapo, mentre il design compatto garantisce la portabilit\u00e0.<\/p>\n<p>WASPE FX 30000 PUFFS BOX Dotato di una notevole capacit\u00e0 di 28 ml di e-liquid, il Waspe offre opzioni di nicotina flessibili di 0%, 2% e 5%, per soddisfare tutte le preferenze. Il suo sistema di bobine a doppia maglia (1ohm + 1ohm) migliora l'intensit\u00e0 del sapore e la produzione di vapore, garantendo un'inalazione sempre soddisfacente.<\/p>\n<h2><strong>WASPE FX 30000 PUFFS BOX Dettagli:<\/strong><\/h2>\n<ul>\n<li>Regolare: 30000 Bign\u00e8<\/li>\n<li>Impulso: 15000 soffi<\/li>\n<li>Bobina a doppia maglia: 1ohm+1ohm<\/li>\n<li>E-liquido: 28ml<\/li>\n<li>Batteria: 850mah<\/li>\n<li>Nicotine:0%\/2%\/5%<\/li>\n<li>Ricaricabile: Tipo-C<\/li>\n<li>Flusso d'aria regolabile<\/li>\n<li>Display a LED<\/li>\n<li>Dimensioni del prodotto: 61*31*115 mm<\/li>\n<\/ul>\n<h2><strong>WASPE FX 30000 PUFFS BOX Gusti disponibili:<\/strong><\/h2>\n<ol>\n<li>Mango alla fragola<\/li>\n<li>Bacche miste<\/li>\n<li>Ghiaccio all'anguria<\/li>\n<li>Anguria alla fragola<\/li>\n<li>Red Bull alla fragola<\/li>\n<li>Kiwi Frutto della passione Guava<\/li>\n<li>Ghiaccio d'uva<\/li>\n<li>Ghiaccio doppio alla mela<\/li>\n<li>Mirtillo Lampone<\/li>\n<li>Anguria Mango Pesca<\/li>\n<li>Ghiaccio al mirtillo<\/li>\n<li>Bacca di pesca<\/li>\n<li>Kiwi alla fragola<\/li>\n<li>Ghiaccio alla ciliegia<\/li>\n<li>Fragola Lampone Ciliegia<\/li>\n<li>Anguria Bubblegum<\/li>\n<\/ol>\n<h2><strong>Elenco degli imballaggi:<\/strong><\/h2>\n<p>1pz ogni scatola piccola<br \/>\n10pz ogni scatola centrale<br \/>\n200 pezzi per cartone<\/p>\n<p><img fetchpriority=\"high\" decoding=\"async\" class=\"alignnone wp-image-1415 size-full\" title=\"WASPE FX 30000 PUFFS BOX Vape usa e getta Spedizione gratuita 2\" src=\"https:\/\/www.vapecigwholesale.com\/wp-content\/uploads\/2024\/12\/WASPE-FX-30000-PUFFS-BOX-Disposable-Vape-Free-Shipping-2.webp\" alt=\"WASPE FX 30000 PUFFS BOX Vape usa e getta Spedizione gratuita 2\" width=\"800\" height=\"800\" srcset=\"https:\/\/www.vapecigwholesale.com\/wp-content\/uploads\/2024\/12\/WASPE-FX-30000-PUFFS-BOX-Disposable-Vape-Free-Shipping-2.webp 800w, https:\/\/www.vapecigwholesale.com\/wp-content\/uploads\/2024\/12\/WASPE-FX-30000-PUFFS-BOX-Disposable-Vape-Free-Shipping-2-300x300.webp 300w, https:\/\/www.vapecigwholesale.com\/wp-content\/uploads\/2024\/12\/WASPE-FX-30000-PUFFS-BOX-Disposable-Vape-Free-Shipping-2-150x150.webp 150w, https:\/\/www.vapecigwholesale.com\/wp-content\/uploads\/2024\/12\/WASPE-FX-30000-PUFFS-BOX-Disposable-Vape-Free-Shipping-2-768x768.webp 768w, https:\/\/www.vapecigwholesale.com\/wp-content\/uploads\/2024\/12\/WASPE-FX-30000-PUFFS-BOX-Disposable-Vape-Free-Shipping-2-12x12.webp 12w, https:\/\/www.vapecigwholesale.com\/wp-content\/uploads\/2024\/12\/WASPE-FX-30000-PUFFS-BOX-Disposable-Vape-Free-Shipping-2-575x575.webp 575w, https:\/\/www.vapecigwholesale.com\/wp-content\/uploads\/2024\/12\/WASPE-FX-30000-PUFFS-BOX-Disposable-Vape-Free-Shipping-2-380x380.webp 380w, https:\/\/www.vapecigwholesale.com\/wp-content\/uploads\/2024\/12\/WASPE-FX-30000-PUFFS-BOX-Disposable-Vape-Free-Shipping-2-50x50.webp 50w, https:\/\/www.vapecigwholesale.com\/wp-content\/uploads\/2024\/12\/WASPE-FX-30000-PUFFS-BOX-Disposable-Vape-Free-Shipping-2-26x26.webp 26w, https:\/\/www.vapecigwholesale.com\/wp-content\/uploads\/2024\/12\/WASPE-FX-30000-PUFFS-BOX-Disposable-Vape-Free-Shipping-2-420x420.webp 420w, https:\/\/www.vapecigwholesale.com\/wp-content\/uploads\/2024\/12\/WASPE-FX-30000-PUFFS-BOX-Disposable-Vape-Free-Shipping-2-100x100.webp 100w, https:\/\/www.vapecigwholesale.com\/wp-content\/uploads\/2024\/12\/WASPE-FX-30000-PUFFS-BOX-Disposable-Vape-Free-Shipping-2-80x80.webp 80w\" sizes=\"(max-width: 800px) 100vw, 800px\" \/><\/p>\n<p><img decoding=\"async\" class=\"wp-image-1418 size-full\" title=\"WASPE FX 30000 PUFFS BOX Vape usa e getta Spedizione gratuita 5\" src=\"https:\/\/www.vapecigwholesale.com\/wp-content\/uploads\/2024\/12\/WASPE-FX-30000-PUFFS-BOX-Disposable-Vape-Free-Shipping-5.webp\" alt=\"WASPE FX 30000 PUFFS BOX Vape usa e getta Spedizione gratuita 5\" width=\"800\" height=\"776\" srcset=\"https:\/\/www.vapecigwholesale.com\/wp-content\/uploads\/2024\/12\/WASPE-FX-30000-PUFFS-BOX-Disposable-Vape-Free-Shipping-5.webp 800w, https:\/\/www.vapecigwholesale.com\/wp-content\/uploads\/2024\/12\/WASPE-FX-30000-PUFFS-BOX-Disposable-Vape-Free-Shipping-5-300x291.webp 300w, https:\/\/www.vapecigwholesale.com\/wp-content\/uploads\/2024\/12\/WASPE-FX-30000-PUFFS-BOX-Disposable-Vape-Free-Shipping-5-768x745.webp 768w, https:\/\/www.vapecigwholesale.com\/wp-content\/uploads\/2024\/12\/WASPE-FX-30000-PUFFS-BOX-Disposable-Vape-Free-Shipping-5-12x12.webp 12w, https:\/\/www.vapecigwholesale.com\/wp-content\/uploads\/2024\/12\/WASPE-FX-30000-PUFFS-BOX-Disposable-Vape-Free-Shipping-5-575x558.webp 575w, https:\/\/www.vapecigwholesale.com\/wp-content\/uploads\/2024\/12\/WASPE-FX-30000-PUFFS-BOX-Disposable-Vape-Free-Shipping-5-380x369.webp 380w, https:\/\/www.vapecigwholesale.com\/wp-content\/uploads\/2024\/12\/WASPE-FX-30000-PUFFS-BOX-Disposable-Vape-Free-Shipping-5-50x50.webp 50w, https:\/\/www.vapecigwholesale.com\/wp-content\/uploads\/2024\/12\/WASPE-FX-30000-PUFFS-BOX-Disposable-Vape-Free-Shipping-5-26x26.webp 26w, https:\/\/www.vapecigwholesale.com\/wp-content\/uploads\/2024\/12\/WASPE-FX-30000-PUFFS-BOX-Disposable-Vape-Free-Shipping-5-80x78.webp 80w\" sizes=\"(max-width: 800px) 100vw, 800px\" \/><\/p>\n<p><img decoding=\"async\" class=\"wp-image-1417 size-full\" title=\"WASPE FX 30000 PUFFS BOX Vape usa e getta Spedizione gratuita 4\" src=\"https:\/\/www.vapecigwholesale.com\/wp-content\/uploads\/2024\/12\/WASPE-FX-30000-PUFFS-BOX-Disposable-Vape-Free-Shipping-4.webp\" alt=\"WASPE FX 30000 PUFFS BOX Vape usa e getta Spedizione gratuita 4\" width=\"800\" height=\"800\" srcset=\"https:\/\/www.vapecigwholesale.com\/wp-content\/uploads\/2024\/12\/WASPE-FX-30000-PUFFS-BOX-Disposable-Vape-Free-Shipping-4.webp 800w, https:\/\/www.vapecigwholesale.com\/wp-content\/uploads\/2024\/12\/WASPE-FX-30000-PUFFS-BOX-Disposable-Vape-Free-Shipping-4-300x300.webp 300w, https:\/\/www.vapecigwholesale.com\/wp-content\/uploads\/2024\/12\/WASPE-FX-30000-PUFFS-BOX-Disposable-Vape-Free-Shipping-4-150x150.webp 150w, https:\/\/www.vapecigwholesale.com\/wp-content\/uploads\/2024\/12\/WASPE-FX-30000-PUFFS-BOX-Disposable-Vape-Free-Shipping-4-768x768.webp 768w, https:\/\/www.vapecigwholesale.com\/wp-content\/uploads\/2024\/12\/WASPE-FX-30000-PUFFS-BOX-Disposable-Vape-Free-Shipping-4-12x12.webp 12w, https:\/\/www.vapecigwholesale.com\/wp-content\/uploads\/2024\/12\/WASPE-FX-30000-PUFFS-BOX-Disposable-Vape-Free-Shipping-4-575x575.webp 575w, https:\/\/www.vapecigwholesale.com\/wp-content\/uploads\/2024\/12\/WASPE-FX-30000-PUFFS-BOX-Disposable-Vape-Free-Shipping-4-380x380.webp 380w, https:\/\/www.vapecigwholesale.com\/wp-content\/uploads\/2024\/12\/WASPE-FX-30000-PUFFS-BOX-Disposable-Vape-Free-Shipping-4-50x50.webp 50w, https:\/\/www.vapecigwholesale.com\/wp-content\/uploads\/2024\/12\/WASPE-FX-30000-PUFFS-BOX-Disposable-Vape-Free-Shipping-4-26x26.webp 26w, https:\/\/www.vapecigwholesale.com\/wp-content\/uploads\/2024\/12\/WASPE-FX-30000-PUFFS-BOX-Disposable-Vape-Free-Shipping-4-420x420.webp 420w, https:\/\/www.vapecigwholesale.com\/wp-content\/uploads\/2024\/12\/WASPE-FX-30000-PUFFS-BOX-Disposable-Vape-Free-Shipping-4-100x100.webp 100w, https:\/\/www.vapecigwholesale.com\/wp-content\/uploads\/2024\/12\/WASPE-FX-30000-PUFFS-BOX-Disposable-Vape-Free-Shipping-4-80x80.webp 80w\" sizes=\"(max-width: 800px) 100vw, 800px\" \/><\/p>\n<p><img loading=\"lazy\" decoding=\"async\" class=\"wp-image-1416 size-full\" title=\"WASPE FX 30000 PUFFS BOX Vape usa e getta Spedizione gratuita 3\" src=\"https:\/\/www.vapecigwholesale.com\/wp-content\/uploads\/2024\/12\/WASPE-FX-30000-PUFFS-BOX-Disposable-Vape-Free-Shipping-3.webp\" alt=\"WASPE FX 30000 PUFFS BOX Vape usa e getta Spedizione gratuita 3\" width=\"800\" height=\"800\" srcset=\"https:\/\/www.vapecigwholesale.com\/wp-content\/uploads\/2024\/12\/WASPE-FX-30000-PUFFS-BOX-Disposable-Vape-Free-Shipping-3.webp 800w, https:\/\/www.vapecigwholesale.com\/wp-content\/uploads\/2024\/12\/WASPE-FX-30000-PUFFS-BOX-Disposable-Vape-Free-Shipping-3-300x300.webp 300w, https:\/\/www.vapecigwholesale.com\/wp-content\/uploads\/2024\/12\/WASPE-FX-30000-PUFFS-BOX-Disposable-Vape-Free-Shipping-3-150x150.webp 150w, https:\/\/www.vapecigwholesale.com\/wp-content\/uploads\/2024\/12\/WASPE-FX-30000-PUFFS-BOX-Disposable-Vape-Free-Shipping-3-768x768.webp 768w, https:\/\/www.vapecigwholesale.com\/wp-content\/uploads\/2024\/12\/WASPE-FX-30000-PUFFS-BOX-Disposable-Vape-Free-Shipping-3-12x12.webp 12w, https:\/\/www.vapecigwholesale.com\/wp-content\/uploads\/2024\/12\/WASPE-FX-30000-PUFFS-BOX-Disposable-Vape-Free-Shipping-3-575x575.webp 575w, https:\/\/www.vapecigwholesale.com\/wp-content\/uploads\/2024\/12\/WASPE-FX-30000-PUFFS-BOX-Disposable-Vape-Free-Shipping-3-380x380.webp 380w, https:\/\/www.vapecigwholesale.com\/wp-content\/uploads\/2024\/12\/WASPE-FX-30000-PUFFS-BOX-Disposable-Vape-Free-Shipping-3-50x50.webp 50w, https:\/\/www.vapecigwholesale.com\/wp-content\/uploads\/2024\/12\/WASPE-FX-30000-PUFFS-BOX-Disposable-Vape-Free-Shipping-3-26x26.webp 26w, https:\/\/www.vapecigwholesale.com\/wp-content\/uploads\/2024\/12\/WASPE-FX-30000-PUFFS-BOX-Disposable-Vape-Free-Shipping-3-420x420.webp 420w, https:\/\/www.vapecigwholesale.com\/wp-content\/uploads\/2024\/12\/WASPE-FX-30000-PUFFS-BOX-Disposable-Vape-Free-Shipping-3-100x100.webp 100w, https:\/\/www.vapecigwholesale.com\/wp-content\/uploads\/2024\/12\/WASPE-FX-30000-PUFFS-BOX-Disposable-Vape-Free-Shipping-3-80x80.webp 80w\" sizes=\"(max-width: 800px) 100vw, 800px\" \/><\/p>\n<p>&nbsp;<\/p>\n<p>&nbsp;<\/p>","protected":false},"excerpt":{"rendered":"<p>Prezzo solo per 1pcs Spedizione gratuita<\/p>\n<p>(<strong>0% 2% 5% Nic<\/strong>) Tempo di spedizione: 2 settimane<\/p>","protected":false},"featured_media":1414,"comment_status":"open","ping_status":"closed","template":"","meta":{"om_disable_all_campaigns":false,"_monsterinsights_skip_tracking":false,"_monsterinsights_sitenote_active":false,"_monsterinsights_sitenote_note":"","_monsterinsights_sitenote_category":0},"product_brand":[],"product_cat":[15],"product_tag":[],"class_list":{"0":"post-1435","1":"product","2":"type-product","3":"status-publish","4":"has-post-thumbnail","6":"product_cat-disposable-vape","8":"first","9":"instock","10":"shipping-taxable","11":"purchasable","12":"product-type-variable","13":"has-default-attributes"},"aioseo_notices":[],"_links":{"self":[{"href":"https:\/\/www.vapecigwholesale.com\/it\/wp-json\/wp\/v2\/product\/1435","targetHints":{"allow":["GET"]}}],"collection":[{"href":"https:\/\/www.vapecigwholesale.com\/it\/wp-json\/wp\/v2\/product"}],"about":[{"href":"https:\/\/www.vapecigwholesale.com\/it\/wp-json\/wp\/v2\/types\/product"}],"replies":[{"embeddable":true,"href":"https:\/\/www.vapecigwholesale.com\/it\/wp-json\/wp\/v2\/comments?post=1435"}],"wp:featuredmedia":[{"embeddable":true,"href":"https:\/\/www.vapecigwholesale.com\/it\/wp-json\/wp\/v2\/media\/1414"}],"wp:attachment":[{"href":"https:\/\/www.vapecigwholesale.com\/it\/wp-json\/wp\/v2\/media?parent=1435"}],"wp:term":[{"taxonomy":"product_brand","embeddable":true,"href":"https:\/\/www.vapecigwholesale.com\/it\/wp-json\/wp\/v2\/product_brand?post=1435"},{"taxonomy":"product_cat","embeddable":true,"href":"https:\/\/www.vapecigwholesale.com\/it\/wp-json\/wp\/v2\/product_cat?post=1435"},{"taxonomy":"product_tag","embeddable":true,"href":"https:\/\/www.vapecigwholesale.com\/it\/wp-json\/wp\/v2\/product_tag?post=1435"}],"curies":[{"name":"wp","href":"https:\/\/api.w.org\/{rel}","templated":true}]}}