{"id":848,"date":"2024-11-13T14:29:54","date_gmt":"2024-11-13T06:29:54","guid":{"rendered":"https:\/\/www.vapecigwholesale.com\/?post_type=product&#038;p=848"},"modified":"2025-02-19T14:30:36","modified_gmt":"2025-02-19T06:30:36","slug":"fumot-tornado-15000-puffs-disposable-vape-free-shipping","status":"publish","type":"product","link":"https:\/\/www.vapecigwholesale.com\/it\/product\/fumot-tornado-15000-puff-monouso-vape-spedizione-gratuita\/","title":{"rendered":"Fumot Tornado 15000 puff monouso vape Spedizione gratuita"},"content":{"rendered":"<p>Fumot Tornado 15000 Puffs \u00e8 l'ultima svapata monouso ad alto consumo introdotta da Shenzhen Fumot Technology. Fumot Technology, attenta alle richieste del mercato, si \u00e8 sintonizzata sulle tendenze di acquisto dei consumatori. Le svapate di grandi dimensioni, come quelle da 7000, 9000 e 10000 puff, hanno dominato il mercato, raccogliendo costantemente consensi. Tuttavia, c'\u00e8 un sottoinsieme di appassionati di svapo che desidera capacit\u00e0 di svapo ancora pi\u00f9 grandi, dando vita al Tornado 15000 per soddisfare questa richiesta.<\/p>\n<p>La Fumot Tornado 15000 Puffs mantiene l'iconica forma cilindrica della serie Tornado, fondendola con lo stile di design illustrativo visto in un altro bestseller Fumot, la Digital Box 12000. Con lo schermo a LED e gli effetti luminosi RGB sul corpo cilindrico, il nostro obiettivo \u00e8 quello di far brillare ancora una volta Monkey Bro.<\/p>\n<p>Fumot Tornado 15000 \u00e8 dotato di uno schermo a LED con indicatori dell'olio e dell'alimentazione, che consentono agli utenti di passare agevolmente da un dispositivo all'altro in base ai livelli di olio. L'indicatore di alimentazione ha una funzione analoga, fornendo un controllo in tempo reale della batteria per una gestione ottimale dell'utilizzo.<br \/>\nAbbiamo integrato nel Tornado 15000 una bobina a rete a bassa resistenza da 0,9 ohm, massimizzando la superficie di riscaldamento per un'estrazione pi\u00f9 fluida e una produzione di vapore pi\u00f9 ricca. Il design della bobina a rete assicura un riscaldamento coerente e uniforme dell'e-liquid, garantendo una distribuzione uniforme del sapore.<br \/>\nCon una batteria ricaricabile integrata da 850 mAh, il Tornado 15000 offre un'ampia capacit\u00e0 della batteria, consentendo agli utenti di utilizzarlo per giorni con una sola carica. La porta di ricarica rapida Type-C garantisce una ricarica rapida e sicura.<\/p>\n<h2><strong>Fumot Tornado 15000 Puffs Dettagli:<\/strong><\/h2>\n<ul>\n<li>Opzioni di contenuto di nicotina: 0%, 2%, 3% e 5%<\/li>\n<li>Fino a 15000 soffi<\/li>\n<li>Pre-riempito con 25 ml di e-liquido<\/li>\n<li>Batteria ricaricabile da 850 mAh<\/li>\n<li>0,9\u03a9 Bobina di maglia<\/li>\n<li>41 gusti disponibili<\/li>\n<\/ul>\n<h2><strong>Fumot Tornado 15000 Puffs Gusti disponibili:<\/strong><\/h2>\n<p>1.Limonata blu Razz<br \/>\n2.Ghiaccio alla pesca<br \/>\n3.Mela acida<br \/>\n4.Ghiaccio all'anguria<br \/>\n5.Mirtillo su ghiaccio<br \/>\n6.Mirtillo Lampone<br \/>\n7.Ghiaccio all'ananas<br \/>\n8.Ciliegia<br \/>\n9.Ghiaccio alla fragola<br \/>\n10.Vimto<br \/>\n11.Ghiaccio d'uva<br \/>\n12.Ghiaccio di cola<br \/>\n13.Anguria alla fragola<br \/>\n14.Limonata rosa<br \/>\n15.Bacca mista<br \/>\n16.Pesca Mango<br \/>\n17.Frutto del drago<br \/>\n18.Uva fragola<br \/>\n19.Mr Blu<br \/>\n20.Ghiaccio lussureggiante<br \/>\n21.Ice Pop<br \/>\n22.Kiwi alla fragola<br \/>\n23.Kiwi Frutto della passione Guava<br \/>\n24.Triplo Bacca<br \/>\n25.Ghiaccio alla banana<br \/>\n26.Caramella alla pesca e mirtillo<br \/>\n27.Mela Pesca Pera<br \/>\n28.Limonata ai frutti di bosco<br \/>\n29.Blu Ciliegia Razz<br \/>\n30.Mirtillo Bubblegum<br \/>\n31.Mirtillo Ciliegia Mirtillo Rosso<br \/>\n32.Mirtillo Melograno<br \/>\n33.Bluesour Lampone<br \/>\n34.Ciliegia Cola<br \/>\n35.Orso gommoso<br \/>\n36.Limone e lime<br \/>\n37.Mango su ghiaccio<br \/>\n38.Red Energy Ice<br \/>\n39.Banana alla fragola<br \/>\n40.Fragola Red Bull<br \/>\n41.Limonata all'anguria e fragola<br \/>\n42.T\u00e8 freddo al limone<br \/>\n43.T\u00e8 freddo alla pesca<br \/>\n44.Ciliegia frizzante<br \/>\n45.Birilli<\/p>\n<h2><strong>Elenco degli imballaggi:<\/strong><\/h2>\n<p>1pz ogni scatola piccola<br \/>\n10pz ogni scatola centrale<br \/>\n200 pezzi per cartone<\/p>\n<p><img fetchpriority=\"high\" decoding=\"async\" class=\"alignnone wp-image-802 size-full\" title=\"Fumot Tornado 15000 soffi monouso vape Spedizione gratuita 1\" src=\"https:\/\/www.vapecigwholesale.com\/wp-content\/uploads\/2024\/11\/Fumot-Tornado-15000-Puffs-Disposable-vape-Free-Shipping-1.webp\" alt=\"Fumot Tornado 15000 soffi monouso vape Spedizione gratuita 1\" width=\"800\" height=\"800\" srcset=\"https:\/\/www.vapecigwholesale.com\/wp-content\/uploads\/2024\/11\/Fumot-Tornado-15000-Puffs-Disposable-vape-Free-Shipping-1.webp 800w, https:\/\/www.vapecigwholesale.com\/wp-content\/uploads\/2024\/11\/Fumot-Tornado-15000-Puffs-Disposable-vape-Free-Shipping-1-300x300.webp 300w, https:\/\/www.vapecigwholesale.com\/wp-content\/uploads\/2024\/11\/Fumot-Tornado-15000-Puffs-Disposable-vape-Free-Shipping-1-150x150.webp 150w, https:\/\/www.vapecigwholesale.com\/wp-content\/uploads\/2024\/11\/Fumot-Tornado-15000-Puffs-Disposable-vape-Free-Shipping-1-768x768.webp 768w, https:\/\/www.vapecigwholesale.com\/wp-content\/uploads\/2024\/11\/Fumot-Tornado-15000-Puffs-Disposable-vape-Free-Shipping-1-12x12.webp 12w, https:\/\/www.vapecigwholesale.com\/wp-content\/uploads\/2024\/11\/Fumot-Tornado-15000-Puffs-Disposable-vape-Free-Shipping-1-575x575.webp 575w, https:\/\/www.vapecigwholesale.com\/wp-content\/uploads\/2024\/11\/Fumot-Tornado-15000-Puffs-Disposable-vape-Free-Shipping-1-380x380.webp 380w, https:\/\/www.vapecigwholesale.com\/wp-content\/uploads\/2024\/11\/Fumot-Tornado-15000-Puffs-Disposable-vape-Free-Shipping-1-50x50.webp 50w, https:\/\/www.vapecigwholesale.com\/wp-content\/uploads\/2024\/11\/Fumot-Tornado-15000-Puffs-Disposable-vape-Free-Shipping-1-26x26.webp 26w, https:\/\/www.vapecigwholesale.com\/wp-content\/uploads\/2024\/11\/Fumot-Tornado-15000-Puffs-Disposable-vape-Free-Shipping-1-420x420.webp 420w, https:\/\/www.vapecigwholesale.com\/wp-content\/uploads\/2024\/11\/Fumot-Tornado-15000-Puffs-Disposable-vape-Free-Shipping-1-100x100.webp 100w, https:\/\/www.vapecigwholesale.com\/wp-content\/uploads\/2024\/11\/Fumot-Tornado-15000-Puffs-Disposable-vape-Free-Shipping-1-80x80.webp 80w\" sizes=\"(max-width: 800px) 100vw, 800px\" \/><\/p>\n<p><img decoding=\"async\" class=\"alignnone wp-image-803 size-full\" title=\"Fumot Tornado 15000 puff monouso vape Spedizione gratuita 2\" src=\"https:\/\/www.vapecigwholesale.com\/wp-content\/uploads\/2024\/11\/Fumot-Tornado-15000-Puffs-Disposable-vape-Free-Shipping-2.webp\" alt=\"Fumot Tornado 15000 puff monouso vape Spedizione gratuita 2\" width=\"800\" height=\"513\" srcset=\"https:\/\/www.vapecigwholesale.com\/wp-content\/uploads\/2024\/11\/Fumot-Tornado-15000-Puffs-Disposable-vape-Free-Shipping-2.webp 800w, https:\/\/www.vapecigwholesale.com\/wp-content\/uploads\/2024\/11\/Fumot-Tornado-15000-Puffs-Disposable-vape-Free-Shipping-2-300x192.webp 300w, https:\/\/www.vapecigwholesale.com\/wp-content\/uploads\/2024\/11\/Fumot-Tornado-15000-Puffs-Disposable-vape-Free-Shipping-2-768x492.webp 768w, https:\/\/www.vapecigwholesale.com\/wp-content\/uploads\/2024\/11\/Fumot-Tornado-15000-Puffs-Disposable-vape-Free-Shipping-2-18x12.webp 18w, https:\/\/www.vapecigwholesale.com\/wp-content\/uploads\/2024\/11\/Fumot-Tornado-15000-Puffs-Disposable-vape-Free-Shipping-2-575x369.webp 575w, https:\/\/www.vapecigwholesale.com\/wp-content\/uploads\/2024\/11\/Fumot-Tornado-15000-Puffs-Disposable-vape-Free-Shipping-2-380x244.webp 380w, https:\/\/www.vapecigwholesale.com\/wp-content\/uploads\/2024\/11\/Fumot-Tornado-15000-Puffs-Disposable-vape-Free-Shipping-2-80x51.webp 80w\" sizes=\"(max-width: 800px) 100vw, 800px\" \/><\/p>","protected":false},"excerpt":{"rendered":"<p>Prezzo solo per 1pc Spedizione gratuita<\/p>\n<p>(<strong>2%\uff0c3%\uff0c5% Nic<\/strong>)\u00a0 <strong>Tempo di spedizione: 2 settimane<\/strong><\/p>","protected":false},"featured_media":842,"comment_status":"open","ping_status":"closed","template":"","meta":{"om_disable_all_campaigns":false,"_monsterinsights_skip_tracking":false,"_monsterinsights_sitenote_active":false,"_monsterinsights_sitenote_note":"","_monsterinsights_sitenote_category":0},"product_brand":[],"product_cat":[15],"product_tag":[],"class_list":{"0":"post-848","1":"product","2":"type-product","3":"status-publish","4":"has-post-thumbnail","6":"product_cat-disposable-vape","8":"first","9":"instock","10":"featured","11":"shipping-taxable","12":"purchasable","13":"product-type-variable","14":"has-default-attributes"},"aioseo_notices":[],"_links":{"self":[{"href":"https:\/\/www.vapecigwholesale.com\/it\/wp-json\/wp\/v2\/product\/848","targetHints":{"allow":["GET"]}}],"collection":[{"href":"https:\/\/www.vapecigwholesale.com\/it\/wp-json\/wp\/v2\/product"}],"about":[{"href":"https:\/\/www.vapecigwholesale.com\/it\/wp-json\/wp\/v2\/types\/product"}],"replies":[{"embeddable":true,"href":"https:\/\/www.vapecigwholesale.com\/it\/wp-json\/wp\/v2\/comments?post=848"}],"wp:featuredmedia":[{"embeddable":true,"href":"https:\/\/www.vapecigwholesale.com\/it\/wp-json\/wp\/v2\/media\/842"}],"wp:attachment":[{"href":"https:\/\/www.vapecigwholesale.com\/it\/wp-json\/wp\/v2\/media?parent=848"}],"wp:term":[{"taxonomy":"product_brand","embeddable":true,"href":"https:\/\/www.vapecigwholesale.com\/it\/wp-json\/wp\/v2\/product_brand?post=848"},{"taxonomy":"product_cat","embeddable":true,"href":"https:\/\/www.vapecigwholesale.com\/it\/wp-json\/wp\/v2\/product_cat?post=848"},{"taxonomy":"product_tag","embeddable":true,"href":"https:\/\/www.vapecigwholesale.com\/it\/wp-json\/wp\/v2\/product_tag?post=848"}],"curies":[{"name":"wp","href":"https:\/\/api.w.org\/{rel}","templated":true}]}}