{"id":915,"date":"2024-11-13T14:59:56","date_gmt":"2024-11-13T06:59:56","guid":{"rendered":"https:\/\/www.vapecigwholesale.com\/?post_type=product&#038;p=915"},"modified":"2025-02-19T14:29:21","modified_gmt":"2025-02-19T06:29:21","slug":"vapsolo-super-15000-puffs-disposable-vape-free-shipping","status":"publish","type":"product","link":"https:\/\/www.vapecigwholesale.com\/it\/product\/vapsolo-super-15000-puff-monouso-vape-spedizione-gratuita\/","title":{"rendered":"Vapsolo Super 15000 Puffs usa e getta Spedizione gratuita"},"content":{"rendered":"<p>Vapsolo Super 15000 Puffs \u00e8 un prodotto ad alta capacit\u00e0, che offre fino a 15.000 puff con una vasta gamma di aromi, una tecnologia avanzata di coil a rete e un flusso d'aria personalizzabile per un'esperienza di vaping eccezionale.<\/p>\n<p>Vapsolo Super 15000 Puffs \u00e8 stato progettato pensando alla convenienza, offrendo ben 15.000 puff da un singolo dispositivo. Ci\u00f2 \u00e8 reso possibile dalla sua notevole capacit\u00e0 di 25 ml di e-liquid, che garantisce agli utenti sessioni prolungate senza la necessit\u00e0 di sostituzioni frequenti. La batteria ricaricabile da 650 mAh, dotata di una porta di ricarica di tipo C, aumenta la sostenibilit\u00e0 e l'economicit\u00e0 del dispositivo. La batteria \u00e8 progettata per durare tutta la vita dell'e-liquid, garantendo prestazioni costanti fino all'ultimo tiro.<\/p>\n<p>Una delle caratteristiche principali di VapSolo Super 15000 Puffs \u00e8 la tecnologia avanzata della bobina a rete. Con una resistenza di 1,0\u03a9, questa bobina produce un vapore morbido e ricco, massimizzando il profilo aromatico di ogni e-liquid. Il sistema di flusso d'aria regolabile migliora ulteriormente l'esperienza di svapo, consentendo agli utenti di personalizzare le aspirazioni in base alle proprie preferenze, sia che preferiscano un'inspirazione pi\u00f9 stretta o pi\u00f9 aperta.<\/p>\n<h2><strong>Vapsolo Super 15000 Puffs Dettagli:<\/strong><\/h2>\n<ul>\n<li>Bign\u00e8: 15000 Bign\u00e8<\/li>\n<li>Capacit\u00e0 del liquido elettronico: 25 ML<\/li>\n<li>Capacit\u00e0 della batteria: 650MAH<\/li>\n<li>Bobina a rete<\/li>\n<li>Resistenza della bobina: 1,0\u03a9<\/li>\n<li>Flusso d'aria a 4 livelli<\/li>\n<li>porta di tipo C, ricaricabile<\/li>\n<\/ul>\n<h2><strong>Vapsolo Super 15000 Puffs Gusti disponibili:<\/strong><\/h2>\n<ol>\n<li>Razz blu<\/li>\n<li>Ghiaccio al mirtillo<\/li>\n<li>Doppia mela<\/li>\n<li>Ghiaccio all'anguria<\/li>\n<li>Bacche miste<\/li>\n<li>Fragola Kiwi<\/li>\n<li>Mirtillo Ciliegia Mirtillo Rosso<\/li>\n<li>Limone e lime<\/li>\n<li>Birilli<\/li>\n<li>Fragola e banana<\/li>\n<li>Anguria al lampone<\/li>\n<li>Cola al mirtillo e alla ciliegia<\/li>\n<li>Ghiaccio Nero Pompelmo Fragola<\/li>\n<li>Red Bull<\/li>\n<li>Sogno d'estate<\/li>\n<\/ol>\n<h2><strong>Elenco degli imballaggi:<\/strong><\/h2>\n<p>1pz ogni scatola piccola<br \/>\n10pz ogni scatola centrale<br \/>\n200 pezzi per cartone<\/p>\n<p><img fetchpriority=\"high\" decoding=\"async\" class=\"wp-image-899 size-full\" title=\"Vapsolo Super 15000 Puffs usa e getta Vape Spedizione gratuita 6\" src=\"https:\/\/www.vapecigwholesale.com\/wp-content\/uploads\/2024\/11\/Vapsolo-Super-15000-Puffs-Disposable-Vape-Free-Shipping-6.webp\" alt=\"Vapsolo Super 15000 Puffs usa e getta Vape Spedizione gratuita 6\" width=\"800\" height=\"800\" srcset=\"https:\/\/www.vapecigwholesale.com\/wp-content\/uploads\/2024\/11\/Vapsolo-Super-15000-Puffs-Disposable-Vape-Free-Shipping-6.webp 800w, https:\/\/www.vapecigwholesale.com\/wp-content\/uploads\/2024\/11\/Vapsolo-Super-15000-Puffs-Disposable-Vape-Free-Shipping-6-300x300.webp 300w, https:\/\/www.vapecigwholesale.com\/wp-content\/uploads\/2024\/11\/Vapsolo-Super-15000-Puffs-Disposable-Vape-Free-Shipping-6-150x150.webp 150w, https:\/\/www.vapecigwholesale.com\/wp-content\/uploads\/2024\/11\/Vapsolo-Super-15000-Puffs-Disposable-Vape-Free-Shipping-6-768x768.webp 768w, https:\/\/www.vapecigwholesale.com\/wp-content\/uploads\/2024\/11\/Vapsolo-Super-15000-Puffs-Disposable-Vape-Free-Shipping-6-12x12.webp 12w, https:\/\/www.vapecigwholesale.com\/wp-content\/uploads\/2024\/11\/Vapsolo-Super-15000-Puffs-Disposable-Vape-Free-Shipping-6-575x575.webp 575w, https:\/\/www.vapecigwholesale.com\/wp-content\/uploads\/2024\/11\/Vapsolo-Super-15000-Puffs-Disposable-Vape-Free-Shipping-6-380x380.webp 380w, https:\/\/www.vapecigwholesale.com\/wp-content\/uploads\/2024\/11\/Vapsolo-Super-15000-Puffs-Disposable-Vape-Free-Shipping-6-50x50.webp 50w, https:\/\/www.vapecigwholesale.com\/wp-content\/uploads\/2024\/11\/Vapsolo-Super-15000-Puffs-Disposable-Vape-Free-Shipping-6-26x26.webp 26w, https:\/\/www.vapecigwholesale.com\/wp-content\/uploads\/2024\/11\/Vapsolo-Super-15000-Puffs-Disposable-Vape-Free-Shipping-6-420x420.webp 420w, https:\/\/www.vapecigwholesale.com\/wp-content\/uploads\/2024\/11\/Vapsolo-Super-15000-Puffs-Disposable-Vape-Free-Shipping-6-100x100.webp 100w, https:\/\/www.vapecigwholesale.com\/wp-content\/uploads\/2024\/11\/Vapsolo-Super-15000-Puffs-Disposable-Vape-Free-Shipping-6-80x80.webp 80w\" sizes=\"(max-width: 800px) 100vw, 800px\" \/><\/p>\n<p><img decoding=\"async\" class=\"wp-image-897 size-full\" title=\"Vapsolo Super 15000 Puffs usa e getta Vape Spedizione gratuita 4\" src=\"https:\/\/www.vapecigwholesale.com\/wp-content\/uploads\/2024\/11\/Vapsolo-Super-15000-Puffs-Disposable-Vape-Free-Shipping-4.webp\" alt=\"Vapsolo Super 15000 Puffs usa e getta Vape Spedizione gratuita 4\" width=\"800\" height=\"800\" srcset=\"https:\/\/www.vapecigwholesale.com\/wp-content\/uploads\/2024\/11\/Vapsolo-Super-15000-Puffs-Disposable-Vape-Free-Shipping-4.webp 800w, https:\/\/www.vapecigwholesale.com\/wp-content\/uploads\/2024\/11\/Vapsolo-Super-15000-Puffs-Disposable-Vape-Free-Shipping-4-300x300.webp 300w, https:\/\/www.vapecigwholesale.com\/wp-content\/uploads\/2024\/11\/Vapsolo-Super-15000-Puffs-Disposable-Vape-Free-Shipping-4-150x150.webp 150w, https:\/\/www.vapecigwholesale.com\/wp-content\/uploads\/2024\/11\/Vapsolo-Super-15000-Puffs-Disposable-Vape-Free-Shipping-4-768x768.webp 768w, https:\/\/www.vapecigwholesale.com\/wp-content\/uploads\/2024\/11\/Vapsolo-Super-15000-Puffs-Disposable-Vape-Free-Shipping-4-12x12.webp 12w, https:\/\/www.vapecigwholesale.com\/wp-content\/uploads\/2024\/11\/Vapsolo-Super-15000-Puffs-Disposable-Vape-Free-Shipping-4-575x575.webp 575w, https:\/\/www.vapecigwholesale.com\/wp-content\/uploads\/2024\/11\/Vapsolo-Super-15000-Puffs-Disposable-Vape-Free-Shipping-4-380x380.webp 380w, https:\/\/www.vapecigwholesale.com\/wp-content\/uploads\/2024\/11\/Vapsolo-Super-15000-Puffs-Disposable-Vape-Free-Shipping-4-50x50.webp 50w, https:\/\/www.vapecigwholesale.com\/wp-content\/uploads\/2024\/11\/Vapsolo-Super-15000-Puffs-Disposable-Vape-Free-Shipping-4-26x26.webp 26w, https:\/\/www.vapecigwholesale.com\/wp-content\/uploads\/2024\/11\/Vapsolo-Super-15000-Puffs-Disposable-Vape-Free-Shipping-4-420x420.webp 420w, https:\/\/www.vapecigwholesale.com\/wp-content\/uploads\/2024\/11\/Vapsolo-Super-15000-Puffs-Disposable-Vape-Free-Shipping-4-100x100.webp 100w, https:\/\/www.vapecigwholesale.com\/wp-content\/uploads\/2024\/11\/Vapsolo-Super-15000-Puffs-Disposable-Vape-Free-Shipping-4-80x80.webp 80w\" sizes=\"(max-width: 800px) 100vw, 800px\" \/><\/p>\n<p><img decoding=\"async\" class=\"alignnone wp-image-896 size-full\" title=\"Vapsolo Super 15000 Puffs usa e getta Vape Spedizione gratuita 3\" src=\"https:\/\/www.vapecigwholesale.com\/wp-content\/uploads\/2024\/11\/Vapsolo-Super-15000-Puffs-Disposable-Vape-Free-Shipping-3.webp\" alt=\"Vapsolo Super 15000 Puffs usa e getta Vape Spedizione gratuita 3\" width=\"800\" height=\"800\" srcset=\"https:\/\/www.vapecigwholesale.com\/wp-content\/uploads\/2024\/11\/Vapsolo-Super-15000-Puffs-Disposable-Vape-Free-Shipping-3.webp 800w, https:\/\/www.vapecigwholesale.com\/wp-content\/uploads\/2024\/11\/Vapsolo-Super-15000-Puffs-Disposable-Vape-Free-Shipping-3-300x300.webp 300w, https:\/\/www.vapecigwholesale.com\/wp-content\/uploads\/2024\/11\/Vapsolo-Super-15000-Puffs-Disposable-Vape-Free-Shipping-3-150x150.webp 150w, https:\/\/www.vapecigwholesale.com\/wp-content\/uploads\/2024\/11\/Vapsolo-Super-15000-Puffs-Disposable-Vape-Free-Shipping-3-768x768.webp 768w, https:\/\/www.vapecigwholesale.com\/wp-content\/uploads\/2024\/11\/Vapsolo-Super-15000-Puffs-Disposable-Vape-Free-Shipping-3-12x12.webp 12w, https:\/\/www.vapecigwholesale.com\/wp-content\/uploads\/2024\/11\/Vapsolo-Super-15000-Puffs-Disposable-Vape-Free-Shipping-3-575x575.webp 575w, https:\/\/www.vapecigwholesale.com\/wp-content\/uploads\/2024\/11\/Vapsolo-Super-15000-Puffs-Disposable-Vape-Free-Shipping-3-380x380.webp 380w, https:\/\/www.vapecigwholesale.com\/wp-content\/uploads\/2024\/11\/Vapsolo-Super-15000-Puffs-Disposable-Vape-Free-Shipping-3-50x50.webp 50w, https:\/\/www.vapecigwholesale.com\/wp-content\/uploads\/2024\/11\/Vapsolo-Super-15000-Puffs-Disposable-Vape-Free-Shipping-3-26x26.webp 26w, https:\/\/www.vapecigwholesale.com\/wp-content\/uploads\/2024\/11\/Vapsolo-Super-15000-Puffs-Disposable-Vape-Free-Shipping-3-420x420.webp 420w, https:\/\/www.vapecigwholesale.com\/wp-content\/uploads\/2024\/11\/Vapsolo-Super-15000-Puffs-Disposable-Vape-Free-Shipping-3-100x100.webp 100w, https:\/\/www.vapecigwholesale.com\/wp-content\/uploads\/2024\/11\/Vapsolo-Super-15000-Puffs-Disposable-Vape-Free-Shipping-3-80x80.webp 80w\" sizes=\"(max-width: 800px) 100vw, 800px\" \/><\/p>\n<p><img loading=\"lazy\" decoding=\"async\" class=\"alignnone wp-image-894 size-full\" title=\"Vapsolo Super 15000 Puffs usa e getta Vape Spedizione gratuita 1\" src=\"https:\/\/www.vapecigwholesale.com\/wp-content\/uploads\/2024\/11\/Vapsolo-Super-15000-Puffs-Disposable-Vape-Free-Shipping-1.webp\" alt=\"Vapsolo Super 15000 Puffs usa e getta Vape Spedizione gratuita 1\" width=\"800\" height=\"800\" srcset=\"https:\/\/www.vapecigwholesale.com\/wp-content\/uploads\/2024\/11\/Vapsolo-Super-15000-Puffs-Disposable-Vape-Free-Shipping-1.webp 800w, https:\/\/www.vapecigwholesale.com\/wp-content\/uploads\/2024\/11\/Vapsolo-Super-15000-Puffs-Disposable-Vape-Free-Shipping-1-300x300.webp 300w, https:\/\/www.vapecigwholesale.com\/wp-content\/uploads\/2024\/11\/Vapsolo-Super-15000-Puffs-Disposable-Vape-Free-Shipping-1-150x150.webp 150w, https:\/\/www.vapecigwholesale.com\/wp-content\/uploads\/2024\/11\/Vapsolo-Super-15000-Puffs-Disposable-Vape-Free-Shipping-1-768x768.webp 768w, https:\/\/www.vapecigwholesale.com\/wp-content\/uploads\/2024\/11\/Vapsolo-Super-15000-Puffs-Disposable-Vape-Free-Shipping-1-12x12.webp 12w, https:\/\/www.vapecigwholesale.com\/wp-content\/uploads\/2024\/11\/Vapsolo-Super-15000-Puffs-Disposable-Vape-Free-Shipping-1-575x575.webp 575w, https:\/\/www.vapecigwholesale.com\/wp-content\/uploads\/2024\/11\/Vapsolo-Super-15000-Puffs-Disposable-Vape-Free-Shipping-1-380x380.webp 380w, https:\/\/www.vapecigwholesale.com\/wp-content\/uploads\/2024\/11\/Vapsolo-Super-15000-Puffs-Disposable-Vape-Free-Shipping-1-50x50.webp 50w, https:\/\/www.vapecigwholesale.com\/wp-content\/uploads\/2024\/11\/Vapsolo-Super-15000-Puffs-Disposable-Vape-Free-Shipping-1-26x26.webp 26w, https:\/\/www.vapecigwholesale.com\/wp-content\/uploads\/2024\/11\/Vapsolo-Super-15000-Puffs-Disposable-Vape-Free-Shipping-1-420x420.webp 420w, https:\/\/www.vapecigwholesale.com\/wp-content\/uploads\/2024\/11\/Vapsolo-Super-15000-Puffs-Disposable-Vape-Free-Shipping-1-100x100.webp 100w, https:\/\/www.vapecigwholesale.com\/wp-content\/uploads\/2024\/11\/Vapsolo-Super-15000-Puffs-Disposable-Vape-Free-Shipping-1-80x80.webp 80w\" sizes=\"(max-width: 800px) 100vw, 800px\" \/><\/p>\n<p>&nbsp;<\/p>\n<p>&nbsp;<\/p>\n<p>&nbsp;<\/p>","protected":false},"excerpt":{"rendered":"<p>Prezzo solo per 1pc Spedizione gratuita<\/p>\n<p>(<strong>2%, 5% Nic<\/strong>)\u00a0 <strong>Tempo di spedizione: 2 settimane<\/strong><\/p>","protected":false},"featured_media":932,"comment_status":"open","ping_status":"closed","template":"","meta":{"om_disable_all_campaigns":false,"_monsterinsights_skip_tracking":false,"_monsterinsights_sitenote_active":false,"_monsterinsights_sitenote_note":"","_monsterinsights_sitenote_category":0},"product_brand":[],"product_cat":[15],"product_tag":[],"class_list":{"0":"post-915","1":"product","2":"type-product","3":"status-publish","4":"has-post-thumbnail","6":"product_cat-disposable-vape","8":"first","9":"instock","10":"featured","11":"shipping-taxable","12":"purchasable","13":"product-type-variable","14":"has-default-attributes"},"aioseo_notices":[],"_links":{"self":[{"href":"https:\/\/www.vapecigwholesale.com\/it\/wp-json\/wp\/v2\/product\/915","targetHints":{"allow":["GET"]}}],"collection":[{"href":"https:\/\/www.vapecigwholesale.com\/it\/wp-json\/wp\/v2\/product"}],"about":[{"href":"https:\/\/www.vapecigwholesale.com\/it\/wp-json\/wp\/v2\/types\/product"}],"replies":[{"embeddable":true,"href":"https:\/\/www.vapecigwholesale.com\/it\/wp-json\/wp\/v2\/comments?post=915"}],"wp:featuredmedia":[{"embeddable":true,"href":"https:\/\/www.vapecigwholesale.com\/it\/wp-json\/wp\/v2\/media\/932"}],"wp:attachment":[{"href":"https:\/\/www.vapecigwholesale.com\/it\/wp-json\/wp\/v2\/media?parent=915"}],"wp:term":[{"taxonomy":"product_brand","embeddable":true,"href":"https:\/\/www.vapecigwholesale.com\/it\/wp-json\/wp\/v2\/product_brand?post=915"},{"taxonomy":"product_cat","embeddable":true,"href":"https:\/\/www.vapecigwholesale.com\/it\/wp-json\/wp\/v2\/product_cat?post=915"},{"taxonomy":"product_tag","embeddable":true,"href":"https:\/\/www.vapecigwholesale.com\/it\/wp-json\/wp\/v2\/product_tag?post=915"}],"curies":[{"name":"wp","href":"https:\/\/api.w.org\/{rel}","templated":true}]}}