{"id":535,"date":"2024-11-07T04:56:27","date_gmt":"2024-11-07T04:56:27","guid":{"rendered":"https:\/\/www.vapecigwholesale.com\/?page_id=535"},"modified":"2024-11-07T04:56:27","modified_gmt":"2024-11-07T04:56:27","slug":"shipping","status":"publish","type":"page","link":"https:\/\/www.vapecigwholesale.com\/nl\/verzending\/","title":{"rendered":"Verzending"},"content":{"rendered":"<p>Bestellingen worden verzonden vanuit China. bewlow is de landen waarnaar we verzenden<\/p>\n<table border=\"0\" width=\"271\" cellspacing=\"0\" cellpadding=\"0\">\n<tbody>\n<tr>\n<td width=\"130\" height=\"22\">Oostenrijk<\/td>\n<td width=\"141\">Itali\u00eb<\/td>\n<\/tr>\n<tr>\n<td height=\"22\">Belgi\u00eb<\/td>\n<td>Letland<\/td>\n<\/tr>\n<tr>\n<td height=\"22\">Bulgarije<\/td>\n<td>Litouwen<\/td>\n<\/tr>\n<tr>\n<td height=\"22\">Kroati\u00eb<\/td>\n<td>Luxemburg<\/td>\n<\/tr>\n<tr>\n<td height=\"22\">Tsjechi\u00eb<\/td>\n<td>Nederland<\/td>\n<\/tr>\n<tr>\n<td height=\"22\">Denemarken<\/td>\n<td>Polen<\/td>\n<\/tr>\n<tr>\n<td height=\"22\">Estland<\/td>\n<td>Portugal<\/td>\n<\/tr>\n<tr>\n<td height=\"22\">Finland<\/td>\n<td>Roemeni\u00eb<\/td>\n<\/tr>\n<tr>\n<td height=\"22\">Frankrijk<\/td>\n<td>Slowakije<\/td>\n<\/tr>\n<tr>\n<td height=\"22\">lerland<\/td>\n<td>Sloveni\u00eb<\/td>\n<\/tr>\n<tr>\n<td height=\"22\">Duitsland<\/td>\n<td>Spanje<\/td>\n<\/tr>\n<tr>\n<td height=\"22\">Griekenland<\/td>\n<td>Zweden<\/td>\n<\/tr>\n<tr>\n<td height=\"22\">Hongarije<\/td>\n<td><\/td>\n<\/tr>\n<\/tbody>\n<\/table>\n<p>Naar deze landen is de verzendmethode \"Delivery Duty Paid\", dus geen douaneafhandeling en geen invoerrechten voor jou.<\/p>","protected":false},"excerpt":{"rendered":"<p>Bestellingen worden verzonden vanuit China. bewlow is de landen waar we naar verzenden Oostenrijk ltali\u00eb Belgi\u00eb Letland Bulgarije Litouwen Kroati\u00eb Luxemburg Tsjechi\u00eb Nederland Denemarken Polen Estland Portugal Finland Roemeni\u00eb [...]<\/p>","protected":false},"author":1,"featured_media":0,"parent":0,"menu_order":0,"comment_status":"closed","ping_status":"closed","template":"","meta":{"om_disable_all_campaigns":false,"_monsterinsights_skip_tracking":false,"_monsterinsights_sitenote_active":false,"_monsterinsights_sitenote_note":"","_monsterinsights_sitenote_category":0,"footnotes":""},"class_list":["post-535","page","type-page","status-publish","hentry"],"aioseo_notices":[],"_links":{"self":[{"href":"https:\/\/www.vapecigwholesale.com\/nl\/wp-json\/wp\/v2\/pages\/535","targetHints":{"allow":["GET"]}}],"collection":[{"href":"https:\/\/www.vapecigwholesale.com\/nl\/wp-json\/wp\/v2\/pages"}],"about":[{"href":"https:\/\/www.vapecigwholesale.com\/nl\/wp-json\/wp\/v2\/types\/page"}],"author":[{"embeddable":true,"href":"https:\/\/www.vapecigwholesale.com\/nl\/wp-json\/wp\/v2\/users\/1"}],"replies":[{"embeddable":true,"href":"https:\/\/www.vapecigwholesale.com\/nl\/wp-json\/wp\/v2\/comments?post=535"}],"version-history":[{"count":0,"href":"https:\/\/www.vapecigwholesale.com\/nl\/wp-json\/wp\/v2\/pages\/535\/revisions"}],"wp:attachment":[{"href":"https:\/\/www.vapecigwholesale.com\/nl\/wp-json\/wp\/v2\/media?parent=535"}],"curies":[{"name":"wp","href":"https:\/\/api.w.org\/{rel}","templated":true}]}}